{"id":4084,"date":"2025-12-02T12:53:16","date_gmt":"2025-12-02T11:53:16","guid":{"rendered":"https:\/\/www.galvanina.com\/pl\/?page_id=4084"},"modified":"2025-12-02T12:53:35","modified_gmt":"2025-12-02T11:53:35","slug":"kontakty","status":"publish","type":"page","link":"https:\/\/www.galvanina.com\/pl\/kontakty\/","title":{"rendered":"Kontakty"},"content":{"rendered":"<form id=\"jquery_form_contatti\" action=\"\" method=\"POST\">\n<input type=\"hidden\" name=\"contatti_form\" value=\"1\"><br \/>\n<input name=\"language\" type=\"hidden\" value=\"pl\" \/><br \/>\n<input name=\"retURL\" type=\"hidden\" value=\"\/pl\/thank-you-message-en\/\"><br \/>\n<label for=\"first_name\">Imi\u0119<\/label><input id=\"first_name\" maxlength=\"40\" name=\"first_name\" size=\"20\" type=\"text\" required><br \/>\n<label for=\"last_name\">Nazwisko<\/label><input id=\"last_name\" maxlength=\"80\" name=\"last_name\" size=\"20\" type=\"text\" required><br \/>\n<label for=\"email\">E-mail<\/label><input id=\"email\" maxlength=\"80\" name=\"email\" size=\"20\" type=\"text\" required><br \/>\n<label for=\"phone\">Numer telefonu<\/label><input id=\"phone\" maxlength=\"40\" name=\"phone\" size=\"20\" type=\"text\"><br \/>\n<label for=\"company\">Firma<\/label><input id=\"company\" maxlength=\"40\" name=\"company\" size=\"20\" type=\"text\"><br \/>\n<label for=\"url\">Strona internetowa<\/label><input id=\"url\" maxlength=\"80\" name=\"url\" size=\"20\" type=\"text\"><br \/>\nOpisz dzia\u0142alno\u015b\u0107 Twojej firmy:<textarea id=\"company_desc\" name=\"company_desc\" wrap=\"soft\" required><\/textarea><br \/>\n<label for=\"title\">Stanowisko<\/label><input id=\"title\" maxlength=\"40\" name=\"title\" size=\"20\" type=\"text\"><br \/>\nKraj:<select id=\"country\" title=\"Country\" name=\"country\"><option value=\"\">&#8211;Brak&#8211;<\/option><option value=\"Afghanistan\">Afghanistan<\/option><option value=\"Albania\">Albania<\/option><option value=\"Algeria\">Algieria<\/option><option value=\"Andorra\">Andora<\/option><option value=\"Angola\">Angola<\/option><option value=\"Antigua &amp; Deps\">Antigua i Deps<\/option><option value=\"Argentina\">Argentyna<\/option><option value=\"Armenia\">Armenia<\/option><option value=\"Australia\">Australia<\/option><option value=\"Austria\">Austria<\/option><option value=\"Azerbaijan\">Azerbejd\u017can<\/option><option value=\"Bahamas\">Bahamy<\/option><option value=\"Bahrain\">Bahrajn<\/option><option value=\"Bangladesh\">Bangladesz<\/option><option value=\"Barbados\">Barbados<\/option><option value=\"Belarus\">Bia\u0142oru\u015b<\/option><option value=\"Belgium\">Belgia<\/option><option value=\"Belize\">Belize<\/option><option value=\"Benin\">Benin<\/option><option value=\"Bhutan\">Bhutan<\/option><option value=\"Bolivia\">Boliwia<\/option><option value=\"Bosnia Herzegovina\">Bo\u015bnia i Hercegowina<\/option><option value=\"Botswana\">Botswana<\/option><option value=\"Brazil\">Brazylia<\/option><option value=\"Brunei\">Brunei<\/option><option value=\"Bulgaria\">Bu\u0142garia<\/option><option value=\"Burkina\">Burkina<\/option><option value=\"Burundi\">Burundi<\/option><option value=\"Cambodia\">Cambodia<\/option><option value=\"Cameroon\">Kamerun<\/option><option value=\"Canada\">Kanada<\/option><option value=\"Cape Verde\">Wyspy Zielonego Przyl\u0105dka<\/option><option value=\"Central African Rep\">Republika \u015arodkowoafryka\u0144ska<\/option><option value=\"Chad\">Czad<\/option><option value=\"Chile\">Chile<\/option><option value=\"China\">Chiny<\/option><option value=\"Colombia\">Kolumbia<\/option><option value=\"Comoros\">Komory<\/option><option value=\"Congo\">Kongo<\/option><option value=\"Congo {Democratic Rep}\">Demokratyczna Republika Konga<\/option><option value=\"Costa Rica\">Kostaryka<\/option><option value=\"Croatia\">Chorwacja<\/option><option value=\"Cuba\">Kuba<\/option><option value=\"Cyprus\">Cypr<\/option><option value=\"Czech Republic\">Czechy<\/option><option value=\"Denmark\">Dania<\/option><option value=\"Djibouti\">D\u017cibuti<\/option><option value=\"Dominica\">Dominika<\/option><option value=\"Dominican Republic\">Republika Dominika\u0144ska<\/option><option value=\"East Timor\">Timor Wschodni<\/option><option value=\"Ecuador\">Ekwador<\/option><option value=\"Egypt\">Egipt<\/option><option value=\"El Salvador\">Salwador<\/option><option value=\"Equatorial Guinea\">Gwinea R\u00f3wnikowa<\/option><option value=\"Eritrea\">Erytrea<\/option><option value=\"Estonia\">Estonia<\/option><option value=\"Ethiopia\">Etiopia<\/option><option value=\"Fiji\">Fid\u017ci<\/option><option value=\"Finland\">Finlandia<\/option><option value=\"France\">Francja<\/option><option value=\"Gabon\">Gabon<\/option><option value=\"Gambia\">Gambia<\/option><option value=\"Georgia\">Gruzja<\/option><option value=\"Germany\">Niemcy<\/option><option value=\"Ghana\">Ghana<\/option><option value=\"Greece\">Grecja<\/option><option value=\"Grenada\">Grenada<\/option><option value=\"Guatemala\">Gwatemala<\/option><option value=\"Guinea\">Gwinea<\/option><option value=\"Guinea-Bissau\">Gwinea Bissau<\/option><option value=\"Guyana\">Gujana<\/option><option value=\"Haiti\">Haiti<\/option><option value=\"Honduras\">Honduras<\/option><option value=\"Hungary\">W\u0119gry<\/option><option value=\"Iceland\">Islandia<\/option><option value=\"India\">Indie<\/option><option value=\"Indonesia\">Indonezja<\/option><option value=\"Iran\">Iran<\/option><option value=\"Iraq\">Irak<\/option><option value=\"Ireland {Republic}\">Irlandia<\/option><option value=\"Israel\">Izrael<\/option><option value=\"Italy\">W\u0142ochy<\/option><option value=\"Ivory Coast\">Wybrze\u017ce Ko\u015bci S\u0142oniowej<\/option><option value=\"Jamaica\">Jamajka<\/option><option value=\"Japan\">Japonia<\/option><option value=\"Jordan\">Jordania<\/option><option value=\"Kazakhstan\">Kazachstan<\/option><option value=\"Kenya\">Kenia<\/option><option value=\"Kiribati\">Kiribati<\/option><option value=\"Korea North\">Korea P\u00f3\u0142nocna<\/option><option value=\"Korea South\">Korea Po\u0142udniowa<\/option><option value=\"Kosovo\">Kosowo<\/option><option value=\"Kuwait\">Kuwejt<\/option><option value=\"Kyrgyzstan\">Kirgistan<\/option><option value=\"Laos\">Laos<\/option><option value=\"Latvia\">\u0141otwa<\/option><option value=\"Lebanon\">Liban<\/option><option value=\"Lesotho\">Lesotho<\/option><option value=\"Liberia\">Liberia<\/option><option value=\"Libya\">Libia<\/option><option value=\"Liechtenstein\">Liechtenstein<\/option><option value=\"Lithuania\">Litwa<\/option><option value=\"Luxembourg\">Luksemburg<\/option><option value=\"Macedonia\">Macedonia<\/option><option value=\"Madagascar\">Madagaskar<\/option><option value=\"Malawi\">Malawi<\/option><option value=\"Malaysia\">Malezja<\/option><option value=\"Maldives\">Malediwy<\/option><option value=\"Mali\">Mali<\/option><option value=\"Malta\">Malta<\/option><option value=\"Marshall Islands\">Wyspy Marshalla<\/option><option value=\"Mauritania\">Mauretania<\/option><option value=\"Mauritius\">Mauritius<\/option><option value=\"Mexico\">Meksyk<\/option><option value=\"Micronesia\">Mikronezja<\/option><option value=\"Moldova\">Mo\u0142dawia<\/option><option value=\"Monaco\">Monako<\/option><option value=\"Mongolia\">Mongolia<\/option><option value=\"Montenegro\">Czarnog\u00f3ra<\/option><option value=\"Morocco\">Maroko<\/option><option value=\"Mozambique\">Mozambik<\/option><option value=\"Myanmar, {Burma}\">Mjanma, {Birma}<\/option><option value=\"Namibia\">Namibia<\/option><option value=\"Nauru\">Nauru<\/option><option value=\"Nepal\">Nepal<\/option><option value=\"Netherlands\">Holandia<\/option><option value=\"New Zealand\">Nowa Zelandia<\/option><option value=\"Nicaragua\">Nikaragua<\/option><option value=\"Niger\">Niger<\/option><option value=\"Nigeria\">Nigeria<\/option><option value=\"Norway\">Norwegia<\/option><option value=\"Oman\">Oman<\/option><option value=\"Pakistan\">Pakistan<\/option><option value=\"Palau\">Palau<\/option><option value=\"Panama\">Panama<\/option><option value=\"Papua New Guinea\">Papua-Nowa Gwinea<\/option><option value=\"Paraguay\">Paragwaj<\/option><option value=\"Peru\">Peru<\/option><option value=\"Philippines\">Filipiny<\/option><option value=\"Poland\">Polska<\/option><option value=\"Portugal\">Portugalia<\/option><option value=\"Qatar\">Katar<\/option><option value=\"Romania\">Rumunia<\/option><option value=\"Russian Federation\">Federacja Rosyjska<\/option><option value=\"Rwanda\">Rwanda<\/option><option value=\"St Kitts &amp; Nevis\">Saint Kitts i Nevis<\/option><option value=\"St Lucia\">Saint Lucia<\/option><option value=\"Saint Vincent &amp; the Grenadines\">Saint Vincent i Grenadyny<\/option><option value=\"Samoa\">Samoa<\/option><option value=\"San Marino\">San Marino<\/option><option value=\"Sao Tome &amp; Principe\">Wyspy \u015awi\u0119tego Tomasza i Ksi\u0105\u017c\u0119ca<\/option><option value=\"Saudi Arabia\">Arabia Saudyjska<\/option><option value=\"Senegal\">Senegal<\/option><option value=\"Serbia\">Serbia<\/option><option value=\"Seychelles\">Seszele<\/option><option value=\"Sierra Leone\">Sierra Leone<\/option><option value=\"Singapore\">Singapur<\/option><option value=\"Slovakia\">S\u0142owacja<\/option><option value=\"Slovenia\">S\u0142owenia<\/option><option value=\"Solomon Islands\">Wyspy Salomona<\/option><option value=\"Somalia\">Somalia<\/option><option value=\"South Africa\">Republika Po\u0142udniowej Afryki<\/option><option value=\"South Sudan\">Sudan Po\u0142udniowy<\/option><option value=\"Spain\">Hiszpania<\/option><option value=\"Sri Lanka\">Sri Lanka<\/option><option value=\"Sudan\">Sudan<\/option><option value=\"Suriname\">Surinam<\/option><option value=\"Swaziland\">Suazi<\/option><option value=\"Sweden\">Szwecja<\/option><option value=\"Switzerland\">Szwajcaria<\/option><option value=\"Syria\">Syria<\/option><option value=\"Taiwan\">Tajwan<\/option><option value=\"Tajikistan\">Tad\u017cykistan<\/option><option value=\"Tanzania\">Tanzania<\/option><option value=\"Thailand\">Tajlandia<\/option><option value=\"Togo\">Togo<\/option><option value=\"Tonga\">Tonga<\/option><option value=\"Trinidad &amp; Tobago\">Trynidad i Tobago<\/option><option value=\"Tunisia\">Tunezja<\/option><option value=\"Turkey\">Turcja<\/option><option value=\"Turkmenistan\">Turkmenistan<\/option><option value=\"Tuvalu\">Tuvalu<\/option><option value=\"Uganda\">Uganda<\/option><option value=\"Ukraine\">Ukraina<\/option><option value=\"United Arab Emirates\">Zjednoczone Emiraty Arabskie<\/option><option value=\"United Kingdom\">Wielka Brytania<\/option><option value=\"United States\">Stany Zjednoczone<\/option><option value=\"Uruguay\">Urugwaj<\/option><option value=\"Uzbekistan\">Uzbekistan<\/option><option value=\"Vanuatu\">Vanuatu<\/option><option value=\"Vatican City\">Miasto Watykan<\/option><option value=\"Venezuela\">Wenezuela<\/option><option value=\"Vietnam\">Wietnam<\/option><option value=\"Yemen\">Jemen<\/option><option value=\"Zambia\">Zambia<\/option><option value=\"Zimbabwe\">Zimbabwe<\/option><\/select><br \/>\nWiadomo\u015b\u0107:<textarea id=\"message\" name=\"message\" rows=\"3\" wrap=\"soft\" required><\/textarea><\/p>\n<div class=\"privacy-area\">\n<div>\n<input id=\"privacy_policy\" name=\"privacy_policy\" type=\"checkbox\" value=\"1\" required \/><br \/>\n<span class=\"desc-chk\">Przeczyta\u0142em <a target=\"_blank\" href=\"https:\/\/www.galvanina.com\/pl\/legal\/privacy-cookie\/\" rel=\"noopener\">polityk\u0119 prywatno\u015bci<\/a><\/span>\n<\/div>\n<div>\n<input id=\"info_to_other\" name=\"info_to_other\" type=\"checkbox\" value=\"1\" \/><br \/>\n<span class=\"desc-chk\">Wyra\u017cam zgod\u0119 na udost\u0119pnienie moich danych osobowych stronie trzeciej (np. dystrybutorom, sprzedawcom lub agentom La Galvanina S.p.A.), je\u015bli jest to konieczne do odpowiedzi na moje zapytanie<\/span>\n<\/div>\n<div>\n<input id=\"marketing\" name=\"marketing\" type=\"checkbox\" value=\"1\" \/><br \/>\n<span class=\"desc-chk\">Wyra\u017cam zgod\u0119 na przet warzanie moich danych osobowych w celach marketingowych (komunikacja handlowa, oferty itp.) przez La Galvanina S.p.A.<\/span>\n<\/div>\n<\/div>\n<p><input id=\"force_submit\" name=\"force_submit\" type=\"hidden\" value=\"0\" \/><\/p>\n<div class=\"g-recaptcha\" data-sitekey=\"6Ldmx5ccAAAAANgc0KsMql1T70BEdoY_Lp4NGV1S\"><\/div>\n<p><input id=\"submit_contatti\" name=\"submit\" type=\"submit\" value=\"Wy\u015blij\" \/><\/p>\n<div id=\"captcha_result\" class=\"alert_captcha\"><\/div>\n<\/form>\n<div id=\"popup-contatti-cont\" style=\"display: none;\">\n<div id=\"popup-contatti\">\n<span>Szanowny u\u017cytkowniku,<\/p>\n<p>Informujemy, \u017ce w celu przetworzenia Twojego zg\u0142oszenia musisz zapozna\u0107 si\u0119 z nasz\u0105 polityk\u0105 prywatno\u015bci. Ponadto, je\u015bli konieczne b\u0119dzie przekazanie danych, kt\u00f3re poda\u0142e\u015b stronie trzeciej w celu przetworzenia Twojego zg\u0142oszenia (np. dystrybutorom La Galvanina, nawet poza UE), wymagana jest Twoja zgoda, w przeciwnym razie zg\u0142oszenie nie zostanie przetworzone. Je\u015bli wyra\u017casz zgod\u0119 na przekazanie Twoich danych w tym celu, prosz\u0119 zaznacz odpowiednie pole.<\/p>\n<p>Przypominamy r\u00f3wnie\u017c, \u017ce zgoda na przetwarzanie danych w celach marketingowych jest opcjonalna.<\/p>\n<p>Dzi\u0119kujemy.<\/span><\/p>\n<div class=\"button-contatti-popup\">\n<input id=\"submit_anyway\" name=\"submit_anyway\" type=\"submit\" value=\"Wy\u015blij do La Galvanina\" \/><input id=\"no_submit\" name=\"no_submit\" type=\"submit\" value=\"Ok, akceptuj\u0119 ocen\u0119 zgody\" \/>\n<\/div>\n<\/div>\n<\/div>\n","protected":false},"excerpt":{"rendered":"<p>Imi\u0119 Nazwisko E-mail Numer telefonu Firma Strona internetowa Opisz dzia\u0142alno\u015b\u0107 Twojej firmy: Stanowisko Kraj:&#8211;Brak&#8211;AfghanistanAlbaniaAlgieriaAndoraAngolaAntigua i DepsArgentynaArmeniaAustraliaAustriaAzerbejd\u017canBahamyBahrajnBangladeszBarbadosBia\u0142oru\u015bBelgiaBelizeBeninBhutanBoliwiaBo\u015bnia i HercegowinaBotswanaBrazyliaBruneiBu\u0142gariaBurkinaBurundiCambodiaKamerunKanadaWyspy Zielonego Przyl\u0105dkaRepublika \u015arodkowoafryka\u0144skaCzadChileChinyKolumbiaKomoryKongoDemokratyczna Republika KongaKostarykaChorwacjaKubaCyprCzechyDaniaD\u017cibutiDominikaRepublika Dominika\u0144skaTimor WschodniEkwadorEgiptSalwadorGwinea R\u00f3wnikowaErytreaEstoniaEtiopiaFid\u017ciFinlandiaFrancjaGabonGambiaGruzjaNiemcyGhanaGrecjaGrenadaGwatemalaGwineaGwinea BissauGujanaHaitiHondurasW\u0119gryIslandiaIndieIndonezjaIranIrakIrlandiaIzraelW\u0142ochyWybrze\u017ce Ko\u015bci S\u0142oniowejJamajkaJaponiaJordaniaKazachstanKeniaKiribatiKorea P\u00f3\u0142nocnaKorea Po\u0142udniowaKosowoKuwejtKirgistanLaos\u0141otwaLibanLesothoLiberiaLibiaLiechtensteinLitwaLuksemburgMacedoniaMadagaskarMalawiMalezjaMalediwyMaliMaltaWyspy MarshallaMauretaniaMauritiusMeksykMikronezjaMo\u0142dawiaMonakoMongoliaCzarnog\u00f3raMarokoMozambikMjanma, {Birma}NamibiaNauruNepalHolandiaNowa ZelandiaNikaraguaNigerNigeriaNorwegiaOmanPakistanPalauPanamaPapua-Nowa GwineaParagwajPeruFilipinyPolskaPortugaliaKatarRumuniaFederacja RosyjskaRwandaSaint Kitts i NevisSaint LuciaSaint Vincent i GrenadynySamoaSan MarinoWyspy \u015awi\u0119tego Tomasza i Ksi\u0105\u017c\u0119caArabia SaudyjskaSenegalSerbiaSeszeleSierra LeoneSingapurS\u0142owacjaS\u0142oweniaWyspy SalomonaSomaliaRepublika Po\u0142udniowej AfrykiSudan Po\u0142udniowyHiszpaniaSri LankaSudanSurinamSuaziSzwecjaSzwajcariaSyriaTajwanTad\u017cykistanTanzaniaTajlandiaTogoTongaTrynidad [&hellip;]<\/p>\n","protected":false},"author":22,"featured_media":0,"parent":0,"menu_order":0,"comment_status":"closed","ping_status":"closed","template":"","meta":{"footnotes":""},"class_list":["post-4084","page","type-page","status-publish","hentry"],"yoast_head":"<!-- This site is optimized with the Yoast SEO plugin v27.3 - https:\/\/yoast.com\/product\/yoast-seo-wordpress\/ -->\n<title>Kontakty | Galvanina<\/title>\n<meta name=\"robots\" content=\"index, follow, max-snippet:-1, max-image-preview:large, max-video-preview:-1\" \/>\n<link rel=\"canonical\" href=\"https:\/\/www.galvanina.com\/pl\/kontakty\/\" \/>\n<meta property=\"og:locale\" content=\"pl_PL\" \/>\n<meta property=\"og:type\" content=\"article\" \/>\n<meta property=\"og:title\" content=\"Kontakty | Galvanina\" \/>\n<meta property=\"og:description\" content=\"Imi\u0119 Nazwisko E-mail Numer telefonu Firma Strona internetowa Opisz dzia\u0142alno\u015b\u0107 Twojej firmy: Stanowisko Kraj:&#8211;Brak&#8211;AfghanistanAlbaniaAlgieriaAndoraAngolaAntigua i DepsArgentynaArmeniaAustraliaAustriaAzerbejd\u017canBahamyBahrajnBangladeszBarbadosBia\u0142oru\u015bBelgiaBelizeBeninBhutanBoliwiaBo\u015bnia i HercegowinaBotswanaBrazyliaBruneiBu\u0142gariaBurkinaBurundiCambodiaKamerunKanadaWyspy Zielonego Przyl\u0105dkaRepublika \u015arodkowoafryka\u0144skaCzadChileChinyKolumbiaKomoryKongoDemokratyczna Republika KongaKostarykaChorwacjaKubaCyprCzechyDaniaD\u017cibutiDominikaRepublika Dominika\u0144skaTimor WschodniEkwadorEgiptSalwadorGwinea R\u00f3wnikowaErytreaEstoniaEtiopiaFid\u017ciFinlandiaFrancjaGabonGambiaGruzjaNiemcyGhanaGrecjaGrenadaGwatemalaGwineaGwinea BissauGujanaHaitiHondurasW\u0119gryIslandiaIndieIndonezjaIranIrakIrlandiaIzraelW\u0142ochyWybrze\u017ce Ko\u015bci S\u0142oniowejJamajkaJaponiaJordaniaKazachstanKeniaKiribatiKorea P\u00f3\u0142nocnaKorea Po\u0142udniowaKosowoKuwejtKirgistanLaos\u0141otwaLibanLesothoLiberiaLibiaLiechtensteinLitwaLuksemburgMacedoniaMadagaskarMalawiMalezjaMalediwyMaliMaltaWyspy MarshallaMauretaniaMauritiusMeksykMikronezjaMo\u0142dawiaMonakoMongoliaCzarnog\u00f3raMarokoMozambikMjanma, {Birma}NamibiaNauruNepalHolandiaNowa ZelandiaNikaraguaNigerNigeriaNorwegiaOmanPakistanPalauPanamaPapua-Nowa GwineaParagwajPeruFilipinyPolskaPortugaliaKatarRumuniaFederacja RosyjskaRwandaSaint Kitts i NevisSaint LuciaSaint Vincent i GrenadynySamoaSan MarinoWyspy \u015awi\u0119tego Tomasza i Ksi\u0105\u017c\u0119caArabia SaudyjskaSenegalSerbiaSeszeleSierra LeoneSingapurS\u0142owacjaS\u0142oweniaWyspy SalomonaSomaliaRepublika Po\u0142udniowej AfrykiSudan Po\u0142udniowyHiszpaniaSri LankaSudanSurinamSuaziSzwecjaSzwajcariaSyriaTajwanTad\u017cykistanTanzaniaTajlandiaTogoTongaTrynidad [&hellip;]\" \/>\n<meta property=\"og:url\" content=\"https:\/\/www.galvanina.com\/pl\/kontakty\/\" \/>\n<meta property=\"og:site_name\" content=\"Galvanina\" \/>\n<meta property=\"article:publisher\" content=\"https:\/\/www.facebook.com\/galvanina\/\" \/>\n<meta property=\"article:modified_time\" content=\"2025-12-02T11:53:35+00:00\" \/>\n<meta property=\"og:image\" content=\"https:\/\/www.galvanina.com\/pl\/wp-content\/uploads\/sites\/7\/2020\/06\/galvanina-social.jpg\" \/>\n\t<meta property=\"og:image:width\" content=\"1080\" \/>\n\t<meta property=\"og:image:height\" content=\"630\" \/>\n\t<meta property=\"og:image:type\" content=\"image\/jpeg\" \/>\n<meta name=\"twitter:card\" content=\"summary_large_image\" \/>\n<meta name=\"twitter:label1\" content=\"Szacowany czas czytania\" \/>\n\t<meta name=\"twitter:data1\" content=\"3 minuty\" \/>\n<script type=\"application\/ld+json\" class=\"yoast-schema-graph\">{\"@context\":\"https:\\\/\\\/schema.org\",\"@graph\":[{\"@type\":\"WebPage\",\"@id\":\"https:\\\/\\\/www.galvanina.com\\\/pl\\\/kontakty\\\/\",\"url\":\"https:\\\/\\\/www.galvanina.com\\\/pl\\\/kontakty\\\/\",\"name\":\"Kontakty | Galvanina\",\"isPartOf\":{\"@id\":\"https:\\\/\\\/www.galvanina.com\\\/pl\\\/#website\"},\"datePublished\":\"2025-12-02T11:53:16+00:00\",\"dateModified\":\"2025-12-02T11:53:35+00:00\",\"breadcrumb\":{\"@id\":\"https:\\\/\\\/www.galvanina.com\\\/pl\\\/kontakty\\\/#breadcrumb\"},\"inLanguage\":\"pl-PL\",\"potentialAction\":[{\"@type\":\"ReadAction\",\"target\":[\"https:\\\/\\\/www.galvanina.com\\\/pl\\\/kontakty\\\/\"]}]},{\"@type\":\"BreadcrumbList\",\"@id\":\"https:\\\/\\\/www.galvanina.com\\\/pl\\\/kontakty\\\/#breadcrumb\",\"itemListElement\":[{\"@type\":\"ListItem\",\"position\":1,\"name\":\"Home\",\"item\":\"https:\\\/\\\/www.galvanina.com\\\/pl\\\/\"},{\"@type\":\"ListItem\",\"position\":2,\"name\":\"Kontakty\"}]},{\"@type\":\"WebSite\",\"@id\":\"https:\\\/\\\/www.galvanina.com\\\/pl\\\/#website\",\"url\":\"https:\\\/\\\/www.galvanina.com\\\/pl\\\/\",\"name\":\"Galvanina\",\"description\":\"\",\"publisher\":{\"@id\":\"https:\\\/\\\/www.galvanina.com\\\/pl\\\/#organization\"},\"potentialAction\":[{\"@type\":\"SearchAction\",\"target\":{\"@type\":\"EntryPoint\",\"urlTemplate\":\"https:\\\/\\\/www.galvanina.com\\\/pl\\\/?s={search_term_string}\"},\"query-input\":{\"@type\":\"PropertyValueSpecification\",\"valueRequired\":true,\"valueName\":\"search_term_string\"}}],\"inLanguage\":\"pl-PL\"},{\"@type\":\"Organization\",\"@id\":\"https:\\\/\\\/www.galvanina.com\\\/pl\\\/#organization\",\"name\":\"Galvanina Poland\",\"url\":\"https:\\\/\\\/www.galvanina.com\\\/pl\\\/\",\"logo\":{\"@type\":\"ImageObject\",\"inLanguage\":\"pl-PL\",\"@id\":\"https:\\\/\\\/www.galvanina.com\\\/pl\\\/#\\\/schema\\\/logo\\\/image\\\/\",\"url\":\"https:\\\/\\\/www.galvanina.com\\\/pl\\\/wp-content\\\/uploads\\\/sites\\\/7\\\/2020\\\/06\\\/logo-galvanina.png\",\"contentUrl\":\"https:\\\/\\\/www.galvanina.com\\\/pl\\\/wp-content\\\/uploads\\\/sites\\\/7\\\/2020\\\/06\\\/logo-galvanina.png\",\"width\":768,\"height\":768,\"caption\":\"Galvanina Poland\"},\"image\":{\"@id\":\"https:\\\/\\\/www.galvanina.com\\\/pl\\\/#\\\/schema\\\/logo\\\/image\\\/\"},\"sameAs\":[\"https:\\\/\\\/www.facebook.com\\\/galvanina\\\/\",\"https:\\\/\\\/www.instagram.com\\\/lagalvanina\\\/\",\"https:\\\/\\\/www.linkedin.com\\\/company\\\/galvanina\\\/\"]}]}<\/script>\n<!-- \/ Yoast SEO plugin. -->","yoast_head_json":{"title":"Kontakty | Galvanina","robots":{"index":"index","follow":"follow","max-snippet":"max-snippet:-1","max-image-preview":"max-image-preview:large","max-video-preview":"max-video-preview:-1"},"canonical":"https:\/\/www.galvanina.com\/pl\/kontakty\/","og_locale":"pl_PL","og_type":"article","og_title":"Kontakty | Galvanina","og_description":"Imi\u0119 Nazwisko E-mail Numer telefonu Firma Strona internetowa Opisz dzia\u0142alno\u015b\u0107 Twojej firmy: Stanowisko Kraj:&#8211;Brak&#8211;AfghanistanAlbaniaAlgieriaAndoraAngolaAntigua i DepsArgentynaArmeniaAustraliaAustriaAzerbejd\u017canBahamyBahrajnBangladeszBarbadosBia\u0142oru\u015bBelgiaBelizeBeninBhutanBoliwiaBo\u015bnia i HercegowinaBotswanaBrazyliaBruneiBu\u0142gariaBurkinaBurundiCambodiaKamerunKanadaWyspy Zielonego Przyl\u0105dkaRepublika \u015arodkowoafryka\u0144skaCzadChileChinyKolumbiaKomoryKongoDemokratyczna Republika KongaKostarykaChorwacjaKubaCyprCzechyDaniaD\u017cibutiDominikaRepublika Dominika\u0144skaTimor WschodniEkwadorEgiptSalwadorGwinea R\u00f3wnikowaErytreaEstoniaEtiopiaFid\u017ciFinlandiaFrancjaGabonGambiaGruzjaNiemcyGhanaGrecjaGrenadaGwatemalaGwineaGwinea BissauGujanaHaitiHondurasW\u0119gryIslandiaIndieIndonezjaIranIrakIrlandiaIzraelW\u0142ochyWybrze\u017ce Ko\u015bci S\u0142oniowejJamajkaJaponiaJordaniaKazachstanKeniaKiribatiKorea P\u00f3\u0142nocnaKorea Po\u0142udniowaKosowoKuwejtKirgistanLaos\u0141otwaLibanLesothoLiberiaLibiaLiechtensteinLitwaLuksemburgMacedoniaMadagaskarMalawiMalezjaMalediwyMaliMaltaWyspy MarshallaMauretaniaMauritiusMeksykMikronezjaMo\u0142dawiaMonakoMongoliaCzarnog\u00f3raMarokoMozambikMjanma, {Birma}NamibiaNauruNepalHolandiaNowa ZelandiaNikaraguaNigerNigeriaNorwegiaOmanPakistanPalauPanamaPapua-Nowa GwineaParagwajPeruFilipinyPolskaPortugaliaKatarRumuniaFederacja RosyjskaRwandaSaint Kitts i NevisSaint LuciaSaint Vincent i GrenadynySamoaSan MarinoWyspy \u015awi\u0119tego Tomasza i Ksi\u0105\u017c\u0119caArabia SaudyjskaSenegalSerbiaSeszeleSierra LeoneSingapurS\u0142owacjaS\u0142oweniaWyspy SalomonaSomaliaRepublika Po\u0142udniowej AfrykiSudan Po\u0142udniowyHiszpaniaSri LankaSudanSurinamSuaziSzwecjaSzwajcariaSyriaTajwanTad\u017cykistanTanzaniaTajlandiaTogoTongaTrynidad [&hellip;]","og_url":"https:\/\/www.galvanina.com\/pl\/kontakty\/","og_site_name":"Galvanina","article_publisher":"https:\/\/www.facebook.com\/galvanina\/","article_modified_time":"2025-12-02T11:53:35+00:00","og_image":[{"width":1080,"height":630,"url":"https:\/\/www.galvanina.com\/pl\/wp-content\/uploads\/sites\/7\/2020\/06\/galvanina-social.jpg","type":"image\/jpeg"}],"twitter_card":"summary_large_image","twitter_misc":{"Szacowany czas czytania":"3 minuty"},"schema":{"@context":"https:\/\/schema.org","@graph":[{"@type":"WebPage","@id":"https:\/\/www.galvanina.com\/pl\/kontakty\/","url":"https:\/\/www.galvanina.com\/pl\/kontakty\/","name":"Kontakty | Galvanina","isPartOf":{"@id":"https:\/\/www.galvanina.com\/pl\/#website"},"datePublished":"2025-12-02T11:53:16+00:00","dateModified":"2025-12-02T11:53:35+00:00","breadcrumb":{"@id":"https:\/\/www.galvanina.com\/pl\/kontakty\/#breadcrumb"},"inLanguage":"pl-PL","potentialAction":[{"@type":"ReadAction","target":["https:\/\/www.galvanina.com\/pl\/kontakty\/"]}]},{"@type":"BreadcrumbList","@id":"https:\/\/www.galvanina.com\/pl\/kontakty\/#breadcrumb","itemListElement":[{"@type":"ListItem","position":1,"name":"Home","item":"https:\/\/www.galvanina.com\/pl\/"},{"@type":"ListItem","position":2,"name":"Kontakty"}]},{"@type":"WebSite","@id":"https:\/\/www.galvanina.com\/pl\/#website","url":"https:\/\/www.galvanina.com\/pl\/","name":"Galvanina","description":"","publisher":{"@id":"https:\/\/www.galvanina.com\/pl\/#organization"},"potentialAction":[{"@type":"SearchAction","target":{"@type":"EntryPoint","urlTemplate":"https:\/\/www.galvanina.com\/pl\/?s={search_term_string}"},"query-input":{"@type":"PropertyValueSpecification","valueRequired":true,"valueName":"search_term_string"}}],"inLanguage":"pl-PL"},{"@type":"Organization","@id":"https:\/\/www.galvanina.com\/pl\/#organization","name":"Galvanina Poland","url":"https:\/\/www.galvanina.com\/pl\/","logo":{"@type":"ImageObject","inLanguage":"pl-PL","@id":"https:\/\/www.galvanina.com\/pl\/#\/schema\/logo\/image\/","url":"https:\/\/www.galvanina.com\/pl\/wp-content\/uploads\/sites\/7\/2020\/06\/logo-galvanina.png","contentUrl":"https:\/\/www.galvanina.com\/pl\/wp-content\/uploads\/sites\/7\/2020\/06\/logo-galvanina.png","width":768,"height":768,"caption":"Galvanina Poland"},"image":{"@id":"https:\/\/www.galvanina.com\/pl\/#\/schema\/logo\/image\/"},"sameAs":["https:\/\/www.facebook.com\/galvanina\/","https:\/\/www.instagram.com\/lagalvanina\/","https:\/\/www.linkedin.com\/company\/galvanina\/"]}]}},"_links":{"self":[{"href":"https:\/\/www.galvanina.com\/pl\/wp-json\/wp\/v2\/pages\/4084","targetHints":{"allow":["GET"]}}],"collection":[{"href":"https:\/\/www.galvanina.com\/pl\/wp-json\/wp\/v2\/pages"}],"about":[{"href":"https:\/\/www.galvanina.com\/pl\/wp-json\/wp\/v2\/types\/page"}],"author":[{"embeddable":true,"href":"https:\/\/www.galvanina.com\/pl\/wp-json\/wp\/v2\/users\/22"}],"replies":[{"embeddable":true,"href":"https:\/\/www.galvanina.com\/pl\/wp-json\/wp\/v2\/comments?post=4084"}],"version-history":[{"count":2,"href":"https:\/\/www.galvanina.com\/pl\/wp-json\/wp\/v2\/pages\/4084\/revisions"}],"predecessor-version":[{"id":4086,"href":"https:\/\/www.galvanina.com\/pl\/wp-json\/wp\/v2\/pages\/4084\/revisions\/4086"}],"wp:attachment":[{"href":"https:\/\/www.galvanina.com\/pl\/wp-json\/wp\/v2\/media?parent=4084"}],"curies":[{"name":"wp","href":"https:\/\/api.w.org\/{rel}","templated":true}]}}