{"id":3,"date":"2000-01-01T00:00:23","date_gmt":"1999-12-31T23:00:23","guid":{"rendered":"https:\/\/galvanina.dev.locale\/?page_id=3"},"modified":"2023-07-11T08:27:55","modified_gmt":"2023-07-11T06:27:55","slug":"privacy-cookie","status":"publish","type":"page","link":"https:\/\/www.galvanina.com\/pl\/legal\/privacy-cookie\/","title":{"rendered":"Prywatno\u015b\u0107 i pliki cookie"},"content":{"rendered":"\r\n<p>Rozporz\u0105dzenie Og\u00f3lne o Ochronie Danych (RODO) zast\u0119puje europejsk\u0105 dyrektyw\u0119 95\/46\/WE. Celem RODO jest zapewnienie nowoczesnego, jednolitego i solidnego ramowego systemu ochrony danych w Europie, opartego na zasadzie odpowiedzialno\u015bci. Nowe przepisy maj\u0105 wp\u0142yw zar\u00f3wno na organizacj\u0119, funkcjonowanie, jak i technologi\u0119, a jednocze\u015bnie ustanawiaj\u0105 bardziej surowy system sankcji ni\u017c poprzedni.<\/p>\r\n\r\n\r\n\r\n<p>Najwi\u0119ksz\u0105 zmian\u0105 w regulacjach dotycz\u0105cych ochrony danych jest rozleg\u0142a jurysdykcja RODO, poniewa\u017c stosuje si\u0119 ono do przetwarzania danych osobowych realizowanego w ramach dzia\u0142alno\u015bci przedsi\u0119biorstwa przez administratora danych lub procesora danych w Unii Europejskiej, niezale\u017cnie od tego, czy przetwarzanie odbywa si\u0119 w Unii Europejskiej czy nie. Ponadto, rozporz\u0105dzenie dotyczy przetwarzania danych osobowych os\u00f3b, kt\u00f3re znajduj\u0105 si\u0119 w Unii Europejskiej, realizowanego przez administratora danych lub procesora danych, kt\u00f3ry nie jest zarejestrowany w Unii, gdy dzia\u0142ania przetwarzania dotycz\u0105: oferty towar\u00f3w lub \u015bwiadczenia us\u0142ug dla tych os\u00f3b w Unii, niezale\u017cnie od obowi\u0105zku p\u0142atno\u015bci przez te osoby; lub monitorowania ich zachowa\u0144 w zakresie, w jakim takie zachowanie ma miejsce w Unii Europejskiej.<\/p>\r\n\r\n\r\n\r\n<p>Rozporz\u0105dzenie dotyczy r\u00f3wnie\u017c przetwarzania danych osobowych przez administratora danych, kt\u00f3ry nie jest zarejestrowany w Unii, ale na terenie pa\u0144stwa podlegaj\u0105cego prawu pa\u0144stwa cz\u0142onkowskiego na mocy prawa mi\u0119dzynarodowego publicznego.<\/p>\r\n\r\n\r\n\r\n<p>RODO wymaga, aby przedsi\u0119biorstwa wdro\u017cy\u0142y odpowiednie \u015brodki techniczne i organizacyjne w celu wdro\u017cenia zasad ochrony danych i ochrony praw jednostki: jest to tzw. &#8222;Ochrona Danych w Projektowaniu i Domy\u015blna Ochrona Danych&#8221;.<\/p>\r\n\r\n\r\n\r\n<p>&#8222;Ochrona Danych w Projektowaniu&#8221; oznacza, \u017ce \u200b\u200bprzedsi\u0119biorstwo rozwa\u017ca problemy zwi\u0105zane z prywatno\u015bci\u0105 i ochron\u0105 danych na etapie projektowania systemu, us\u0142ugi, produktu lub procesu i zatem podczas jego cyklu \u017cycia.<br \/>&#8222;Ochrona Danych w Domy\u015blny Spos\u00f3b&#8221; wymaga, aby La Galvanina S.p.A. zapewnia\u0142a, \u017ce Przedsi\u0119biorstwo przetwarza tylko dane niezb\u0119dne do osi\u0105gni\u0119cia okre\u015blonego celu i przez okres nie d\u0142u\u017cszy ni\u017c ten, kt\u00f3ry jest niezb\u0119dny do celu, dla kt\u00f3rego dane zosta\u0142y zebrane i nast\u0119pnie przetworzone.<\/p>\r\n\r\n\r\n\r\n<p>La Galvanina S.p.A. przyj\u0119\u0142a Model Zarz\u0105dzania Ochron\u0105 Danych Osobowych zgodnie z RODO, uwzgl\u0119dniaj\u0105c r\u00f3wnie\u017c przepisy ustawy z dnia 29 lipca 2019 r. o ochronie danych osobowych, okre\u015blaj\u0105c obowi\u0105zuj\u0105ce zasady i procedury dla Przedsi\u0119biorstwa i jego pracownik\u00f3w. La Galvanina S.p.A. regularnie przegl\u0105da i aktualizuje Polityk\u0119 Ochrony Danych i Bezpiecze\u0144stwa Informacji, a tak\u017ce okre\u015bla zalecenia dotycz\u0105ce rozwoju, kt\u00f3re przek\u0142ada na plan wdra\u017cania aktualizacji. W r\u00f3\u017cnych dokumentach opublikowanych w sekcji &#8222;Prywatno\u015b\u0107&#8221; na swoich stronach internetowych La Galvanina S.p.A. udost\u0119pnia, zgodnie z art. 13 i 14 RODO, wszystkie informacje wymagane przez przepisy, kt\u00f3re r\u00f3\u017cni\u0105 si\u0119 w zale\u017cno\u015bci od celu przetwarzania danych osobowych podmiot\u00f3w danych. W przypadku dalszych pyta\u0144 dotycz\u0105cych tre\u015bci informacji o Prywatno\u015bci La Galvaniny, u\u017cytkownik jest zaproszony do kontaktu z nasz\u0105 osob\u0105 odpowiedzialn\u0105 za ochron\u0119 danych pod adresem e-mail: privacy@galvanina.com.<\/p>\r\n\r\n\r\n\r\n<p><a href=\"https:\/\/www.galvanina.com\/pl\/legal\/privacy-cookie\/privacy-policy\/\"><strong>Polityka Prywatno\u015bci<\/strong><\/a><\/p>\r\n\r\n\r\n\r\n<p><a href=\"https:\/\/www.galvanina.com\/pl\/legal\/privacy-cookie\/cookie-policy\/\"><strong>Polityka dotycz\u0105ca plik\u00f3w cookie<\/strong><\/a><\/p>\r\n\r\n\r\n\r\n<p><strong><a href=\"https:\/\/www.galvanina.com\/pl\/privacy-disclaimer-b2b\/\">Informacja dla dostawc\u00f3w\/ partner\u00f3w handlowych i ich pracownik\u00f3w\/wsp\u00f3\u0142pracownik\u00f3w<\/a><\/strong><\/p>\r\n","protected":false},"excerpt":{"rendered":"<p>Rozporz\u0105dzenie Og\u00f3lne o Ochronie Danych (RODO) zast\u0119puje europejsk\u0105 dyrektyw\u0119 95\/46\/WE. Celem RODO jest zapewnienie nowoczesnego, jednolitego i solidnego ramowego systemu ochrony danych w Europie, opartego na zasadzie odpowiedzialno\u015bci. Nowe przepisy maj\u0105 wp\u0142yw zar\u00f3wno na organizacj\u0119, funkcjonowanie, jak i technologi\u0119, a jednocze\u015bnie ustanawiaj\u0105 bardziej surowy system sankcji ni\u017c poprzedni. Najwi\u0119ksz\u0105 zmian\u0105 w regulacjach dotycz\u0105cych ochrony danych [&hellip;]<\/p>\n","protected":false},"author":1,"featured_media":0,"parent":1839,"menu_order":0,"comment_status":"closed","ping_status":"closed","template":"","meta":{"footnotes":""},"class_list":["post-3","page","type-page","status-publish","hentry"],"yoast_head":"<!-- This site is optimized with the Yoast SEO plugin v27.3 - https:\/\/yoast.com\/product\/yoast-seo-wordpress\/ -->\n<title>Prywatno\u015b\u0107 i pliki cookie | Galvanina<\/title>\n<meta name=\"robots\" content=\"noindex, nofollow\" \/>\n<meta property=\"og:locale\" content=\"pl_PL\" \/>\n<meta property=\"og:type\" content=\"article\" \/>\n<meta property=\"og:title\" content=\"Prywatno\u015b\u0107 i pliki cookie | Galvanina\" \/>\n<meta property=\"og:description\" content=\"Rozporz\u0105dzenie Og\u00f3lne o Ochronie Danych (RODO) zast\u0119puje europejsk\u0105 dyrektyw\u0119 95\/46\/WE. Celem RODO jest zapewnienie nowoczesnego, jednolitego i solidnego ramowego systemu ochrony danych w Europie, opartego na zasadzie odpowiedzialno\u015bci. Nowe przepisy maj\u0105 wp\u0142yw zar\u00f3wno na organizacj\u0119, funkcjonowanie, jak i technologi\u0119, a jednocze\u015bnie ustanawiaj\u0105 bardziej surowy system sankcji ni\u017c poprzedni. Najwi\u0119ksz\u0105 zmian\u0105 w regulacjach dotycz\u0105cych ochrony danych [&hellip;]\" \/>\n<meta property=\"og:url\" content=\"https:\/\/www.galvanina.com\/pl\/legal\/privacy-cookie\/\" \/>\n<meta property=\"og:site_name\" content=\"Galvanina\" \/>\n<meta property=\"article:publisher\" content=\"https:\/\/www.facebook.com\/galvanina\/\" \/>\n<meta property=\"article:modified_time\" content=\"2023-07-11T06:27:55+00:00\" \/>\n<meta property=\"og:image\" content=\"https:\/\/www.galvanina.com\/pl\/wp-content\/uploads\/sites\/7\/2020\/06\/galvanina-social.jpg\" \/>\n\t<meta property=\"og:image:width\" content=\"1080\" \/>\n\t<meta property=\"og:image:height\" content=\"630\" \/>\n\t<meta property=\"og:image:type\" content=\"image\/jpeg\" \/>\n<meta name=\"twitter:card\" content=\"summary_large_image\" \/>\n<meta name=\"twitter:label1\" content=\"Szacowany czas czytania\" \/>\n\t<meta name=\"twitter:data1\" content=\"3 minuty\" \/>\n<script type=\"application\/ld+json\" class=\"yoast-schema-graph\">{\"@context\":\"https:\\\/\\\/schema.org\",\"@graph\":[{\"@type\":\"WebPage\",\"@id\":\"https:\\\/\\\/www.galvanina.com\\\/pl\\\/legal\\\/privacy-cookie\\\/\",\"url\":\"https:\\\/\\\/www.galvanina.com\\\/pl\\\/legal\\\/privacy-cookie\\\/\",\"name\":\"Prywatno\u015b\u0107 i pliki cookie | Galvanina\",\"isPartOf\":{\"@id\":\"https:\\\/\\\/www.galvanina.com\\\/pl\\\/#website\"},\"datePublished\":\"1999-12-31T23:00:23+00:00\",\"dateModified\":\"2023-07-11T06:27:55+00:00\",\"breadcrumb\":{\"@id\":\"https:\\\/\\\/www.galvanina.com\\\/pl\\\/legal\\\/privacy-cookie\\\/#breadcrumb\"},\"inLanguage\":\"pl-PL\",\"potentialAction\":[{\"@type\":\"ReadAction\",\"target\":[\"https:\\\/\\\/www.galvanina.com\\\/pl\\\/legal\\\/privacy-cookie\\\/\"]}]},{\"@type\":\"BreadcrumbList\",\"@id\":\"https:\\\/\\\/www.galvanina.com\\\/pl\\\/legal\\\/privacy-cookie\\\/#breadcrumb\",\"itemListElement\":[{\"@type\":\"ListItem\",\"position\":1,\"name\":\"Home\",\"item\":\"https:\\\/\\\/www.galvanina.com\\\/pl\\\/\"},{\"@type\":\"ListItem\",\"position\":2,\"name\":\"Legal\",\"item\":\"https:\\\/\\\/www.galvanina.com\\\/pl\\\/legal\\\/\"},{\"@type\":\"ListItem\",\"position\":3,\"name\":\"Prywatno\u015b\u0107 i pliki cookie\"}]},{\"@type\":\"WebSite\",\"@id\":\"https:\\\/\\\/www.galvanina.com\\\/pl\\\/#website\",\"url\":\"https:\\\/\\\/www.galvanina.com\\\/pl\\\/\",\"name\":\"Galvanina\",\"description\":\"\",\"publisher\":{\"@id\":\"https:\\\/\\\/www.galvanina.com\\\/pl\\\/#organization\"},\"potentialAction\":[{\"@type\":\"SearchAction\",\"target\":{\"@type\":\"EntryPoint\",\"urlTemplate\":\"https:\\\/\\\/www.galvanina.com\\\/pl\\\/?s={search_term_string}\"},\"query-input\":{\"@type\":\"PropertyValueSpecification\",\"valueRequired\":true,\"valueName\":\"search_term_string\"}}],\"inLanguage\":\"pl-PL\"},{\"@type\":\"Organization\",\"@id\":\"https:\\\/\\\/www.galvanina.com\\\/pl\\\/#organization\",\"name\":\"Galvanina Poland\",\"url\":\"https:\\\/\\\/www.galvanina.com\\\/pl\\\/\",\"logo\":{\"@type\":\"ImageObject\",\"inLanguage\":\"pl-PL\",\"@id\":\"https:\\\/\\\/www.galvanina.com\\\/pl\\\/#\\\/schema\\\/logo\\\/image\\\/\",\"url\":\"https:\\\/\\\/www.galvanina.com\\\/pl\\\/wp-content\\\/uploads\\\/sites\\\/7\\\/2020\\\/06\\\/logo-galvanina.png\",\"contentUrl\":\"https:\\\/\\\/www.galvanina.com\\\/pl\\\/wp-content\\\/uploads\\\/sites\\\/7\\\/2020\\\/06\\\/logo-galvanina.png\",\"width\":768,\"height\":768,\"caption\":\"Galvanina Poland\"},\"image\":{\"@id\":\"https:\\\/\\\/www.galvanina.com\\\/pl\\\/#\\\/schema\\\/logo\\\/image\\\/\"},\"sameAs\":[\"https:\\\/\\\/www.facebook.com\\\/galvanina\\\/\",\"https:\\\/\\\/www.instagram.com\\\/lagalvanina\\\/\",\"https:\\\/\\\/www.linkedin.com\\\/company\\\/galvanina\\\/\"]}]}<\/script>\n<!-- \/ Yoast SEO plugin. -->","yoast_head_json":{"title":"Prywatno\u015b\u0107 i pliki cookie | Galvanina","robots":{"index":"noindex","follow":"nofollow"},"og_locale":"pl_PL","og_type":"article","og_title":"Prywatno\u015b\u0107 i pliki cookie | Galvanina","og_description":"Rozporz\u0105dzenie Og\u00f3lne o Ochronie Danych (RODO) zast\u0119puje europejsk\u0105 dyrektyw\u0119 95\/46\/WE. Celem RODO jest zapewnienie nowoczesnego, jednolitego i solidnego ramowego systemu ochrony danych w Europie, opartego na zasadzie odpowiedzialno\u015bci. Nowe przepisy maj\u0105 wp\u0142yw zar\u00f3wno na organizacj\u0119, funkcjonowanie, jak i technologi\u0119, a jednocze\u015bnie ustanawiaj\u0105 bardziej surowy system sankcji ni\u017c poprzedni. Najwi\u0119ksz\u0105 zmian\u0105 w regulacjach dotycz\u0105cych ochrony danych [&hellip;]","og_url":"https:\/\/www.galvanina.com\/pl\/legal\/privacy-cookie\/","og_site_name":"Galvanina","article_publisher":"https:\/\/www.facebook.com\/galvanina\/","article_modified_time":"2023-07-11T06:27:55+00:00","og_image":[{"width":1080,"height":630,"url":"https:\/\/www.galvanina.com\/pl\/wp-content\/uploads\/sites\/7\/2020\/06\/galvanina-social.jpg","type":"image\/jpeg"}],"twitter_card":"summary_large_image","twitter_misc":{"Szacowany czas czytania":"3 minuty"},"schema":{"@context":"https:\/\/schema.org","@graph":[{"@type":"WebPage","@id":"https:\/\/www.galvanina.com\/pl\/legal\/privacy-cookie\/","url":"https:\/\/www.galvanina.com\/pl\/legal\/privacy-cookie\/","name":"Prywatno\u015b\u0107 i pliki cookie | Galvanina","isPartOf":{"@id":"https:\/\/www.galvanina.com\/pl\/#website"},"datePublished":"1999-12-31T23:00:23+00:00","dateModified":"2023-07-11T06:27:55+00:00","breadcrumb":{"@id":"https:\/\/www.galvanina.com\/pl\/legal\/privacy-cookie\/#breadcrumb"},"inLanguage":"pl-PL","potentialAction":[{"@type":"ReadAction","target":["https:\/\/www.galvanina.com\/pl\/legal\/privacy-cookie\/"]}]},{"@type":"BreadcrumbList","@id":"https:\/\/www.galvanina.com\/pl\/legal\/privacy-cookie\/#breadcrumb","itemListElement":[{"@type":"ListItem","position":1,"name":"Home","item":"https:\/\/www.galvanina.com\/pl\/"},{"@type":"ListItem","position":2,"name":"Legal","item":"https:\/\/www.galvanina.com\/pl\/legal\/"},{"@type":"ListItem","position":3,"name":"Prywatno\u015b\u0107 i pliki cookie"}]},{"@type":"WebSite","@id":"https:\/\/www.galvanina.com\/pl\/#website","url":"https:\/\/www.galvanina.com\/pl\/","name":"Galvanina","description":"","publisher":{"@id":"https:\/\/www.galvanina.com\/pl\/#organization"},"potentialAction":[{"@type":"SearchAction","target":{"@type":"EntryPoint","urlTemplate":"https:\/\/www.galvanina.com\/pl\/?s={search_term_string}"},"query-input":{"@type":"PropertyValueSpecification","valueRequired":true,"valueName":"search_term_string"}}],"inLanguage":"pl-PL"},{"@type":"Organization","@id":"https:\/\/www.galvanina.com\/pl\/#organization","name":"Galvanina Poland","url":"https:\/\/www.galvanina.com\/pl\/","logo":{"@type":"ImageObject","inLanguage":"pl-PL","@id":"https:\/\/www.galvanina.com\/pl\/#\/schema\/logo\/image\/","url":"https:\/\/www.galvanina.com\/pl\/wp-content\/uploads\/sites\/7\/2020\/06\/logo-galvanina.png","contentUrl":"https:\/\/www.galvanina.com\/pl\/wp-content\/uploads\/sites\/7\/2020\/06\/logo-galvanina.png","width":768,"height":768,"caption":"Galvanina Poland"},"image":{"@id":"https:\/\/www.galvanina.com\/pl\/#\/schema\/logo\/image\/"},"sameAs":["https:\/\/www.facebook.com\/galvanina\/","https:\/\/www.instagram.com\/lagalvanina\/","https:\/\/www.linkedin.com\/company\/galvanina\/"]}]}},"_links":{"self":[{"href":"https:\/\/www.galvanina.com\/pl\/wp-json\/wp\/v2\/pages\/3","targetHints":{"allow":["GET"]}}],"collection":[{"href":"https:\/\/www.galvanina.com\/pl\/wp-json\/wp\/v2\/pages"}],"about":[{"href":"https:\/\/www.galvanina.com\/pl\/wp-json\/wp\/v2\/types\/page"}],"author":[{"embeddable":true,"href":"https:\/\/www.galvanina.com\/pl\/wp-json\/wp\/v2\/users\/1"}],"replies":[{"embeddable":true,"href":"https:\/\/www.galvanina.com\/pl\/wp-json\/wp\/v2\/comments?post=3"}],"version-history":[{"count":10,"href":"https:\/\/www.galvanina.com\/pl\/wp-json\/wp\/v2\/pages\/3\/revisions"}],"predecessor-version":[{"id":4074,"href":"https:\/\/www.galvanina.com\/pl\/wp-json\/wp\/v2\/pages\/3\/revisions\/4074"}],"up":[{"embeddable":true,"href":"https:\/\/www.galvanina.com\/pl\/wp-json\/wp\/v2\/pages\/1839"}],"wp:attachment":[{"href":"https:\/\/www.galvanina.com\/pl\/wp-json\/wp\/v2\/media?parent=3"}],"curies":[{"name":"wp","href":"https:\/\/api.w.org\/{rel}","templated":true}]}}