{"id":2300,"date":"2020-06-11T14:49:09","date_gmt":"2020-06-11T12:49:09","guid":{"rendered":"https:\/\/www.galvanina.com\/pl\/?page_id=2300"},"modified":"2023-07-11T08:29:37","modified_gmt":"2023-07-11T06:29:37","slug":"informacje-prawne","status":"publish","type":"page","link":"https:\/\/www.galvanina.com\/pl\/legal\/informacje-prawne\/","title":{"rendered":"Informacje prawne"},"content":{"rendered":"\r\n<p>Dost\u0119p do tej witryny jest uzale\u017cniony od nast\u0119puj\u0105cych warunk\u00f3w i zasad. Dost\u0119p do witryny oraz jej przegl\u0105danie jest dozwolone wy\u0142\u0105cznie po zaakceptowaniu niniejszych warunk\u00f3w. Witryna ta nie mo\u017ce by\u0107 u\u017cywana lub odwiedzana bez akceptacji niniejszych warunk\u00f3w. Korzystanie z witryny oznacza akceptacj\u0119 niniejszych warunk\u00f3w.<\/p>\r\n\r\n\r\n\r\n<p>1. Ta witryna i zawarte w niej informacje, wraz z nazwami, obrazami, zdj\u0119ciami i reprodukcjami, logotypami i znakami towarowymi dotycz\u0105cymi Galvanina, s\u0105 poufne i chronione prawami autorskimi w zakresie marek, patent\u00f3w i uczciwej konkurencji. Wszystkie produkty, zdj\u0119cia, reprodukcje, logotypy, znaki towarowe i patenty s\u0105 wy\u0142\u0105czn\u0105 w\u0142asno\u015bci\u0105 Galvanina. \u017badna inna osoba nie jest posiadaczem licencji ani praw do korzystania z tych zasob\u00f3w. Tre\u015b\u0107 witryny nie mo\u017ce w \u017cadnym wypadku by\u0107 interpretowana w sensie przyznawania praw licencyjnych lub praw do korzystania z produkt\u00f3w lub znak\u00f3w towarowych Galvanina. Naruszenia b\u0119d\u0105 \u015bcigane prawnie w imieniu Galvaniny na podstawie obowi\u0105zuj\u0105cych przepis\u00f3w, kt\u00f3re chroni\u0105 znaki towarowe, patenty i uczciw\u0105 konkurencj\u0119.<\/p>\r\n\r\n\r\n\r\n<p>2. Produkty i us\u0142ugi opisane na tej witrynie mog\u0105 by\u0107 dost\u0119pne, je\u015bli i gdy b\u0119d\u0105 dost\u0119pne, bez publikacji na witrynie gwarantuj\u0105cej (nawet domniemanie) dost\u0119pno\u015b\u0107, zdolno\u015b\u0107 do sprzeda\u017cy, odpowiednio\u015b\u0107 do okre\u015blonych zastosowa\u0144 i zgodno\u015b\u0107 z obowi\u0105zuj\u0105cymi przepisami w r\u00f3\u017cnych krajach.<\/p>\r\n\r\n\r\n\r\n<p>3. Galvanina nie ponosi odpowiedzialno\u015bci, w \u017cadnym przypadku, zar\u00f3wno na podstawie umowy, jak i pozaumownie, za szkody (w tym po\u015brednie lub nieokre\u015blone szkody) wynikaj\u0105ce z niemo\u017cno\u015bci korzystania, utraty danych lub zysk\u00f3w zwi\u0105zanych w jakikolwiek spos\u00f3b z korzystaniem z tej witryny.<\/p>\r\n\r\n\r\n\r\n<p>4. Ta witryna mo\u017ce zawiera\u0107 publikacje z nie\u015bcis\u0142ymi danymi technicznymi lub b\u0142\u0119dami drukarskimi, kt\u00f3re zostan\u0105 jak najszybciej poprawione wed\u0142ug uznania Galvaniny. Dane zawarte na stronie mog\u0105 nie by\u0107 aktualne, poniewa\u017c witryna jest aktualizowana tylko okresowo. Modyfikacje danych opublikowanych na stronie mog\u0105 by\u0107 wprowadzane z op\u00f3\u017anieniem w por\u00f3wnaniu do faktycznych zmian dokonanych w produktach lub danych z nimi zwi\u0105zanych.<\/p>\r\n\r\n\r\n\r\n<p>5. Galvanina zastrzega sobie prawo do wprowadzania modyfikacji w niniejszych warunkach dost\u0119pu oraz w innych cz\u0119\u015bciach witryny w dowolnym momencie i bez uprzedzenia.<\/p>\r\n\r\n\r\n\r\n<p>6. Galvanina nie ponosi odpowiedzialno\u015bci za tre\u015b\u0107 witryn po\u0142\u0105czonych z jej w\u0142asn\u0105 witryn\u0105, ani za jakiekolwiek problemy wynikaj\u0105ce z po\u015bredniego po\u0142\u0105czenia za po\u015brednictwem innych link\u00f3w.<\/p>\r\n\r\n\r\n\r\n<p>7. Galvanina reklamuje wszystkie swoje produkty na tej witrynie. Nie oznacza to, \u017ce wszystkie produkty s\u0105 wprowadzane na rynek we wszystkich krajach, ani nie oznacza to, \u017ce produkty, je\u015bli s\u0105 wprowadzane na rynek, s\u0105 natychmiast dost\u0119pne we wszystkich krajach. Osoby zainteresowane s\u0105 proszone o bezpo\u015bredni kontakt z siedzib\u0105 Galvaniny, je\u015bli s\u0105 potrzebne aktualne informacje.<\/p>\r\n\r\n\r\n\r\n<p>8. Niniejsze warunki dost\u0119pu do witryny podlegaj\u0105 prawu w\u0142oskiemu, a wszelkie spory wynikaj\u0105ce z korzystania z witryny podlegaj\u0105 wy\u0142\u0105cznej jurysdykcji s\u0105du w Rimini, we W\u0142oszech.<\/p>\r\n\r\n\r\n\r\n<p>9. U\u017bYTKOWNICY, KT\u00d3RZY NIE ZAAKCEPTUJ\u0104 W PE\u0141NI NINIEJSZYCH WARUNK\u00d3W DOST\u0118PU DOTYCZ\u0104CYCH KORZYSTANIA Z WITRYNY, ZOSTAJ\u0104 PROSZENI O NATYCHMIASTOWE OPUSZCZENIE WITRYNY I NIEKORZYSTANIE Z NIEJ DALEJ.<\/p>\r\n","protected":false},"excerpt":{"rendered":"<p>Dost\u0119p do tej witryny jest uzale\u017cniony od nast\u0119puj\u0105cych warunk\u00f3w i zasad. Dost\u0119p do witryny oraz jej przegl\u0105danie jest dozwolone wy\u0142\u0105cznie po zaakceptowaniu niniejszych warunk\u00f3w. Witryna ta nie mo\u017ce by\u0107 u\u017cywana lub odwiedzana bez akceptacji niniejszych warunk\u00f3w. Korzystanie z witryny oznacza akceptacj\u0119 niniejszych warunk\u00f3w. 1. Ta witryna i zawarte w niej informacje, wraz z nazwami, obrazami, [&hellip;]<\/p>\n","protected":false},"author":2,"featured_media":0,"parent":1839,"menu_order":0,"comment_status":"closed","ping_status":"closed","template":"","meta":{"footnotes":""},"class_list":["post-2300","page","type-page","status-publish","hentry"],"yoast_head":"<!-- This site is optimized with the Yoast SEO plugin v27.3 - https:\/\/yoast.com\/product\/yoast-seo-wordpress\/ -->\n<title>Informacje prawne | Galvanina<\/title>\n<meta name=\"robots\" content=\"noindex, follow\" \/>\n<meta property=\"og:locale\" content=\"pl_PL\" \/>\n<meta property=\"og:type\" content=\"article\" \/>\n<meta property=\"og:title\" content=\"Informacje prawne | Galvanina\" \/>\n<meta property=\"og:description\" content=\"Dost\u0119p do tej witryny jest uzale\u017cniony od nast\u0119puj\u0105cych warunk\u00f3w i zasad. Dost\u0119p do witryny oraz jej przegl\u0105danie jest dozwolone wy\u0142\u0105cznie po zaakceptowaniu niniejszych warunk\u00f3w. Witryna ta nie mo\u017ce by\u0107 u\u017cywana lub odwiedzana bez akceptacji niniejszych warunk\u00f3w. Korzystanie z witryny oznacza akceptacj\u0119 niniejszych warunk\u00f3w. 1. Ta witryna i zawarte w niej informacje, wraz z nazwami, obrazami, [&hellip;]\" \/>\n<meta property=\"og:url\" content=\"https:\/\/www.galvanina.com\/pl\/legal\/informacje-prawne\/\" \/>\n<meta property=\"og:site_name\" content=\"Galvanina\" \/>\n<meta property=\"article:publisher\" content=\"https:\/\/www.facebook.com\/galvanina\/\" \/>\n<meta property=\"article:modified_time\" content=\"2023-07-11T06:29:37+00:00\" \/>\n<meta property=\"og:image\" content=\"https:\/\/www.galvanina.com\/pl\/wp-content\/uploads\/sites\/7\/2020\/06\/galvanina-social.jpg\" \/>\n\t<meta property=\"og:image:width\" content=\"1080\" \/>\n\t<meta property=\"og:image:height\" content=\"630\" \/>\n\t<meta property=\"og:image:type\" content=\"image\/jpeg\" \/>\n<meta name=\"twitter:card\" content=\"summary_large_image\" \/>\n<meta name=\"twitter:label1\" content=\"Szacowany czas czytania\" \/>\n\t<meta name=\"twitter:data1\" content=\"3 minuty\" \/>\n<script type=\"application\/ld+json\" class=\"yoast-schema-graph\">{\"@context\":\"https:\\\/\\\/schema.org\",\"@graph\":[{\"@type\":\"WebPage\",\"@id\":\"https:\\\/\\\/www.galvanina.com\\\/pl\\\/legal\\\/informacje-prawne\\\/\",\"url\":\"https:\\\/\\\/www.galvanina.com\\\/pl\\\/legal\\\/informacje-prawne\\\/\",\"name\":\"Informacje prawne | Galvanina\",\"isPartOf\":{\"@id\":\"https:\\\/\\\/www.galvanina.com\\\/pl\\\/#website\"},\"datePublished\":\"2020-06-11T12:49:09+00:00\",\"dateModified\":\"2023-07-11T06:29:37+00:00\",\"breadcrumb\":{\"@id\":\"https:\\\/\\\/www.galvanina.com\\\/pl\\\/legal\\\/informacje-prawne\\\/#breadcrumb\"},\"inLanguage\":\"pl-PL\",\"potentialAction\":[{\"@type\":\"ReadAction\",\"target\":[\"https:\\\/\\\/www.galvanina.com\\\/pl\\\/legal\\\/informacje-prawne\\\/\"]}]},{\"@type\":\"BreadcrumbList\",\"@id\":\"https:\\\/\\\/www.galvanina.com\\\/pl\\\/legal\\\/informacje-prawne\\\/#breadcrumb\",\"itemListElement\":[{\"@type\":\"ListItem\",\"position\":1,\"name\":\"Home\",\"item\":\"https:\\\/\\\/www.galvanina.com\\\/pl\\\/\"},{\"@type\":\"ListItem\",\"position\":2,\"name\":\"Legal\",\"item\":\"https:\\\/\\\/www.galvanina.com\\\/pl\\\/legal\\\/\"},{\"@type\":\"ListItem\",\"position\":3,\"name\":\"Informacje prawne\"}]},{\"@type\":\"WebSite\",\"@id\":\"https:\\\/\\\/www.galvanina.com\\\/pl\\\/#website\",\"url\":\"https:\\\/\\\/www.galvanina.com\\\/pl\\\/\",\"name\":\"Galvanina\",\"description\":\"\",\"publisher\":{\"@id\":\"https:\\\/\\\/www.galvanina.com\\\/pl\\\/#organization\"},\"potentialAction\":[{\"@type\":\"SearchAction\",\"target\":{\"@type\":\"EntryPoint\",\"urlTemplate\":\"https:\\\/\\\/www.galvanina.com\\\/pl\\\/?s={search_term_string}\"},\"query-input\":{\"@type\":\"PropertyValueSpecification\",\"valueRequired\":true,\"valueName\":\"search_term_string\"}}],\"inLanguage\":\"pl-PL\"},{\"@type\":\"Organization\",\"@id\":\"https:\\\/\\\/www.galvanina.com\\\/pl\\\/#organization\",\"name\":\"Galvanina Poland\",\"url\":\"https:\\\/\\\/www.galvanina.com\\\/pl\\\/\",\"logo\":{\"@type\":\"ImageObject\",\"inLanguage\":\"pl-PL\",\"@id\":\"https:\\\/\\\/www.galvanina.com\\\/pl\\\/#\\\/schema\\\/logo\\\/image\\\/\",\"url\":\"https:\\\/\\\/www.galvanina.com\\\/pl\\\/wp-content\\\/uploads\\\/sites\\\/7\\\/2020\\\/06\\\/logo-galvanina.png\",\"contentUrl\":\"https:\\\/\\\/www.galvanina.com\\\/pl\\\/wp-content\\\/uploads\\\/sites\\\/7\\\/2020\\\/06\\\/logo-galvanina.png\",\"width\":768,\"height\":768,\"caption\":\"Galvanina Poland\"},\"image\":{\"@id\":\"https:\\\/\\\/www.galvanina.com\\\/pl\\\/#\\\/schema\\\/logo\\\/image\\\/\"},\"sameAs\":[\"https:\\\/\\\/www.facebook.com\\\/galvanina\\\/\",\"https:\\\/\\\/www.instagram.com\\\/lagalvanina\\\/\",\"https:\\\/\\\/www.linkedin.com\\\/company\\\/galvanina\\\/\"]}]}<\/script>\n<!-- \/ Yoast SEO plugin. -->","yoast_head_json":{"title":"Informacje prawne | Galvanina","robots":{"index":"noindex","follow":"follow"},"og_locale":"pl_PL","og_type":"article","og_title":"Informacje prawne | Galvanina","og_description":"Dost\u0119p do tej witryny jest uzale\u017cniony od nast\u0119puj\u0105cych warunk\u00f3w i zasad. Dost\u0119p do witryny oraz jej przegl\u0105danie jest dozwolone wy\u0142\u0105cznie po zaakceptowaniu niniejszych warunk\u00f3w. Witryna ta nie mo\u017ce by\u0107 u\u017cywana lub odwiedzana bez akceptacji niniejszych warunk\u00f3w. Korzystanie z witryny oznacza akceptacj\u0119 niniejszych warunk\u00f3w. 1. Ta witryna i zawarte w niej informacje, wraz z nazwami, obrazami, [&hellip;]","og_url":"https:\/\/www.galvanina.com\/pl\/legal\/informacje-prawne\/","og_site_name":"Galvanina","article_publisher":"https:\/\/www.facebook.com\/galvanina\/","article_modified_time":"2023-07-11T06:29:37+00:00","og_image":[{"width":1080,"height":630,"url":"https:\/\/www.galvanina.com\/pl\/wp-content\/uploads\/sites\/7\/2020\/06\/galvanina-social.jpg","type":"image\/jpeg"}],"twitter_card":"summary_large_image","twitter_misc":{"Szacowany czas czytania":"3 minuty"},"schema":{"@context":"https:\/\/schema.org","@graph":[{"@type":"WebPage","@id":"https:\/\/www.galvanina.com\/pl\/legal\/informacje-prawne\/","url":"https:\/\/www.galvanina.com\/pl\/legal\/informacje-prawne\/","name":"Informacje prawne | Galvanina","isPartOf":{"@id":"https:\/\/www.galvanina.com\/pl\/#website"},"datePublished":"2020-06-11T12:49:09+00:00","dateModified":"2023-07-11T06:29:37+00:00","breadcrumb":{"@id":"https:\/\/www.galvanina.com\/pl\/legal\/informacje-prawne\/#breadcrumb"},"inLanguage":"pl-PL","potentialAction":[{"@type":"ReadAction","target":["https:\/\/www.galvanina.com\/pl\/legal\/informacje-prawne\/"]}]},{"@type":"BreadcrumbList","@id":"https:\/\/www.galvanina.com\/pl\/legal\/informacje-prawne\/#breadcrumb","itemListElement":[{"@type":"ListItem","position":1,"name":"Home","item":"https:\/\/www.galvanina.com\/pl\/"},{"@type":"ListItem","position":2,"name":"Legal","item":"https:\/\/www.galvanina.com\/pl\/legal\/"},{"@type":"ListItem","position":3,"name":"Informacje prawne"}]},{"@type":"WebSite","@id":"https:\/\/www.galvanina.com\/pl\/#website","url":"https:\/\/www.galvanina.com\/pl\/","name":"Galvanina","description":"","publisher":{"@id":"https:\/\/www.galvanina.com\/pl\/#organization"},"potentialAction":[{"@type":"SearchAction","target":{"@type":"EntryPoint","urlTemplate":"https:\/\/www.galvanina.com\/pl\/?s={search_term_string}"},"query-input":{"@type":"PropertyValueSpecification","valueRequired":true,"valueName":"search_term_string"}}],"inLanguage":"pl-PL"},{"@type":"Organization","@id":"https:\/\/www.galvanina.com\/pl\/#organization","name":"Galvanina Poland","url":"https:\/\/www.galvanina.com\/pl\/","logo":{"@type":"ImageObject","inLanguage":"pl-PL","@id":"https:\/\/www.galvanina.com\/pl\/#\/schema\/logo\/image\/","url":"https:\/\/www.galvanina.com\/pl\/wp-content\/uploads\/sites\/7\/2020\/06\/logo-galvanina.png","contentUrl":"https:\/\/www.galvanina.com\/pl\/wp-content\/uploads\/sites\/7\/2020\/06\/logo-galvanina.png","width":768,"height":768,"caption":"Galvanina Poland"},"image":{"@id":"https:\/\/www.galvanina.com\/pl\/#\/schema\/logo\/image\/"},"sameAs":["https:\/\/www.facebook.com\/galvanina\/","https:\/\/www.instagram.com\/lagalvanina\/","https:\/\/www.linkedin.com\/company\/galvanina\/"]}]}},"_links":{"self":[{"href":"https:\/\/www.galvanina.com\/pl\/wp-json\/wp\/v2\/pages\/2300","targetHints":{"allow":["GET"]}}],"collection":[{"href":"https:\/\/www.galvanina.com\/pl\/wp-json\/wp\/v2\/pages"}],"about":[{"href":"https:\/\/www.galvanina.com\/pl\/wp-json\/wp\/v2\/types\/page"}],"author":[{"embeddable":true,"href":"https:\/\/www.galvanina.com\/pl\/wp-json\/wp\/v2\/users\/2"}],"replies":[{"embeddable":true,"href":"https:\/\/www.galvanina.com\/pl\/wp-json\/wp\/v2\/comments?post=2300"}],"version-history":[{"count":5,"href":"https:\/\/www.galvanina.com\/pl\/wp-json\/wp\/v2\/pages\/2300\/revisions"}],"predecessor-version":[{"id":4076,"href":"https:\/\/www.galvanina.com\/pl\/wp-json\/wp\/v2\/pages\/2300\/revisions\/4076"}],"up":[{"embeddable":true,"href":"https:\/\/www.galvanina.com\/pl\/wp-json\/wp\/v2\/pages\/1839"}],"wp:attachment":[{"href":"https:\/\/www.galvanina.com\/pl\/wp-json\/wp\/v2\/media?parent=2300"}],"curies":[{"name":"wp","href":"https:\/\/api.w.org\/{rel}","templated":true}]}}