{"id":204,"date":"2020-05-21T16:47:42","date_gmt":"2020-05-21T14:47:42","guid":{"rendered":"https:\/\/www.galvanina.com\/pl\/?page_id=204"},"modified":"2023-07-10T19:28:39","modified_gmt":"2023-07-10T17:28:39","slug":"zrodly","status":"publish","type":"page","link":"https:\/\/www.galvanina.com\/pl\/o-nas\/zrodly\/","title":{"rendered":"\u0179r\u00f3d\u0142y"},"content":{"rendered":"\r\n<h2 class=\"wp-block-heading\">Galvanina<\/h2>\r\n\r\n\r\n<p><strong>\u0179r\u00f3d\u0142o Galvanina<\/strong> znajduje si\u0119 w bujnych zielonych wzg\u00f3rzach niedaleko Rimini. <strong>Mikrobiologicznie czysta i o charakterystycznych w\u0142a\u015bciwo\u015bciach trawiennych<\/strong>, ta woda mineralna przemierza d\u0142ug\u0105 podziemn\u0105 tras\u0119, zanim wyp\u0142ywa czysta i nietkni\u0119ta przez zanieczyszczenia.<\/p>\r\n\r\n\r\n<p>Faktycznie, to w g\u0142\u0119bi ziemi nasza woda przep\u0142ywa przez ogromne piaskowe groble, oczyszczaj\u0105c si\u0119 i naturalnie wzbogacaj\u0105c si\u0119 w cenne minera\u0142y.<\/p>\r\n\r\n\r\n<p>Galvanina to historyczne \u017ar\u00f3d\u0142o, kt\u00f3re da\u0142o nazw\u0119 firmie. Dzia\u0142alno\u015b\u0107 butelkowania, kt\u00f3ra w swojej poprzedniej, rzemie\u015blniczej formie si\u0119ga pocz\u0105tku XX wieku, zacz\u0119\u0142a ewoluowa\u0107 w bardziej przemys\u0142ow\u0105 praktyk\u0119 ju\u017c w 1928 roku, w kt\u00f3rym wybudowano pierwsze pomieszczenia produkcyjne.<\/p>\r\n\r\n\r\n<div class=\"wp-block-image\"><figure class=\"aligncenter size-large\"><img loading=\"lazy\" decoding=\"async\" width=\"1280\" height=\"331\" src=\"https:\/\/www.galvanina.com\/pl\/wp-content\/uploads\/sites\/7\/2020\/06\/fonte-galvanina-1280x331.jpg\" alt=\"fonte galvanina\" class=\"wp-image-1954\" srcset=\"https:\/\/www.galvanina.com\/pl\/wp-content\/uploads\/sites\/7\/2020\/06\/fonte-galvanina-1280x331.jpg 1280w, https:\/\/www.galvanina.com\/pl\/wp-content\/uploads\/sites\/7\/2020\/06\/fonte-galvanina-600x155.jpg 600w, https:\/\/www.galvanina.com\/pl\/wp-content\/uploads\/sites\/7\/2020\/06\/fonte-galvanina-768x198.jpg 768w, https:\/\/www.galvanina.com\/pl\/wp-content\/uploads\/sites\/7\/2020\/06\/fonte-galvanina-240x62.jpg 240w, https:\/\/www.galvanina.com\/pl\/wp-content\/uploads\/sites\/7\/2020\/06\/fonte-galvanina-310x80.jpg 310w, https:\/\/www.galvanina.com\/pl\/wp-content\/uploads\/sites\/7\/2020\/06\/fonte-galvanina.jpg 1440w\" sizes=\"auto, (max-width: 1280px) 100vw, 1280px\" \/><\/figure><\/div>\r\n\r\n\r\n<h2 class=\"wp-block-heading\">San Giuliano<\/h2>\r\n\r\n\r\n<p><strong>\u0179r\u00f3d\u0142o San Giuliano<\/strong> znajduje si\u0119 r\u00f3wnie\u017c niedaleko Rimini i przez wiele lat by\u0142o g\u0142\u00f3wnym \u017ar\u00f3d\u0142em wody mineralnej dla mieszka\u0144c\u00f3w tego regionu.<\/p>\r\n\r\n\r\n<p>Nosi ono imi\u0119 chrze\u015bcija\u0144skiego m\u0119czennika, kt\u00f3ry wed\u0142ug legendy przyby\u0142 do obszaru, z kt\u00f3rego pochodz\u0105 te wody wiele wiek\u00f3w temu. <strong>Perfekcyjne zr\u00f3wnowa\u017cenie minera\u0142\u00f3w o w\u0142a\u015bciwo\u015bciach moczop\u0119dnych czyni t\u0119 wod\u0119 idealn\u0105 do nawadniania organizmu.<\/strong><\/p>\r\n\r\n\r\n<div class=\"wp-block-image\"><figure class=\"aligncenter size-large\"><img loading=\"lazy\" decoding=\"async\" width=\"1004\" height=\"667\" src=\"https:\/\/www.galvanina.com\/pl\/wp-content\/uploads\/sites\/7\/2020\/06\/fonte-apecchio.jpg\" alt=\"fonte apecchio\" class=\"wp-image-1979\" srcset=\"https:\/\/www.galvanina.com\/pl\/wp-content\/uploads\/sites\/7\/2020\/06\/fonte-apecchio.jpg 1004w, https:\/\/www.galvanina.com\/pl\/wp-content\/uploads\/sites\/7\/2020\/06\/fonte-apecchio-600x399.jpg 600w, https:\/\/www.galvanina.com\/pl\/wp-content\/uploads\/sites\/7\/2020\/06\/fonte-apecchio-768x510.jpg 768w, https:\/\/www.galvanina.com\/pl\/wp-content\/uploads\/sites\/7\/2020\/06\/fonte-apecchio-240x159.jpg 240w, https:\/\/www.galvanina.com\/pl\/wp-content\/uploads\/sites\/7\/2020\/06\/fonte-apecchio-120x80.jpg 120w\" sizes=\"auto, (max-width: 1004px) 100vw, 1004px\" \/><\/figure><\/div>\r\n\r\n\r\n<h2 class=\"wp-block-heading\">Val di Meti<\/h2>\r\n\r\n\r\n<p>W sercu apeni\u0144skiej Marchii, mi\u0119dzy regionami Umbrii i Toskanii, <strong>\u017ar\u00f3d\u0142o Val di Meti<\/strong> wytryska spontanicznie z g\u00f3ry Carda, skalistego ostroga na zachodnich zboczach g\u00f3ry Nerone, oko\u0142o 700 metr\u00f3w nad poziomem morza.<\/p>\r\n\r\n\r\n<p>Woda tryska z obszaru otoczonego dziewicz\u0105 przyrod\u0105 i w miar\u0119 p\u0142yni\u0119cia staje si\u0119 <strong>mikrobiologicznie czysta, idealna dla diet niskosodowych.<\/strong><\/p>\r\n","protected":false},"excerpt":{"rendered":"<p>Galvanina \u0179r\u00f3d\u0142o Galvanina znajduje si\u0119 w bujnych zielonych wzg\u00f3rzach niedaleko Rimini. Mikrobiologicznie czysta i o charakterystycznych w\u0142a\u015bciwo\u015bciach trawiennych, ta woda mineralna przemierza d\u0142ug\u0105 podziemn\u0105 tras\u0119, zanim wyp\u0142ywa czysta i nietkni\u0119ta przez zanieczyszczenia. Faktycznie, to w g\u0142\u0119bi ziemi nasza woda przep\u0142ywa przez ogromne piaskowe groble, oczyszczaj\u0105c si\u0119 i naturalnie wzbogacaj\u0105c si\u0119 w cenne minera\u0142y. Galvanina to [&hellip;]<\/p>\n","protected":false},"author":2,"featured_media":0,"parent":147,"menu_order":0,"comment_status":"closed","ping_status":"closed","template":"","meta":{"footnotes":""},"class_list":["post-204","page","type-page","status-publish","hentry"],"yoast_head":"<!-- This site is optimized with the Yoast SEO plugin v27.3 - https:\/\/yoast.com\/product\/yoast-seo-wordpress\/ -->\n<title>The historical spring that gave its name to the company | Galvanina<\/title>\n<meta name=\"description\" content=\"Galvanina is the historical spring that gave its name to the company. Bottling activities, which in their previous artisan form date back to the early 20th century.\" \/>\n<meta name=\"robots\" content=\"index, follow, max-snippet:-1, max-image-preview:large, max-video-preview:-1\" \/>\n<link rel=\"canonical\" href=\"https:\/\/www.galvanina.com\/pl\/o-nas\/zrodly\/\" \/>\n<meta property=\"og:locale\" content=\"pl_PL\" \/>\n<meta property=\"og:type\" content=\"article\" \/>\n<meta property=\"og:title\" content=\"The historical spring that gave its name to the company | Galvanina\" \/>\n<meta property=\"og:description\" content=\"Galvanina is the historical spring that gave its name to the company. Bottling activities, which in their previous artisan form date back to the early 20th century.\" \/>\n<meta property=\"og:url\" content=\"https:\/\/www.galvanina.com\/pl\/o-nas\/zrodly\/\" \/>\n<meta property=\"og:site_name\" content=\"Galvanina\" \/>\n<meta property=\"article:publisher\" content=\"https:\/\/www.facebook.com\/galvanina\/\" \/>\n<meta property=\"article:modified_time\" content=\"2023-07-10T17:28:39+00:00\" \/>\n<meta property=\"og:image\" content=\"https:\/\/www.galvanina.com\/pl\/wp-content\/uploads\/sites\/7\/2020\/06\/fonte-galvanina-1280x331.jpg\" \/>\n<meta name=\"twitter:card\" content=\"summary_large_image\" \/>\n<meta name=\"twitter:label1\" content=\"Szacowany czas czytania\" \/>\n\t<meta name=\"twitter:data1\" content=\"2 minuty\" \/>\n<script type=\"application\/ld+json\" class=\"yoast-schema-graph\">{\"@context\":\"https:\\\/\\\/schema.org\",\"@graph\":[{\"@type\":\"WebPage\",\"@id\":\"https:\\\/\\\/www.galvanina.com\\\/pl\\\/o-nas\\\/zrodly\\\/\",\"url\":\"https:\\\/\\\/www.galvanina.com\\\/pl\\\/o-nas\\\/zrodly\\\/\",\"name\":\"The historical spring that gave its name to the company | Galvanina\",\"isPartOf\":{\"@id\":\"https:\\\/\\\/www.galvanina.com\\\/pl\\\/#website\"},\"primaryImageOfPage\":{\"@id\":\"https:\\\/\\\/www.galvanina.com\\\/pl\\\/o-nas\\\/zrodly\\\/#primaryimage\"},\"image\":{\"@id\":\"https:\\\/\\\/www.galvanina.com\\\/pl\\\/o-nas\\\/zrodly\\\/#primaryimage\"},\"thumbnailUrl\":\"https:\\\/\\\/www.galvanina.com\\\/pl\\\/wp-content\\\/uploads\\\/sites\\\/7\\\/2020\\\/06\\\/fonte-galvanina-1280x331.jpg\",\"datePublished\":\"2020-05-21T14:47:42+00:00\",\"dateModified\":\"2023-07-10T17:28:39+00:00\",\"description\":\"Galvanina is the historical spring that gave its name to the company. Bottling activities, which in their previous artisan form date back to the early 20th century.\",\"breadcrumb\":{\"@id\":\"https:\\\/\\\/www.galvanina.com\\\/pl\\\/o-nas\\\/zrodly\\\/#breadcrumb\"},\"inLanguage\":\"pl-PL\",\"potentialAction\":[{\"@type\":\"ReadAction\",\"target\":[\"https:\\\/\\\/www.galvanina.com\\\/pl\\\/o-nas\\\/zrodly\\\/\"]}]},{\"@type\":\"ImageObject\",\"inLanguage\":\"pl-PL\",\"@id\":\"https:\\\/\\\/www.galvanina.com\\\/pl\\\/o-nas\\\/zrodly\\\/#primaryimage\",\"url\":\"https:\\\/\\\/www.galvanina.com\\\/pl\\\/wp-content\\\/uploads\\\/sites\\\/7\\\/2020\\\/06\\\/fonte-galvanina.jpg\",\"contentUrl\":\"https:\\\/\\\/www.galvanina.com\\\/pl\\\/wp-content\\\/uploads\\\/sites\\\/7\\\/2020\\\/06\\\/fonte-galvanina.jpg\",\"width\":1440,\"height\":372,\"caption\":\"fonte galvanina\"},{\"@type\":\"BreadcrumbList\",\"@id\":\"https:\\\/\\\/www.galvanina.com\\\/pl\\\/o-nas\\\/zrodly\\\/#breadcrumb\",\"itemListElement\":[{\"@type\":\"ListItem\",\"position\":1,\"name\":\"Home\",\"item\":\"https:\\\/\\\/www.galvanina.com\\\/pl\\\/\"},{\"@type\":\"ListItem\",\"position\":2,\"name\":\"O nas\",\"item\":\"https:\\\/\\\/www.galvanina.com\\\/pl\\\/o-nas\\\/\"},{\"@type\":\"ListItem\",\"position\":3,\"name\":\"\u0179r\u00f3d\u0142y\"}]},{\"@type\":\"WebSite\",\"@id\":\"https:\\\/\\\/www.galvanina.com\\\/pl\\\/#website\",\"url\":\"https:\\\/\\\/www.galvanina.com\\\/pl\\\/\",\"name\":\"Galvanina\",\"description\":\"\",\"publisher\":{\"@id\":\"https:\\\/\\\/www.galvanina.com\\\/pl\\\/#organization\"},\"potentialAction\":[{\"@type\":\"SearchAction\",\"target\":{\"@type\":\"EntryPoint\",\"urlTemplate\":\"https:\\\/\\\/www.galvanina.com\\\/pl\\\/?s={search_term_string}\"},\"query-input\":{\"@type\":\"PropertyValueSpecification\",\"valueRequired\":true,\"valueName\":\"search_term_string\"}}],\"inLanguage\":\"pl-PL\"},{\"@type\":\"Organization\",\"@id\":\"https:\\\/\\\/www.galvanina.com\\\/pl\\\/#organization\",\"name\":\"Galvanina Poland\",\"url\":\"https:\\\/\\\/www.galvanina.com\\\/pl\\\/\",\"logo\":{\"@type\":\"ImageObject\",\"inLanguage\":\"pl-PL\",\"@id\":\"https:\\\/\\\/www.galvanina.com\\\/pl\\\/#\\\/schema\\\/logo\\\/image\\\/\",\"url\":\"https:\\\/\\\/www.galvanina.com\\\/pl\\\/wp-content\\\/uploads\\\/sites\\\/7\\\/2020\\\/06\\\/logo-galvanina.png\",\"contentUrl\":\"https:\\\/\\\/www.galvanina.com\\\/pl\\\/wp-content\\\/uploads\\\/sites\\\/7\\\/2020\\\/06\\\/logo-galvanina.png\",\"width\":768,\"height\":768,\"caption\":\"Galvanina Poland\"},\"image\":{\"@id\":\"https:\\\/\\\/www.galvanina.com\\\/pl\\\/#\\\/schema\\\/logo\\\/image\\\/\"},\"sameAs\":[\"https:\\\/\\\/www.facebook.com\\\/galvanina\\\/\",\"https:\\\/\\\/www.instagram.com\\\/lagalvanina\\\/\",\"https:\\\/\\\/www.linkedin.com\\\/company\\\/galvanina\\\/\"]}]}<\/script>\n<!-- \/ Yoast SEO plugin. -->","yoast_head_json":{"title":"The historical spring that gave its name to the company | Galvanina","description":"Galvanina is the historical spring that gave its name to the company. Bottling activities, which in their previous artisan form date back to the early 20th century.","robots":{"index":"index","follow":"follow","max-snippet":"max-snippet:-1","max-image-preview":"max-image-preview:large","max-video-preview":"max-video-preview:-1"},"canonical":"https:\/\/www.galvanina.com\/pl\/o-nas\/zrodly\/","og_locale":"pl_PL","og_type":"article","og_title":"The historical spring that gave its name to the company | Galvanina","og_description":"Galvanina is the historical spring that gave its name to the company. Bottling activities, which in their previous artisan form date back to the early 20th century.","og_url":"https:\/\/www.galvanina.com\/pl\/o-nas\/zrodly\/","og_site_name":"Galvanina","article_publisher":"https:\/\/www.facebook.com\/galvanina\/","article_modified_time":"2023-07-10T17:28:39+00:00","og_image":[{"url":"https:\/\/www.galvanina.com\/pl\/wp-content\/uploads\/sites\/7\/2020\/06\/fonte-galvanina-1280x331.jpg","type":"","width":"","height":""}],"twitter_card":"summary_large_image","twitter_misc":{"Szacowany czas czytania":"2 minuty"},"schema":{"@context":"https:\/\/schema.org","@graph":[{"@type":"WebPage","@id":"https:\/\/www.galvanina.com\/pl\/o-nas\/zrodly\/","url":"https:\/\/www.galvanina.com\/pl\/o-nas\/zrodly\/","name":"The historical spring that gave its name to the company | Galvanina","isPartOf":{"@id":"https:\/\/www.galvanina.com\/pl\/#website"},"primaryImageOfPage":{"@id":"https:\/\/www.galvanina.com\/pl\/o-nas\/zrodly\/#primaryimage"},"image":{"@id":"https:\/\/www.galvanina.com\/pl\/o-nas\/zrodly\/#primaryimage"},"thumbnailUrl":"https:\/\/www.galvanina.com\/pl\/wp-content\/uploads\/sites\/7\/2020\/06\/fonte-galvanina-1280x331.jpg","datePublished":"2020-05-21T14:47:42+00:00","dateModified":"2023-07-10T17:28:39+00:00","description":"Galvanina is the historical spring that gave its name to the company. Bottling activities, which in their previous artisan form date back to the early 20th century.","breadcrumb":{"@id":"https:\/\/www.galvanina.com\/pl\/o-nas\/zrodly\/#breadcrumb"},"inLanguage":"pl-PL","potentialAction":[{"@type":"ReadAction","target":["https:\/\/www.galvanina.com\/pl\/o-nas\/zrodly\/"]}]},{"@type":"ImageObject","inLanguage":"pl-PL","@id":"https:\/\/www.galvanina.com\/pl\/o-nas\/zrodly\/#primaryimage","url":"https:\/\/www.galvanina.com\/pl\/wp-content\/uploads\/sites\/7\/2020\/06\/fonte-galvanina.jpg","contentUrl":"https:\/\/www.galvanina.com\/pl\/wp-content\/uploads\/sites\/7\/2020\/06\/fonte-galvanina.jpg","width":1440,"height":372,"caption":"fonte galvanina"},{"@type":"BreadcrumbList","@id":"https:\/\/www.galvanina.com\/pl\/o-nas\/zrodly\/#breadcrumb","itemListElement":[{"@type":"ListItem","position":1,"name":"Home","item":"https:\/\/www.galvanina.com\/pl\/"},{"@type":"ListItem","position":2,"name":"O nas","item":"https:\/\/www.galvanina.com\/pl\/o-nas\/"},{"@type":"ListItem","position":3,"name":"\u0179r\u00f3d\u0142y"}]},{"@type":"WebSite","@id":"https:\/\/www.galvanina.com\/pl\/#website","url":"https:\/\/www.galvanina.com\/pl\/","name":"Galvanina","description":"","publisher":{"@id":"https:\/\/www.galvanina.com\/pl\/#organization"},"potentialAction":[{"@type":"SearchAction","target":{"@type":"EntryPoint","urlTemplate":"https:\/\/www.galvanina.com\/pl\/?s={search_term_string}"},"query-input":{"@type":"PropertyValueSpecification","valueRequired":true,"valueName":"search_term_string"}}],"inLanguage":"pl-PL"},{"@type":"Organization","@id":"https:\/\/www.galvanina.com\/pl\/#organization","name":"Galvanina Poland","url":"https:\/\/www.galvanina.com\/pl\/","logo":{"@type":"ImageObject","inLanguage":"pl-PL","@id":"https:\/\/www.galvanina.com\/pl\/#\/schema\/logo\/image\/","url":"https:\/\/www.galvanina.com\/pl\/wp-content\/uploads\/sites\/7\/2020\/06\/logo-galvanina.png","contentUrl":"https:\/\/www.galvanina.com\/pl\/wp-content\/uploads\/sites\/7\/2020\/06\/logo-galvanina.png","width":768,"height":768,"caption":"Galvanina Poland"},"image":{"@id":"https:\/\/www.galvanina.com\/pl\/#\/schema\/logo\/image\/"},"sameAs":["https:\/\/www.facebook.com\/galvanina\/","https:\/\/www.instagram.com\/lagalvanina\/","https:\/\/www.linkedin.com\/company\/galvanina\/"]}]}},"_links":{"self":[{"href":"https:\/\/www.galvanina.com\/pl\/wp-json\/wp\/v2\/pages\/204","targetHints":{"allow":["GET"]}}],"collection":[{"href":"https:\/\/www.galvanina.com\/pl\/wp-json\/wp\/v2\/pages"}],"about":[{"href":"https:\/\/www.galvanina.com\/pl\/wp-json\/wp\/v2\/types\/page"}],"author":[{"embeddable":true,"href":"https:\/\/www.galvanina.com\/pl\/wp-json\/wp\/v2\/users\/2"}],"replies":[{"embeddable":true,"href":"https:\/\/www.galvanina.com\/pl\/wp-json\/wp\/v2\/comments?post=204"}],"version-history":[{"count":14,"href":"https:\/\/www.galvanina.com\/pl\/wp-json\/wp\/v2\/pages\/204\/revisions"}],"predecessor-version":[{"id":3944,"href":"https:\/\/www.galvanina.com\/pl\/wp-json\/wp\/v2\/pages\/204\/revisions\/3944"}],"up":[{"embeddable":true,"href":"https:\/\/www.galvanina.com\/pl\/wp-json\/wp\/v2\/pages\/147"}],"wp:attachment":[{"href":"https:\/\/www.galvanina.com\/pl\/wp-json\/wp\/v2\/media?parent=204"}],"curies":[{"name":"wp","href":"https:\/\/api.w.org\/{rel}","templated":true}]}}