{"id":182,"date":"2020-05-21T14:55:52","date_gmt":"2020-05-21T12:55:52","guid":{"rendered":"https:\/\/www.galvanina.com\/pl\/?page_id=182"},"modified":"2023-07-10T19:25:38","modified_gmt":"2023-07-10T17:25:38","slug":"nagrody","status":"publish","type":"page","link":"https:\/\/www.galvanina.com\/pl\/o-nas\/nagrody\/","title":{"rendered":"Nagrody"},"content":{"rendered":"\r\n<p><strong><strong>Napoje marki Galvanina zdoby\u0142y liczne nagrody na ca\u0142ym \u015bwiecie<\/strong>. <\/strong>Niezwyk\u0142y charakter ich unikalnych i innowacyjnych smak\u00f3w, a tak\u017ce ikoniczne opakowanie, z charakterystyczn\u0105 butelk\u0105 szklan\u0105 z wyt\u0142oczonym logo firmy, przynios\u0142y Galvaninie wiele presti\u017cowych nagr\u00f3d, potwierdzaj\u0105c warto\u015b\u0107 marki w \u015bwiecie napoj\u00f3w.<\/p>\r\n\r\n\r\n<h2 class=\"wp-block-heading\">2021 Londyn, Wielka Brytania \u2013 The Spirits Business Tonic &amp; Mixer Masters<\/h2>\r\n\r\n\r\n<p><strong>The Spirits Business Tonic &amp; Mixer Masters<\/strong> to najbardziej presti\u017cowe na \u015bwiecie \u015blepe konkursy degustacyjne. Celem jest znalezienie i nagrodzenie najlepszych marek tonik\u00f3w i mikser\u00f3w na \u015bwiatowej scenie.<\/p>\r\n\r\n\r\n<div class=\"wp-block-image\"><figure class=\"alignleft size-large is-resized\"><img loading=\"lazy\" decoding=\"async\" src=\"https:\/\/www.galvanina.com\/pl\/wp-content\/uploads\/sites\/7\/2021\/04\/Tonic-Mixer-masters-GOLD-2021.jpg\" alt=\"\" class=\"wp-image-2904\" width=\"236\" height=\"236\" srcset=\"https:\/\/www.galvanina.com\/pl\/wp-content\/uploads\/sites\/7\/2021\/04\/Tonic-Mixer-masters-GOLD-2021.jpg 937w, https:\/\/www.galvanina.com\/pl\/wp-content\/uploads\/sites\/7\/2021\/04\/Tonic-Mixer-masters-GOLD-2021-600x600.jpg 600w, https:\/\/www.galvanina.com\/pl\/wp-content\/uploads\/sites\/7\/2021\/04\/Tonic-Mixer-masters-GOLD-2021-768x768.jpg 768w, https:\/\/www.galvanina.com\/pl\/wp-content\/uploads\/sites\/7\/2021\/04\/Tonic-Mixer-masters-GOLD-2021-240x240.jpg 240w, https:\/\/www.galvanina.com\/pl\/wp-content\/uploads\/sites\/7\/2021\/04\/Tonic-Mixer-masters-GOLD-2021-80x80.jpg 80w, https:\/\/www.galvanina.com\/pl\/wp-content\/uploads\/sites\/7\/2021\/04\/Tonic-Mixer-masters-GOLD-2021-500x500.jpg 500w\" sizes=\"auto, (max-width: 236px) 100vw, 236px\" \/><\/figure><\/div>\r\n\r\n\r\n<p>W 2021 roku <strong>sze\u015b\u0107 produkt\u00f3w Galvanina<\/strong> z linii mixology zdoby\u0142o z\u0142oty medal.<\/p>\r\n\r\n\r\n<p>Zacznijmy od <strong><a href=\"https:\/\/www.galvanina.com\/pl\/products\/organic-classic-tonic\/\" target=\"_blank\" rel=\"noreferrer noopener\">Organic Classic Tonic Galvanina<\/a><\/strong>, nast\u0119pnie mamy <strong><a href=\"https:\/\/www.galvanina.com\/pl\/products\/organic-yellow-grapefruit-tonic\/\" target=\"_blank\" rel=\"noreferrer noopener\">Organic Yellow Grapefruit Tonic<\/a><\/strong> oraz <strong><a href=\"https:\/\/www.galvanina.com\/pl\/products\/organic-mediterranean-tonic\/\" target=\"_blank\" rel=\"noreferrer noopener\">Organic Mediterranean Tonic Galvanina<\/a><\/strong>, kt\u00f3re otrzyma\u0142y nagrod\u0119 <strong>Best Flavored Tonic<\/strong>. <strong><a href=\"https:\/\/www.galvanina.com\/pl\/products\/organic-bitter-lemon\/\" target=\"_blank\" rel=\"noreferrer noopener\">Organic Bitter Lemon Galvanina<\/a><\/strong> otrzyma\u0142a nagrod\u0119 <strong>Best Bitter Lemon<\/strong>, podobnie jak <strong><a href=\"https:\/\/www.galvanina.com\/pl\/products\/organic-ginger-cola\/\" target=\"_blank\" rel=\"noreferrer noopener\">Organic Ginger Cola Galvanina<\/a><\/strong> jako <strong>Best Cola<\/strong>. Natomiast <strong><a href=\"https:\/\/www.galvanina.com\/pl\/products\/organic-ginger-beer-200-ml\/\" target=\"_blank\" rel=\"noreferrer noopener\">Organic Ginger Beer Galvanina<\/a><\/strong> zosta\u0142 nagrodzony jako <strong>Best Ginger Beer<\/strong>.<\/p>\r\n\r\n\r\n<div style=\"height:100px\" aria-hidden=\"true\" class=\"wp-block-spacer\"><\/div>\r\n\r\n\r\n<h2 class=\"wp-block-heading\">2019 Londyn, Wielka Brytania &#8211; Bellavita Awards&nbsp;<\/h2>\r\n\r\n\r\n<div class=\"wp-block-image\"><figure class=\"alignleft size-large\"><img loading=\"lazy\" decoding=\"async\" width=\"209\" height=\"160\" src=\"https:\/\/www.galvanina.com\/pl\/wp-content\/uploads\/sites\/7\/2020\/05\/bellavita-award.jpg\" alt=\"bellavita award\" class=\"wp-image-1719\" srcset=\"https:\/\/www.galvanina.com\/pl\/wp-content\/uploads\/sites\/7\/2020\/05\/bellavita-award.jpg 209w, https:\/\/www.galvanina.com\/pl\/wp-content\/uploads\/sites\/7\/2020\/05\/bellavita-award-105x80.jpg 105w\" sizes=\"auto, (max-width: 209px) 100vw, 209px\" \/><\/figure><\/div>\r\n\r\n\r\n<p>Organizowane corocznie w Londynie <strong>Bellavita Awards<\/strong> to wiod\u0105cy program nagr\u00f3d dedykowany doskona\u0142o\u015bci w\u0142oskiego jedzenia i napoj\u00f3w.<\/p>\r\n\r\n\r\n<p>W 2019 roku Galvanina otrzyma\u0142a dwie wa\u017cne nagrody za dwa napoje, kt\u00f3re ciesz\u0105 si\u0119 ogromn\u0105 popularno\u015bci\u0105.<\/p>\r\n\r\n\r\n<div class=\"wp-block-image\"><figure class=\"alignleft size-large is-resized\"><img loading=\"lazy\" decoding=\"async\" src=\"https:\/\/www.galvanina.com\/pl\/wp-content\/uploads\/sites\/7\/2020\/06\/Bellavita-Awards-London-1017x1024.jpg\" alt=\"\" class=\"wp-image-1853\" width=\"211\" height=\"212\" srcset=\"https:\/\/www.galvanina.com\/pl\/wp-content\/uploads\/sites\/7\/2020\/06\/Bellavita-Awards-London-1017x1024.jpg 1017w, https:\/\/www.galvanina.com\/pl\/wp-content\/uploads\/sites\/7\/2020\/06\/Bellavita-Awards-London-600x604.jpg 600w, https:\/\/www.galvanina.com\/pl\/wp-content\/uploads\/sites\/7\/2020\/06\/Bellavita-Awards-London-768x774.jpg 768w, https:\/\/www.galvanina.com\/pl\/wp-content\/uploads\/sites\/7\/2020\/06\/Bellavita-Awards-London-1525x1536.jpg 1525w, https:\/\/www.galvanina.com\/pl\/wp-content\/uploads\/sites\/7\/2020\/06\/Bellavita-Awards-London-2033x2048.jpg 2033w, https:\/\/www.galvanina.com\/pl\/wp-content\/uploads\/sites\/7\/2020\/06\/Bellavita-Awards-London-240x242.jpg 240w, https:\/\/www.galvanina.com\/pl\/wp-content\/uploads\/sites\/7\/2020\/06\/Bellavita-Awards-London-79x80.jpg 79w, https:\/\/www.galvanina.com\/pl\/wp-content\/uploads\/sites\/7\/2020\/06\/Bellavita-Awards-London-500x500.jpg 500w\" sizes=\"auto, (max-width: 211px) 100vw, 211px\" \/><figcaption><br><\/figcaption><\/figure><\/div>\r\n\r\n\r\n<p><strong><a href=\"https:\/\/www.galvanina.com\/pl\/products\/organic-ginger-beer\/\">Galvanina Ginger Beer<\/a><\/strong> by\u0142a zwyci\u0119zc\u0105 w kategorii Napoje, natomiast <strong><a href=\"https:\/\/www.galvanina.com\/pl\/products\/organic-sparkling-lemon\/\">Galvanina Sparkling Lemon<\/a><\/strong> otrzyma\u0142a trzy gwiazdki.<\/p>\r\n\r\n\r\n<div style=\"height:20px\" aria-hidden=\"true\" class=\"wp-block-spacer\"><\/div>\r\n\r\n\r\n<h2 class=\"wp-block-heading\">2018 Francja &#8211; Saveur de l&#8217;Ann\u00e9e&nbsp;<\/h2>\r\n\r\n\r\n<div class=\"wp-block-image\"><figure class=\"alignleft size-large\"><img loading=\"lazy\" decoding=\"async\" width=\"138\" height=\"160\" src=\"https:\/\/www.galvanina.com\/pl\/wp-content\/uploads\/sites\/7\/2020\/05\/saveur-de-lannee-1.jpg\" alt=\"saveur de l'annee\" class=\"wp-image-1718\" srcset=\"https:\/\/www.galvanina.com\/pl\/wp-content\/uploads\/sites\/7\/2020\/05\/saveur-de-lannee-1.jpg 138w, https:\/\/www.galvanina.com\/pl\/wp-content\/uploads\/sites\/7\/2020\/05\/saveur-de-lannee-1-69x80.jpg 69w\" sizes=\"auto, (max-width: 138px) 100vw, 138px\" \/><\/figure><\/div>\r\n\r\n\r\n<p>W 2018 roku francuscy konsumenci nagrodzili dwa napoje marki Galvanina tytu\u0142em najlepszego smaku roku (<strong>Saveur de l\u2019Ann\u00e9e<\/strong>). Dzi\u0119ki swojemu intensywnemu i orze\u017awiaj\u0105cemu smakowi <a href=\"https:\/\/www.galvanina.com\/pl\/products\/organic-sparkling-lemon\/\"><strong>Galvanina Sparkling Lemon<\/strong><\/a><\/strong> i <strong><a href=\"https:\/\/www.galvanina.com\/pl\/products\/organic-ginger-ale\/\">Galvanina Ginger Ale<\/a><\/strong> zdoby\u0142y serca najbardziej wymagaj\u0105cych konsument\u00f3w we Francji.<\/p>\r\n\r\n\r\n<div style=\"height:100px\" aria-hidden=\"true\" class=\"wp-block-spacer\"><\/div>\r\n\r\n\r\n<h2 class=\"wp-block-heading\">2016 USA &#8211; Fancy Food Sofi Award&nbsp;<\/h2>\r\n\r\n\r\n<div class=\"wp-block-image\"><figure class=\"alignleft size-large\"><img loading=\"lazy\" decoding=\"async\" width=\"62\" height=\"160\" src=\"https:\/\/www.galvanina.com\/pl\/wp-content\/uploads\/sites\/7\/2020\/05\/sofi-finalist-2016.jpg\" alt=\"sofi finalist 2016\" class=\"wp-image-1717\" srcset=\"https:\/\/www.galvanina.com\/pl\/wp-content\/uploads\/sites\/7\/2020\/05\/sofi-finalist-2016.jpg 62w, https:\/\/www.galvanina.com\/pl\/wp-content\/uploads\/sites\/7\/2020\/05\/sofi-finalist-2016-31x80.jpg 31w\" sizes=\"auto, (max-width: 62px) 100vw, 62px\" \/><\/figure><\/div>\r\n\r\n\r\n<p>W 2016 roku Galvanina zosta\u0142a nagrodzona <strong>Fancy Food Sofi Award<\/strong> w Stanach Zjednoczonych za swoj\u0105 innowacyjno\u015b\u0107 i kreatywno\u015b\u0107. W kategorii &#8222;Napoje ch\u0142odzone &#8211; gotowe do spo\u017cycia&#8221; nagrod\u0119 otrzyma\u0142 <strong><a href=\"https:\/\/www.galvanina.com\/pl\/products\/organic-blood-orange-black-carrot-blueberry\/\">Galvanina Blood Orange, Black Carrot and Blueberry<\/a><\/strong> za swoje prawdziwie innowacyjne smaki.<\/p>\r\n\r\n\r\n<div style=\"height:100px\" aria-hidden=\"true\" class=\"wp-block-spacer\"><\/div>\r\n\r\n\r\n<h2 class=\"wp-block-heading\">2014 Londyn, Wielka Brytania: Quality Food Award&nbsp;<\/h2>\r\n\r\n\r\n<div class=\"wp-block-image\"><figure class=\"alignleft size-large\"><img loading=\"lazy\" decoding=\"async\" width=\"122\" height=\"160\" src=\"https:\/\/www.galvanina.com\/pl\/wp-content\/uploads\/sites\/7\/2020\/05\/quality-food-awards.jpg\" alt=\"quality food awards\" class=\"wp-image-1713\" srcset=\"https:\/\/www.galvanina.com\/pl\/wp-content\/uploads\/sites\/7\/2020\/05\/quality-food-awards.jpg 122w, https:\/\/www.galvanina.com\/pl\/wp-content\/uploads\/sites\/7\/2020\/05\/quality-food-awards-61x80.jpg 61w\" sizes=\"auto, (max-width: 122px) 100vw, 122px\" \/><\/figure><\/div>\r\n\r\n\r\n<p>W 2014 roku firma zdoby\u0142a presti\u017cow\u0105 nagrod\u0119 <strong>Quality Food Award<\/strong> w Londynie za nap\u00f3j <strong><a href=\"https:\/\/www.galvanina.com\/pl\/products\/organic-tangerine\/\">Galvanina Tangerine<\/a><\/strong>. Nagrody te \u015bwi\u0119tuj\u0105 najlepsze w\u0142oskie produkty spo\u017cywcze dost\u0119pne w Wielkiej Brytanii.<\/p>\r\n\r\n\r\n<div style=\"height:100px\" aria-hidden=\"true\" class=\"wp-block-spacer\"><\/div>\r\n\r\n\r\n<h2 class=\"wp-block-heading\">2011 Tokio &#8211; Good Design Award<\/h2>\r\n\r\n\r\n<div class=\"wp-block-image\"><figure class=\"alignleft size-large\"><img loading=\"lazy\" decoding=\"async\" width=\"101\" height=\"160\" src=\"https:\/\/www.galvanina.com\/pl\/wp-content\/uploads\/sites\/7\/2020\/05\/tokyo-good-design-award.jpg\" alt=\"tokyo good design award\" class=\"wp-image-1708\" srcset=\"https:\/\/www.galvanina.com\/pl\/wp-content\/uploads\/sites\/7\/2020\/05\/tokyo-good-design-award.jpg 101w, https:\/\/www.galvanina.com\/pl\/wp-content\/uploads\/sites\/7\/2020\/05\/tokyo-good-design-award-51x80.jpg 51w\" sizes=\"auto, (max-width: 101px) 100vw, 101px\" \/><\/figure><\/div>\r\n\r\n\r\n<p>Niepowtarzalna butelka szklana Galvaniny zdoby\u0142a nagrod\u0119 <strong>Good Design Award<\/strong> w Tokio w 2011 roku. Nagrody te, powsta\u0142e w 1957 roku, nagradzaj\u0105 najlepsze produkty projektowe na \u015bwiecie, nie tylko jako obiekty, ale przede wszystkim jako to, co &#8222;wzbogaca \u017cycie ludzi&#8221;.<\/p>\r\n\r\n\r\n<div style=\"height:100px\" aria-hidden=\"true\" class=\"wp-block-spacer\"><\/div>\r\n\r\n\r\n<div style=\"height:100px\" aria-hidden=\"true\" class=\"wp-block-spacer\"><\/div>\r\n\r\n\r\n<p><\/p>\r\n","protected":false},"excerpt":{"rendered":"<p>Napoje marki Galvanina zdoby\u0142y liczne nagrody na ca\u0142ym \u015bwiecie. Niezwyk\u0142y charakter ich unikalnych i innowacyjnych smak\u00f3w, a tak\u017ce ikoniczne opakowanie, z charakterystyczn\u0105 butelk\u0105 szklan\u0105 z wyt\u0142oczonym logo firmy, przynios\u0142y Galvaninie wiele presti\u017cowych nagr\u00f3d, potwierdzaj\u0105c warto\u015b\u0107 marki w \u015bwiecie napoj\u00f3w. 2021 Londyn, Wielka Brytania \u2013 The Spirits Business Tonic &amp; Mixer Masters The Spirits Business Tonic [&hellip;]<\/p>\n","protected":false},"author":2,"featured_media":0,"parent":147,"menu_order":0,"comment_status":"closed","ping_status":"closed","template":"","meta":{"footnotes":""},"class_list":["post-182","page","type-page","status-publish","hentry"],"yoast_head":"<!-- This site is optimized with the Yoast SEO plugin v27.3 - https:\/\/yoast.com\/product\/yoast-seo-wordpress\/ -->\n<title>Food and drink awards | Galvanina, italian soft drinks<\/title>\n<meta name=\"description\" content=\"The unusual nature of their unique and innovative flavors have afforded Galvanina a number of prestigious awards all around the world.\" \/>\n<meta name=\"robots\" content=\"index, follow, max-snippet:-1, max-image-preview:large, max-video-preview:-1\" \/>\n<link rel=\"canonical\" href=\"https:\/\/www.galvanina.com\/pl\/o-nas\/nagrody\/\" \/>\n<meta property=\"og:locale\" content=\"pl_PL\" \/>\n<meta property=\"og:type\" content=\"article\" \/>\n<meta property=\"og:title\" content=\"Food and drink awards | Galvanina, italian soft drinks\" \/>\n<meta property=\"og:description\" content=\"The unusual nature of their unique and innovative flavors have afforded Galvanina a number of prestigious awards all around the world.\" \/>\n<meta property=\"og:url\" content=\"https:\/\/www.galvanina.com\/pl\/o-nas\/nagrody\/\" \/>\n<meta property=\"og:site_name\" content=\"Galvanina\" \/>\n<meta property=\"article:publisher\" content=\"https:\/\/www.facebook.com\/galvanina\/\" \/>\n<meta property=\"article:modified_time\" content=\"2023-07-10T17:25:38+00:00\" \/>\n<meta property=\"og:image\" content=\"https:\/\/www.galvanina.com\/pl\/wp-content\/uploads\/sites\/7\/2021\/04\/Tonic-Mixer-masters-GOLD-2021.jpg\" \/>\n<meta name=\"twitter:card\" content=\"summary_large_image\" \/>\n<meta name=\"twitter:label1\" content=\"Szacowany czas czytania\" \/>\n\t<meta name=\"twitter:data1\" content=\"3 minuty\" \/>\n<script type=\"application\/ld+json\" class=\"yoast-schema-graph\">{\"@context\":\"https:\\\/\\\/schema.org\",\"@graph\":[{\"@type\":\"WebPage\",\"@id\":\"https:\\\/\\\/www.galvanina.com\\\/pl\\\/o-nas\\\/nagrody\\\/\",\"url\":\"https:\\\/\\\/www.galvanina.com\\\/pl\\\/o-nas\\\/nagrody\\\/\",\"name\":\"Food and drink awards | Galvanina, italian soft drinks\",\"isPartOf\":{\"@id\":\"https:\\\/\\\/www.galvanina.com\\\/pl\\\/#website\"},\"primaryImageOfPage\":{\"@id\":\"https:\\\/\\\/www.galvanina.com\\\/pl\\\/o-nas\\\/nagrody\\\/#primaryimage\"},\"image\":{\"@id\":\"https:\\\/\\\/www.galvanina.com\\\/pl\\\/o-nas\\\/nagrody\\\/#primaryimage\"},\"thumbnailUrl\":\"https:\\\/\\\/www.galvanina.com\\\/pl\\\/wp-content\\\/uploads\\\/sites\\\/7\\\/2021\\\/04\\\/Tonic-Mixer-masters-GOLD-2021.jpg\",\"datePublished\":\"2020-05-21T12:55:52+00:00\",\"dateModified\":\"2023-07-10T17:25:38+00:00\",\"description\":\"The unusual nature of their unique and innovative flavors have afforded Galvanina a number of prestigious awards all around the world.\",\"breadcrumb\":{\"@id\":\"https:\\\/\\\/www.galvanina.com\\\/pl\\\/o-nas\\\/nagrody\\\/#breadcrumb\"},\"inLanguage\":\"pl-PL\",\"potentialAction\":[{\"@type\":\"ReadAction\",\"target\":[\"https:\\\/\\\/www.galvanina.com\\\/pl\\\/o-nas\\\/nagrody\\\/\"]}]},{\"@type\":\"ImageObject\",\"inLanguage\":\"pl-PL\",\"@id\":\"https:\\\/\\\/www.galvanina.com\\\/pl\\\/o-nas\\\/nagrody\\\/#primaryimage\",\"url\":\"https:\\\/\\\/www.galvanina.com\\\/pl\\\/wp-content\\\/uploads\\\/sites\\\/7\\\/2021\\\/04\\\/Tonic-Mixer-masters-GOLD-2021.jpg\",\"contentUrl\":\"https:\\\/\\\/www.galvanina.com\\\/pl\\\/wp-content\\\/uploads\\\/sites\\\/7\\\/2021\\\/04\\\/Tonic-Mixer-masters-GOLD-2021.jpg\",\"width\":937,\"height\":937},{\"@type\":\"BreadcrumbList\",\"@id\":\"https:\\\/\\\/www.galvanina.com\\\/pl\\\/o-nas\\\/nagrody\\\/#breadcrumb\",\"itemListElement\":[{\"@type\":\"ListItem\",\"position\":1,\"name\":\"Home\",\"item\":\"https:\\\/\\\/www.galvanina.com\\\/pl\\\/\"},{\"@type\":\"ListItem\",\"position\":2,\"name\":\"O nas\",\"item\":\"https:\\\/\\\/www.galvanina.com\\\/pl\\\/o-nas\\\/\"},{\"@type\":\"ListItem\",\"position\":3,\"name\":\"Nagrody\"}]},{\"@type\":\"WebSite\",\"@id\":\"https:\\\/\\\/www.galvanina.com\\\/pl\\\/#website\",\"url\":\"https:\\\/\\\/www.galvanina.com\\\/pl\\\/\",\"name\":\"Galvanina\",\"description\":\"\",\"publisher\":{\"@id\":\"https:\\\/\\\/www.galvanina.com\\\/pl\\\/#organization\"},\"potentialAction\":[{\"@type\":\"SearchAction\",\"target\":{\"@type\":\"EntryPoint\",\"urlTemplate\":\"https:\\\/\\\/www.galvanina.com\\\/pl\\\/?s={search_term_string}\"},\"query-input\":{\"@type\":\"PropertyValueSpecification\",\"valueRequired\":true,\"valueName\":\"search_term_string\"}}],\"inLanguage\":\"pl-PL\"},{\"@type\":\"Organization\",\"@id\":\"https:\\\/\\\/www.galvanina.com\\\/pl\\\/#organization\",\"name\":\"Galvanina Poland\",\"url\":\"https:\\\/\\\/www.galvanina.com\\\/pl\\\/\",\"logo\":{\"@type\":\"ImageObject\",\"inLanguage\":\"pl-PL\",\"@id\":\"https:\\\/\\\/www.galvanina.com\\\/pl\\\/#\\\/schema\\\/logo\\\/image\\\/\",\"url\":\"https:\\\/\\\/www.galvanina.com\\\/pl\\\/wp-content\\\/uploads\\\/sites\\\/7\\\/2020\\\/06\\\/logo-galvanina.png\",\"contentUrl\":\"https:\\\/\\\/www.galvanina.com\\\/pl\\\/wp-content\\\/uploads\\\/sites\\\/7\\\/2020\\\/06\\\/logo-galvanina.png\",\"width\":768,\"height\":768,\"caption\":\"Galvanina Poland\"},\"image\":{\"@id\":\"https:\\\/\\\/www.galvanina.com\\\/pl\\\/#\\\/schema\\\/logo\\\/image\\\/\"},\"sameAs\":[\"https:\\\/\\\/www.facebook.com\\\/galvanina\\\/\",\"https:\\\/\\\/www.instagram.com\\\/lagalvanina\\\/\",\"https:\\\/\\\/www.linkedin.com\\\/company\\\/galvanina\\\/\"]}]}<\/script>\n<!-- \/ Yoast SEO plugin. -->","yoast_head_json":{"title":"Food and drink awards | Galvanina, italian soft drinks","description":"The unusual nature of their unique and innovative flavors have afforded Galvanina a number of prestigious awards all around the world.","robots":{"index":"index","follow":"follow","max-snippet":"max-snippet:-1","max-image-preview":"max-image-preview:large","max-video-preview":"max-video-preview:-1"},"canonical":"https:\/\/www.galvanina.com\/pl\/o-nas\/nagrody\/","og_locale":"pl_PL","og_type":"article","og_title":"Food and drink awards | Galvanina, italian soft drinks","og_description":"The unusual nature of their unique and innovative flavors have afforded Galvanina a number of prestigious awards all around the world.","og_url":"https:\/\/www.galvanina.com\/pl\/o-nas\/nagrody\/","og_site_name":"Galvanina","article_publisher":"https:\/\/www.facebook.com\/galvanina\/","article_modified_time":"2023-07-10T17:25:38+00:00","og_image":[{"url":"https:\/\/www.galvanina.com\/pl\/wp-content\/uploads\/sites\/7\/2021\/04\/Tonic-Mixer-masters-GOLD-2021.jpg","type":"","width":"","height":""}],"twitter_card":"summary_large_image","twitter_misc":{"Szacowany czas czytania":"3 minuty"},"schema":{"@context":"https:\/\/schema.org","@graph":[{"@type":"WebPage","@id":"https:\/\/www.galvanina.com\/pl\/o-nas\/nagrody\/","url":"https:\/\/www.galvanina.com\/pl\/o-nas\/nagrody\/","name":"Food and drink awards | Galvanina, italian soft drinks","isPartOf":{"@id":"https:\/\/www.galvanina.com\/pl\/#website"},"primaryImageOfPage":{"@id":"https:\/\/www.galvanina.com\/pl\/o-nas\/nagrody\/#primaryimage"},"image":{"@id":"https:\/\/www.galvanina.com\/pl\/o-nas\/nagrody\/#primaryimage"},"thumbnailUrl":"https:\/\/www.galvanina.com\/pl\/wp-content\/uploads\/sites\/7\/2021\/04\/Tonic-Mixer-masters-GOLD-2021.jpg","datePublished":"2020-05-21T12:55:52+00:00","dateModified":"2023-07-10T17:25:38+00:00","description":"The unusual nature of their unique and innovative flavors have afforded Galvanina a number of prestigious awards all around the world.","breadcrumb":{"@id":"https:\/\/www.galvanina.com\/pl\/o-nas\/nagrody\/#breadcrumb"},"inLanguage":"pl-PL","potentialAction":[{"@type":"ReadAction","target":["https:\/\/www.galvanina.com\/pl\/o-nas\/nagrody\/"]}]},{"@type":"ImageObject","inLanguage":"pl-PL","@id":"https:\/\/www.galvanina.com\/pl\/o-nas\/nagrody\/#primaryimage","url":"https:\/\/www.galvanina.com\/pl\/wp-content\/uploads\/sites\/7\/2021\/04\/Tonic-Mixer-masters-GOLD-2021.jpg","contentUrl":"https:\/\/www.galvanina.com\/pl\/wp-content\/uploads\/sites\/7\/2021\/04\/Tonic-Mixer-masters-GOLD-2021.jpg","width":937,"height":937},{"@type":"BreadcrumbList","@id":"https:\/\/www.galvanina.com\/pl\/o-nas\/nagrody\/#breadcrumb","itemListElement":[{"@type":"ListItem","position":1,"name":"Home","item":"https:\/\/www.galvanina.com\/pl\/"},{"@type":"ListItem","position":2,"name":"O nas","item":"https:\/\/www.galvanina.com\/pl\/o-nas\/"},{"@type":"ListItem","position":3,"name":"Nagrody"}]},{"@type":"WebSite","@id":"https:\/\/www.galvanina.com\/pl\/#website","url":"https:\/\/www.galvanina.com\/pl\/","name":"Galvanina","description":"","publisher":{"@id":"https:\/\/www.galvanina.com\/pl\/#organization"},"potentialAction":[{"@type":"SearchAction","target":{"@type":"EntryPoint","urlTemplate":"https:\/\/www.galvanina.com\/pl\/?s={search_term_string}"},"query-input":{"@type":"PropertyValueSpecification","valueRequired":true,"valueName":"search_term_string"}}],"inLanguage":"pl-PL"},{"@type":"Organization","@id":"https:\/\/www.galvanina.com\/pl\/#organization","name":"Galvanina Poland","url":"https:\/\/www.galvanina.com\/pl\/","logo":{"@type":"ImageObject","inLanguage":"pl-PL","@id":"https:\/\/www.galvanina.com\/pl\/#\/schema\/logo\/image\/","url":"https:\/\/www.galvanina.com\/pl\/wp-content\/uploads\/sites\/7\/2020\/06\/logo-galvanina.png","contentUrl":"https:\/\/www.galvanina.com\/pl\/wp-content\/uploads\/sites\/7\/2020\/06\/logo-galvanina.png","width":768,"height":768,"caption":"Galvanina Poland"},"image":{"@id":"https:\/\/www.galvanina.com\/pl\/#\/schema\/logo\/image\/"},"sameAs":["https:\/\/www.facebook.com\/galvanina\/","https:\/\/www.instagram.com\/lagalvanina\/","https:\/\/www.linkedin.com\/company\/galvanina\/"]}]}},"_links":{"self":[{"href":"https:\/\/www.galvanina.com\/pl\/wp-json\/wp\/v2\/pages\/182","targetHints":{"allow":["GET"]}}],"collection":[{"href":"https:\/\/www.galvanina.com\/pl\/wp-json\/wp\/v2\/pages"}],"about":[{"href":"https:\/\/www.galvanina.com\/pl\/wp-json\/wp\/v2\/types\/page"}],"author":[{"embeddable":true,"href":"https:\/\/www.galvanina.com\/pl\/wp-json\/wp\/v2\/users\/2"}],"replies":[{"embeddable":true,"href":"https:\/\/www.galvanina.com\/pl\/wp-json\/wp\/v2\/comments?post=182"}],"version-history":[{"count":32,"href":"https:\/\/www.galvanina.com\/pl\/wp-json\/wp\/v2\/pages\/182\/revisions"}],"predecessor-version":[{"id":3940,"href":"https:\/\/www.galvanina.com\/pl\/wp-json\/wp\/v2\/pages\/182\/revisions\/3940"}],"up":[{"embeddable":true,"href":"https:\/\/www.galvanina.com\/pl\/wp-json\/wp\/v2\/pages\/147"}],"wp:attachment":[{"href":"https:\/\/www.galvanina.com\/pl\/wp-json\/wp\/v2\/media?parent=182"}],"curies":[{"name":"wp","href":"https:\/\/api.w.org\/{rel}","templated":true}]}}