{"id":171,"date":"2020-05-21T14:39:36","date_gmt":"2020-05-21T12:39:36","guid":{"rendered":"https:\/\/www.galvanina.com\/pl\/?page_id=171"},"modified":"2023-07-10T18:49:11","modified_gmt":"2023-07-10T16:49:11","slug":"historia","status":"publish","type":"page","link":"https:\/\/www.galvanina.com\/pl\/o-nas\/historia\/","title":{"rendered":"Historia"},"content":{"rendered":"\r\n<div class=\"wp-block-image\">\r\n<figure class=\"alignright size-large\"><img loading=\"lazy\" decoding=\"async\" width=\"450\" height=\"326\" class=\"wp-image-1945\" src=\"https:\/\/www.galvanina.com\/pl\/wp-content\/uploads\/sites\/7\/2020\/06\/colonne-terme-romane-galvanina.jpg\" alt=\"colonne terme romane galvanina\" srcset=\"https:\/\/www.galvanina.com\/pl\/wp-content\/uploads\/sites\/7\/2020\/06\/colonne-terme-romane-galvanina.jpg 450w, https:\/\/www.galvanina.com\/pl\/wp-content\/uploads\/sites\/7\/2020\/06\/colonne-terme-romane-galvanina-240x174.jpg 240w, https:\/\/www.galvanina.com\/pl\/wp-content\/uploads\/sites\/7\/2020\/06\/colonne-terme-romane-galvanina-110x80.jpg 110w\" sizes=\"auto, (max-width: 450px) 100vw, 450px\" \/><\/figure>\r\n<\/div>\r\n\r\n\r\n\r\n<h2 class=\"wp-block-heading\"><strong>Galvanina, pocz\u0105tki \u015bwiatowej klasy \u017ar\u00f3d\u0142a<\/strong><\/h2>\r\n\r\n\r\n\r\n<p><strong>Galvanina<\/strong> ma staro\u017cytn\u0105 i fascynuj\u0105c\u0105 histori\u0119. Po\u0142o\u017cona na stokach Wzg\u00f3rza Rajskiego, gdzie niegdy\u015b znajdowa\u0142y si\u0119 staro\u017cytne rzymskie \u0142a\u017anie, Galvanina bierze swoj\u0105 nazw\u0119 od wydajnego \u017ar\u00f3d\u0142a wody mineralnej. To tutaj rozpocz\u0119\u0142a si\u0119 wielowiekowa podr\u00f3\u017c przez terytorium Rimini.\u00a0<\/p>\r\n\r\n\r\n\r\n<div class=\"wp-block-spacer\" style=\"height: 50px;\" aria-hidden=\"true\">\u00a0<\/div>\r\n\r\n\r\n\r\n<div class=\"wp-block-image\">\r\n<figure class=\"alignleft size-large\"><img loading=\"lazy\" decoding=\"async\" width=\"450\" height=\"513\" class=\"wp-image-1946\" src=\"https:\/\/www.galvanina.com\/pl\/wp-content\/uploads\/sites\/7\/2020\/06\/blasone-galvanina.jpg\" alt=\"blasone galvanina\" srcset=\"https:\/\/www.galvanina.com\/pl\/wp-content\/uploads\/sites\/7\/2020\/06\/blasone-galvanina.jpg 450w, https:\/\/www.galvanina.com\/pl\/wp-content\/uploads\/sites\/7\/2020\/06\/blasone-galvanina-240x274.jpg 240w, https:\/\/www.galvanina.com\/pl\/wp-content\/uploads\/sites\/7\/2020\/06\/blasone-galvanina-70x80.jpg 70w\" sizes=\"auto, (max-width: 450px) 100vw, 450px\" \/><\/figure>\r\n<\/div>\r\n\r\n\r\n\r\n<h2 class=\"wp-block-heading\"><strong>Renesans, Giorgio Vasari i symbol Galvaniny<\/strong><\/h2>\r\n\r\n\r\n\r\n<p>Herb, kt\u00f3ry jest symbolem Galvaniny, to herb szlacheckiej rodziny, kt\u00f3ra niegdy\u015b by\u0142a w\u0142a\u015bcicielem \u017ar\u00f3d\u0142a wody mineralnej. Jest on wyryty na monumentalnej fontannie z XVI wieku i wed\u0142ug tradycji zosta\u0142 zaprojektowany przez wielkiego w\u0142oskiego malarza, architekta i historyka sztuki, Giorgia Vasariego.<\/p>\r\n\r\n\r\n\r\n<div class=\"wp-block-spacer\" style=\"height: 50px;\" aria-hidden=\"true\">\u00a0<\/div>\r\n\r\n\r\n\r\n<div class=\"wp-block-image\">\r\n<figure class=\"alignright size-large\"><img loading=\"lazy\" decoding=\"async\" width=\"450\" height=\"657\" class=\"wp-image-1763\" src=\"https:\/\/www.galvanina.com\/pl\/wp-content\/uploads\/sites\/7\/2020\/05\/manifesto-galvanina.jpg\" alt=\"manifesto galvanina\" srcset=\"https:\/\/www.galvanina.com\/pl\/wp-content\/uploads\/sites\/7\/2020\/05\/manifesto-galvanina.jpg 450w, https:\/\/www.galvanina.com\/pl\/wp-content\/uploads\/sites\/7\/2020\/05\/manifesto-galvanina-240x350.jpg 240w, https:\/\/www.galvanina.com\/pl\/wp-content\/uploads\/sites\/7\/2020\/05\/manifesto-galvanina-55x80.jpg 55w\" sizes=\"auto, (max-width: 450px) 100vw, 450px\" \/><\/figure>\r\n<\/div>\r\n\r\n\r\n\r\n<h2 class=\"wp-block-heading\"><strong>Galvanina i W\u0142ochy XX wieku<\/strong><\/h2>\r\n\r\n\r\n\r\n<p>Pierwszy zak\u0142ad Galvaniny zosta\u0142 za\u0142o\u017cony na prze\u0142omie XX wieku jako dzia\u0142alno\u015b\u0107 rzemie\u015blnicza, a nast\u0119pnie sta\u0142 si\u0119 pierwsz\u0105 szklan\u0105 fabryk\u0105 butelkuj\u0105c\u0105 wod\u0119 mineraln\u0105 na pocz\u0105tku tego wieku. Budynki firmy zosta\u0142y zniszczone podczas wojen \u015bwiatowych, ale szybko zosta\u0142y odbudowane.<\/p>\r\n\r\n\r\n\r\n<p>Dzi\u0119ki powszechnemu uznaniu w\u0142a\u015bciwo\u015bci trawiennych wody, na przestrzeni lat Galvanina rozszerzy\u0142a i rozwija\u0142a swoj\u0105 dzia\u0142alno\u015b\u0107 gospodarcz\u0105, staj\u0105c si\u0119 dobrze ugruntowanym przemys\u0142owym przedsi\u0119biorstwem.<\/p>\r\n\r\n\r\n\r\n<div class=\"wp-block-spacer\" style=\"height: 50px;\" aria-hidden=\"true\">\u00a0<\/div>\r\n\r\n\r\n\r\n<h2 class=\"wp-block-heading\"><strong>Lata 80., dekada wzrostu<\/strong><\/h2>\r\n\r\n\r\n\r\n<p>W latach 80. firma poszerzy\u0142a swoj\u0105 gam\u0119 produkt\u00f3w i opr\u00f3cz wody mineralnej zacz\u0119\u0142a produkowa\u0107 napoje gazowane z sok\u00f3w owocowych i naturalnych aromat\u00f3w, tworz\u0105c warunki sprzeda\u017cy poza granicami kraju.<\/p>\r\n\r\n\r\n\r\n<p>W ten spos\u00f3b w 1987 roku Galvanina rozpocz\u0119\u0142a sprzeda\u017c wody mineralnej i napoj\u00f3w gazowanych za granic\u0105, pocz\u0105tkowo w Ameryce i Kanadzie, a nast\u0119pnie w 50 innych krajach i na kilku kontynentach, w tym w Europie, Azji i Oceanii.<\/p>\r\n\r\n\r\n\r\n<div class=\"wp-block-spacer\" style=\"height: 100px;\" aria-hidden=\"true\">\u00a0<\/div>\r\n\r\n\r\n\r\n<h2 class=\"wp-block-heading\"><strong>Lata 2000, punkt zwrotny na rzecz ekologii<\/strong><\/h2>\r\n\r\n\r\n\r\n<p>Ekspansja Galvaniny trwa\u0142a przez ca\u0142e lata 2000 i wzrost popytu na jej produkty spowodowa\u0142, \u017ce firma dystrybuuje wod\u0119 mineraln\u0105 i napoje gazowane przez kilka mi\u0119dzynarodowych sieci detalicznych.\r\n\r\nPotwierdzeniem jej sukcesu by\u0142o rozszerzenie produkcji przez Galvanin\u0119, w wyniku kt\u00f3rego zak\u0142ad w Apecchio, gdzie butelkowana jest woda ze \u017ar\u00f3d\u0142a Val di Meti, do\u0142\u0105czy\u0142 do zak\u0142adu w Rimini. Doskona\u0142e zrozumienie rynku i najnowszych trend\u00f3w doprowadzi\u0142o r\u00f3wnie\u017c Galvanin\u0119 do skoncentrowania si\u0119 na produkcji napoj\u00f3w organicznych.<\/p>\r\n\r\n\r\n\r\n<div class=\"wp-block-spacer\" style=\"height: 100px;\" aria-hidden=\"true\">\u00a0<\/div>\r\n\r\n\r\n\r\n<h2 class=\"wp-block-heading\"><strong>Galvanina dzisiaj<\/strong><\/h2>\r\n\r\n\r\n\r\n<p>Obecnie firma zarz\u0105dza trzema zak\u0142adami produkcyjnymi, w kt\u00f3rych butelkowana jest woda ze \u017ar\u00f3de\u0142 Galvanina, Val di Meti i San Giuliano w szkle, PET i puszkach. Ponadto firma stworzy\u0142a i produkuje zar\u00f3wno organiczne, jak i konwencjonalne wody smakowe, napoje gazowane, mikserki i herbaty mro\u017cone.<\/p>\r\n\r\n\r\n\r\n<p>Galvanina ros\u0142a przez ostatni\u0105 dekad\u0119, dzi\u0119ki jako\u015bci, innowacjom, badaniom i autentyczno\u015bci swoich produkt\u00f3w, kt\u00f3re mog\u0105 urozmaici\u0107 ka\u017cd\u0105 okazj\u0119 swoim smakiem, zadowalaj\u0105c nawet najbardziej wymagaj\u0105cego konsumenta.<\/p>\r\n\r\n\r\n\r\n<p>W 2019 roku globalne przedsi\u0119biorstwo Riverside naby\u0142o wi\u0119kszo\u015bciowy pakiet akcji Galvaniny, z zamiarem dalszego rozwoju i ekspansji na mi\u0119dzynarodowych rynkach oraz utrwalenia swojej pozycji jako globalnej rzeczywisto\u015bci.<\/p>\r\n","protected":false},"excerpt":{"rendered":"<p>Galvanina, pocz\u0105tki \u015bwiatowej klasy \u017ar\u00f3d\u0142a Galvanina ma staro\u017cytn\u0105 i fascynuj\u0105c\u0105 histori\u0119. Po\u0142o\u017cona na stokach Wzg\u00f3rza Rajskiego, gdzie niegdy\u015b znajdowa\u0142y si\u0119 staro\u017cytne rzymskie \u0142a\u017anie, Galvanina bierze swoj\u0105 nazw\u0119 od wydajnego \u017ar\u00f3d\u0142a wody mineralnej. To tutaj rozpocz\u0119\u0142a si\u0119 wielowiekowa podr\u00f3\u017c przez terytorium Rimini.\u00a0 Renesans, Giorgio Vasari i symbol Galvaniny Herb, kt\u00f3ry jest symbolem Galvaniny, to herb szlacheckiej [&hellip;]<\/p>\n","protected":false},"author":2,"featured_media":0,"parent":147,"menu_order":0,"comment_status":"closed","ping_status":"closed","template":"","meta":{"footnotes":""},"class_list":["post-171","page","type-page","status-publish","hentry"],"yoast_head":"<!-- This site is optimized with the Yoast SEO plugin v27.5 - https:\/\/yoast.com\/product\/yoast-seo-wordpress\/ -->\n<title>The history of Galvanina, the origins of a world-class spring<\/title>\n<meta name=\"description\" content=\"Galvanina has an ancient and fascinating history. Situated on the slopes of Paradise Hill, where ancient Roman baths once stood...\" \/>\n<meta name=\"robots\" content=\"index, follow, max-snippet:-1, max-image-preview:large, max-video-preview:-1\" \/>\n<link rel=\"canonical\" href=\"https:\/\/www.galvanina.com\/pl\/o-nas\/historia\/\" \/>\n<meta property=\"og:locale\" content=\"pl_PL\" \/>\n<meta property=\"og:type\" content=\"article\" \/>\n<meta property=\"og:title\" content=\"The history of Galvanina, the origins of a world-class spring\" \/>\n<meta property=\"og:description\" content=\"Galvanina has an ancient and fascinating history. Situated on the slopes of Paradise Hill, where ancient Roman baths once stood...\" \/>\n<meta property=\"og:url\" content=\"https:\/\/www.galvanina.com\/pl\/o-nas\/historia\/\" \/>\n<meta property=\"og:site_name\" content=\"Galvanina\" \/>\n<meta property=\"article:publisher\" content=\"https:\/\/www.facebook.com\/galvanina\/\" \/>\n<meta property=\"article:modified_time\" content=\"2023-07-10T16:49:11+00:00\" \/>\n<meta property=\"og:image\" content=\"https:\/\/www.galvanina.com\/pl\/wp-content\/uploads\/sites\/7\/2020\/06\/colonne-terme-romane-galvanina.jpg\" \/>\n<meta name=\"twitter:card\" content=\"summary_large_image\" \/>\n<meta name=\"twitter:label1\" content=\"Szacowany czas czytania\" \/>\n\t<meta name=\"twitter:data1\" content=\"3 minuty\" \/>\n<script type=\"application\/ld+json\" class=\"yoast-schema-graph\">{\"@context\":\"https:\\\/\\\/schema.org\",\"@graph\":[{\"@type\":\"WebPage\",\"@id\":\"https:\\\/\\\/www.galvanina.com\\\/pl\\\/o-nas\\\/historia\\\/\",\"url\":\"https:\\\/\\\/www.galvanina.com\\\/pl\\\/o-nas\\\/historia\\\/\",\"name\":\"The history of Galvanina, the origins of a world-class spring\",\"isPartOf\":{\"@id\":\"https:\\\/\\\/www.galvanina.com\\\/pl\\\/#website\"},\"primaryImageOfPage\":{\"@id\":\"https:\\\/\\\/www.galvanina.com\\\/pl\\\/o-nas\\\/historia\\\/#primaryimage\"},\"image\":{\"@id\":\"https:\\\/\\\/www.galvanina.com\\\/pl\\\/o-nas\\\/historia\\\/#primaryimage\"},\"thumbnailUrl\":\"https:\\\/\\\/www.galvanina.com\\\/pl\\\/wp-content\\\/uploads\\\/sites\\\/7\\\/2020\\\/06\\\/colonne-terme-romane-galvanina.jpg\",\"datePublished\":\"2020-05-21T12:39:36+00:00\",\"dateModified\":\"2023-07-10T16:49:11+00:00\",\"description\":\"Galvanina has an ancient and fascinating history. Situated on the slopes of Paradise Hill, where ancient Roman baths once stood...\",\"breadcrumb\":{\"@id\":\"https:\\\/\\\/www.galvanina.com\\\/pl\\\/o-nas\\\/historia\\\/#breadcrumb\"},\"inLanguage\":\"pl-PL\",\"potentialAction\":[{\"@type\":\"ReadAction\",\"target\":[\"https:\\\/\\\/www.galvanina.com\\\/pl\\\/o-nas\\\/historia\\\/\"]}]},{\"@type\":\"ImageObject\",\"inLanguage\":\"pl-PL\",\"@id\":\"https:\\\/\\\/www.galvanina.com\\\/pl\\\/o-nas\\\/historia\\\/#primaryimage\",\"url\":\"https:\\\/\\\/www.galvanina.com\\\/pl\\\/wp-content\\\/uploads\\\/sites\\\/7\\\/2020\\\/06\\\/colonne-terme-romane-galvanina.jpg\",\"contentUrl\":\"https:\\\/\\\/www.galvanina.com\\\/pl\\\/wp-content\\\/uploads\\\/sites\\\/7\\\/2020\\\/06\\\/colonne-terme-romane-galvanina.jpg\",\"width\":450,\"height\":326,\"caption\":\"colonne terme romane galvanina\"},{\"@type\":\"BreadcrumbList\",\"@id\":\"https:\\\/\\\/www.galvanina.com\\\/pl\\\/o-nas\\\/historia\\\/#breadcrumb\",\"itemListElement\":[{\"@type\":\"ListItem\",\"position\":1,\"name\":\"Home\",\"item\":\"https:\\\/\\\/www.galvanina.com\\\/pl\\\/\"},{\"@type\":\"ListItem\",\"position\":2,\"name\":\"O nas\",\"item\":\"https:\\\/\\\/www.galvanina.com\\\/pl\\\/o-nas\\\/\"},{\"@type\":\"ListItem\",\"position\":3,\"name\":\"Historia\"}]},{\"@type\":\"WebSite\",\"@id\":\"https:\\\/\\\/www.galvanina.com\\\/pl\\\/#website\",\"url\":\"https:\\\/\\\/www.galvanina.com\\\/pl\\\/\",\"name\":\"Galvanina\",\"description\":\"\",\"publisher\":{\"@id\":\"https:\\\/\\\/www.galvanina.com\\\/pl\\\/#organization\"},\"potentialAction\":[{\"@type\":\"SearchAction\",\"target\":{\"@type\":\"EntryPoint\",\"urlTemplate\":\"https:\\\/\\\/www.galvanina.com\\\/pl\\\/?s={search_term_string}\"},\"query-input\":{\"@type\":\"PropertyValueSpecification\",\"valueRequired\":true,\"valueName\":\"search_term_string\"}}],\"inLanguage\":\"pl-PL\"},{\"@type\":\"Organization\",\"@id\":\"https:\\\/\\\/www.galvanina.com\\\/pl\\\/#organization\",\"name\":\"Galvanina Poland\",\"url\":\"https:\\\/\\\/www.galvanina.com\\\/pl\\\/\",\"logo\":{\"@type\":\"ImageObject\",\"inLanguage\":\"pl-PL\",\"@id\":\"https:\\\/\\\/www.galvanina.com\\\/pl\\\/#\\\/schema\\\/logo\\\/image\\\/\",\"url\":\"https:\\\/\\\/www.galvanina.com\\\/pl\\\/wp-content\\\/uploads\\\/sites\\\/7\\\/2020\\\/06\\\/logo-galvanina.png\",\"contentUrl\":\"https:\\\/\\\/www.galvanina.com\\\/pl\\\/wp-content\\\/uploads\\\/sites\\\/7\\\/2020\\\/06\\\/logo-galvanina.png\",\"width\":768,\"height\":768,\"caption\":\"Galvanina Poland\"},\"image\":{\"@id\":\"https:\\\/\\\/www.galvanina.com\\\/pl\\\/#\\\/schema\\\/logo\\\/image\\\/\"},\"sameAs\":[\"https:\\\/\\\/www.facebook.com\\\/galvanina\\\/\",\"https:\\\/\\\/www.instagram.com\\\/lagalvanina\\\/\",\"https:\\\/\\\/www.linkedin.com\\\/company\\\/galvanina\\\/\"]}]}<\/script>\n<!-- \/ Yoast SEO plugin. -->","yoast_head_json":{"title":"The history of Galvanina, the origins of a world-class spring","description":"Galvanina has an ancient and fascinating history. Situated on the slopes of Paradise Hill, where ancient Roman baths once stood...","robots":{"index":"index","follow":"follow","max-snippet":"max-snippet:-1","max-image-preview":"max-image-preview:large","max-video-preview":"max-video-preview:-1"},"canonical":"https:\/\/www.galvanina.com\/pl\/o-nas\/historia\/","og_locale":"pl_PL","og_type":"article","og_title":"The history of Galvanina, the origins of a world-class spring","og_description":"Galvanina has an ancient and fascinating history. Situated on the slopes of Paradise Hill, where ancient Roman baths once stood...","og_url":"https:\/\/www.galvanina.com\/pl\/o-nas\/historia\/","og_site_name":"Galvanina","article_publisher":"https:\/\/www.facebook.com\/galvanina\/","article_modified_time":"2023-07-10T16:49:11+00:00","og_image":[{"url":"https:\/\/www.galvanina.com\/pl\/wp-content\/uploads\/sites\/7\/2020\/06\/colonne-terme-romane-galvanina.jpg","type":"","width":"","height":""}],"twitter_card":"summary_large_image","twitter_misc":{"Szacowany czas czytania":"3 minuty"},"schema":{"@context":"https:\/\/schema.org","@graph":[{"@type":"WebPage","@id":"https:\/\/www.galvanina.com\/pl\/o-nas\/historia\/","url":"https:\/\/www.galvanina.com\/pl\/o-nas\/historia\/","name":"The history of Galvanina, the origins of a world-class spring","isPartOf":{"@id":"https:\/\/www.galvanina.com\/pl\/#website"},"primaryImageOfPage":{"@id":"https:\/\/www.galvanina.com\/pl\/o-nas\/historia\/#primaryimage"},"image":{"@id":"https:\/\/www.galvanina.com\/pl\/o-nas\/historia\/#primaryimage"},"thumbnailUrl":"https:\/\/www.galvanina.com\/pl\/wp-content\/uploads\/sites\/7\/2020\/06\/colonne-terme-romane-galvanina.jpg","datePublished":"2020-05-21T12:39:36+00:00","dateModified":"2023-07-10T16:49:11+00:00","description":"Galvanina has an ancient and fascinating history. Situated on the slopes of Paradise Hill, where ancient Roman baths once stood...","breadcrumb":{"@id":"https:\/\/www.galvanina.com\/pl\/o-nas\/historia\/#breadcrumb"},"inLanguage":"pl-PL","potentialAction":[{"@type":"ReadAction","target":["https:\/\/www.galvanina.com\/pl\/o-nas\/historia\/"]}]},{"@type":"ImageObject","inLanguage":"pl-PL","@id":"https:\/\/www.galvanina.com\/pl\/o-nas\/historia\/#primaryimage","url":"https:\/\/www.galvanina.com\/pl\/wp-content\/uploads\/sites\/7\/2020\/06\/colonne-terme-romane-galvanina.jpg","contentUrl":"https:\/\/www.galvanina.com\/pl\/wp-content\/uploads\/sites\/7\/2020\/06\/colonne-terme-romane-galvanina.jpg","width":450,"height":326,"caption":"colonne terme romane galvanina"},{"@type":"BreadcrumbList","@id":"https:\/\/www.galvanina.com\/pl\/o-nas\/historia\/#breadcrumb","itemListElement":[{"@type":"ListItem","position":1,"name":"Home","item":"https:\/\/www.galvanina.com\/pl\/"},{"@type":"ListItem","position":2,"name":"O nas","item":"https:\/\/www.galvanina.com\/pl\/o-nas\/"},{"@type":"ListItem","position":3,"name":"Historia"}]},{"@type":"WebSite","@id":"https:\/\/www.galvanina.com\/pl\/#website","url":"https:\/\/www.galvanina.com\/pl\/","name":"Galvanina","description":"","publisher":{"@id":"https:\/\/www.galvanina.com\/pl\/#organization"},"potentialAction":[{"@type":"SearchAction","target":{"@type":"EntryPoint","urlTemplate":"https:\/\/www.galvanina.com\/pl\/?s={search_term_string}"},"query-input":{"@type":"PropertyValueSpecification","valueRequired":true,"valueName":"search_term_string"}}],"inLanguage":"pl-PL"},{"@type":"Organization","@id":"https:\/\/www.galvanina.com\/pl\/#organization","name":"Galvanina Poland","url":"https:\/\/www.galvanina.com\/pl\/","logo":{"@type":"ImageObject","inLanguage":"pl-PL","@id":"https:\/\/www.galvanina.com\/pl\/#\/schema\/logo\/image\/","url":"https:\/\/www.galvanina.com\/pl\/wp-content\/uploads\/sites\/7\/2020\/06\/logo-galvanina.png","contentUrl":"https:\/\/www.galvanina.com\/pl\/wp-content\/uploads\/sites\/7\/2020\/06\/logo-galvanina.png","width":768,"height":768,"caption":"Galvanina Poland"},"image":{"@id":"https:\/\/www.galvanina.com\/pl\/#\/schema\/logo\/image\/"},"sameAs":["https:\/\/www.facebook.com\/galvanina\/","https:\/\/www.instagram.com\/lagalvanina\/","https:\/\/www.linkedin.com\/company\/galvanina\/"]}]}},"_links":{"self":[{"href":"https:\/\/www.galvanina.com\/pl\/wp-json\/wp\/v2\/pages\/171","targetHints":{"allow":["GET"]}}],"collection":[{"href":"https:\/\/www.galvanina.com\/pl\/wp-json\/wp\/v2\/pages"}],"about":[{"href":"https:\/\/www.galvanina.com\/pl\/wp-json\/wp\/v2\/types\/page"}],"author":[{"embeddable":true,"href":"https:\/\/www.galvanina.com\/pl\/wp-json\/wp\/v2\/users\/2"}],"replies":[{"embeddable":true,"href":"https:\/\/www.galvanina.com\/pl\/wp-json\/wp\/v2\/comments?post=171"}],"version-history":[{"count":24,"href":"https:\/\/www.galvanina.com\/pl\/wp-json\/wp\/v2\/pages\/171\/revisions"}],"predecessor-version":[{"id":3937,"href":"https:\/\/www.galvanina.com\/pl\/wp-json\/wp\/v2\/pages\/171\/revisions\/3937"}],"up":[{"embeddable":true,"href":"https:\/\/www.galvanina.com\/pl\/wp-json\/wp\/v2\/pages\/147"}],"wp:attachment":[{"href":"https:\/\/www.galvanina.com\/pl\/wp-json\/wp\/v2\/media?parent=171"}],"curies":[{"name":"wp","href":"https:\/\/api.w.org\/{rel}","templated":true}]}}