{"id":15,"date":"2000-01-01T00:00:01","date_gmt":"1999-12-31T23:00:01","guid":{"rendered":"https:\/\/galvanina.dev.locale\/?page_id=15"},"modified":"2023-07-11T07:58:56","modified_gmt":"2023-07-11T05:58:56","slug":"home","status":"publish","type":"page","link":"https:\/\/www.galvanina.com\/pl\/","title":{"rendered":"Home"},"content":{"rendered":"\r\n<div class=\"wp-block-columns m0 is-layout-flex wp-container-core-columns-is-layout-9d6595d7 wp-block-columns-is-layout-flex\">\r\n<div class=\"wp-block-column is-vertically-aligned-bottom is-layout-flow wp-block-column-is-layout-flow\">\r\n<figure class=\"wp-block-image size-large block m0\"><img loading=\"lazy\" decoding=\"async\" width=\"392\" height=\"404\" src=\"https:\/\/www.galvanina.com\/pl\/wp-content\/uploads\/sites\/7\/2020\/05\/bicchiere.jpg\" alt=\"\" class=\"wp-image-62\" srcset=\"https:\/\/www.galvanina.com\/pl\/wp-content\/uploads\/sites\/7\/2020\/05\/bicchiere.jpg 392w, https:\/\/www.galvanina.com\/pl\/wp-content\/uploads\/sites\/7\/2020\/05\/bicchiere-240x247.jpg 240w, https:\/\/www.galvanina.com\/pl\/wp-content\/uploads\/sites\/7\/2020\/05\/bicchiere-78x80.jpg 78w\" sizes=\"auto, (max-width: 392px) 100vw, 392px\" \/><\/figure>\r\n<\/div>\r\n\r\n\r\n\r\n<div class=\"wp-block-column h5 md-h4 py2 is-layout-flow wp-block-column-is-layout-flow\" style=\"flex-basis:60%\">\r\n<h1 class=\"lato h5 md-h4 line-height-4 mb2 wp-block-heading\"><strong>Galvanina: organiczne napoje i wody gazowane.<\/strong><\/h1>\r\n\r\n\r\n\r\n<p>Galvanina ma staro\u017cytn\u0105 i fascynuj\u0105c\u0105 histori\u0119. Znajduj\u0105ca si\u0119 na zboczach wzg\u00f3rza Rajskiego, gdzie niegdy\u015b istnia\u0142y staro\u017cytne rzymskie \u0142a\u017anie, Galvanina czerpie swoj\u0105 nazw\u0119 od \u017ar\u00f3d\u0142a mineralnej wody o tej samej nazwie. To tutaj rozpocz\u0119\u0142a si\u0119 wiekowa podr\u00f3\u017c przez terytorium Rimini.<\/p>\r\n\r\n\r\n\r\n<p>Dzi\u015b Galvanina jest obecna w ponad 50 krajach na \u015bwiecie ze swoimi produktami o certyfikowanej jako\u015bci: organiczne napoje, zimne herbaty, wody mineralne, napoje gazowane i mikser\u00f3wki.<\/p>\r\n\r\n\r\n\r\n<p><\/p>\r\n\r\n\r\n\r\n<div class=\"wp-block-buttons center sm-left-align mb2 is-layout-flex wp-block-buttons-is-layout-flex\">\r\n<div class=\"wp-block-button is-style-fill\"><a class=\"wp-block-button__link btn cta-cf1bb906\" href=\"https:\/\/www.galvanina.com\/pl\/who-we-are\/\">Kim jeste\u015bmy<\/a><\/div>\r\n<\/div>\r\n<\/div>\r\n<\/div>\r\n","protected":false},"excerpt":{"rendered":"<p>Galvanina: organiczne napoje i wody gazowane. Galvanina ma staro\u017cytn\u0105 i fascynuj\u0105c\u0105 histori\u0119. Znajduj\u0105ca si\u0119 na zboczach wzg\u00f3rza Rajskiego, gdzie niegdy\u015b istnia\u0142y staro\u017cytne rzymskie \u0142a\u017anie, Galvanina czerpie swoj\u0105 nazw\u0119 od \u017ar\u00f3d\u0142a mineralnej wody o tej samej nazwie. To tutaj rozpocz\u0119\u0142a si\u0119 wiekowa podr\u00f3\u017c przez terytorium Rimini. Dzi\u015b Galvanina jest obecna w ponad 50 krajach na \u015bwiecie [&hellip;]<\/p>\n","protected":false},"author":1,"featured_media":0,"parent":0,"menu_order":0,"comment_status":"closed","ping_status":"closed","template":"page-home.php","meta":{"footnotes":""},"class_list":["post-15","page","type-page","status-publish","hentry"],"yoast_head":"<!-- This site is optimized with the Yoast SEO plugin v27.5 - https:\/\/yoast.com\/product\/yoast-seo-wordpress\/ -->\n<title>Galvanina | Natural essence, perky soul<\/title>\n<meta name=\"description\" content=\"Witamy w domu Galvaniny. W\u0142oski producent ekologicznych napoj\u00f3w, znany z w\u00f3d mineralnych i organicznych napoj\u00f3w gazowanych\" \/>\n<meta name=\"robots\" content=\"index, follow, max-snippet:-1, max-image-preview:large, max-video-preview:-1\" \/>\n<link rel=\"canonical\" href=\"https:\/\/www.galvanina.com\/pl\/\" \/>\n<meta property=\"og:locale\" content=\"pl_PL\" \/>\n<meta property=\"og:type\" content=\"article\" \/>\n<meta property=\"og:title\" content=\"Galvanina | Natural essence, perky soul\" \/>\n<meta property=\"og:description\" content=\"Witamy w domu Galvaniny. W\u0142oski producent ekologicznych napoj\u00f3w, znany z w\u00f3d mineralnych i organicznych napoj\u00f3w gazowanych\" \/>\n<meta property=\"og:url\" content=\"https:\/\/www.galvanina.com\/pl\/\" \/>\n<meta property=\"og:site_name\" content=\"Galvanina\" \/>\n<meta property=\"article:publisher\" content=\"https:\/\/www.facebook.com\/galvanina\/\" \/>\n<meta property=\"article:modified_time\" content=\"2023-07-11T05:58:56+00:00\" \/>\n<meta property=\"og:image\" content=\"https:\/\/www.galvanina.com\/pl\/wp-content\/uploads\/sites\/7\/2020\/05\/bicchiere.jpg\" \/>\n<meta name=\"twitter:card\" content=\"summary_large_image\" \/>\n<meta name=\"twitter:label1\" content=\"Szacowany czas czytania\" \/>\n\t<meta name=\"twitter:data1\" content=\"1 minuta\" \/>\n<script type=\"application\/ld+json\" class=\"yoast-schema-graph\">{\"@context\":\"https:\\\/\\\/schema.org\",\"@graph\":[{\"@type\":\"WebPage\",\"@id\":\"https:\\\/\\\/www.galvanina.com\\\/pl\\\/\",\"url\":\"https:\\\/\\\/www.galvanina.com\\\/pl\\\/\",\"name\":\"Galvanina | Natural essence, perky soul\",\"isPartOf\":{\"@id\":\"https:\\\/\\\/www.galvanina.com\\\/pl\\\/#website\"},\"primaryImageOfPage\":{\"@id\":\"https:\\\/\\\/www.galvanina.com\\\/pl\\\/#primaryimage\"},\"image\":{\"@id\":\"https:\\\/\\\/www.galvanina.com\\\/pl\\\/#primaryimage\"},\"thumbnailUrl\":\"https:\\\/\\\/www.galvanina.com\\\/pl\\\/wp-content\\\/uploads\\\/sites\\\/7\\\/2020\\\/05\\\/bicchiere.jpg\",\"datePublished\":\"1999-12-31T23:00:01+00:00\",\"dateModified\":\"2023-07-11T05:58:56+00:00\",\"description\":\"Witamy w domu Galvaniny. W\u0142oski producent ekologicznych napoj\u00f3w, znany z w\u00f3d mineralnych i organicznych napoj\u00f3w gazowanych\",\"breadcrumb\":{\"@id\":\"https:\\\/\\\/www.galvanina.com\\\/pl\\\/#breadcrumb\"},\"inLanguage\":\"pl-PL\",\"potentialAction\":[{\"@type\":\"ReadAction\",\"target\":[\"https:\\\/\\\/www.galvanina.com\\\/pl\\\/\"]}]},{\"@type\":\"ImageObject\",\"inLanguage\":\"pl-PL\",\"@id\":\"https:\\\/\\\/www.galvanina.com\\\/pl\\\/#primaryimage\",\"url\":\"https:\\\/\\\/www.galvanina.com\\\/pl\\\/wp-content\\\/uploads\\\/sites\\\/7\\\/2020\\\/05\\\/bicchiere.jpg\",\"contentUrl\":\"https:\\\/\\\/www.galvanina.com\\\/pl\\\/wp-content\\\/uploads\\\/sites\\\/7\\\/2020\\\/05\\\/bicchiere.jpg\",\"width\":392,\"height\":404},{\"@type\":\"BreadcrumbList\",\"@id\":\"https:\\\/\\\/www.galvanina.com\\\/pl\\\/#breadcrumb\",\"itemListElement\":[{\"@type\":\"ListItem\",\"position\":1,\"name\":\"Home\",\"item\":\"https:\\\/\\\/www.galvanina.com\\\/pl\\\/\"},{\"@type\":\"ListItem\",\"position\":2,\"name\":\"Home\"}]},{\"@type\":\"WebSite\",\"@id\":\"https:\\\/\\\/www.galvanina.com\\\/pl\\\/#website\",\"url\":\"https:\\\/\\\/www.galvanina.com\\\/pl\\\/\",\"name\":\"Galvanina\",\"description\":\"\",\"publisher\":{\"@id\":\"https:\\\/\\\/www.galvanina.com\\\/pl\\\/#organization\"},\"potentialAction\":[{\"@type\":\"SearchAction\",\"target\":{\"@type\":\"EntryPoint\",\"urlTemplate\":\"https:\\\/\\\/www.galvanina.com\\\/pl\\\/?s={search_term_string}\"},\"query-input\":{\"@type\":\"PropertyValueSpecification\",\"valueRequired\":true,\"valueName\":\"search_term_string\"}}],\"inLanguage\":\"pl-PL\"},{\"@type\":\"Organization\",\"@id\":\"https:\\\/\\\/www.galvanina.com\\\/pl\\\/#organization\",\"name\":\"Galvanina Poland\",\"url\":\"https:\\\/\\\/www.galvanina.com\\\/pl\\\/\",\"logo\":{\"@type\":\"ImageObject\",\"inLanguage\":\"pl-PL\",\"@id\":\"https:\\\/\\\/www.galvanina.com\\\/pl\\\/#\\\/schema\\\/logo\\\/image\\\/\",\"url\":\"https:\\\/\\\/www.galvanina.com\\\/pl\\\/wp-content\\\/uploads\\\/sites\\\/7\\\/2020\\\/06\\\/logo-galvanina.png\",\"contentUrl\":\"https:\\\/\\\/www.galvanina.com\\\/pl\\\/wp-content\\\/uploads\\\/sites\\\/7\\\/2020\\\/06\\\/logo-galvanina.png\",\"width\":768,\"height\":768,\"caption\":\"Galvanina Poland\"},\"image\":{\"@id\":\"https:\\\/\\\/www.galvanina.com\\\/pl\\\/#\\\/schema\\\/logo\\\/image\\\/\"},\"sameAs\":[\"https:\\\/\\\/www.facebook.com\\\/galvanina\\\/\",\"https:\\\/\\\/www.instagram.com\\\/lagalvanina\\\/\",\"https:\\\/\\\/www.linkedin.com\\\/company\\\/galvanina\\\/\"]}]}<\/script>\n<!-- \/ Yoast SEO plugin. -->","yoast_head_json":{"title":"Galvanina | Natural essence, perky soul","description":"Witamy w domu Galvaniny. W\u0142oski producent ekologicznych napoj\u00f3w, znany z w\u00f3d mineralnych i organicznych napoj\u00f3w gazowanych","robots":{"index":"index","follow":"follow","max-snippet":"max-snippet:-1","max-image-preview":"max-image-preview:large","max-video-preview":"max-video-preview:-1"},"canonical":"https:\/\/www.galvanina.com\/pl\/","og_locale":"pl_PL","og_type":"article","og_title":"Galvanina | Natural essence, perky soul","og_description":"Witamy w domu Galvaniny. W\u0142oski producent ekologicznych napoj\u00f3w, znany z w\u00f3d mineralnych i organicznych napoj\u00f3w gazowanych","og_url":"https:\/\/www.galvanina.com\/pl\/","og_site_name":"Galvanina","article_publisher":"https:\/\/www.facebook.com\/galvanina\/","article_modified_time":"2023-07-11T05:58:56+00:00","og_image":[{"url":"https:\/\/www.galvanina.com\/pl\/wp-content\/uploads\/sites\/7\/2020\/05\/bicchiere.jpg","type":"","width":"","height":""}],"twitter_card":"summary_large_image","twitter_misc":{"Szacowany czas czytania":"1 minuta"},"schema":{"@context":"https:\/\/schema.org","@graph":[{"@type":"WebPage","@id":"https:\/\/www.galvanina.com\/pl\/","url":"https:\/\/www.galvanina.com\/pl\/","name":"Galvanina | Natural essence, perky soul","isPartOf":{"@id":"https:\/\/www.galvanina.com\/pl\/#website"},"primaryImageOfPage":{"@id":"https:\/\/www.galvanina.com\/pl\/#primaryimage"},"image":{"@id":"https:\/\/www.galvanina.com\/pl\/#primaryimage"},"thumbnailUrl":"https:\/\/www.galvanina.com\/pl\/wp-content\/uploads\/sites\/7\/2020\/05\/bicchiere.jpg","datePublished":"1999-12-31T23:00:01+00:00","dateModified":"2023-07-11T05:58:56+00:00","description":"Witamy w domu Galvaniny. W\u0142oski producent ekologicznych napoj\u00f3w, znany z w\u00f3d mineralnych i organicznych napoj\u00f3w gazowanych","breadcrumb":{"@id":"https:\/\/www.galvanina.com\/pl\/#breadcrumb"},"inLanguage":"pl-PL","potentialAction":[{"@type":"ReadAction","target":["https:\/\/www.galvanina.com\/pl\/"]}]},{"@type":"ImageObject","inLanguage":"pl-PL","@id":"https:\/\/www.galvanina.com\/pl\/#primaryimage","url":"https:\/\/www.galvanina.com\/pl\/wp-content\/uploads\/sites\/7\/2020\/05\/bicchiere.jpg","contentUrl":"https:\/\/www.galvanina.com\/pl\/wp-content\/uploads\/sites\/7\/2020\/05\/bicchiere.jpg","width":392,"height":404},{"@type":"BreadcrumbList","@id":"https:\/\/www.galvanina.com\/pl\/#breadcrumb","itemListElement":[{"@type":"ListItem","position":1,"name":"Home","item":"https:\/\/www.galvanina.com\/pl\/"},{"@type":"ListItem","position":2,"name":"Home"}]},{"@type":"WebSite","@id":"https:\/\/www.galvanina.com\/pl\/#website","url":"https:\/\/www.galvanina.com\/pl\/","name":"Galvanina","description":"","publisher":{"@id":"https:\/\/www.galvanina.com\/pl\/#organization"},"potentialAction":[{"@type":"SearchAction","target":{"@type":"EntryPoint","urlTemplate":"https:\/\/www.galvanina.com\/pl\/?s={search_term_string}"},"query-input":{"@type":"PropertyValueSpecification","valueRequired":true,"valueName":"search_term_string"}}],"inLanguage":"pl-PL"},{"@type":"Organization","@id":"https:\/\/www.galvanina.com\/pl\/#organization","name":"Galvanina Poland","url":"https:\/\/www.galvanina.com\/pl\/","logo":{"@type":"ImageObject","inLanguage":"pl-PL","@id":"https:\/\/www.galvanina.com\/pl\/#\/schema\/logo\/image\/","url":"https:\/\/www.galvanina.com\/pl\/wp-content\/uploads\/sites\/7\/2020\/06\/logo-galvanina.png","contentUrl":"https:\/\/www.galvanina.com\/pl\/wp-content\/uploads\/sites\/7\/2020\/06\/logo-galvanina.png","width":768,"height":768,"caption":"Galvanina Poland"},"image":{"@id":"https:\/\/www.galvanina.com\/pl\/#\/schema\/logo\/image\/"},"sameAs":["https:\/\/www.facebook.com\/galvanina\/","https:\/\/www.instagram.com\/lagalvanina\/","https:\/\/www.linkedin.com\/company\/galvanina\/"]}]}},"_links":{"self":[{"href":"https:\/\/www.galvanina.com\/pl\/wp-json\/wp\/v2\/pages\/15","targetHints":{"allow":["GET"]}}],"collection":[{"href":"https:\/\/www.galvanina.com\/pl\/wp-json\/wp\/v2\/pages"}],"about":[{"href":"https:\/\/www.galvanina.com\/pl\/wp-json\/wp\/v2\/types\/page"}],"author":[{"embeddable":true,"href":"https:\/\/www.galvanina.com\/pl\/wp-json\/wp\/v2\/users\/1"}],"replies":[{"embeddable":true,"href":"https:\/\/www.galvanina.com\/pl\/wp-json\/wp\/v2\/comments?post=15"}],"version-history":[{"count":46,"href":"https:\/\/www.galvanina.com\/pl\/wp-json\/wp\/v2\/pages\/15\/revisions"}],"predecessor-version":[{"id":4061,"href":"https:\/\/www.galvanina.com\/pl\/wp-json\/wp\/v2\/pages\/15\/revisions\/4061"}],"wp:attachment":[{"href":"https:\/\/www.galvanina.com\/pl\/wp-json\/wp\/v2\/media?parent=15"}],"curies":[{"name":"wp","href":"https:\/\/api.w.org\/{rel}","templated":true}]}}