{"id":147,"date":"2020-05-21T09:11:53","date_gmt":"2020-05-21T07:11:53","guid":{"rendered":"https:\/\/galvanina.dev.locale\/?page_id=147"},"modified":"2023-07-10T18:42:27","modified_gmt":"2023-07-10T16:42:27","slug":"o-nas","status":"publish","type":"page","link":"https:\/\/www.galvanina.com\/pl\/o-nas\/","title":{"rendered":"O nas"},"content":{"rendered":"\r\n<p>Zlokalizowana na wzg\u00f3rzach niedaleko Rimini, Galvanina bierze swoj\u0105 nazw\u0119 od jednego z wydajnych  <a href=\"https:\/\/www.galvanina.com\/pl\/who-we-are\/sources\/\">\u017ar\u00f3de\u0142 wody mineralnej<\/a>.<\/p>\r\n\r\n\r\n\r\n<p>Przez wiek Galvanina <strong>butelkowa\u0142a wod\u0119 mineraln\u0105<\/strong>, przekszta\u0142caj\u0105c pocz\u0105tkow\u0105 rzemie\u015blnicz\u0105 produkcj\u0119 w pe\u0142noprawn\u0105 operacj\u0119 przemys\u0142ow\u0105.<\/p>\r\n\r\n\r\n\r\n<p>Obecnie Galvanina posiada i prowadzi <a href=\"https:\/\/www.galvanina.com\/pl\/who-we-are\/production-plants\/\">trzy miejsca produkcji<\/a> oraz \u017ar\u00f3d\u0142o Val di Meti, zlokalizowane w centralnym Apeninie.\r\n\r\n\r\n\r\n<p>Firma jest znana z ci\u0105g\u0142ych <strong>bada\u0144 nad popraw\u0105 jako\u015bci<\/strong>, u\u017cywania najwy\u017cszej jako\u015bci sk\u0142adnik\u00f3w, zr\u00f3wnowa\u017conej dzia\u0142alno\u015bci oraz rzemie\u015blniczego dbania o szczeg\u00f3\u0142y.<\/p>\r\n\r\n\r\n\r\n<p><strong>Galvanina obecna jest w ponad 40 krajach<\/strong> ze swoj\u0105 w\u0142asn\u0105 mark\u0105 lub markami detalicznymi najwy\u017cszej jako\u015bci.<\/p>\r\n\r\n\r\n\r\n<p>Obecnie Galvanina produkuje i butelkuje &nbsp;<a href=\"https:\/\/www.galvanina.com\/pl\/product-line\/mineral-waters\/\" target=\"_blank\" rel=\"noreferrer noopener\">wod\u0119 mineraln\u0105,<\/a>&nbsp;<a href=\"https:\/\/www.galvanina.com\/pl\/product-line\/flavored-mineral-waters\/\" target=\"_blank\" rel=\"noreferrer noopener\">wody mineralne smakowe<\/a>,&nbsp;<a href=\"https:\/\/www.galvanina.com\/pl\/product-line\/organic-soft-drinks\/\" target=\"_blank\" rel=\"noreferrer noopener\">organiczne napoje gazowane,<\/a> oraz&nbsp;<a href=\"https:\/\/www.galvanina.com\/pl\/product-line\/organic-mixology-line\/\" target=\"_blank\" rel=\"noreferrer noopener\">mixery<\/a>, a tak\u017ce&nbsp;<a href=\"https:\/\/www.galvanina.com\/pl\/product-line\/organic-tasty-iced-teas\/\" target=\"_blank\" rel=\"noreferrer noopener\">herbaty mro\u017cone<\/a>.<\/p>\r\n\r\n\r\n\r\n<figure class=\"wp-block-image size-large\"><img loading=\"lazy\" decoding=\"async\" width=\"1280\" height=\"897\" src=\"https:\/\/www.galvanina.com\/pl\/wp-content\/uploads\/sites\/7\/2020\/05\/macchinario-limonata-bio-1280x897.jpg\" alt=\"impianto produzione limonata bio\" class=\"wp-image-1753\" srcset=\"https:\/\/www.galvanina.com\/pl\/wp-content\/uploads\/sites\/7\/2020\/05\/macchinario-limonata-bio-1280x897.jpg 1280w, https:\/\/www.galvanina.com\/pl\/wp-content\/uploads\/sites\/7\/2020\/05\/macchinario-limonata-bio-600x420.jpg 600w, https:\/\/www.galvanina.com\/pl\/wp-content\/uploads\/sites\/7\/2020\/05\/macchinario-limonata-bio-768x538.jpg 768w, https:\/\/www.galvanina.com\/pl\/wp-content\/uploads\/sites\/7\/2020\/05\/macchinario-limonata-bio-240x168.jpg 240w, https:\/\/www.galvanina.com\/pl\/wp-content\/uploads\/sites\/7\/2020\/05\/macchinario-limonata-bio-114x80.jpg 114w, https:\/\/www.galvanina.com\/pl\/wp-content\/uploads\/sites\/7\/2020\/05\/macchinario-limonata-bio.jpg 1440w\" sizes=\"auto, (max-width: 1280px) 100vw, 1280px\" \/><\/figure>\r\n","protected":false},"excerpt":{"rendered":"<p>Zlokalizowana na wzg\u00f3rzach niedaleko Rimini, Galvanina bierze swoj\u0105 nazw\u0119 od jednego z wydajnych \u017ar\u00f3de\u0142 wody mineralnej. Przez wiek Galvanina butelkowa\u0142a wod\u0119 mineraln\u0105, przekszta\u0142caj\u0105c pocz\u0105tkow\u0105 rzemie\u015blnicz\u0105 produkcj\u0119 w pe\u0142noprawn\u0105 operacj\u0119 przemys\u0142ow\u0105. Obecnie Galvanina posiada i prowadzi trzy miejsca produkcji oraz \u017ar\u00f3d\u0142o Val di Meti, zlokalizowane w centralnym Apeninie. Firma jest znana z ci\u0105g\u0142ych bada\u0144 nad popraw\u0105 [&hellip;]<\/p>\n","protected":false},"author":1,"featured_media":0,"parent":0,"menu_order":0,"comment_status":"closed","ping_status":"closed","template":"","meta":{"footnotes":""},"class_list":["post-147","page","type-page","status-publish","hentry"],"yoast_head":"<!-- This site is optimized with the Yoast SEO plugin v27.3 - https:\/\/yoast.com\/product\/yoast-seo-wordpress\/ -->\n<title>What is Galvanina, the Italian brand of bottled water and fruit-juice-flavored sodas<\/title>\n<meta name=\"description\" content=\"For a century, Galvanina has been bottling mineral water, transforming the initial artisanal process, into a fully-fledged industrial operation.\" \/>\n<meta name=\"robots\" content=\"index, follow, max-snippet:-1, max-image-preview:large, max-video-preview:-1\" \/>\n<link rel=\"canonical\" href=\"https:\/\/www.galvanina.com\/pl\/o-nas\/\" \/>\n<meta property=\"og:locale\" content=\"pl_PL\" \/>\n<meta property=\"og:type\" content=\"article\" \/>\n<meta property=\"og:title\" content=\"What is Galvanina, the Italian brand of bottled water and fruit-juice-flavored sodas\" \/>\n<meta property=\"og:description\" content=\"For a century, Galvanina has been bottling mineral water, transforming the initial artisanal process, into a fully-fledged industrial operation.\" \/>\n<meta property=\"og:url\" content=\"https:\/\/www.galvanina.com\/pl\/o-nas\/\" \/>\n<meta property=\"og:site_name\" content=\"Galvanina\" \/>\n<meta property=\"article:publisher\" content=\"https:\/\/www.facebook.com\/galvanina\/\" \/>\n<meta property=\"article:modified_time\" content=\"2023-07-10T16:42:27+00:00\" \/>\n<meta property=\"og:image\" content=\"https:\/\/www.galvanina.com\/pl\/wp-content\/uploads\/sites\/7\/2020\/05\/macchinario-limonata-bio-1280x897.jpg\" \/>\n<meta name=\"twitter:card\" content=\"summary_large_image\" \/>\n<meta name=\"twitter:label1\" content=\"Szacowany czas czytania\" \/>\n\t<meta name=\"twitter:data1\" content=\"1 minuta\" \/>\n<script type=\"application\/ld+json\" class=\"yoast-schema-graph\">{\"@context\":\"https:\\\/\\\/schema.org\",\"@graph\":[{\"@type\":\"WebPage\",\"@id\":\"https:\\\/\\\/www.galvanina.com\\\/pl\\\/o-nas\\\/\",\"url\":\"https:\\\/\\\/www.galvanina.com\\\/pl\\\/o-nas\\\/\",\"name\":\"What is Galvanina, the Italian brand of bottled water and fruit-juice-flavored sodas\",\"isPartOf\":{\"@id\":\"https:\\\/\\\/www.galvanina.com\\\/pl\\\/#website\"},\"primaryImageOfPage\":{\"@id\":\"https:\\\/\\\/www.galvanina.com\\\/pl\\\/o-nas\\\/#primaryimage\"},\"image\":{\"@id\":\"https:\\\/\\\/www.galvanina.com\\\/pl\\\/o-nas\\\/#primaryimage\"},\"thumbnailUrl\":\"https:\\\/\\\/www.galvanina.com\\\/pl\\\/wp-content\\\/uploads\\\/sites\\\/7\\\/2020\\\/05\\\/macchinario-limonata-bio-1280x897.jpg\",\"datePublished\":\"2020-05-21T07:11:53+00:00\",\"dateModified\":\"2023-07-10T16:42:27+00:00\",\"description\":\"For a century, Galvanina has been bottling mineral water, transforming the initial artisanal process, into a fully-fledged industrial operation.\",\"breadcrumb\":{\"@id\":\"https:\\\/\\\/www.galvanina.com\\\/pl\\\/o-nas\\\/#breadcrumb\"},\"inLanguage\":\"pl-PL\",\"potentialAction\":[{\"@type\":\"ReadAction\",\"target\":[\"https:\\\/\\\/www.galvanina.com\\\/pl\\\/o-nas\\\/\"]}]},{\"@type\":\"ImageObject\",\"inLanguage\":\"pl-PL\",\"@id\":\"https:\\\/\\\/www.galvanina.com\\\/pl\\\/o-nas\\\/#primaryimage\",\"url\":\"https:\\\/\\\/www.galvanina.com\\\/pl\\\/wp-content\\\/uploads\\\/sites\\\/7\\\/2020\\\/05\\\/macchinario-limonata-bio.jpg\",\"contentUrl\":\"https:\\\/\\\/www.galvanina.com\\\/pl\\\/wp-content\\\/uploads\\\/sites\\\/7\\\/2020\\\/05\\\/macchinario-limonata-bio.jpg\",\"width\":1440,\"height\":1009,\"caption\":\"impianto produzione limonata bio\"},{\"@type\":\"BreadcrumbList\",\"@id\":\"https:\\\/\\\/www.galvanina.com\\\/pl\\\/o-nas\\\/#breadcrumb\",\"itemListElement\":[{\"@type\":\"ListItem\",\"position\":1,\"name\":\"Home\",\"item\":\"https:\\\/\\\/www.galvanina.com\\\/pl\\\/\"},{\"@type\":\"ListItem\",\"position\":2,\"name\":\"O nas\"}]},{\"@type\":\"WebSite\",\"@id\":\"https:\\\/\\\/www.galvanina.com\\\/pl\\\/#website\",\"url\":\"https:\\\/\\\/www.galvanina.com\\\/pl\\\/\",\"name\":\"Galvanina\",\"description\":\"\",\"publisher\":{\"@id\":\"https:\\\/\\\/www.galvanina.com\\\/pl\\\/#organization\"},\"potentialAction\":[{\"@type\":\"SearchAction\",\"target\":{\"@type\":\"EntryPoint\",\"urlTemplate\":\"https:\\\/\\\/www.galvanina.com\\\/pl\\\/?s={search_term_string}\"},\"query-input\":{\"@type\":\"PropertyValueSpecification\",\"valueRequired\":true,\"valueName\":\"search_term_string\"}}],\"inLanguage\":\"pl-PL\"},{\"@type\":\"Organization\",\"@id\":\"https:\\\/\\\/www.galvanina.com\\\/pl\\\/#organization\",\"name\":\"Galvanina Poland\",\"url\":\"https:\\\/\\\/www.galvanina.com\\\/pl\\\/\",\"logo\":{\"@type\":\"ImageObject\",\"inLanguage\":\"pl-PL\",\"@id\":\"https:\\\/\\\/www.galvanina.com\\\/pl\\\/#\\\/schema\\\/logo\\\/image\\\/\",\"url\":\"https:\\\/\\\/www.galvanina.com\\\/pl\\\/wp-content\\\/uploads\\\/sites\\\/7\\\/2020\\\/06\\\/logo-galvanina.png\",\"contentUrl\":\"https:\\\/\\\/www.galvanina.com\\\/pl\\\/wp-content\\\/uploads\\\/sites\\\/7\\\/2020\\\/06\\\/logo-galvanina.png\",\"width\":768,\"height\":768,\"caption\":\"Galvanina Poland\"},\"image\":{\"@id\":\"https:\\\/\\\/www.galvanina.com\\\/pl\\\/#\\\/schema\\\/logo\\\/image\\\/\"},\"sameAs\":[\"https:\\\/\\\/www.facebook.com\\\/galvanina\\\/\",\"https:\\\/\\\/www.instagram.com\\\/lagalvanina\\\/\",\"https:\\\/\\\/www.linkedin.com\\\/company\\\/galvanina\\\/\"]}]}<\/script>\n<!-- \/ Yoast SEO plugin. -->","yoast_head_json":{"title":"What is Galvanina, the Italian brand of bottled water and fruit-juice-flavored sodas","description":"For a century, Galvanina has been bottling mineral water, transforming the initial artisanal process, into a fully-fledged industrial operation.","robots":{"index":"index","follow":"follow","max-snippet":"max-snippet:-1","max-image-preview":"max-image-preview:large","max-video-preview":"max-video-preview:-1"},"canonical":"https:\/\/www.galvanina.com\/pl\/o-nas\/","og_locale":"pl_PL","og_type":"article","og_title":"What is Galvanina, the Italian brand of bottled water and fruit-juice-flavored sodas","og_description":"For a century, Galvanina has been bottling mineral water, transforming the initial artisanal process, into a fully-fledged industrial operation.","og_url":"https:\/\/www.galvanina.com\/pl\/o-nas\/","og_site_name":"Galvanina","article_publisher":"https:\/\/www.facebook.com\/galvanina\/","article_modified_time":"2023-07-10T16:42:27+00:00","og_image":[{"url":"https:\/\/www.galvanina.com\/pl\/wp-content\/uploads\/sites\/7\/2020\/05\/macchinario-limonata-bio-1280x897.jpg","type":"","width":"","height":""}],"twitter_card":"summary_large_image","twitter_misc":{"Szacowany czas czytania":"1 minuta"},"schema":{"@context":"https:\/\/schema.org","@graph":[{"@type":"WebPage","@id":"https:\/\/www.galvanina.com\/pl\/o-nas\/","url":"https:\/\/www.galvanina.com\/pl\/o-nas\/","name":"What is Galvanina, the Italian brand of bottled water and fruit-juice-flavored sodas","isPartOf":{"@id":"https:\/\/www.galvanina.com\/pl\/#website"},"primaryImageOfPage":{"@id":"https:\/\/www.galvanina.com\/pl\/o-nas\/#primaryimage"},"image":{"@id":"https:\/\/www.galvanina.com\/pl\/o-nas\/#primaryimage"},"thumbnailUrl":"https:\/\/www.galvanina.com\/pl\/wp-content\/uploads\/sites\/7\/2020\/05\/macchinario-limonata-bio-1280x897.jpg","datePublished":"2020-05-21T07:11:53+00:00","dateModified":"2023-07-10T16:42:27+00:00","description":"For a century, Galvanina has been bottling mineral water, transforming the initial artisanal process, into a fully-fledged industrial operation.","breadcrumb":{"@id":"https:\/\/www.galvanina.com\/pl\/o-nas\/#breadcrumb"},"inLanguage":"pl-PL","potentialAction":[{"@type":"ReadAction","target":["https:\/\/www.galvanina.com\/pl\/o-nas\/"]}]},{"@type":"ImageObject","inLanguage":"pl-PL","@id":"https:\/\/www.galvanina.com\/pl\/o-nas\/#primaryimage","url":"https:\/\/www.galvanina.com\/pl\/wp-content\/uploads\/sites\/7\/2020\/05\/macchinario-limonata-bio.jpg","contentUrl":"https:\/\/www.galvanina.com\/pl\/wp-content\/uploads\/sites\/7\/2020\/05\/macchinario-limonata-bio.jpg","width":1440,"height":1009,"caption":"impianto produzione limonata bio"},{"@type":"BreadcrumbList","@id":"https:\/\/www.galvanina.com\/pl\/o-nas\/#breadcrumb","itemListElement":[{"@type":"ListItem","position":1,"name":"Home","item":"https:\/\/www.galvanina.com\/pl\/"},{"@type":"ListItem","position":2,"name":"O nas"}]},{"@type":"WebSite","@id":"https:\/\/www.galvanina.com\/pl\/#website","url":"https:\/\/www.galvanina.com\/pl\/","name":"Galvanina","description":"","publisher":{"@id":"https:\/\/www.galvanina.com\/pl\/#organization"},"potentialAction":[{"@type":"SearchAction","target":{"@type":"EntryPoint","urlTemplate":"https:\/\/www.galvanina.com\/pl\/?s={search_term_string}"},"query-input":{"@type":"PropertyValueSpecification","valueRequired":true,"valueName":"search_term_string"}}],"inLanguage":"pl-PL"},{"@type":"Organization","@id":"https:\/\/www.galvanina.com\/pl\/#organization","name":"Galvanina Poland","url":"https:\/\/www.galvanina.com\/pl\/","logo":{"@type":"ImageObject","inLanguage":"pl-PL","@id":"https:\/\/www.galvanina.com\/pl\/#\/schema\/logo\/image\/","url":"https:\/\/www.galvanina.com\/pl\/wp-content\/uploads\/sites\/7\/2020\/06\/logo-galvanina.png","contentUrl":"https:\/\/www.galvanina.com\/pl\/wp-content\/uploads\/sites\/7\/2020\/06\/logo-galvanina.png","width":768,"height":768,"caption":"Galvanina Poland"},"image":{"@id":"https:\/\/www.galvanina.com\/pl\/#\/schema\/logo\/image\/"},"sameAs":["https:\/\/www.facebook.com\/galvanina\/","https:\/\/www.instagram.com\/lagalvanina\/","https:\/\/www.linkedin.com\/company\/galvanina\/"]}]}},"_links":{"self":[{"href":"https:\/\/www.galvanina.com\/pl\/wp-json\/wp\/v2\/pages\/147","targetHints":{"allow":["GET"]}}],"collection":[{"href":"https:\/\/www.galvanina.com\/pl\/wp-json\/wp\/v2\/pages"}],"about":[{"href":"https:\/\/www.galvanina.com\/pl\/wp-json\/wp\/v2\/types\/page"}],"author":[{"embeddable":true,"href":"https:\/\/www.galvanina.com\/pl\/wp-json\/wp\/v2\/users\/1"}],"replies":[{"embeddable":true,"href":"https:\/\/www.galvanina.com\/pl\/wp-json\/wp\/v2\/comments?post=147"}],"version-history":[{"count":11,"href":"https:\/\/www.galvanina.com\/pl\/wp-json\/wp\/v2\/pages\/147\/revisions"}],"predecessor-version":[{"id":3935,"href":"https:\/\/www.galvanina.com\/pl\/wp-json\/wp\/v2\/pages\/147\/revisions\/3935"}],"wp:attachment":[{"href":"https:\/\/www.galvanina.com\/pl\/wp-json\/wp\/v2\/media?parent=147"}],"curies":[{"name":"wp","href":"https:\/\/api.w.org\/{rel}","templated":true}]}}