{"id":5682,"date":"2025-12-02T12:49:36","date_gmt":"2025-12-02T11:49:36","guid":{"rendered":"https:\/\/www.galvanina.com\/fr\/?page_id=5682"},"modified":"2026-04-22T16:17:20","modified_gmt":"2026-04-22T14:17:20","slug":"contact","status":"publish","type":"page","link":"https:\/\/www.galvanina.com\/fr\/contact\/","title":{"rendered":"Contact"},"content":{"rendered":"<form id=\"jquery_form_contatti\" action=\"\" method=\"POST\">\n<input type=\"hidden\" id=\"security_nonce\" name=\"security_nonce\" value=\"113ddd2dfe\" \/><input type=\"hidden\" name=\"_wp_http_referer\" value=\"\/fr\/wp-json\/wp\/v2\/pages\/5682\" \/><br \/>\n<input type=\"hidden\" name=\"contatti_form\" value=\"1\"><br \/>\n<input name=\"language\" type=\"hidden\" value=\"fr\" \/><br \/>\n<input name=\"retURL\" type=\"hidden\" value=\"\/fr\/merci-page-message-fr\/\"><br \/>\n<label for=\"first_name\">Nom<\/label><input id=\"first_name\" maxlength=\"40\" name=\"first_name\" size=\"20\" type=\"text\" required><br \/>\n<label for=\"last_name\">Pr\u00e9nom<\/label><input id=\"last_name\" maxlength=\"80\" name=\"last_name\" size=\"20\" type=\"text\" required><br \/>\n<label for=\"email\">Email<\/label><input id=\"email\" maxlength=\"80\" name=\"email\" size=\"20\" type=\"text\" required><br \/>\n<label for=\"phone\">T\u00e9l\u00e9phone<\/label><input id=\"phone\" maxlength=\"40\" name=\"phone\" size=\"20\" type=\"text\"><br \/>\n<label for=\"company\">Entreprise<\/label><input id=\"company\" maxlength=\"40\" name=\"company\" size=\"20\" type=\"text\"><br \/>\n<label for=\"city\">Ville<\/label><input id=\"city\" maxlength=\"40\" name=\"city\" size=\"20\" type=\"text\"><br \/>\nMessage:<textarea id=\"message\" name=\"message\" rows=\"3\" wrap=\"soft\" required><\/textarea><\/p>\n<div class=\"privacy-area\">\n<div>\n<input id=\"privacy_policy\" name=\"privacy_policy\" type=\"checkbox\" value=\"1\" required \/><br \/>\n<span class=\"desc-chk\">J&rsquo;ai lu la politique de <a target=\"_blank\" href=\"https:\/\/www.galvanina.com\/fr\/legal\/politique-de-confidentialite-et-cookies\/\" rel=\"noopener\">confidentialit\u00e9<\/a><\/span>\n<\/div>\n<div>\n<input id=\"info_to_other\" name=\"info_to_other\" type=\"checkbox\" value=\"1\" \/><br \/>\n<span class=\"desc-chk\">J\u2019accepte la communication de mes donn\u00e9es personnelles \u00e0 des tiers (par exemple revendeurs, distributeurs ou agents de La Galvanina S.p.A.) si n\u00e9cessaire pour donner suite \u00e0 ma demande<\/span>\n<\/div>\n<div>\n<input id=\"marketing\" name=\"marketing\" type=\"checkbox\" value=\"1\" \/><br \/>\n<span class=\"desc-chk\">J\u2019accepte que mes donn\u00e9es personnelles soient trait\u00e9es par La Galvanina S.p.A \u00e0 des fins de marketing (communications commerciales, offres, etc.)<\/span>\n<\/div>\n<\/div>\n<p><input id=\"force_submit\" name=\"force_submit\" type=\"hidden\" value=\"0\" \/><\/p>\n<div class=\"g-recaptcha\" data-sitekey=\"6Ldmx5ccAAAAANgc0KsMql1T70BEdoY_Lp4NGV1S\"><\/div>\n<p><input id=\"submit_contatti\" name=\"submit\" type=\"submit\" value=\"Soumettre\" \/><\/p>\n<div id=\"captcha_result\" class=\"alert_captcha\"><\/div>\n<\/form>\n<div id=\"popup-contatti-cont\" style=\"display: none;\">\n<div id=\"popup-contatti\">\n<span>Cher utilisateur,<\/p>\n<p>Nous vous informons que pour traiter votre demande il faut que Vous preniez connaissance de notre politique de confidentialit\u00e9. Nous vous informons \u00e9galement que si, pour traiter votre demande, il est n\u00e9cessaire de communiquer les donn\u00e9es fournies \u00e0 des tiers (par exemple, revendeurs\/distributeurs de La Galvanina, m\u00eame en dehors de l&rsquo;UE), votre consentement est requis, \u00e0 d\u00e9faut de quoi votre demande ne pourra pas \u00eatre trait\u00e9e. Si vous souhaitez autoriser La Galvanina \u00e0 transmettre vos donn\u00e9es \u00e0 cette fin, veuillez cocher la case correspondante.<\/p>\n<p>Enfin, nous vous rappelons que le consentement au traitement des donn\u00e9es \u00e0 des fins de marketing est facultatif.<\/p>\n<p>Merci.<\/span><\/p>\n<div class=\"button-contatti-popup\">\n<input id=\"submit_anyway\" name=\"submit_anyway\" type=\"submit\" value=\"Envoyer tout de m\u00eame \u00e0 La Galvanina\" \/><input id=\"no_submit\" name=\"no_submit\" type=\"submit\" value=\"Ok, je souhaite \u00e9valuer les consentements\" \/>\n<\/div>\n<\/div>\n<\/div>\n","protected":false},"excerpt":{"rendered":"<p>Nom Pr\u00e9nom Email T\u00e9l\u00e9phone Entreprise Ville Message: J&rsquo;ai lu la politique de confidentialit\u00e9 J\u2019accepte la communication de mes donn\u00e9es personnelles \u00e0 des tiers (par exemple revendeurs, distributeurs ou agents de La Galvanina S.p.A.) si n\u00e9cessaire pour donner suite \u00e0 ma demande J\u2019accepte que mes donn\u00e9es personnelles soient trait\u00e9es par La Galvanina S.p.A \u00e0 des fins [&hellip;]<\/p>\n","protected":false},"author":22,"featured_media":0,"parent":0,"menu_order":9,"comment_status":"closed","ping_status":"closed","template":"","meta":{"footnotes":""},"class_list":["post-5682","page","type-page","status-publish","hentry"],"yoast_head":"<!-- This site is optimized with the Yoast SEO plugin v27.3 - https:\/\/yoast.com\/product\/yoast-seo-wordpress\/ -->\n<title>Contact | Galvanina<\/title>\n<meta name=\"description\" content=\"Remplissez le formulaire dans son int\u00e9gralit\u00e9, notre \u00e9quipe vous contactera dans les plus brefs d\u00e9lais pour vous fournir toutes les informations dont vous avez besoin.\" \/>\n<meta name=\"robots\" content=\"noindex, follow\" \/>\n<meta property=\"og:locale\" content=\"fr_FR\" \/>\n<meta property=\"og:type\" content=\"article\" \/>\n<meta property=\"og:title\" content=\"Contact | Galvanina\" \/>\n<meta property=\"og:description\" content=\"Remplissez le formulaire dans son int\u00e9gralit\u00e9, notre \u00e9quipe vous contactera dans les plus brefs d\u00e9lais pour vous fournir toutes les informations dont vous avez besoin.\" \/>\n<meta property=\"og:url\" content=\"https:\/\/www.galvanina.com\/fr\/contact\/\" \/>\n<meta property=\"og:site_name\" content=\"Galvanina\" \/>\n<meta property=\"article:publisher\" content=\"https:\/\/www.facebook.com\/galvanina\/\" \/>\n<meta property=\"article:modified_time\" content=\"2026-04-22T14:17:20+00:00\" \/>\n<meta property=\"og:image\" content=\"https:\/\/www.galvanina.com\/fr\/wp-content\/uploads\/sites\/4\/2020\/06\/galvanina-social.jpg\" \/>\n\t<meta property=\"og:image:width\" content=\"1080\" \/>\n\t<meta property=\"og:image:height\" content=\"630\" \/>\n\t<meta property=\"og:image:type\" content=\"image\/jpeg\" \/>\n<meta name=\"twitter:card\" content=\"summary_large_image\" \/>\n<meta name=\"twitter:label1\" content=\"Dur\u00e9e de lecture estim\u00e9e\" \/>\n\t<meta name=\"twitter:data1\" content=\"1 minute\" \/>\n<script type=\"application\/ld+json\" class=\"yoast-schema-graph\">{\"@context\":\"https:\\\/\\\/schema.org\",\"@graph\":[{\"@type\":\"WebPage\",\"@id\":\"https:\\\/\\\/www.galvanina.com\\\/fr\\\/contact\\\/\",\"url\":\"https:\\\/\\\/www.galvanina.com\\\/fr\\\/contact\\\/\",\"name\":\"Contact | Galvanina\",\"isPartOf\":{\"@id\":\"https:\\\/\\\/www.galvanina.com\\\/fr\\\/#website\"},\"datePublished\":\"2025-12-02T11:49:36+00:00\",\"dateModified\":\"2026-04-22T14:17:20+00:00\",\"description\":\"Remplissez le formulaire dans son int\u00e9gralit\u00e9, notre \u00e9quipe vous contactera dans les plus brefs d\u00e9lais pour vous fournir toutes les informations dont vous avez besoin.\",\"breadcrumb\":{\"@id\":\"https:\\\/\\\/www.galvanina.com\\\/fr\\\/contact\\\/#breadcrumb\"},\"inLanguage\":\"fr-FR\",\"potentialAction\":[{\"@type\":\"ReadAction\",\"target\":[\"https:\\\/\\\/www.galvanina.com\\\/fr\\\/contact\\\/\"]}]},{\"@type\":\"BreadcrumbList\",\"@id\":\"https:\\\/\\\/www.galvanina.com\\\/fr\\\/contact\\\/#breadcrumb\",\"itemListElement\":[{\"@type\":\"ListItem\",\"position\":1,\"name\":\"Home\",\"item\":\"https:\\\/\\\/www.galvanina.com\\\/fr\\\/\"},{\"@type\":\"ListItem\",\"position\":2,\"name\":\"Contact\"}]},{\"@type\":\"WebSite\",\"@id\":\"https:\\\/\\\/www.galvanina.com\\\/fr\\\/#website\",\"url\":\"https:\\\/\\\/www.galvanina.com\\\/fr\\\/\",\"name\":\"Galvanina\",\"description\":\"\",\"publisher\":{\"@id\":\"https:\\\/\\\/www.galvanina.com\\\/fr\\\/#organization\"},\"potentialAction\":[{\"@type\":\"SearchAction\",\"target\":{\"@type\":\"EntryPoint\",\"urlTemplate\":\"https:\\\/\\\/www.galvanina.com\\\/fr\\\/?s={search_term_string}\"},\"query-input\":{\"@type\":\"PropertyValueSpecification\",\"valueRequired\":true,\"valueName\":\"search_term_string\"}}],\"inLanguage\":\"fr-FR\"},{\"@type\":\"Organization\",\"@id\":\"https:\\\/\\\/www.galvanina.com\\\/fr\\\/#organization\",\"name\":\"La Galvanina S.p.A.\",\"url\":\"https:\\\/\\\/www.galvanina.com\\\/fr\\\/\",\"logo\":{\"@type\":\"ImageObject\",\"inLanguage\":\"fr-FR\",\"@id\":\"https:\\\/\\\/www.galvanina.com\\\/fr\\\/#\\\/schema\\\/logo\\\/image\\\/\",\"url\":\"https:\\\/\\\/www.galvanina.com\\\/fr\\\/wp-content\\\/uploads\\\/sites\\\/4\\\/2020\\\/06\\\/logo-galvanina.png\",\"contentUrl\":\"https:\\\/\\\/www.galvanina.com\\\/fr\\\/wp-content\\\/uploads\\\/sites\\\/4\\\/2020\\\/06\\\/logo-galvanina.png\",\"width\":768,\"height\":768,\"caption\":\"La Galvanina S.p.A.\"},\"image\":{\"@id\":\"https:\\\/\\\/www.galvanina.com\\\/fr\\\/#\\\/schema\\\/logo\\\/image\\\/\"},\"sameAs\":[\"https:\\\/\\\/www.facebook.com\\\/galvanina\\\/\",\"https:\\\/\\\/www.instagram.com\\\/lagalvanina\\\/\",\"https:\\\/\\\/www.linkedin.com\\\/company\\\/galvanina\\\/\"]}]}<\/script>\n<!-- \/ Yoast SEO plugin. -->","yoast_head_json":{"title":"Contact | Galvanina","description":"Remplissez le formulaire dans son int\u00e9gralit\u00e9, notre \u00e9quipe vous contactera dans les plus brefs d\u00e9lais pour vous fournir toutes les informations dont vous avez besoin.","robots":{"index":"noindex","follow":"follow"},"og_locale":"fr_FR","og_type":"article","og_title":"Contact | Galvanina","og_description":"Remplissez le formulaire dans son int\u00e9gralit\u00e9, notre \u00e9quipe vous contactera dans les plus brefs d\u00e9lais pour vous fournir toutes les informations dont vous avez besoin.","og_url":"https:\/\/www.galvanina.com\/fr\/contact\/","og_site_name":"Galvanina","article_publisher":"https:\/\/www.facebook.com\/galvanina\/","article_modified_time":"2026-04-22T14:17:20+00:00","og_image":[{"width":1080,"height":630,"url":"https:\/\/www.galvanina.com\/fr\/wp-content\/uploads\/sites\/4\/2020\/06\/galvanina-social.jpg","type":"image\/jpeg"}],"twitter_card":"summary_large_image","twitter_misc":{"Dur\u00e9e de lecture estim\u00e9e":"1 minute"},"schema":{"@context":"https:\/\/schema.org","@graph":[{"@type":"WebPage","@id":"https:\/\/www.galvanina.com\/fr\/contact\/","url":"https:\/\/www.galvanina.com\/fr\/contact\/","name":"Contact | Galvanina","isPartOf":{"@id":"https:\/\/www.galvanina.com\/fr\/#website"},"datePublished":"2025-12-02T11:49:36+00:00","dateModified":"2026-04-22T14:17:20+00:00","description":"Remplissez le formulaire dans son int\u00e9gralit\u00e9, notre \u00e9quipe vous contactera dans les plus brefs d\u00e9lais pour vous fournir toutes les informations dont vous avez besoin.","breadcrumb":{"@id":"https:\/\/www.galvanina.com\/fr\/contact\/#breadcrumb"},"inLanguage":"fr-FR","potentialAction":[{"@type":"ReadAction","target":["https:\/\/www.galvanina.com\/fr\/contact\/"]}]},{"@type":"BreadcrumbList","@id":"https:\/\/www.galvanina.com\/fr\/contact\/#breadcrumb","itemListElement":[{"@type":"ListItem","position":1,"name":"Home","item":"https:\/\/www.galvanina.com\/fr\/"},{"@type":"ListItem","position":2,"name":"Contact"}]},{"@type":"WebSite","@id":"https:\/\/www.galvanina.com\/fr\/#website","url":"https:\/\/www.galvanina.com\/fr\/","name":"Galvanina","description":"","publisher":{"@id":"https:\/\/www.galvanina.com\/fr\/#organization"},"potentialAction":[{"@type":"SearchAction","target":{"@type":"EntryPoint","urlTemplate":"https:\/\/www.galvanina.com\/fr\/?s={search_term_string}"},"query-input":{"@type":"PropertyValueSpecification","valueRequired":true,"valueName":"search_term_string"}}],"inLanguage":"fr-FR"},{"@type":"Organization","@id":"https:\/\/www.galvanina.com\/fr\/#organization","name":"La Galvanina S.p.A.","url":"https:\/\/www.galvanina.com\/fr\/","logo":{"@type":"ImageObject","inLanguage":"fr-FR","@id":"https:\/\/www.galvanina.com\/fr\/#\/schema\/logo\/image\/","url":"https:\/\/www.galvanina.com\/fr\/wp-content\/uploads\/sites\/4\/2020\/06\/logo-galvanina.png","contentUrl":"https:\/\/www.galvanina.com\/fr\/wp-content\/uploads\/sites\/4\/2020\/06\/logo-galvanina.png","width":768,"height":768,"caption":"La Galvanina S.p.A."},"image":{"@id":"https:\/\/www.galvanina.com\/fr\/#\/schema\/logo\/image\/"},"sameAs":["https:\/\/www.facebook.com\/galvanina\/","https:\/\/www.instagram.com\/lagalvanina\/","https:\/\/www.linkedin.com\/company\/galvanina\/"]}]}},"_links":{"self":[{"href":"https:\/\/www.galvanina.com\/fr\/wp-json\/wp\/v2\/pages\/5682","targetHints":{"allow":["GET"]}}],"collection":[{"href":"https:\/\/www.galvanina.com\/fr\/wp-json\/wp\/v2\/pages"}],"about":[{"href":"https:\/\/www.galvanina.com\/fr\/wp-json\/wp\/v2\/types\/page"}],"author":[{"embeddable":true,"href":"https:\/\/www.galvanina.com\/fr\/wp-json\/wp\/v2\/users\/22"}],"replies":[{"embeddable":true,"href":"https:\/\/www.galvanina.com\/fr\/wp-json\/wp\/v2\/comments?post=5682"}],"version-history":[{"count":2,"href":"https:\/\/www.galvanina.com\/fr\/wp-json\/wp\/v2\/pages\/5682\/revisions"}],"predecessor-version":[{"id":5694,"href":"https:\/\/www.galvanina.com\/fr\/wp-json\/wp\/v2\/pages\/5682\/revisions\/5694"}],"wp:attachment":[{"href":"https:\/\/www.galvanina.com\/fr\/wp-json\/wp\/v2\/media?parent=5682"}],"curies":[{"name":"wp","href":"https:\/\/api.w.org\/{rel}","templated":true}]}}