{"id":3,"date":"2000-01-01T00:00:23","date_gmt":"1999-12-31T23:00:23","guid":{"rendered":"https:\/\/galvanina.dev.locale\/?page_id=3"},"modified":"2022-11-18T15:51:51","modified_gmt":"2022-11-18T14:51:51","slug":"politique-de-confidentialite-et-cookies","status":"publish","type":"page","link":"https:\/\/www.galvanina.com\/fr\/legal\/politique-de-confidentialite-et-cookies\/","title":{"rendered":"Politique de confidentialit\u00e9 et cookies"},"content":{"rendered":"\r\n<p>Le R\u00e8glement europ\u00e9en sur la protection des donn\u00e9es (RGPD) remplace la directive europ\u00e9enne 95\/46\/CE. Le R\u00e8glement vise \u00e0 fournir un cadre moderne, uniforme et solide pour la protection des donn\u00e9es en Europe, fond\u00e9 sur le principe de responsabilit\u00e9. Les nouvelles dispositions ont un impact en termes organisationnels, op\u00e9rationnels et technologiques, et \u00e9tablissent un syst\u00e8me de sanctions plus strict que le pr\u00e9c\u00e9dent.<\/p>\r\n\r\n\r\n\r\n<p>Le plus grand changement dans le paysage r\u00e9glementaire de la protection des donn\u00e9es concerne la juridiction \u00e9largie du RGPD, car celui-ci s\u2019applique au traitement des donn\u00e9es \u00e0 caract\u00e8re personnel effectu\u00e9 dans le cadre des activit\u00e9s d\u2019un \u00e9tablissement par un responsable du traitement ou un sous-traitant dans l\u2019Union europ\u00e9enne, que le traitement soit effectu\u00e9 ou non dans l\u2019Union europ\u00e9enne. De plus, le R\u00e8glement s\u2019applique au traitement des donn\u00e9es \u00e0 caract\u00e8re personnel des personnes concern\u00e9es qui se trouvent dans l\u2019Union europ\u00e9enne, effectu\u00e9 par un responsable du traitement ou un sous-traitant qui n\u2019est pas \u00e9tabli dans l\u2019Union europ\u00e9enne, lorsque les activit\u00e9s de traitement concernent : l\u2019offre de biens ou la prestation de services \u00e0 ces personnes concern\u00e9es de l\u2019Union europ\u00e9enne, que le paiement par la personne concern\u00e9e soit obligatoire ou non ; ou le suivi de leur comportement dans la mesure o\u00f9 ce comportement a lieu dans l\u2019Union europ\u00e9enne.<br \/>Le R\u00e8glement s\u2019applique \u00e9galement au traitement des donn\u00e9es \u00e0 caract\u00e8re personnel par un responsable du traitement qui n\u2019est pas \u00e9tabli dans l\u2019Union europ\u00e9enne mais dans un lieu r\u00e9gi par le droit d\u2019un \u00c9tat membre en vertu du droit international public.<\/p>\r\n\r\n\r\n\r\n<p>Le RGPD exige que les entreprises mettent en place des mesures techniques et organisationnelles appropri\u00e9es pour mettre en \u0153uvre les principes de protection des donn\u00e9es et sauvegarder les droits individuels. C\u2019est ce que l\u2019on appelle \u00ab\u00a0La protection des donn\u00e9es d\u00e8s la conception et par d\u00e9faut\u00a0\u00bb.<\/p>\r\n\r\n\r\n\r\n<p>La \u00ab\u00a0protection des donn\u00e9es d\u00e8s la conception\u00a0\u00bb garantit qu\u2019une entreprise prend en compte les questions de confidentialit\u00e9 et de protection des donn\u00e9es lors de la conception de tout syst\u00e8me, service, produit ou processus, puis tout au long de son cycle de vie.<br \/>\u00ab\u00a0La protection des donn\u00e9es par d\u00e9faut\u00a0\u00bb impose \u00e0 La Galvanina S.p.A. de veiller \u00e0 ce que la Soci\u00e9t\u00e9 ne traite que les donn\u00e9es n\u00e9cessaires \u00e0 la r\u00e9alisation d\u2019une finalit\u00e9 sp\u00e9cifique et pour une dur\u00e9e n\u2019exc\u00e9dant pas celle n\u00e9cessaire \u00e0 la r\u00e9alisation de la finalit\u00e9 pour laquelle les donn\u00e9es ont \u00e9t\u00e9 collect\u00e9es et trait\u00e9es.<\/p>\r\n\r\n\r\n\r\n<p>La Galvanina S.p.A. a adopt\u00e9 un Mod\u00e8le de gestion pour la protection des donn\u00e9es \u00e0 caract\u00e8re personnel conform\u00e9ment au RGPD, en tenant \u00e9galement compte des dispositions du d\u00e9cret l\u00e9gislatif n\u00b0 196\/2003, tel que modifi\u00e9 par le d\u00e9cret l\u00e9gislatif n\u00b0 101\/2018, \u00e9tablissant des r\u00e8gles et des proc\u00e9dures qui sont contraignantes pour la Soci\u00e9t\u00e9 et les employ\u00e9s. La Galvanina S.p.A. revoit et met \u00e0 jour p\u00e9riodiquement ses Politiques de protection des donn\u00e9es et de s\u00e9curit\u00e9 de l\u2019information selon les besoins, et d\u00e9finit des directives \u00e9volutives qui donnent lieu \u00e0 un plan de mise en \u0153uvre des mises \u00e0 jour. Dans les diff\u00e9rents documents de la section \u00ab\u00a0Politique de confidentialit\u00e9\u00a0\u00bb, La Galvanina S.p.A. fournit, conform\u00e9ment aux articles 13 et 14 du RGPD, toutes les informations requises, qui diff\u00e8rent en fonction de la finalit\u00e9 pour laquelle les Donn\u00e9es \u00e0 caract\u00e8re personnel des Personnes concern\u00e9es sont trait\u00e9es. Pour toute pr\u00e9cision compl\u00e9mentaire sur les paragraphes couverts par les Politiques, l\u2019utilisateur est invit\u00e9 \u00e0 contacter notre personne de contact \u00e0 l\u2019adresse \u00e9lectronique : privacy@galvanina.com<\/p>\r\n\r\n\r\n\r\n<p><strong><a href=\"https:\/\/www.galvanina.com\/fr\/legal\/politique-de-confidentialite-et-cookies\/politique-de-confidentialite\/\">Politique de confidentialit\u00e9<\/a><\/strong><\/p>\r\n\r\n\r\n\r\n<p><strong><a href=\"https:\/\/www.galvanina.com\/fr\/legal\/politique-de-confidentialite-et-cookies\/politique-en-matiere-de-cookies\/\">Politique en mati\u00e8re de cookies<\/a><\/strong><\/p>\r\n\r\n\r\n\r\n<p><strong><a href=\"https:\/\/www.galvanina.com\/fr\/confidentialite-b2b\/\">Notice fournisseurs\/partenaires commerciaux et leurs salari\u00e9s\/collaborateurs<\/a><\/strong><\/p>\r\n","protected":false},"excerpt":{"rendered":"<p>Le R\u00e8glement europ\u00e9en sur la protection des donn\u00e9es (RGPD) remplace la directive europ\u00e9enne 95\/46\/CE. Le R\u00e8glement vise \u00e0 fournir un cadre moderne, uniforme et solide pour la protection des donn\u00e9es en Europe, fond\u00e9 sur le principe de responsabilit\u00e9. Les nouvelles dispositions ont un impact en termes organisationnels, op\u00e9rationnels et technologiques, et \u00e9tablissent un syst\u00e8me de [&hellip;]<\/p>\n","protected":false},"author":23,"featured_media":0,"parent":1839,"menu_order":6,"comment_status":"closed","ping_status":"closed","template":"","meta":{"footnotes":""},"class_list":["post-3","page","type-page","status-publish","hentry"],"yoast_head":"<!-- This site is optimized with the Yoast SEO plugin v27.3 - https:\/\/yoast.com\/product\/yoast-seo-wordpress\/ -->\n<title>Politique de confidentialit\u00e9 et cookies | Galvanina<\/title>\n<meta name=\"robots\" content=\"noindex, nofollow\" \/>\n<meta property=\"og:locale\" content=\"fr_FR\" \/>\n<meta property=\"og:type\" content=\"article\" \/>\n<meta property=\"og:title\" content=\"Politique de confidentialit\u00e9 et cookies | Galvanina\" \/>\n<meta property=\"og:description\" content=\"Le R\u00e8glement europ\u00e9en sur la protection des donn\u00e9es (RGPD) remplace la directive europ\u00e9enne 95\/46\/CE. Le R\u00e8glement vise \u00e0 fournir un cadre moderne, uniforme et solide pour la protection des donn\u00e9es en Europe, fond\u00e9 sur le principe de responsabilit\u00e9. Les nouvelles dispositions ont un impact en termes organisationnels, op\u00e9rationnels et technologiques, et \u00e9tablissent un syst\u00e8me de [&hellip;]\" \/>\n<meta property=\"og:url\" content=\"https:\/\/www.galvanina.com\/fr\/legal\/politique-de-confidentialite-et-cookies\/\" \/>\n<meta property=\"og:site_name\" content=\"Galvanina\" \/>\n<meta property=\"article:publisher\" content=\"https:\/\/www.facebook.com\/galvanina\/\" \/>\n<meta property=\"article:modified_time\" content=\"2022-11-18T14:51:51+00:00\" \/>\n<meta property=\"og:image\" content=\"https:\/\/www.galvanina.com\/fr\/wp-content\/uploads\/sites\/4\/2020\/06\/galvanina-social.jpg\" \/>\n\t<meta property=\"og:image:width\" content=\"1080\" \/>\n\t<meta property=\"og:image:height\" content=\"630\" \/>\n\t<meta property=\"og:image:type\" content=\"image\/jpeg\" \/>\n<meta name=\"twitter:card\" content=\"summary_large_image\" \/>\n<meta name=\"twitter:label1\" content=\"Dur\u00e9e de lecture estim\u00e9e\" \/>\n\t<meta name=\"twitter:data1\" content=\"3 minutes\" \/>\n<script type=\"application\/ld+json\" class=\"yoast-schema-graph\">{\"@context\":\"https:\\\/\\\/schema.org\",\"@graph\":[{\"@type\":\"WebPage\",\"@id\":\"https:\\\/\\\/www.galvanina.com\\\/fr\\\/legal\\\/politique-de-confidentialite-et-cookies\\\/\",\"url\":\"https:\\\/\\\/www.galvanina.com\\\/fr\\\/legal\\\/politique-de-confidentialite-et-cookies\\\/\",\"name\":\"Politique de confidentialit\u00e9 et cookies | Galvanina\",\"isPartOf\":{\"@id\":\"https:\\\/\\\/www.galvanina.com\\\/fr\\\/#website\"},\"datePublished\":\"1999-12-31T23:00:23+00:00\",\"dateModified\":\"2022-11-18T14:51:51+00:00\",\"breadcrumb\":{\"@id\":\"https:\\\/\\\/www.galvanina.com\\\/fr\\\/legal\\\/politique-de-confidentialite-et-cookies\\\/#breadcrumb\"},\"inLanguage\":\"fr-FR\",\"potentialAction\":[{\"@type\":\"ReadAction\",\"target\":[\"https:\\\/\\\/www.galvanina.com\\\/fr\\\/legal\\\/politique-de-confidentialite-et-cookies\\\/\"]}]},{\"@type\":\"BreadcrumbList\",\"@id\":\"https:\\\/\\\/www.galvanina.com\\\/fr\\\/legal\\\/politique-de-confidentialite-et-cookies\\\/#breadcrumb\",\"itemListElement\":[{\"@type\":\"ListItem\",\"position\":1,\"name\":\"Home\",\"item\":\"https:\\\/\\\/www.galvanina.com\\\/fr\\\/\"},{\"@type\":\"ListItem\",\"position\":2,\"name\":\"Legal\",\"item\":\"https:\\\/\\\/www.galvanina.com\\\/fr\\\/legal\\\/\"},{\"@type\":\"ListItem\",\"position\":3,\"name\":\"Politique de confidentialit\u00e9 et cookies\"}]},{\"@type\":\"WebSite\",\"@id\":\"https:\\\/\\\/www.galvanina.com\\\/fr\\\/#website\",\"url\":\"https:\\\/\\\/www.galvanina.com\\\/fr\\\/\",\"name\":\"Galvanina\",\"description\":\"\",\"publisher\":{\"@id\":\"https:\\\/\\\/www.galvanina.com\\\/fr\\\/#organization\"},\"potentialAction\":[{\"@type\":\"SearchAction\",\"target\":{\"@type\":\"EntryPoint\",\"urlTemplate\":\"https:\\\/\\\/www.galvanina.com\\\/fr\\\/?s={search_term_string}\"},\"query-input\":{\"@type\":\"PropertyValueSpecification\",\"valueRequired\":true,\"valueName\":\"search_term_string\"}}],\"inLanguage\":\"fr-FR\"},{\"@type\":\"Organization\",\"@id\":\"https:\\\/\\\/www.galvanina.com\\\/fr\\\/#organization\",\"name\":\"La Galvanina S.p.A.\",\"url\":\"https:\\\/\\\/www.galvanina.com\\\/fr\\\/\",\"logo\":{\"@type\":\"ImageObject\",\"inLanguage\":\"fr-FR\",\"@id\":\"https:\\\/\\\/www.galvanina.com\\\/fr\\\/#\\\/schema\\\/logo\\\/image\\\/\",\"url\":\"https:\\\/\\\/www.galvanina.com\\\/fr\\\/wp-content\\\/uploads\\\/sites\\\/4\\\/2020\\\/06\\\/logo-galvanina.png\",\"contentUrl\":\"https:\\\/\\\/www.galvanina.com\\\/fr\\\/wp-content\\\/uploads\\\/sites\\\/4\\\/2020\\\/06\\\/logo-galvanina.png\",\"width\":768,\"height\":768,\"caption\":\"La Galvanina S.p.A.\"},\"image\":{\"@id\":\"https:\\\/\\\/www.galvanina.com\\\/fr\\\/#\\\/schema\\\/logo\\\/image\\\/\"},\"sameAs\":[\"https:\\\/\\\/www.facebook.com\\\/galvanina\\\/\",\"https:\\\/\\\/www.instagram.com\\\/lagalvanina\\\/\",\"https:\\\/\\\/www.linkedin.com\\\/company\\\/galvanina\\\/\"]}]}<\/script>\n<!-- \/ Yoast SEO plugin. -->","yoast_head_json":{"title":"Politique de confidentialit\u00e9 et cookies | Galvanina","robots":{"index":"noindex","follow":"nofollow"},"og_locale":"fr_FR","og_type":"article","og_title":"Politique de confidentialit\u00e9 et cookies | Galvanina","og_description":"Le R\u00e8glement europ\u00e9en sur la protection des donn\u00e9es (RGPD) remplace la directive europ\u00e9enne 95\/46\/CE. Le R\u00e8glement vise \u00e0 fournir un cadre moderne, uniforme et solide pour la protection des donn\u00e9es en Europe, fond\u00e9 sur le principe de responsabilit\u00e9. Les nouvelles dispositions ont un impact en termes organisationnels, op\u00e9rationnels et technologiques, et \u00e9tablissent un syst\u00e8me de [&hellip;]","og_url":"https:\/\/www.galvanina.com\/fr\/legal\/politique-de-confidentialite-et-cookies\/","og_site_name":"Galvanina","article_publisher":"https:\/\/www.facebook.com\/galvanina\/","article_modified_time":"2022-11-18T14:51:51+00:00","og_image":[{"width":1080,"height":630,"url":"https:\/\/www.galvanina.com\/fr\/wp-content\/uploads\/sites\/4\/2020\/06\/galvanina-social.jpg","type":"image\/jpeg"}],"twitter_card":"summary_large_image","twitter_misc":{"Dur\u00e9e de lecture estim\u00e9e":"3 minutes"},"schema":{"@context":"https:\/\/schema.org","@graph":[{"@type":"WebPage","@id":"https:\/\/www.galvanina.com\/fr\/legal\/politique-de-confidentialite-et-cookies\/","url":"https:\/\/www.galvanina.com\/fr\/legal\/politique-de-confidentialite-et-cookies\/","name":"Politique de confidentialit\u00e9 et cookies | Galvanina","isPartOf":{"@id":"https:\/\/www.galvanina.com\/fr\/#website"},"datePublished":"1999-12-31T23:00:23+00:00","dateModified":"2022-11-18T14:51:51+00:00","breadcrumb":{"@id":"https:\/\/www.galvanina.com\/fr\/legal\/politique-de-confidentialite-et-cookies\/#breadcrumb"},"inLanguage":"fr-FR","potentialAction":[{"@type":"ReadAction","target":["https:\/\/www.galvanina.com\/fr\/legal\/politique-de-confidentialite-et-cookies\/"]}]},{"@type":"BreadcrumbList","@id":"https:\/\/www.galvanina.com\/fr\/legal\/politique-de-confidentialite-et-cookies\/#breadcrumb","itemListElement":[{"@type":"ListItem","position":1,"name":"Home","item":"https:\/\/www.galvanina.com\/fr\/"},{"@type":"ListItem","position":2,"name":"Legal","item":"https:\/\/www.galvanina.com\/fr\/legal\/"},{"@type":"ListItem","position":3,"name":"Politique de confidentialit\u00e9 et cookies"}]},{"@type":"WebSite","@id":"https:\/\/www.galvanina.com\/fr\/#website","url":"https:\/\/www.galvanina.com\/fr\/","name":"Galvanina","description":"","publisher":{"@id":"https:\/\/www.galvanina.com\/fr\/#organization"},"potentialAction":[{"@type":"SearchAction","target":{"@type":"EntryPoint","urlTemplate":"https:\/\/www.galvanina.com\/fr\/?s={search_term_string}"},"query-input":{"@type":"PropertyValueSpecification","valueRequired":true,"valueName":"search_term_string"}}],"inLanguage":"fr-FR"},{"@type":"Organization","@id":"https:\/\/www.galvanina.com\/fr\/#organization","name":"La Galvanina S.p.A.","url":"https:\/\/www.galvanina.com\/fr\/","logo":{"@type":"ImageObject","inLanguage":"fr-FR","@id":"https:\/\/www.galvanina.com\/fr\/#\/schema\/logo\/image\/","url":"https:\/\/www.galvanina.com\/fr\/wp-content\/uploads\/sites\/4\/2020\/06\/logo-galvanina.png","contentUrl":"https:\/\/www.galvanina.com\/fr\/wp-content\/uploads\/sites\/4\/2020\/06\/logo-galvanina.png","width":768,"height":768,"caption":"La Galvanina S.p.A."},"image":{"@id":"https:\/\/www.galvanina.com\/fr\/#\/schema\/logo\/image\/"},"sameAs":["https:\/\/www.facebook.com\/galvanina\/","https:\/\/www.instagram.com\/lagalvanina\/","https:\/\/www.linkedin.com\/company\/galvanina\/"]}]}},"_links":{"self":[{"href":"https:\/\/www.galvanina.com\/fr\/wp-json\/wp\/v2\/pages\/3","targetHints":{"allow":["GET"]}}],"collection":[{"href":"https:\/\/www.galvanina.com\/fr\/wp-json\/wp\/v2\/pages"}],"about":[{"href":"https:\/\/www.galvanina.com\/fr\/wp-json\/wp\/v2\/types\/page"}],"author":[{"embeddable":true,"href":"https:\/\/www.galvanina.com\/fr\/wp-json\/wp\/v2\/users\/23"}],"replies":[{"embeddable":true,"href":"https:\/\/www.galvanina.com\/fr\/wp-json\/wp\/v2\/comments?post=3"}],"version-history":[{"count":12,"href":"https:\/\/www.galvanina.com\/fr\/wp-json\/wp\/v2\/pages\/3\/revisions"}],"predecessor-version":[{"id":5465,"href":"https:\/\/www.galvanina.com\/fr\/wp-json\/wp\/v2\/pages\/3\/revisions\/5465"}],"up":[{"embeddable":true,"href":"https:\/\/www.galvanina.com\/fr\/wp-json\/wp\/v2\/pages\/1839"}],"wp:attachment":[{"href":"https:\/\/www.galvanina.com\/fr\/wp-json\/wp\/v2\/media?parent=3"}],"curies":[{"name":"wp","href":"https:\/\/api.w.org\/{rel}","templated":true}]}}