{"id":2111,"date":"2020-06-09T15:59:08","date_gmt":"2020-06-09T13:59:08","guid":{"rendered":"https:\/\/www.galvanina.com\/fr\/?page_id=2111"},"modified":"2021-04-19T09:58:39","modified_gmt":"2021-04-19T07:58:39","slug":"mentions-legales","status":"publish","type":"page","link":"https:\/\/www.galvanina.com\/fr\/legal\/mentions-legales\/","title":{"rendered":"Mentions l\u00e9gales"},"content":{"rendered":"\n<p>L\u2019acc\u00e8s \u00e0 ce site est soumis aux conditions \u00e9nonc\u00e9es ci-apr\u00e8s. L\u2019acc\u00e8s au site et la navigation ne sont autoris\u00e9s qu\u2019apr\u00e8s acceptation des conditions figurant dans ce document.<br>Ce site ne peut \u00eatre utilis\u00e9 ou visit\u00e9 sans avoir accept\u00e9 au pr\u00e9alable les conditions contenues dans ce document.<br>L\u2019utilisation du site implique l\u2019acceptation des conditions figurant dans ce document.<\/p>\n\n\n\n<p>1. Ce site et les informations qu\u2019il contient, ainsi que les noms, images, photos et reproductions, logos et marques de commerce concernant Galvanina sont r\u00e9serv\u00e9s et prot\u00e9g\u00e9s par le droit d\u2019auteur en mati\u00e8re de marques, de brevets et de concurrence d\u00e9loyale. Tous les produits, images, reproductions, logos, marques et brevets sont la propri\u00e9t\u00e9 exclusive de Galvanina. Aucune autre personne n\u2019est propri\u00e9taire de licences ou de droits d\u2019utilisation de ces biens. Le contenu du site ne peut en aucun cas \u00eatre interpr\u00e9t\u00e9 comme l\u2019octroi de droits de licence ou de droits d\u2019utilisation des produits ou des marques&nbsp; Galvanina. Toute violation fera l\u2019objet de poursuites judiciaires par Galvanina, conform\u00e9ment aux lois applicables en mati\u00e8re de protection des marques, des brevets et de concurrence d\u00e9loyale.<\/p>\n\n\n\n<p>2. Les produits et services d\u00e9crits sur ce site peuvent \u00eatre fournis si et quand ils sont disponibles, sans que la publication sur le site implique la garantie (y compris implicite) de disponibilit\u00e9, de qualit\u00e9 marchande, d\u2019aptitude \u00e0 certains usages et de conformit\u00e9 aux lois en vigueur dans les diff\u00e9rents pays.<\/p>\n\n\n\n<p>3. Galvanina ne peut en aucun cas \u00eatre tenue responsable, contractuellement ou extra contractuellement, des dommages (y compris les dommages indirects ou non qualifi\u00e9s) r\u00e9sultant de l\u2019impossibilit\u00e9 d\u2019utilisation, de la perte de donn\u00e9es ou de profits d\u00e9coulant ou li\u00e9es \u00e0 l\u2019utilisation de ce site.<\/p>\n\n\n\n<p>4. Ce site peut contenir des publications comportant des donn\u00e9es techniques inexactes ou des erreurs d\u2019impression, qui seront corrig\u00e9es d\u00e8s que possible \u00e0 la discr\u00e9tion de Galvanina. Les donn\u00e9es contenues sur le site peuvent ne pas \u00eatre \u00e0 jour, le site n\u2019\u00e9tant mis \u00e0 jour que p\u00e9riodiquement. Les modifications des donn\u00e9es publicitaires sur le site peuvent \u00eatre effectu\u00e9es avec des retards par rapport aux changements effectifs apport\u00e9s aux produits ou aux donn\u00e9es les concernant.<\/p>\n\n\n\n<p>5. Galvanina peut \u00e0 tout moment ajouter des modifications aux pr\u00e9sentes conditions d\u2019acc\u00e8s, comme \u00e0 toute autre partie du site, sans pr\u00e9avis.<\/p>\n\n\n\n<p>6. Galvanina n\u2019est pas responsable du contenu des sites li\u00e9s \u00e0 son propre site web, ni des probl\u00e8mes d\u00e9coulant d\u2019une connexion indirecte via d\u2019autres liens.<\/p>\n\n\n\n<p>7. Galvanina promeut tous ses produits sur ce site. Ce qui ne veut pas dire que tous les produits sont commercialis\u00e9s dans tous les pays, ni que les produits, s\u2019ils sont commercialis\u00e9s, sont imm\u00e9diatement disponibles dans chaque pays. Pour obtenir des informations actualis\u00e9es, veuillez contacter directement le si\u00e8ge de Galvanina.<\/p>\n\n\n\n<p>8. Les pr\u00e9sentes conditions d\u2019acc\u00e8s au site sont r\u00e9gies par la loi italienne et tout litige d\u00e9coulant de l\u2019utilisation du site est soumis \u00e0 la comp\u00e9tence exclusive du tribunal de Rimini, Italie.<\/p>\n\n\n\n<p>9. LES UTILISATEURS QUI N\u2019ACCEPTENT PAS PLEINEMENT LES CONDITIONS D\u2019UTILISATION DU SITE SONT PRI\u00c9S DE QUITTER LE SITE IMM\u00c9DIATEMENT ET DE NE PAS L\u2019UTILISER.<\/p>\n","protected":false},"excerpt":{"rendered":"<p>L\u2019acc\u00e8s \u00e0 ce site est soumis aux conditions \u00e9nonc\u00e9es ci-apr\u00e8s. L\u2019acc\u00e8s au site et la navigation ne sont autoris\u00e9s qu\u2019apr\u00e8s acceptation des conditions figurant dans ce document.Ce site ne peut \u00eatre utilis\u00e9 ou visit\u00e9 sans avoir accept\u00e9 au pr\u00e9alable les conditions contenues dans ce document.L\u2019utilisation du site implique l\u2019acceptation des conditions figurant dans ce document. [&hellip;]<\/p>\n","protected":false},"author":23,"featured_media":0,"parent":1839,"menu_order":5,"comment_status":"closed","ping_status":"closed","template":"","meta":{"footnotes":""},"class_list":["post-2111","page","type-page","status-publish","hentry"],"yoast_head":"<!-- This site is optimized with the Yoast SEO plugin v27.5 - https:\/\/yoast.com\/product\/yoast-seo-wordpress\/ -->\n<title>Mentions l\u00e9gales | Galvanina<\/title>\n<meta name=\"robots\" content=\"noindex, follow\" \/>\n<meta property=\"og:locale\" content=\"fr_FR\" \/>\n<meta property=\"og:type\" content=\"article\" \/>\n<meta property=\"og:title\" content=\"Mentions l\u00e9gales | Galvanina\" \/>\n<meta property=\"og:description\" content=\"L\u2019acc\u00e8s \u00e0 ce site est soumis aux conditions \u00e9nonc\u00e9es ci-apr\u00e8s. L\u2019acc\u00e8s au site et la navigation ne sont autoris\u00e9s qu\u2019apr\u00e8s acceptation des conditions figurant dans ce document.Ce site ne peut \u00eatre utilis\u00e9 ou visit\u00e9 sans avoir accept\u00e9 au pr\u00e9alable les conditions contenues dans ce document.L\u2019utilisation du site implique l\u2019acceptation des conditions figurant dans ce document. [&hellip;]\" \/>\n<meta property=\"og:url\" content=\"https:\/\/www.galvanina.com\/fr\/legal\/mentions-legales\/\" \/>\n<meta property=\"og:site_name\" content=\"Galvanina\" \/>\n<meta property=\"article:publisher\" content=\"https:\/\/www.facebook.com\/galvanina\/\" \/>\n<meta property=\"article:modified_time\" content=\"2021-04-19T07:58:39+00:00\" \/>\n<meta property=\"og:image\" content=\"https:\/\/www.galvanina.com\/fr\/wp-content\/uploads\/sites\/4\/2020\/06\/galvanina-social.jpg\" \/>\n\t<meta property=\"og:image:width\" content=\"1080\" \/>\n\t<meta property=\"og:image:height\" content=\"630\" \/>\n\t<meta property=\"og:image:type\" content=\"image\/jpeg\" \/>\n<meta name=\"twitter:card\" content=\"summary_large_image\" \/>\n<meta name=\"twitter:label1\" content=\"Dur\u00e9e de lecture estim\u00e9e\" \/>\n\t<meta name=\"twitter:data1\" content=\"3 minutes\" \/>\n<script type=\"application\/ld+json\" class=\"yoast-schema-graph\">{\"@context\":\"https:\\\/\\\/schema.org\",\"@graph\":[{\"@type\":\"WebPage\",\"@id\":\"https:\\\/\\\/www.galvanina.com\\\/fr\\\/legal\\\/mentions-legales\\\/\",\"url\":\"https:\\\/\\\/www.galvanina.com\\\/fr\\\/legal\\\/mentions-legales\\\/\",\"name\":\"Mentions l\u00e9gales | Galvanina\",\"isPartOf\":{\"@id\":\"https:\\\/\\\/www.galvanina.com\\\/fr\\\/#website\"},\"datePublished\":\"2020-06-09T13:59:08+00:00\",\"dateModified\":\"2021-04-19T07:58:39+00:00\",\"breadcrumb\":{\"@id\":\"https:\\\/\\\/www.galvanina.com\\\/fr\\\/legal\\\/mentions-legales\\\/#breadcrumb\"},\"inLanguage\":\"fr-FR\",\"potentialAction\":[{\"@type\":\"ReadAction\",\"target\":[\"https:\\\/\\\/www.galvanina.com\\\/fr\\\/legal\\\/mentions-legales\\\/\"]}]},{\"@type\":\"BreadcrumbList\",\"@id\":\"https:\\\/\\\/www.galvanina.com\\\/fr\\\/legal\\\/mentions-legales\\\/#breadcrumb\",\"itemListElement\":[{\"@type\":\"ListItem\",\"position\":1,\"name\":\"Home\",\"item\":\"https:\\\/\\\/www.galvanina.com\\\/fr\\\/\"},{\"@type\":\"ListItem\",\"position\":2,\"name\":\"Legal\",\"item\":\"https:\\\/\\\/www.galvanina.com\\\/fr\\\/legal\\\/\"},{\"@type\":\"ListItem\",\"position\":3,\"name\":\"Mentions l\u00e9gales\"}]},{\"@type\":\"WebSite\",\"@id\":\"https:\\\/\\\/www.galvanina.com\\\/fr\\\/#website\",\"url\":\"https:\\\/\\\/www.galvanina.com\\\/fr\\\/\",\"name\":\"Galvanina\",\"description\":\"\",\"publisher\":{\"@id\":\"https:\\\/\\\/www.galvanina.com\\\/fr\\\/#organization\"},\"potentialAction\":[{\"@type\":\"SearchAction\",\"target\":{\"@type\":\"EntryPoint\",\"urlTemplate\":\"https:\\\/\\\/www.galvanina.com\\\/fr\\\/?s={search_term_string}\"},\"query-input\":{\"@type\":\"PropertyValueSpecification\",\"valueRequired\":true,\"valueName\":\"search_term_string\"}}],\"inLanguage\":\"fr-FR\"},{\"@type\":\"Organization\",\"@id\":\"https:\\\/\\\/www.galvanina.com\\\/fr\\\/#organization\",\"name\":\"La Galvanina S.p.A.\",\"url\":\"https:\\\/\\\/www.galvanina.com\\\/fr\\\/\",\"logo\":{\"@type\":\"ImageObject\",\"inLanguage\":\"fr-FR\",\"@id\":\"https:\\\/\\\/www.galvanina.com\\\/fr\\\/#\\\/schema\\\/logo\\\/image\\\/\",\"url\":\"https:\\\/\\\/www.galvanina.com\\\/fr\\\/wp-content\\\/uploads\\\/sites\\\/4\\\/2020\\\/06\\\/logo-galvanina.png\",\"contentUrl\":\"https:\\\/\\\/www.galvanina.com\\\/fr\\\/wp-content\\\/uploads\\\/sites\\\/4\\\/2020\\\/06\\\/logo-galvanina.png\",\"width\":768,\"height\":768,\"caption\":\"La Galvanina S.p.A.\"},\"image\":{\"@id\":\"https:\\\/\\\/www.galvanina.com\\\/fr\\\/#\\\/schema\\\/logo\\\/image\\\/\"},\"sameAs\":[\"https:\\\/\\\/www.facebook.com\\\/galvanina\\\/\",\"https:\\\/\\\/www.instagram.com\\\/lagalvanina\\\/\",\"https:\\\/\\\/www.linkedin.com\\\/company\\\/galvanina\\\/\"]}]}<\/script>\n<!-- \/ Yoast SEO plugin. -->","yoast_head_json":{"title":"Mentions l\u00e9gales | Galvanina","robots":{"index":"noindex","follow":"follow"},"og_locale":"fr_FR","og_type":"article","og_title":"Mentions l\u00e9gales | Galvanina","og_description":"L\u2019acc\u00e8s \u00e0 ce site est soumis aux conditions \u00e9nonc\u00e9es ci-apr\u00e8s. L\u2019acc\u00e8s au site et la navigation ne sont autoris\u00e9s qu\u2019apr\u00e8s acceptation des conditions figurant dans ce document.Ce site ne peut \u00eatre utilis\u00e9 ou visit\u00e9 sans avoir accept\u00e9 au pr\u00e9alable les conditions contenues dans ce document.L\u2019utilisation du site implique l\u2019acceptation des conditions figurant dans ce document. [&hellip;]","og_url":"https:\/\/www.galvanina.com\/fr\/legal\/mentions-legales\/","og_site_name":"Galvanina","article_publisher":"https:\/\/www.facebook.com\/galvanina\/","article_modified_time":"2021-04-19T07:58:39+00:00","og_image":[{"width":1080,"height":630,"url":"https:\/\/www.galvanina.com\/fr\/wp-content\/uploads\/sites\/4\/2020\/06\/galvanina-social.jpg","type":"image\/jpeg"}],"twitter_card":"summary_large_image","twitter_misc":{"Dur\u00e9e de lecture estim\u00e9e":"3 minutes"},"schema":{"@context":"https:\/\/schema.org","@graph":[{"@type":"WebPage","@id":"https:\/\/www.galvanina.com\/fr\/legal\/mentions-legales\/","url":"https:\/\/www.galvanina.com\/fr\/legal\/mentions-legales\/","name":"Mentions l\u00e9gales | Galvanina","isPartOf":{"@id":"https:\/\/www.galvanina.com\/fr\/#website"},"datePublished":"2020-06-09T13:59:08+00:00","dateModified":"2021-04-19T07:58:39+00:00","breadcrumb":{"@id":"https:\/\/www.galvanina.com\/fr\/legal\/mentions-legales\/#breadcrumb"},"inLanguage":"fr-FR","potentialAction":[{"@type":"ReadAction","target":["https:\/\/www.galvanina.com\/fr\/legal\/mentions-legales\/"]}]},{"@type":"BreadcrumbList","@id":"https:\/\/www.galvanina.com\/fr\/legal\/mentions-legales\/#breadcrumb","itemListElement":[{"@type":"ListItem","position":1,"name":"Home","item":"https:\/\/www.galvanina.com\/fr\/"},{"@type":"ListItem","position":2,"name":"Legal","item":"https:\/\/www.galvanina.com\/fr\/legal\/"},{"@type":"ListItem","position":3,"name":"Mentions l\u00e9gales"}]},{"@type":"WebSite","@id":"https:\/\/www.galvanina.com\/fr\/#website","url":"https:\/\/www.galvanina.com\/fr\/","name":"Galvanina","description":"","publisher":{"@id":"https:\/\/www.galvanina.com\/fr\/#organization"},"potentialAction":[{"@type":"SearchAction","target":{"@type":"EntryPoint","urlTemplate":"https:\/\/www.galvanina.com\/fr\/?s={search_term_string}"},"query-input":{"@type":"PropertyValueSpecification","valueRequired":true,"valueName":"search_term_string"}}],"inLanguage":"fr-FR"},{"@type":"Organization","@id":"https:\/\/www.galvanina.com\/fr\/#organization","name":"La Galvanina S.p.A.","url":"https:\/\/www.galvanina.com\/fr\/","logo":{"@type":"ImageObject","inLanguage":"fr-FR","@id":"https:\/\/www.galvanina.com\/fr\/#\/schema\/logo\/image\/","url":"https:\/\/www.galvanina.com\/fr\/wp-content\/uploads\/sites\/4\/2020\/06\/logo-galvanina.png","contentUrl":"https:\/\/www.galvanina.com\/fr\/wp-content\/uploads\/sites\/4\/2020\/06\/logo-galvanina.png","width":768,"height":768,"caption":"La Galvanina S.p.A."},"image":{"@id":"https:\/\/www.galvanina.com\/fr\/#\/schema\/logo\/image\/"},"sameAs":["https:\/\/www.facebook.com\/galvanina\/","https:\/\/www.instagram.com\/lagalvanina\/","https:\/\/www.linkedin.com\/company\/galvanina\/"]}]}},"_links":{"self":[{"href":"https:\/\/www.galvanina.com\/fr\/wp-json\/wp\/v2\/pages\/2111","targetHints":{"allow":["GET"]}}],"collection":[{"href":"https:\/\/www.galvanina.com\/fr\/wp-json\/wp\/v2\/pages"}],"about":[{"href":"https:\/\/www.galvanina.com\/fr\/wp-json\/wp\/v2\/types\/page"}],"author":[{"embeddable":true,"href":"https:\/\/www.galvanina.com\/fr\/wp-json\/wp\/v2\/users\/23"}],"replies":[{"embeddable":true,"href":"https:\/\/www.galvanina.com\/fr\/wp-json\/wp\/v2\/comments?post=2111"}],"version-history":[{"count":3,"href":"https:\/\/www.galvanina.com\/fr\/wp-json\/wp\/v2\/pages\/2111\/revisions"}],"predecessor-version":[{"id":5151,"href":"https:\/\/www.galvanina.com\/fr\/wp-json\/wp\/v2\/pages\/2111\/revisions\/5151"}],"up":[{"embeddable":true,"href":"https:\/\/www.galvanina.com\/fr\/wp-json\/wp\/v2\/pages\/1839"}],"wp:attachment":[{"href":"https:\/\/www.galvanina.com\/fr\/wp-json\/wp\/v2\/media?parent=2111"}],"curies":[{"name":"wp","href":"https:\/\/api.w.org\/{rel}","templated":true}]}}