{"id":2109,"date":"2020-06-09T15:57:09","date_gmt":"2020-06-09T13:57:09","guid":{"rendered":"https:\/\/www.galvanina.com\/fr\/?page_id=2109"},"modified":"2023-02-01T11:05:42","modified_gmt":"2023-02-01T10:05:42","slug":"politique-en-matiere-de-cookies","status":"publish","type":"page","link":"https:\/\/www.galvanina.com\/fr\/legal\/politique-de-confidentialite-et-cookies\/politique-en-matiere-de-cookies\/","title":{"rendered":"Politique en mati\u00e8re de cookies"},"content":{"rendered":"<h1>COOKIE POLICY<\/h1>\n<p><strong>www.galvanina.com<\/strong><\/p>\n<p>Date de la derni\u00e8re mise \u00e0 jour: 30 Septembre 2022<\/p>\n<p>Conform\u00e9ment \u00e0 l&rsquo;art. 13 RGPD et 122 du d\u00e9cret l\u00e9gislatif 196\/2003 (\u00ab\u00a0Code de confidentialit\u00e9\u00a0\u00bb), tel que modifi\u00e9 par le d\u00e9cret l\u00e9gislatif 101\/2018, ainsi que sur la base des dispositions de la Disposition G\u00e9n\u00e9rale du Garant pour la protection des donn\u00e9es \u00e0 caract\u00e8re personnel n. 229 du 8 mai 2014, et la derni\u00e8re Disposition no. 231 du 10 juin 2021 (\u00ab\u00a0<strong>Lignes directrices pour les cookies et autres traceurs<\/strong>\u00ab\u00a0), <strong>La Galvanina S.p.A.<\/strong>, Responsable du traitement, fournit \u00e0 travers cette Notice \u00e9tendue aux utilisateurs du site www.galvanina.com(ci-apr\u00e8s le \u00ab\u00a0<strong>Site<\/strong>\u00ab\u00a0) certaines informations relatives aux cookies utilis\u00e9s et \u00e0 comment les d\u00e9sactiver.<\/p>\n<p><strong>QU&rsquo;EST-CE QUE LES COOKIES ?<\/strong><br \/>\nLes cookies sont des fichiers texte qui stockent des informations sur votre disque dur, tablette, smartphone ou navigateur. Les cookies agissent comme une m\u00e9moire pour un site Web, permettant au site Web de reconna\u00eetre votre appareil \u00e0 chaque visite ult\u00e9rieure sur ce m\u00eame site. Les cookies facilitent la conservation de vos pr\u00e9f\u00e9rences sur le site Web et, en d\u00e9tectant la fa\u00e7on dont vous utilisez le site Web, permettent d&rsquo;am\u00e9liorer encore sa fonctionnalit\u00e9 et sa convivialit\u00e9 g\u00e9n\u00e9rale. Lors de votre navigation, vous pouvez \u00e9galement recevoir sur votre terminal des cookies tiers, qui ne sont pas sous notre contr\u00f4le, d\u00e9pos\u00e9s directement par les gestionnaires desdits sites et utilis\u00e9s aux fins et selon les modalit\u00e9s d\u00e9finies par ceux-ci.<\/p>\n<p><strong>Le Site utilise les types de cookies suivants:<\/strong><\/p>\n<p><strong>COOKIES TECHNIQUES (n\u00e9cessaires)<\/strong><br \/>\nCe sont des cookies indispensables pour permettre la navigation et l&rsquo;utilisation de toutes les fonctionnalit\u00e9s du Site. Ces cookies ne collectent pas d&rsquo;informations permettant d&rsquo;identifier l&rsquo;utilisateur. Si d\u00e9sactiv\u00e9s, l&rsquo;utilisation du contenu du Site pourrait \u00eatre compromise, impossible ou s\u00e9v\u00e8rement limit\u00e9e. Les cookies techniques comprennent \u00e9galement les cookies de session, ayant pour fonction de m\u00e9moriser les choix de l&rsquo;utilisateur au sein du site. Ces cookies sont supprim\u00e9s d\u00e8s que vous quittez le site. Ils sont strictement limit\u00e9s \u00e0 la transmission d&rsquo;identifiants de session (constitu\u00e9s de nombres al\u00e9atoires g\u00e9n\u00e9r\u00e9s par le serveur) n\u00e9cessaires pour permettre une exploration s\u00fbre et efficace du site.<\/p>\n<p><u>Aucun consentement de la personne concern\u00e9e n&rsquo;est requis pour l&rsquo;utilisation de cookies techniques.<\/u><\/p>\n<p><strong>COOKIES DE PROFILAGE (statistiques et marketing)<\/strong><br \/>\nLes cookies statistiques aident les propri\u00e9taires de sites Web \u00e0 comprendre comment les visiteurs interagissent avec les sites en collectant et en transmettant des informations de mani\u00e8re anonyme Les cookies marketing sont utilis\u00e9s pour tracer les visiteurs des sites web. Le but est de pr\u00e9senter des publicit\u00e9s pertinentes et attrayantes pour l&rsquo;utilisateur individuel et donc d&rsquo;une plus grande valeur pour les \u00e9diteurs et annonceurs tiers. Il est \u00e0 noter que les cookies de profilage peuvent provenir de sites g\u00e9r\u00e9s par des tiers (cookies d\u2019applications tierces). Un exemple courant est l&rsquo;utilisation du plugin de principaux r\u00e9seaux sociaux. Ce sont des parties de la page visit\u00e9e int\u00e9gr\u00e9es directement dans la page du site d\u2019h\u00e9bergement, par exemple dans le but d&rsquo;am\u00e9liorer l&rsquo;exp\u00e9rience de navigation de l&rsquo;utilisateur en partageant des contenus sur les r\u00e9seaux sociaux. La gestion des informations collect\u00e9es par des tiers est r\u00e9gie par les notices d\u2019information pertinentes auxquelles il convient de se r\u00e9f\u00e9rer pour toute pr\u00e9cision.<\/p>\n<p><strong>Parmi les cookies statiques utilis\u00e9s dans le site on trouve aussi les cookies de Google Analytics 4, le Responsable du traitement ayant activ\u00e9 l\u2019anonymisation IP.<\/strong><\/p>\n<p><u>Pour l&rsquo;utilisation de cookies de profilage, le consentement de la personne concern\u00e9e est requis. Le consentement est donn\u00e9 en cliquant sur la banni\u00e8re pr\u00e9sente sur le Site. Vous pouvez modifier vos pr\u00e9f\u00e9rences \u00e0 tout moment.<\/u><\/p>\n<p><strong>G\u00c9RER LES OPTIONS SUR LES COOKIES<\/strong><br \/>\nVous pouvez refuser ou d\u00e9sactiver les cookies de votre navigateur et supprimer tous les cookies actuellement enregistr\u00e9s sur votre ordinateur en modifiant les param\u00e8tres de votre navigateur Internet. La modification des param\u00e8tres des cookies sur les navigateurs peut vous emp\u00eacher d&rsquo;utiliser pleinement les fonctionnalit\u00e9s du Site. Chaque navigateur a des proc\u00e9dures diff\u00e9rentes pour g\u00e9rer les param\u00e8tres. S\u00e9lectionnez le navigateur que vous utilisez ci-dessous, pour savoir comment modifier vos param\u00e8tres de cookies.<\/p>\n<p><a href=\"https:\/\/support.microsoft.com\/fr-fr\/windows\/supprimer-et-g%C3%A9rer-les-cookies-168dab11-0753-043d-7c16-ede5947fc64d\" target=\"_blank\" rel=\"noopener\">Microsoft Internet Explorer<\/a><\/p>\n<p><a href=\"https:\/\/support.google.com\/chrome\/answer\/95647?hl=fr&amp;co=GENIE.Platform%3DDesktop\" target=\"_blank\" rel=\"noopener\">Google Chrome\u2028<\/a><\/p>\n<p><a href=\"https:\/\/support.mozilla.org\/fr\/kb\/cookies-informations-sites-enregistrent\" target=\"_blank\" rel=\"noopener\">Mozilla Firefox\u2028<\/a><\/p>\n<p><a href=\"https:\/\/support.apple.com\/fr-fr\/guide\/safari\/sfri11471\/mac\" target=\"_blank\" rel=\"noopener\">Apple Safari (iOS)<\/a><\/p>\n<p>La d\u00e9sactivation des cookies est \u00e9galement possible en cliquant sur la banni\u00e8re ou, pour les cookies tiers, par les m\u00e9thodes mises \u00e0 disposition directement par la soci\u00e9t\u00e9 tierce responsable de ce traitement.<\/p>\n","protected":false},"excerpt":{"rendered":"<p>COOKIE POLICY www.galvanina.com Date de la derni\u00e8re mise \u00e0 jour: 30 Septembre 2022 Conform\u00e9ment \u00e0 l&rsquo;art. 13 RGPD et 122 du d\u00e9cret l\u00e9gislatif 196\/2003 (\u00ab\u00a0Code de confidentialit\u00e9\u00a0\u00bb), tel que modifi\u00e9 par le d\u00e9cret l\u00e9gislatif 101\/2018, ainsi que sur la base des dispositions de la Disposition G\u00e9n\u00e9rale du Garant pour la protection des donn\u00e9es \u00e0 caract\u00e8re [&hellip;]<\/p>\n","protected":false},"author":23,"featured_media":0,"parent":3,"menu_order":8,"comment_status":"closed","ping_status":"closed","template":"","meta":{"footnotes":""},"class_list":["post-2109","page","type-page","status-publish","hentry"],"yoast_head":"<!-- This site is optimized with the Yoast SEO plugin v27.3 - https:\/\/yoast.com\/product\/yoast-seo-wordpress\/ -->\n<title>Politique en mati\u00e8re de cookies | Galvanina<\/title>\n<meta name=\"description\" content=\"Les cookies sont de petits fichiers texte que les sites visit\u00e9s envoient \u00e0 l&#039;appareil de navigation utilis\u00e9 par l&#039;utilisateur (g\u00e9n\u00e9ralement un navigateur).\" \/>\n<meta name=\"robots\" content=\"noindex, follow\" \/>\n<meta property=\"og:locale\" content=\"fr_FR\" \/>\n<meta property=\"og:type\" content=\"article\" \/>\n<meta property=\"og:title\" content=\"Politique en mati\u00e8re de cookies | Galvanina\" \/>\n<meta property=\"og:description\" content=\"Les cookies sont de petits fichiers texte que les sites visit\u00e9s envoient \u00e0 l&#039;appareil de navigation utilis\u00e9 par l&#039;utilisateur (g\u00e9n\u00e9ralement un navigateur).\" \/>\n<meta property=\"og:url\" content=\"https:\/\/www.galvanina.com\/fr\/legal\/politique-de-confidentialite-et-cookies\/politique-en-matiere-de-cookies\/\" \/>\n<meta property=\"og:site_name\" content=\"Galvanina\" \/>\n<meta property=\"article:publisher\" content=\"https:\/\/www.facebook.com\/galvanina\/\" \/>\n<meta property=\"article:modified_time\" content=\"2023-02-01T10:05:42+00:00\" \/>\n<meta property=\"og:image\" content=\"https:\/\/www.galvanina.com\/fr\/wp-content\/uploads\/sites\/4\/2020\/06\/galvanina-social.jpg\" \/>\n\t<meta property=\"og:image:width\" content=\"1080\" \/>\n\t<meta property=\"og:image:height\" content=\"630\" \/>\n\t<meta property=\"og:image:type\" content=\"image\/jpeg\" \/>\n<meta name=\"twitter:card\" content=\"summary_large_image\" \/>\n<meta name=\"twitter:label1\" content=\"Dur\u00e9e de lecture estim\u00e9e\" \/>\n\t<meta name=\"twitter:data1\" content=\"4 minutes\" \/>\n<script type=\"application\/ld+json\" class=\"yoast-schema-graph\">{\"@context\":\"https:\\\/\\\/schema.org\",\"@graph\":[{\"@type\":\"WebPage\",\"@id\":\"https:\\\/\\\/www.galvanina.com\\\/fr\\\/legal\\\/politique-de-confidentialite-et-cookies\\\/politique-en-matiere-de-cookies\\\/\",\"url\":\"https:\\\/\\\/www.galvanina.com\\\/fr\\\/legal\\\/politique-de-confidentialite-et-cookies\\\/politique-en-matiere-de-cookies\\\/\",\"name\":\"Politique en mati\u00e8re de cookies | Galvanina\",\"isPartOf\":{\"@id\":\"https:\\\/\\\/www.galvanina.com\\\/fr\\\/#website\"},\"datePublished\":\"2020-06-09T13:57:09+00:00\",\"dateModified\":\"2023-02-01T10:05:42+00:00\",\"description\":\"Les cookies sont de petits fichiers texte que les sites visit\u00e9s envoient \u00e0 l'appareil de navigation utilis\u00e9 par l'utilisateur (g\u00e9n\u00e9ralement un navigateur).\",\"breadcrumb\":{\"@id\":\"https:\\\/\\\/www.galvanina.com\\\/fr\\\/legal\\\/politique-de-confidentialite-et-cookies\\\/politique-en-matiere-de-cookies\\\/#breadcrumb\"},\"inLanguage\":\"fr-FR\",\"potentialAction\":[{\"@type\":\"ReadAction\",\"target\":[\"https:\\\/\\\/www.galvanina.com\\\/fr\\\/legal\\\/politique-de-confidentialite-et-cookies\\\/politique-en-matiere-de-cookies\\\/\"]}]},{\"@type\":\"BreadcrumbList\",\"@id\":\"https:\\\/\\\/www.galvanina.com\\\/fr\\\/legal\\\/politique-de-confidentialite-et-cookies\\\/politique-en-matiere-de-cookies\\\/#breadcrumb\",\"itemListElement\":[{\"@type\":\"ListItem\",\"position\":1,\"name\":\"Home\",\"item\":\"https:\\\/\\\/www.galvanina.com\\\/fr\\\/\"},{\"@type\":\"ListItem\",\"position\":2,\"name\":\"Legal\",\"item\":\"https:\\\/\\\/www.galvanina.com\\\/fr\\\/legal\\\/\"},{\"@type\":\"ListItem\",\"position\":3,\"name\":\"Politique de confidentialit\u00e9 et cookies\",\"item\":\"https:\\\/\\\/www.galvanina.com\\\/fr\\\/legal\\\/politique-de-confidentialite-et-cookies\\\/\"},{\"@type\":\"ListItem\",\"position\":4,\"name\":\"Politique en mati\u00e8re de cookies\"}]},{\"@type\":\"WebSite\",\"@id\":\"https:\\\/\\\/www.galvanina.com\\\/fr\\\/#website\",\"url\":\"https:\\\/\\\/www.galvanina.com\\\/fr\\\/\",\"name\":\"Galvanina\",\"description\":\"\",\"publisher\":{\"@id\":\"https:\\\/\\\/www.galvanina.com\\\/fr\\\/#organization\"},\"potentialAction\":[{\"@type\":\"SearchAction\",\"target\":{\"@type\":\"EntryPoint\",\"urlTemplate\":\"https:\\\/\\\/www.galvanina.com\\\/fr\\\/?s={search_term_string}\"},\"query-input\":{\"@type\":\"PropertyValueSpecification\",\"valueRequired\":true,\"valueName\":\"search_term_string\"}}],\"inLanguage\":\"fr-FR\"},{\"@type\":\"Organization\",\"@id\":\"https:\\\/\\\/www.galvanina.com\\\/fr\\\/#organization\",\"name\":\"La Galvanina S.p.A.\",\"url\":\"https:\\\/\\\/www.galvanina.com\\\/fr\\\/\",\"logo\":{\"@type\":\"ImageObject\",\"inLanguage\":\"fr-FR\",\"@id\":\"https:\\\/\\\/www.galvanina.com\\\/fr\\\/#\\\/schema\\\/logo\\\/image\\\/\",\"url\":\"https:\\\/\\\/www.galvanina.com\\\/fr\\\/wp-content\\\/uploads\\\/sites\\\/4\\\/2020\\\/06\\\/logo-galvanina.png\",\"contentUrl\":\"https:\\\/\\\/www.galvanina.com\\\/fr\\\/wp-content\\\/uploads\\\/sites\\\/4\\\/2020\\\/06\\\/logo-galvanina.png\",\"width\":768,\"height\":768,\"caption\":\"La Galvanina S.p.A.\"},\"image\":{\"@id\":\"https:\\\/\\\/www.galvanina.com\\\/fr\\\/#\\\/schema\\\/logo\\\/image\\\/\"},\"sameAs\":[\"https:\\\/\\\/www.facebook.com\\\/galvanina\\\/\",\"https:\\\/\\\/www.instagram.com\\\/lagalvanina\\\/\",\"https:\\\/\\\/www.linkedin.com\\\/company\\\/galvanina\\\/\"]}]}<\/script>\n<!-- \/ Yoast SEO plugin. -->","yoast_head_json":{"title":"Politique en mati\u00e8re de cookies | Galvanina","description":"Les cookies sont de petits fichiers texte que les sites visit\u00e9s envoient \u00e0 l'appareil de navigation utilis\u00e9 par l'utilisateur (g\u00e9n\u00e9ralement un navigateur).","robots":{"index":"noindex","follow":"follow"},"og_locale":"fr_FR","og_type":"article","og_title":"Politique en mati\u00e8re de cookies | Galvanina","og_description":"Les cookies sont de petits fichiers texte que les sites visit\u00e9s envoient \u00e0 l'appareil de navigation utilis\u00e9 par l'utilisateur (g\u00e9n\u00e9ralement un navigateur).","og_url":"https:\/\/www.galvanina.com\/fr\/legal\/politique-de-confidentialite-et-cookies\/politique-en-matiere-de-cookies\/","og_site_name":"Galvanina","article_publisher":"https:\/\/www.facebook.com\/galvanina\/","article_modified_time":"2023-02-01T10:05:42+00:00","og_image":[{"width":1080,"height":630,"url":"https:\/\/www.galvanina.com\/fr\/wp-content\/uploads\/sites\/4\/2020\/06\/galvanina-social.jpg","type":"image\/jpeg"}],"twitter_card":"summary_large_image","twitter_misc":{"Dur\u00e9e de lecture estim\u00e9e":"4 minutes"},"schema":{"@context":"https:\/\/schema.org","@graph":[{"@type":"WebPage","@id":"https:\/\/www.galvanina.com\/fr\/legal\/politique-de-confidentialite-et-cookies\/politique-en-matiere-de-cookies\/","url":"https:\/\/www.galvanina.com\/fr\/legal\/politique-de-confidentialite-et-cookies\/politique-en-matiere-de-cookies\/","name":"Politique en mati\u00e8re de cookies | Galvanina","isPartOf":{"@id":"https:\/\/www.galvanina.com\/fr\/#website"},"datePublished":"2020-06-09T13:57:09+00:00","dateModified":"2023-02-01T10:05:42+00:00","description":"Les cookies sont de petits fichiers texte que les sites visit\u00e9s envoient \u00e0 l'appareil de navigation utilis\u00e9 par l'utilisateur (g\u00e9n\u00e9ralement un navigateur).","breadcrumb":{"@id":"https:\/\/www.galvanina.com\/fr\/legal\/politique-de-confidentialite-et-cookies\/politique-en-matiere-de-cookies\/#breadcrumb"},"inLanguage":"fr-FR","potentialAction":[{"@type":"ReadAction","target":["https:\/\/www.galvanina.com\/fr\/legal\/politique-de-confidentialite-et-cookies\/politique-en-matiere-de-cookies\/"]}]},{"@type":"BreadcrumbList","@id":"https:\/\/www.galvanina.com\/fr\/legal\/politique-de-confidentialite-et-cookies\/politique-en-matiere-de-cookies\/#breadcrumb","itemListElement":[{"@type":"ListItem","position":1,"name":"Home","item":"https:\/\/www.galvanina.com\/fr\/"},{"@type":"ListItem","position":2,"name":"Legal","item":"https:\/\/www.galvanina.com\/fr\/legal\/"},{"@type":"ListItem","position":3,"name":"Politique de confidentialit\u00e9 et cookies","item":"https:\/\/www.galvanina.com\/fr\/legal\/politique-de-confidentialite-et-cookies\/"},{"@type":"ListItem","position":4,"name":"Politique en mati\u00e8re de cookies"}]},{"@type":"WebSite","@id":"https:\/\/www.galvanina.com\/fr\/#website","url":"https:\/\/www.galvanina.com\/fr\/","name":"Galvanina","description":"","publisher":{"@id":"https:\/\/www.galvanina.com\/fr\/#organization"},"potentialAction":[{"@type":"SearchAction","target":{"@type":"EntryPoint","urlTemplate":"https:\/\/www.galvanina.com\/fr\/?s={search_term_string}"},"query-input":{"@type":"PropertyValueSpecification","valueRequired":true,"valueName":"search_term_string"}}],"inLanguage":"fr-FR"},{"@type":"Organization","@id":"https:\/\/www.galvanina.com\/fr\/#organization","name":"La Galvanina S.p.A.","url":"https:\/\/www.galvanina.com\/fr\/","logo":{"@type":"ImageObject","inLanguage":"fr-FR","@id":"https:\/\/www.galvanina.com\/fr\/#\/schema\/logo\/image\/","url":"https:\/\/www.galvanina.com\/fr\/wp-content\/uploads\/sites\/4\/2020\/06\/logo-galvanina.png","contentUrl":"https:\/\/www.galvanina.com\/fr\/wp-content\/uploads\/sites\/4\/2020\/06\/logo-galvanina.png","width":768,"height":768,"caption":"La Galvanina S.p.A."},"image":{"@id":"https:\/\/www.galvanina.com\/fr\/#\/schema\/logo\/image\/"},"sameAs":["https:\/\/www.facebook.com\/galvanina\/","https:\/\/www.instagram.com\/lagalvanina\/","https:\/\/www.linkedin.com\/company\/galvanina\/"]}]}},"_links":{"self":[{"href":"https:\/\/www.galvanina.com\/fr\/wp-json\/wp\/v2\/pages\/2109","targetHints":{"allow":["GET"]}}],"collection":[{"href":"https:\/\/www.galvanina.com\/fr\/wp-json\/wp\/v2\/pages"}],"about":[{"href":"https:\/\/www.galvanina.com\/fr\/wp-json\/wp\/v2\/types\/page"}],"author":[{"embeddable":true,"href":"https:\/\/www.galvanina.com\/fr\/wp-json\/wp\/v2\/users\/23"}],"replies":[{"embeddable":true,"href":"https:\/\/www.galvanina.com\/fr\/wp-json\/wp\/v2\/comments?post=2109"}],"version-history":[{"count":9,"href":"https:\/\/www.galvanina.com\/fr\/wp-json\/wp\/v2\/pages\/2109\/revisions"}],"predecessor-version":[{"id":5478,"href":"https:\/\/www.galvanina.com\/fr\/wp-json\/wp\/v2\/pages\/2109\/revisions\/5478"}],"up":[{"embeddable":true,"href":"https:\/\/www.galvanina.com\/fr\/wp-json\/wp\/v2\/pages\/3"}],"wp:attachment":[{"href":"https:\/\/www.galvanina.com\/fr\/wp-json\/wp\/v2\/media?parent=2109"}],"curies":[{"name":"wp","href":"https:\/\/api.w.org\/{rel}","templated":true}]}}