{"id":184,"date":"2020-05-21T14:56:52","date_gmt":"2020-05-21T12:56:52","guid":{"rendered":"https:\/\/www.galvanina.com\/fr\/?page_id=184"},"modified":"2022-05-03T13:49:58","modified_gmt":"2022-05-03T11:49:58","slug":"etablissements","status":"publish","type":"page","link":"https:\/\/www.galvanina.com\/fr\/a-propos\/etablissements\/","title":{"rendered":"\u00c9tablissements"},"content":{"rendered":"\r\n<p>Galvanina exploite trois sites de production dans le&nbsp;<strong>centre de l\u2019Italie<\/strong>, dans les r\u00e9gions&nbsp;<strong>\u00c9milie-Romagne<\/strong>&nbsp;et&nbsp;<strong>Marches<\/strong> : Galvanina, Val di Meti et San Giuliano.<\/p>\r\n\r\n\r\n\r\n<p>Les \u00e9tablissements sont situ\u00e9s \u00e0 proximit\u00e9 des trois <a href=\"https:\/\/www.galvanina.com\/fr\/a-propos\/sources\/\">sources<\/a>\u00a0d\u2019eau et produisent diff\u00e9rents types de boissons.<\/p>\r\n\r\n\r\n\r\n<div style=\"height:100px\" aria-hidden=\"true\" class=\"wp-block-spacer\"><\/div>\r\n\r\n\r\n\r\n<h2 class=\"wp-block-heading\">Galvanina<\/h2>\r\n\r\n\r\n\r\n<div class=\"wp-block-image\"><figure class=\"aligncenter size-large\"><img loading=\"lazy\" decoding=\"async\" width=\"1280\" height=\"287\" src=\"https:\/\/www.galvanina.com\/fr\/wp-content\/uploads\/sites\/4\/2020\/05\/stabilimento-galvanina-1280x287.jpg\" alt=\"stabilimento galvanina\" class=\"wp-image-1756\" srcset=\"https:\/\/www.galvanina.com\/fr\/wp-content\/uploads\/sites\/4\/2020\/05\/stabilimento-galvanina-1280x287.jpg 1280w, https:\/\/www.galvanina.com\/fr\/wp-content\/uploads\/sites\/4\/2020\/05\/stabilimento-galvanina-600x135.jpg 600w, https:\/\/www.galvanina.com\/fr\/wp-content\/uploads\/sites\/4\/2020\/05\/stabilimento-galvanina-768x172.jpg 768w, https:\/\/www.galvanina.com\/fr\/wp-content\/uploads\/sites\/4\/2020\/05\/stabilimento-galvanina-240x54.jpg 240w, https:\/\/www.galvanina.com\/fr\/wp-content\/uploads\/sites\/4\/2020\/05\/stabilimento-galvanina-357x80.jpg 357w, https:\/\/www.galvanina.com\/fr\/wp-content\/uploads\/sites\/4\/2020\/05\/stabilimento-galvanina.jpg 1440w\" sizes=\"auto, (max-width: 1280px) 100vw, 1280px\" \/><\/figure><\/div>\r\n\r\n\r\n\r\n<p>L\u2019\u00e9tablissement se dresse sur les collines de\u00a0<strong>Rimini<\/strong>, \u00e0 proximit\u00e9 de la source historique Galvanina, dont l\u2019entreprise tire son nom.\u00a0La construction de l\u2019\u00e9tablissement industriel remonte \u00e0 1928, mais l\u2019activit\u00e9 d\u2019embouteillage avait d\u00e9j\u00e0 commenc\u00e9 au d\u00e9but du vingti\u00e8me si\u00e8cle. C\u2019est l\u00e0 que se trouve le si\u00e8ge de Galvanina et que se poursuivent la production et  mise en bouteille d\u2019eau min\u00e9rale naturelle et gazeuse, de boissons biologiques et traditionnelles.\u00a0<\/p>\r\n\r\n\r\n\r\n<div style=\"height:100px\" aria-hidden=\"true\" class=\"wp-block-spacer\"><\/div>\r\n\r\n\r\n\r\n<h2 class=\"wp-block-heading\">San Giuliano<\/h2>\r\n\r\n\r\n\r\n<div class=\"wp-block-image\"><figure class=\"aligncenter size-large\"><img loading=\"lazy\" decoding=\"async\" width=\"1280\" height=\"645\" src=\"https:\/\/www.galvanina.com\/fr\/wp-content\/uploads\/sites\/4\/2020\/05\/stabilimento-sacramora-1280x645.jpg\" alt=\"stabilimento san giuliano sacramora\" class=\"wp-image-1757\" srcset=\"https:\/\/www.galvanina.com\/fr\/wp-content\/uploads\/sites\/4\/2020\/05\/stabilimento-sacramora-1280x645.jpg 1280w, https:\/\/www.galvanina.com\/fr\/wp-content\/uploads\/sites\/4\/2020\/05\/stabilimento-sacramora-600x303.jpg 600w, https:\/\/www.galvanina.com\/fr\/wp-content\/uploads\/sites\/4\/2020\/05\/stabilimento-sacramora-768x387.jpg 768w, https:\/\/www.galvanina.com\/fr\/wp-content\/uploads\/sites\/4\/2020\/05\/stabilimento-sacramora-240x121.jpg 240w, https:\/\/www.galvanina.com\/fr\/wp-content\/uploads\/sites\/4\/2020\/05\/stabilimento-sacramora-159x80.jpg 159w, https:\/\/www.galvanina.com\/fr\/wp-content\/uploads\/sites\/4\/2020\/05\/stabilimento-sacramora.jpg 1440w\" sizes=\"auto, (max-width: 1280px) 100vw, 1280px\" \/><\/figure><\/div>\r\n\r\n\r\n\r\n<p>L\u2019\u00e9tablissement San Giuliano est situ\u00e9 dans les environs de Rimini, pr\u00e8s de la source d\u2019eau min\u00e9rale du m\u00eame nom, qui tire son nom du saint martyr chr\u00e9tien. R\u00e9cemment r\u00e9nov\u00e9, le site de production met en bouteille l\u2019eau min\u00e9rale provenant de la source de San Giuliano et les boissons biologiques et traditionnelles.<\/p>\r\n\r\n\r\n\r\n<div style=\"height:100px\" aria-hidden=\"true\" class=\"wp-block-spacer\"><\/div>\r\n\r\n\r\n\r\n<h2 class=\"wp-block-heading\">Apecchio<\/h2>\r\n\r\n\r\n\r\n<div class=\"wp-block-image\"><figure class=\"aligncenter size-large\"><img loading=\"lazy\" decoding=\"async\" width=\"814\" height=\"474\" src=\"https:\/\/www.galvanina.com\/fr\/wp-content\/uploads\/sites\/4\/2020\/06\/stabilimento-valdimeti.jpg\" alt=\"stabilimento val di meti\" class=\"wp-image-1951\" srcset=\"https:\/\/www.galvanina.com\/fr\/wp-content\/uploads\/sites\/4\/2020\/06\/stabilimento-valdimeti.jpg 814w, https:\/\/www.galvanina.com\/fr\/wp-content\/uploads\/sites\/4\/2020\/06\/stabilimento-valdimeti-600x349.jpg 600w, https:\/\/www.galvanina.com\/fr\/wp-content\/uploads\/sites\/4\/2020\/06\/stabilimento-valdimeti-768x447.jpg 768w, https:\/\/www.galvanina.com\/fr\/wp-content\/uploads\/sites\/4\/2020\/06\/stabilimento-valdimeti-240x140.jpg 240w, https:\/\/www.galvanina.com\/fr\/wp-content\/uploads\/sites\/4\/2020\/06\/stabilimento-valdimeti-137x80.jpg 137w\" sizes=\"auto, (max-width: 814px) 100vw, 814px\" \/><\/figure><\/div>\r\n\r\n\r\n\r\n<p>Nich\u00e9 dans la verdure, le site d\u2019<strong>Apecchio\u00a0<\/strong>est situ\u00e9 au c\u0153ur des Apennins centraux, dans la r\u00e9gion des Marches, entre les R\u00e9gions d&rsquo;Ombrie et Toscane.\u00a0La source dont il tire son eau est le\u00a0<strong>Val di Meti<\/strong>, qui coule spontan\u00e9ment du Mont Carda, \u00e0 environ 700 m\u00e8tres d\u2019altitude, dans le silence po\u00e9tique d\u2019une nature pr\u00e9serv\u00e9e et spectaculaire.\u00a0Y sont produites et mises en bouteille des eaux min\u00e9rales, naturelles et gazeuses, ainsi que des eaux aromatis\u00e9es.<\/p>\r\n","protected":false},"excerpt":{"rendered":"<p>Galvanina exploite trois sites de production dans le&nbsp;centre de l\u2019Italie, dans les r\u00e9gions&nbsp;\u00c9milie-Romagne&nbsp;et&nbsp;Marches : Galvanina, Val di Meti et San Giuliano. Les \u00e9tablissements sont situ\u00e9s \u00e0 proximit\u00e9 des trois sources\u00a0d\u2019eau et produisent diff\u00e9rents types de boissons. Galvanina L\u2019\u00e9tablissement se dresse sur les collines de\u00a0Rimini, \u00e0 proximit\u00e9 de la source historique Galvanina, dont l\u2019entreprise tire son [&hellip;]<\/p>\n","protected":false},"author":23,"featured_media":0,"parent":147,"menu_order":12,"comment_status":"closed","ping_status":"closed","template":"","meta":{"footnotes":""},"class_list":["post-184","page","type-page","status-publish","hentry"],"yoast_head":"<!-- This site is optimized with the Yoast SEO plugin v27.3 - https:\/\/yoast.com\/product\/yoast-seo-wordpress\/ -->\n<title>Les usines de production d&#039;\u00c9milie-Romagne et de Marche di Galvanina<\/title>\n<meta name=\"description\" content=\"Galvanina g\u00e8re trois sites de production dans le centre de l&#039;Italie, dans les r\u00e9gions d&#039;\u00c9milie-Romagne et des Marches: Galvanina, Val di Meti et San Giuliano.\" \/>\n<meta name=\"robots\" content=\"index, follow, max-snippet:-1, max-image-preview:large, max-video-preview:-1\" \/>\n<link rel=\"canonical\" href=\"https:\/\/www.galvanina.com\/fr\/a-propos\/etablissements\/\" \/>\n<meta property=\"og:locale\" content=\"fr_FR\" \/>\n<meta property=\"og:type\" content=\"article\" \/>\n<meta property=\"og:title\" content=\"Les usines de production d&#039;\u00c9milie-Romagne et de Marche di Galvanina\" \/>\n<meta property=\"og:description\" content=\"Galvanina g\u00e8re trois sites de production dans le centre de l&#039;Italie, dans les r\u00e9gions d&#039;\u00c9milie-Romagne et des Marches: Galvanina, Val di Meti et San Giuliano.\" \/>\n<meta property=\"og:url\" content=\"https:\/\/www.galvanina.com\/fr\/a-propos\/etablissements\/\" \/>\n<meta property=\"og:site_name\" content=\"Galvanina\" \/>\n<meta property=\"article:publisher\" content=\"https:\/\/www.facebook.com\/galvanina\/\" \/>\n<meta property=\"article:modified_time\" content=\"2022-05-03T11:49:58+00:00\" \/>\n<meta property=\"og:image\" content=\"https:\/\/www.galvanina.com\/fr\/wp-content\/uploads\/sites\/4\/2020\/05\/stabilimento-galvanina-1280x287.jpg\" \/>\n<meta name=\"twitter:card\" content=\"summary_large_image\" \/>\n<meta name=\"twitter:label1\" content=\"Dur\u00e9e de lecture estim\u00e9e\" \/>\n\t<meta name=\"twitter:data1\" content=\"2 minutes\" \/>\n<script type=\"application\/ld+json\" class=\"yoast-schema-graph\">{\"@context\":\"https:\\\/\\\/schema.org\",\"@graph\":[{\"@type\":\"WebPage\",\"@id\":\"https:\\\/\\\/www.galvanina.com\\\/fr\\\/a-propos\\\/etablissements\\\/\",\"url\":\"https:\\\/\\\/www.galvanina.com\\\/fr\\\/a-propos\\\/etablissements\\\/\",\"name\":\"Les usines de production d'\u00c9milie-Romagne et de Marche di Galvanina\",\"isPartOf\":{\"@id\":\"https:\\\/\\\/www.galvanina.com\\\/fr\\\/#website\"},\"primaryImageOfPage\":{\"@id\":\"https:\\\/\\\/www.galvanina.com\\\/fr\\\/a-propos\\\/etablissements\\\/#primaryimage\"},\"image\":{\"@id\":\"https:\\\/\\\/www.galvanina.com\\\/fr\\\/a-propos\\\/etablissements\\\/#primaryimage\"},\"thumbnailUrl\":\"https:\\\/\\\/www.galvanina.com\\\/fr\\\/wp-content\\\/uploads\\\/sites\\\/4\\\/2020\\\/05\\\/stabilimento-galvanina-1280x287.jpg\",\"datePublished\":\"2020-05-21T12:56:52+00:00\",\"dateModified\":\"2022-05-03T11:49:58+00:00\",\"description\":\"Galvanina g\u00e8re trois sites de production dans le centre de l'Italie, dans les r\u00e9gions d'\u00c9milie-Romagne et des Marches: Galvanina, Val di Meti et San Giuliano.\",\"breadcrumb\":{\"@id\":\"https:\\\/\\\/www.galvanina.com\\\/fr\\\/a-propos\\\/etablissements\\\/#breadcrumb\"},\"inLanguage\":\"fr-FR\",\"potentialAction\":[{\"@type\":\"ReadAction\",\"target\":[\"https:\\\/\\\/www.galvanina.com\\\/fr\\\/a-propos\\\/etablissements\\\/\"]}]},{\"@type\":\"ImageObject\",\"inLanguage\":\"fr-FR\",\"@id\":\"https:\\\/\\\/www.galvanina.com\\\/fr\\\/a-propos\\\/etablissements\\\/#primaryimage\",\"url\":\"https:\\\/\\\/www.galvanina.com\\\/fr\\\/wp-content\\\/uploads\\\/sites\\\/4\\\/2020\\\/05\\\/stabilimento-galvanina.jpg\",\"contentUrl\":\"https:\\\/\\\/www.galvanina.com\\\/fr\\\/wp-content\\\/uploads\\\/sites\\\/4\\\/2020\\\/05\\\/stabilimento-galvanina.jpg\",\"width\":1440,\"height\":323,\"caption\":\"stabilimento galvanina\"},{\"@type\":\"BreadcrumbList\",\"@id\":\"https:\\\/\\\/www.galvanina.com\\\/fr\\\/a-propos\\\/etablissements\\\/#breadcrumb\",\"itemListElement\":[{\"@type\":\"ListItem\",\"position\":1,\"name\":\"Home\",\"item\":\"https:\\\/\\\/www.galvanina.com\\\/fr\\\/\"},{\"@type\":\"ListItem\",\"position\":2,\"name\":\"\u00c0 propos\",\"item\":\"https:\\\/\\\/www.galvanina.com\\\/fr\\\/a-propos\\\/\"},{\"@type\":\"ListItem\",\"position\":3,\"name\":\"\u00c9tablissements\"}]},{\"@type\":\"WebSite\",\"@id\":\"https:\\\/\\\/www.galvanina.com\\\/fr\\\/#website\",\"url\":\"https:\\\/\\\/www.galvanina.com\\\/fr\\\/\",\"name\":\"Galvanina\",\"description\":\"\",\"publisher\":{\"@id\":\"https:\\\/\\\/www.galvanina.com\\\/fr\\\/#organization\"},\"potentialAction\":[{\"@type\":\"SearchAction\",\"target\":{\"@type\":\"EntryPoint\",\"urlTemplate\":\"https:\\\/\\\/www.galvanina.com\\\/fr\\\/?s={search_term_string}\"},\"query-input\":{\"@type\":\"PropertyValueSpecification\",\"valueRequired\":true,\"valueName\":\"search_term_string\"}}],\"inLanguage\":\"fr-FR\"},{\"@type\":\"Organization\",\"@id\":\"https:\\\/\\\/www.galvanina.com\\\/fr\\\/#organization\",\"name\":\"La Galvanina S.p.A.\",\"url\":\"https:\\\/\\\/www.galvanina.com\\\/fr\\\/\",\"logo\":{\"@type\":\"ImageObject\",\"inLanguage\":\"fr-FR\",\"@id\":\"https:\\\/\\\/www.galvanina.com\\\/fr\\\/#\\\/schema\\\/logo\\\/image\\\/\",\"url\":\"https:\\\/\\\/www.galvanina.com\\\/fr\\\/wp-content\\\/uploads\\\/sites\\\/4\\\/2020\\\/06\\\/logo-galvanina.png\",\"contentUrl\":\"https:\\\/\\\/www.galvanina.com\\\/fr\\\/wp-content\\\/uploads\\\/sites\\\/4\\\/2020\\\/06\\\/logo-galvanina.png\",\"width\":768,\"height\":768,\"caption\":\"La Galvanina S.p.A.\"},\"image\":{\"@id\":\"https:\\\/\\\/www.galvanina.com\\\/fr\\\/#\\\/schema\\\/logo\\\/image\\\/\"},\"sameAs\":[\"https:\\\/\\\/www.facebook.com\\\/galvanina\\\/\",\"https:\\\/\\\/www.instagram.com\\\/lagalvanina\\\/\",\"https:\\\/\\\/www.linkedin.com\\\/company\\\/galvanina\\\/\"]}]}<\/script>\n<!-- \/ Yoast SEO plugin. -->","yoast_head_json":{"title":"Les usines de production d'\u00c9milie-Romagne et de Marche di Galvanina","description":"Galvanina g\u00e8re trois sites de production dans le centre de l'Italie, dans les r\u00e9gions d'\u00c9milie-Romagne et des Marches: Galvanina, Val di Meti et San Giuliano.","robots":{"index":"index","follow":"follow","max-snippet":"max-snippet:-1","max-image-preview":"max-image-preview:large","max-video-preview":"max-video-preview:-1"},"canonical":"https:\/\/www.galvanina.com\/fr\/a-propos\/etablissements\/","og_locale":"fr_FR","og_type":"article","og_title":"Les usines de production d'\u00c9milie-Romagne et de Marche di Galvanina","og_description":"Galvanina g\u00e8re trois sites de production dans le centre de l'Italie, dans les r\u00e9gions d'\u00c9milie-Romagne et des Marches: Galvanina, Val di Meti et San Giuliano.","og_url":"https:\/\/www.galvanina.com\/fr\/a-propos\/etablissements\/","og_site_name":"Galvanina","article_publisher":"https:\/\/www.facebook.com\/galvanina\/","article_modified_time":"2022-05-03T11:49:58+00:00","og_image":[{"url":"https:\/\/www.galvanina.com\/fr\/wp-content\/uploads\/sites\/4\/2020\/05\/stabilimento-galvanina-1280x287.jpg","type":"","width":"","height":""}],"twitter_card":"summary_large_image","twitter_misc":{"Dur\u00e9e de lecture estim\u00e9e":"2 minutes"},"schema":{"@context":"https:\/\/schema.org","@graph":[{"@type":"WebPage","@id":"https:\/\/www.galvanina.com\/fr\/a-propos\/etablissements\/","url":"https:\/\/www.galvanina.com\/fr\/a-propos\/etablissements\/","name":"Les usines de production d'\u00c9milie-Romagne et de Marche di Galvanina","isPartOf":{"@id":"https:\/\/www.galvanina.com\/fr\/#website"},"primaryImageOfPage":{"@id":"https:\/\/www.galvanina.com\/fr\/a-propos\/etablissements\/#primaryimage"},"image":{"@id":"https:\/\/www.galvanina.com\/fr\/a-propos\/etablissements\/#primaryimage"},"thumbnailUrl":"https:\/\/www.galvanina.com\/fr\/wp-content\/uploads\/sites\/4\/2020\/05\/stabilimento-galvanina-1280x287.jpg","datePublished":"2020-05-21T12:56:52+00:00","dateModified":"2022-05-03T11:49:58+00:00","description":"Galvanina g\u00e8re trois sites de production dans le centre de l'Italie, dans les r\u00e9gions d'\u00c9milie-Romagne et des Marches: Galvanina, Val di Meti et San Giuliano.","breadcrumb":{"@id":"https:\/\/www.galvanina.com\/fr\/a-propos\/etablissements\/#breadcrumb"},"inLanguage":"fr-FR","potentialAction":[{"@type":"ReadAction","target":["https:\/\/www.galvanina.com\/fr\/a-propos\/etablissements\/"]}]},{"@type":"ImageObject","inLanguage":"fr-FR","@id":"https:\/\/www.galvanina.com\/fr\/a-propos\/etablissements\/#primaryimage","url":"https:\/\/www.galvanina.com\/fr\/wp-content\/uploads\/sites\/4\/2020\/05\/stabilimento-galvanina.jpg","contentUrl":"https:\/\/www.galvanina.com\/fr\/wp-content\/uploads\/sites\/4\/2020\/05\/stabilimento-galvanina.jpg","width":1440,"height":323,"caption":"stabilimento galvanina"},{"@type":"BreadcrumbList","@id":"https:\/\/www.galvanina.com\/fr\/a-propos\/etablissements\/#breadcrumb","itemListElement":[{"@type":"ListItem","position":1,"name":"Home","item":"https:\/\/www.galvanina.com\/fr\/"},{"@type":"ListItem","position":2,"name":"\u00c0 propos","item":"https:\/\/www.galvanina.com\/fr\/a-propos\/"},{"@type":"ListItem","position":3,"name":"\u00c9tablissements"}]},{"@type":"WebSite","@id":"https:\/\/www.galvanina.com\/fr\/#website","url":"https:\/\/www.galvanina.com\/fr\/","name":"Galvanina","description":"","publisher":{"@id":"https:\/\/www.galvanina.com\/fr\/#organization"},"potentialAction":[{"@type":"SearchAction","target":{"@type":"EntryPoint","urlTemplate":"https:\/\/www.galvanina.com\/fr\/?s={search_term_string}"},"query-input":{"@type":"PropertyValueSpecification","valueRequired":true,"valueName":"search_term_string"}}],"inLanguage":"fr-FR"},{"@type":"Organization","@id":"https:\/\/www.galvanina.com\/fr\/#organization","name":"La Galvanina S.p.A.","url":"https:\/\/www.galvanina.com\/fr\/","logo":{"@type":"ImageObject","inLanguage":"fr-FR","@id":"https:\/\/www.galvanina.com\/fr\/#\/schema\/logo\/image\/","url":"https:\/\/www.galvanina.com\/fr\/wp-content\/uploads\/sites\/4\/2020\/06\/logo-galvanina.png","contentUrl":"https:\/\/www.galvanina.com\/fr\/wp-content\/uploads\/sites\/4\/2020\/06\/logo-galvanina.png","width":768,"height":768,"caption":"La Galvanina S.p.A."},"image":{"@id":"https:\/\/www.galvanina.com\/fr\/#\/schema\/logo\/image\/"},"sameAs":["https:\/\/www.facebook.com\/galvanina\/","https:\/\/www.instagram.com\/lagalvanina\/","https:\/\/www.linkedin.com\/company\/galvanina\/"]}]}},"_links":{"self":[{"href":"https:\/\/www.galvanina.com\/fr\/wp-json\/wp\/v2\/pages\/184","targetHints":{"allow":["GET"]}}],"collection":[{"href":"https:\/\/www.galvanina.com\/fr\/wp-json\/wp\/v2\/pages"}],"about":[{"href":"https:\/\/www.galvanina.com\/fr\/wp-json\/wp\/v2\/types\/page"}],"author":[{"embeddable":true,"href":"https:\/\/www.galvanina.com\/fr\/wp-json\/wp\/v2\/users\/23"}],"replies":[{"embeddable":true,"href":"https:\/\/www.galvanina.com\/fr\/wp-json\/wp\/v2\/comments?post=184"}],"version-history":[{"count":12,"href":"https:\/\/www.galvanina.com\/fr\/wp-json\/wp\/v2\/pages\/184\/revisions"}],"predecessor-version":[{"id":5338,"href":"https:\/\/www.galvanina.com\/fr\/wp-json\/wp\/v2\/pages\/184\/revisions\/5338"}],"up":[{"embeddable":true,"href":"https:\/\/www.galvanina.com\/fr\/wp-json\/wp\/v2\/pages\/147"}],"wp:attachment":[{"href":"https:\/\/www.galvanina.com\/fr\/wp-json\/wp\/v2\/media?parent=184"}],"curies":[{"name":"wp","href":"https:\/\/api.w.org\/{rel}","templated":true}]}}