{"id":182,"date":"2020-05-21T14:55:52","date_gmt":"2020-05-21T12:55:52","guid":{"rendered":"https:\/\/www.galvanina.com\/fr\/?page_id=182"},"modified":"2024-11-26T11:06:46","modified_gmt":"2024-11-26T10:06:46","slug":"recompenses","status":"publish","type":"page","link":"https:\/\/www.galvanina.com\/fr\/a-propos\/recompenses\/","title":{"rendered":"R\u00e9compenses"},"content":{"rendered":"<p><strong>Les boissons Galvanina se sont vu d\u00e9cerner de nombreuses r\u00e9compenses dans le monde entier.<\/strong> Les particularit\u00e9s de go\u00fbt, le caract\u00e8re innovant, mais aussi l\u2019emballage iconique repr\u00e9sent\u00e9 par la bouteille en verre sculpt\u00e9, ont valu \u00e0 Galvanina d\u2019importantes r\u00e9compenses qui ont confirm\u00e9 la valeur de la marque dans le secteur des boissons.\u00a0<\/p>\r\n<div class=\"wp-block-spacer\" style=\"height: 100px;\" aria-hidden=\"true\">\u00a0<\/div>\r\n<h2><strong>2023 Italie \u2013 Gambero Rosso <\/strong><\/h2>\r\n\r\n<div class=\"wp-block-image\">\r\n<figure class=\"alignleft size-large is-resized\"><img loading=\"lazy\" decoding=\"async\" class=\"alignnone wp-image-5671 \" src=\"https:\/\/www.galvanina.com\/fr\/wp-content\/uploads\/sites\/4\/2024\/11\/Gambero_Rosso-600x167.png\" alt=\"Gambero_Rosso\" width=\"270\" height=\"75\" srcset=\"https:\/\/www.galvanina.com\/fr\/wp-content\/uploads\/sites\/4\/2024\/11\/Gambero_Rosso-600x167.png 600w, https:\/\/www.galvanina.com\/fr\/wp-content\/uploads\/sites\/4\/2024\/11\/Gambero_Rosso-768x214.png 768w, https:\/\/www.galvanina.com\/fr\/wp-content\/uploads\/sites\/4\/2024\/11\/Gambero_Rosso-240x67.png 240w, https:\/\/www.galvanina.com\/fr\/wp-content\/uploads\/sites\/4\/2024\/11\/Gambero_Rosso-287x80.png 287w, https:\/\/www.galvanina.com\/fr\/wp-content\/uploads\/sites\/4\/2024\/11\/Gambero_Rosso.png 1182w\" sizes=\"auto, (max-width: 270px) 100vw, 270px\" \/><\/figure>\r\n<\/div>\r\n\r\n<p>Le th\u00e9 blanc Biologique Galvanina est le meilleur th\u00e9 selon le sondage du magazine \u00ab\u00a0Gambero Rosso\u00a0\u00bb.<\/p>\r\n<p>On a attribu\u00e9 la septi\u00e8me place, dans le m\u00eame classement, \u00e0 notre <a href=\"https:\/\/www.galvanina.com\/fr\/produits\/the-a-la-peche-biologique\/\">Th\u00e9 \u00e0 la Peche biologique<\/a>, r\u00e9alis\u00e9 \u00e0 partir du pr\u00e9cieux th\u00e9 Darjeeling noir, par un jury compos\u00e9 de journalistes et d&rsquo;experts, parmi 72 produits ready-to-drink.<\/p>\r\n<div class=\"wp-block-spacer\" style=\"height: 100px;\" aria-hidden=\"true\">\u00a0<\/div>\r\n<h2><strong>2022 Italie \u2013 Gambero Rosso <\/strong><\/h2>\r\n\r\n<div class=\"wp-block-image\">\r\n<figure class=\"alignleft size-large is-resized\"><img loading=\"lazy\" decoding=\"async\" class=\"alignnone wp-image-5671 \" src=\"https:\/\/www.galvanina.com\/fr\/wp-content\/uploads\/sites\/4\/2024\/11\/Gambero_Rosso-600x167.png\" alt=\"Gambero_Rosso\" width=\"270\" height=\"75\" srcset=\"https:\/\/www.galvanina.com\/fr\/wp-content\/uploads\/sites\/4\/2024\/11\/Gambero_Rosso-600x167.png 600w, https:\/\/www.galvanina.com\/fr\/wp-content\/uploads\/sites\/4\/2024\/11\/Gambero_Rosso-768x214.png 768w, https:\/\/www.galvanina.com\/fr\/wp-content\/uploads\/sites\/4\/2024\/11\/Gambero_Rosso-240x67.png 240w, https:\/\/www.galvanina.com\/fr\/wp-content\/uploads\/sites\/4\/2024\/11\/Gambero_Rosso-287x80.png 287w, https:\/\/www.galvanina.com\/fr\/wp-content\/uploads\/sites\/4\/2024\/11\/Gambero_Rosso.png 1182w\" sizes=\"auto, (max-width: 270px) 100vw, 270px\" \/><\/figure>\r\n<\/div>\r\n\r\n<p>Le Chinotto Biologique Galvanina est l&rsquo;un des meilleurs Chinotto du march\u00e9 italien, d&rsquo;apr\u00e8s le magazine \u00ab Gambero Rosso \u00bb.<\/p>\r\n<div class=\"wp-block-spacer\" style=\"height: 100px;\" aria-hidden=\"true\">\u00a0<\/div>\r\n<h2><strong>2021 London, UK \u2013 The Tonic &amp; Mixer Masters\u00a0<\/strong><\/h2>\r\n\r\n<div class=\"wp-block-image\">\r\n<figure class=\"alignleft size-large is-resized\"><img loading=\"lazy\" decoding=\"async\" class=\"wp-image-4930\" src=\"https:\/\/www.galvanina.com\/fr\/wp-content\/uploads\/sites\/4\/2021\/04\/Tonic-Mixer-masters-GOLD-2021.jpg\" alt=\"\" width=\"274\" height=\"274\" srcset=\"https:\/\/www.galvanina.com\/fr\/wp-content\/uploads\/sites\/4\/2021\/04\/Tonic-Mixer-masters-GOLD-2021.jpg 937w, https:\/\/www.galvanina.com\/fr\/wp-content\/uploads\/sites\/4\/2021\/04\/Tonic-Mixer-masters-GOLD-2021-600x600.jpg 600w, https:\/\/www.galvanina.com\/fr\/wp-content\/uploads\/sites\/4\/2021\/04\/Tonic-Mixer-masters-GOLD-2021-768x768.jpg 768w, https:\/\/www.galvanina.com\/fr\/wp-content\/uploads\/sites\/4\/2021\/04\/Tonic-Mixer-masters-GOLD-2021-240x240.jpg 240w, https:\/\/www.galvanina.com\/fr\/wp-content\/uploads\/sites\/4\/2021\/04\/Tonic-Mixer-masters-GOLD-2021-80x80.jpg 80w, https:\/\/www.galvanina.com\/fr\/wp-content\/uploads\/sites\/4\/2021\/04\/Tonic-Mixer-masters-GOLD-2021-500x500.jpg 500w\" sizes=\"auto, (max-width: 274px) 100vw, 274px\" \/><\/figure>\r\n<\/div>\r\n\r\n<p>Galvanina remporte six m\u00e9dailles d\u2019or dans 5 cat\u00e9gories<\/p>\r\n<p>Tonic Classique, Tonic Pamplemousse jaune et Tonic M\u00e9diterran\u00e9en \u2013 cat\u00e9gorie Flavored tonic<br \/>Bitter lemon : cat\u00e9gorie bitter lemon<br \/>Cola au gingembre : cat\u00e9gorie cola<br \/>Bi\u00e8re de gingembre : cat\u00e9gorie bi\u00e8re de gingembre\u00a0<\/p>\r\n<div class=\"wp-block-spacer\" style=\"height: 100px;\" aria-hidden=\"true\">\u00a0<\/div>\r\n\r\n<div class=\"wp-block-group\"><div class=\"wp-block-group__inner-container is-layout-flow wp-block-group-is-layout-flow\">\r\n<h2 class=\"wp-block-heading\"><strong>2019 London, UK \u2013 Bellavita Awards<\/strong><\/h2>\r\n\r\n\r\n\r\n<div class=\"wp-block-image\">\r\n<figure class=\"alignleft size-large\"><img loading=\"lazy\" decoding=\"async\" width=\"209\" height=\"160\" class=\"wp-image-1719\" src=\"https:\/\/www.galvanina.com\/fr\/wp-content\/uploads\/sites\/4\/2020\/05\/bellavita-award.jpg\" alt=\"bellavita award\" srcset=\"https:\/\/www.galvanina.com\/fr\/wp-content\/uploads\/sites\/4\/2020\/05\/bellavita-award.jpg 209w, https:\/\/www.galvanina.com\/fr\/wp-content\/uploads\/sites\/4\/2020\/05\/bellavita-award-105x80.jpg 105w\" sizes=\"auto, (max-width: 209px) 100vw, 209px\" \/><\/figure>\r\n<\/div>\r\n\r\n\r\n\r\n<p>Le\u00a0<strong>Bellavita Awards<\/strong>\u00a0est le principal concours international consacr\u00e9 \u00e0 l\u2019excellence de la gastronomie et des vins italiens qui se tient chaque ann\u00e9e \u00e0 Londres.<\/p>\r\n\r\n\r\n\r\n<p>En 2019, Galvanina se voit d\u00e9cerner deux prix prestigieux pour deux boissons qui restent parmi les plus appr\u00e9ci\u00e9es.<\/p>\r\n\r\n\r\n\r\n<div class=\"wp-block-image\">\r\n<figure class=\"alignleft size-large is-resized\"><img loading=\"lazy\" decoding=\"async\" class=\"wp-image-1853\" src=\"https:\/\/www.galvanina.com\/fr\/wp-content\/uploads\/sites\/4\/2020\/06\/Bellavita-Awards-London-1017x1024.jpg\" alt=\"\" width=\"211\" height=\"212\" srcset=\"https:\/\/www.galvanina.com\/fr\/wp-content\/uploads\/sites\/4\/2020\/06\/Bellavita-Awards-London-1017x1024.jpg 1017w, https:\/\/www.galvanina.com\/fr\/wp-content\/uploads\/sites\/4\/2020\/06\/Bellavita-Awards-London-600x604.jpg 600w, https:\/\/www.galvanina.com\/fr\/wp-content\/uploads\/sites\/4\/2020\/06\/Bellavita-Awards-London-768x774.jpg 768w, https:\/\/www.galvanina.com\/fr\/wp-content\/uploads\/sites\/4\/2020\/06\/Bellavita-Awards-London-1525x1536.jpg 1525w, https:\/\/www.galvanina.com\/fr\/wp-content\/uploads\/sites\/4\/2020\/06\/Bellavita-Awards-London-2033x2048.jpg 2033w, https:\/\/www.galvanina.com\/fr\/wp-content\/uploads\/sites\/4\/2020\/06\/Bellavita-Awards-London-240x242.jpg 240w, https:\/\/www.galvanina.com\/fr\/wp-content\/uploads\/sites\/4\/2020\/06\/Bellavita-Awards-London-79x80.jpg 79w, https:\/\/www.galvanina.com\/fr\/wp-content\/uploads\/sites\/4\/2020\/06\/Bellavita-Awards-London-500x500.jpg 500w\" sizes=\"auto, (max-width: 211px) 100vw, 211px\" \/>\r\n\r\n<\/figure>\r\n<\/div>\r\n\r\n\r\n\r\n<p>La <a href=\"https:\/\/www.galvanina.com\/prodotti\/ginger-beer-bio\/\"><strong>Ginger Beer Galvanina<\/strong><\/a>a remport\u00e9 le prix de la meilleure saveur dans la cat\u00e9gorie Boissons, tandis que la\u00a0<strong><a href=\"https:\/\/www.galvanina.com\/prodotti\/limonata-bio\/\">Limonade Galvanina<\/a><\/strong> a re\u00e7u trois \u00e9toiles.<\/p>\r\n<\/div><\/div>\r\n\r\n\r\n\r\n<div class=\"wp-block-spacer\" style=\"height: 100px;\" aria-hidden=\"true\">\u00a0<\/div>\r\n\r\n\r\n\r\n<div class=\"wp-block-group\"><div class=\"wp-block-group__inner-container is-layout-flow wp-block-group-is-layout-flow\">\r\n<h2 class=\"wp-block-heading\"><strong>2018 France \u2013 Saveur de l&rsquo;Ann\u00e9e\u00a0<\/strong><\/h2>\r\n\r\n\r\n\r\n<div class=\"wp-block-image\">\r\n<figure class=\"alignleft size-large\"><img loading=\"lazy\" decoding=\"async\" width=\"138\" height=\"160\" class=\"wp-image-1718\" src=\"https:\/\/www.galvanina.com\/fr\/wp-content\/uploads\/sites\/4\/2020\/05\/saveur-de-lannee-1.jpg\" alt=\"saveur de l'annee\" srcset=\"https:\/\/www.galvanina.com\/fr\/wp-content\/uploads\/sites\/4\/2020\/05\/saveur-de-lannee-1.jpg 138w, https:\/\/www.galvanina.com\/fr\/wp-content\/uploads\/sites\/4\/2020\/05\/saveur-de-lannee-1-69x80.jpg 69w\" sizes=\"auto, (max-width: 138px) 100vw, 138px\" \/><\/figure>\r\n<\/div>\r\n\r\n\r\n\r\n<p>En 2018, les consommateurs fran\u00e7ais ont d\u00e9cern\u00e9 \u00e0 deux boissons Galvanina le prix de la meilleure <strong>Saveur de l\u2019Ann\u00e9e<\/strong>.\u00a0La <a href=\"https:\/\/www.galvanina.com\/prodotti\/limonata-bio\/\"><strong>Limonade Galvanina<\/strong><\/a>\u00a0et\u00a0la <a href=\"https:\/\/www.galvanina.com\/prodotti\/ginger-ale-bio\/\"><strong>Ginger Ale Galvanina<\/strong><\/a>, avec leurs saveurs piquantes et rafra\u00eechissantes, ont su conqu\u00e9rir le palais des clients fran\u00e7ais les plus exigeants.<\/p>\r\n\r\n\r\n\r\n<div class=\"wp-block-spacer\" style=\"height: 100px;\" aria-hidden=\"true\">\u00a0<\/div>\r\n<\/div><\/div>\r\n\r\n\r\n\r\n<h2 class=\"wp-block-heading\"><strong>2016 USA \u2013 Fancy Food Sofi Award\u00a0<\/strong><\/h2>\r\n\r\n\r\n\r\n<div class=\"wp-block-image\">\r\n<figure class=\"alignleft size-large\"><img loading=\"lazy\" decoding=\"async\" width=\"62\" height=\"160\" class=\"wp-image-1717\" src=\"https:\/\/www.galvanina.com\/fr\/wp-content\/uploads\/sites\/4\/2020\/05\/sofi-finalist-2016.jpg\" alt=\"sofi finalist 2016\" srcset=\"https:\/\/www.galvanina.com\/fr\/wp-content\/uploads\/sites\/4\/2020\/05\/sofi-finalist-2016.jpg 62w, https:\/\/www.galvanina.com\/fr\/wp-content\/uploads\/sites\/4\/2020\/05\/sofi-finalist-2016-31x80.jpg 31w\" sizes=\"auto, (max-width: 62px) 100vw, 62px\" \/><\/figure>\r\n<\/div>\r\n\r\n\r\n\r\n<p>L\u2019innovation et le talent cr\u00e9atif de Galvanina ont \u00e9t\u00e9 r\u00e9compens\u00e9s en 2016, aux \u00c9tats-Unis, par le\u00a0<strong>Fancy Food Sofi Award<\/strong>. Le prix dans la cat\u00e9gorie \u00ab\u00a0Cold beverage ready-to-drink\u00a0\u00bb a \u00e9t\u00e9 attribu\u00e9 \u00e0 la boisson\u00a0<strong><a href=\"https:\/\/www.galvanina.com\/en\/products\/organic-blood-orange-black-carrot-blueberry\/\">Orange sanguine, carotte noire et myrtille <\/a><\/strong><a href=\"https:\/\/www.galvanina.com\/prodotti\/arancia-rossa-carota-nera-mirtillo-bio\/\"><strong>Galvanina<\/strong><\/a>, comme saveur la plus innovante.<\/p>\r\n\r\n\r\n\r\n<div class=\"wp-block-spacer\" style=\"height: 100px;\" aria-hidden=\"true\">\u00a0<\/div>\r\n\r\n\r\n\r\n<h2 class=\"wp-block-heading\"><strong>2014 Londres, Royaume-Uni : Quality Food Award\u00a0<\/strong><\/h2>\r\n\r\n\r\n\r\n<div class=\"wp-block-image\">\r\n<figure class=\"alignleft size-large\"><img loading=\"lazy\" decoding=\"async\" width=\"122\" height=\"160\" class=\"wp-image-1713\" src=\"https:\/\/www.galvanina.com\/fr\/wp-content\/uploads\/sites\/4\/2020\/05\/quality-food-awards.jpg\" alt=\"quality food awards\" srcset=\"https:\/\/www.galvanina.com\/fr\/wp-content\/uploads\/sites\/4\/2020\/05\/quality-food-awards.jpg 122w, https:\/\/www.galvanina.com\/fr\/wp-content\/uploads\/sites\/4\/2020\/05\/quality-food-awards-61x80.jpg 61w\" sizes=\"auto, (max-width: 122px) 100vw, 122px\" \/><\/figure>\r\n<\/div>\r\n\r\n\r\n\r\n<p>En 2014, \u00e0 Londres, Galvanina a remport\u00e9 le\u00a0<strong>Quality Food Award<\/strong>, gr\u00e2ce \u00e0 sa boisson <a href=\"https:\/\/www.galvanina.com\/prodotti\/mandarino-bio\/\"><strong>Mandarine Galvanina<\/strong><\/a>. Ce prix r\u00e9compense le meilleur produit alimentaire italien commercialis\u00e9 au Royaume-Uni.\u00a0<\/p>\r\n\r\n\r\n\r\n<div class=\"wp-block-spacer\" style=\"height: 100px;\" aria-hidden=\"true\">\u00a0<\/div>\r\n\r\n\r\n\r\n<div class=\"wp-block-spacer\" style=\"height: 20px;\" aria-hidden=\"true\">\u00a0<\/div>\r\n\r\n\r\n\r\n<p>&nbsp;<\/p>\r\n\r\n\r\n\r\n<h2 class=\"wp-block-heading\"><strong>2011 Tokyo \u2013 Good Design Award<\/strong><\/h2>\r\n\r\n\r\n\r\n<div class=\"wp-block-image\">\r\n<figure class=\"alignleft size-large\"><img loading=\"lazy\" decoding=\"async\" width=\"101\" height=\"160\" class=\"wp-image-1708\" src=\"https:\/\/www.galvanina.com\/fr\/wp-content\/uploads\/sites\/4\/2020\/05\/tokyo-good-design-award.jpg\" alt=\"tokyo good design award\" srcset=\"https:\/\/www.galvanina.com\/fr\/wp-content\/uploads\/sites\/4\/2020\/05\/tokyo-good-design-award.jpg 101w, https:\/\/www.galvanina.com\/fr\/wp-content\/uploads\/sites\/4\/2020\/05\/tokyo-good-design-award-51x80.jpg 51w\" sizes=\"auto, (max-width: 101px) 100vw, 101px\" \/><\/figure>\r\n<\/div>\r\n\r\n\r\n\r\n<p>L\u2019incomparable bouteille en verre sculpt\u00e9 a valu \u00e0 Galvanina le\u00a0<strong>Good Design Award<\/strong>, Tokyo 2011. Cr\u00e9\u00e9 en 1957, ce prix c\u00e9l\u00e8bre les meilleurs produits design du monde, non seulement comme objets, mais surtout comme \u00ab\u00a0quelque chose qui enrichit la vie des personnes\u00a0\u00bb.<\/p>\r\n","protected":false},"excerpt":{"rendered":"<p>Les boissons Galvanina se sont vu d\u00e9cerner de nombreuses r\u00e9compenses dans le monde entier. Les particularit\u00e9s de go\u00fbt, le caract\u00e8re innovant, mais aussi l\u2019emballage iconique repr\u00e9sent\u00e9 par la bouteille en verre sculpt\u00e9, ont valu \u00e0 Galvanina d\u2019importantes r\u00e9compenses qui ont confirm\u00e9 la valeur de la marque dans le secteur des boissons.\u00a0 \u00a0 2023 Italie \u2013 [&hellip;]<\/p>\n","protected":false},"author":23,"featured_media":0,"parent":147,"menu_order":13,"comment_status":"closed","ping_status":"closed","template":"","meta":{"footnotes":""},"class_list":["post-182","page","type-page","status-publish","hentry"],"yoast_head":"<!-- This site is optimized with the Yoast SEO plugin v27.5 - https:\/\/yoast.com\/product\/yoast-seo-wordpress\/ -->\n<title>Prix \u200b\u200bet distinctions internationaux pour les boissons gazeuses Galvanina<\/title>\n<meta name=\"description\" content=\"Les boissons gazeuses Galvanina ont \u00e9t\u00e9 r\u00e9compens\u00e9es par de nombreux prix mondiaux. D\u00e9couvrez le go\u00fbt unique et l&#039;emballage en verre sculpt\u00e9.\" \/>\n<meta name=\"robots\" content=\"index, follow, max-snippet:-1, max-image-preview:large, max-video-preview:-1\" \/>\n<link rel=\"canonical\" href=\"https:\/\/www.galvanina.com\/fr\/a-propos\/recompenses\/\" \/>\n<meta property=\"og:locale\" content=\"fr_FR\" \/>\n<meta property=\"og:type\" content=\"article\" \/>\n<meta property=\"og:title\" content=\"Prix \u200b\u200bet distinctions internationaux pour les boissons gazeuses Galvanina\" \/>\n<meta property=\"og:description\" content=\"Les boissons gazeuses Galvanina ont \u00e9t\u00e9 r\u00e9compens\u00e9es par de nombreux prix mondiaux. D\u00e9couvrez le go\u00fbt unique et l&#039;emballage en verre sculpt\u00e9.\" \/>\n<meta property=\"og:url\" content=\"https:\/\/www.galvanina.com\/fr\/a-propos\/recompenses\/\" \/>\n<meta property=\"og:site_name\" content=\"Galvanina\" \/>\n<meta property=\"article:publisher\" content=\"https:\/\/www.facebook.com\/galvanina\/\" \/>\n<meta property=\"article:modified_time\" content=\"2024-11-26T10:06:46+00:00\" \/>\n<meta property=\"og:image\" content=\"https:\/\/www.galvanina.com\/fr\/wp-content\/uploads\/sites\/4\/2024\/11\/Gambero_Rosso.png\" \/>\n\t<meta property=\"og:image:width\" content=\"1182\" \/>\n\t<meta property=\"og:image:height\" content=\"329\" \/>\n\t<meta property=\"og:image:type\" content=\"image\/png\" \/>\n<meta name=\"twitter:card\" content=\"summary_large_image\" \/>\n<meta name=\"twitter:label1\" content=\"Dur\u00e9e de lecture estim\u00e9e\" \/>\n\t<meta name=\"twitter:data1\" content=\"4 minutes\" \/>\n<script type=\"application\/ld+json\" class=\"yoast-schema-graph\">{\"@context\":\"https:\\\/\\\/schema.org\",\"@graph\":[{\"@type\":\"WebPage\",\"@id\":\"https:\\\/\\\/www.galvanina.com\\\/fr\\\/a-propos\\\/recompenses\\\/\",\"url\":\"https:\\\/\\\/www.galvanina.com\\\/fr\\\/a-propos\\\/recompenses\\\/\",\"name\":\"Prix \u200b\u200bet distinctions internationaux pour les boissons gazeuses Galvanina\",\"isPartOf\":{\"@id\":\"https:\\\/\\\/www.galvanina.com\\\/fr\\\/#website\"},\"primaryImageOfPage\":{\"@id\":\"https:\\\/\\\/www.galvanina.com\\\/fr\\\/a-propos\\\/recompenses\\\/#primaryimage\"},\"image\":{\"@id\":\"https:\\\/\\\/www.galvanina.com\\\/fr\\\/a-propos\\\/recompenses\\\/#primaryimage\"},\"thumbnailUrl\":\"https:\\\/\\\/www.galvanina.com\\\/fr\\\/wp-content\\\/uploads\\\/sites\\\/4\\\/2024\\\/11\\\/Gambero_Rosso-600x167.png\",\"datePublished\":\"2020-05-21T12:55:52+00:00\",\"dateModified\":\"2024-11-26T10:06:46+00:00\",\"description\":\"Les boissons gazeuses Galvanina ont \u00e9t\u00e9 r\u00e9compens\u00e9es par de nombreux prix mondiaux. D\u00e9couvrez le go\u00fbt unique et l'emballage en verre sculpt\u00e9.\",\"breadcrumb\":{\"@id\":\"https:\\\/\\\/www.galvanina.com\\\/fr\\\/a-propos\\\/recompenses\\\/#breadcrumb\"},\"inLanguage\":\"fr-FR\",\"potentialAction\":[{\"@type\":\"ReadAction\",\"target\":[\"https:\\\/\\\/www.galvanina.com\\\/fr\\\/a-propos\\\/recompenses\\\/\"]}]},{\"@type\":\"ImageObject\",\"inLanguage\":\"fr-FR\",\"@id\":\"https:\\\/\\\/www.galvanina.com\\\/fr\\\/a-propos\\\/recompenses\\\/#primaryimage\",\"url\":\"https:\\\/\\\/www.galvanina.com\\\/fr\\\/wp-content\\\/uploads\\\/sites\\\/4\\\/2024\\\/11\\\/Gambero_Rosso.png\",\"contentUrl\":\"https:\\\/\\\/www.galvanina.com\\\/fr\\\/wp-content\\\/uploads\\\/sites\\\/4\\\/2024\\\/11\\\/Gambero_Rosso.png\",\"width\":1182,\"height\":329,\"caption\":\"Gambero_Rosso\"},{\"@type\":\"BreadcrumbList\",\"@id\":\"https:\\\/\\\/www.galvanina.com\\\/fr\\\/a-propos\\\/recompenses\\\/#breadcrumb\",\"itemListElement\":[{\"@type\":\"ListItem\",\"position\":1,\"name\":\"Home\",\"item\":\"https:\\\/\\\/www.galvanina.com\\\/fr\\\/\"},{\"@type\":\"ListItem\",\"position\":2,\"name\":\"\u00c0 propos\",\"item\":\"https:\\\/\\\/www.galvanina.com\\\/fr\\\/a-propos\\\/\"},{\"@type\":\"ListItem\",\"position\":3,\"name\":\"R\u00e9compenses\"}]},{\"@type\":\"WebSite\",\"@id\":\"https:\\\/\\\/www.galvanina.com\\\/fr\\\/#website\",\"url\":\"https:\\\/\\\/www.galvanina.com\\\/fr\\\/\",\"name\":\"Galvanina\",\"description\":\"\",\"publisher\":{\"@id\":\"https:\\\/\\\/www.galvanina.com\\\/fr\\\/#organization\"},\"potentialAction\":[{\"@type\":\"SearchAction\",\"target\":{\"@type\":\"EntryPoint\",\"urlTemplate\":\"https:\\\/\\\/www.galvanina.com\\\/fr\\\/?s={search_term_string}\"},\"query-input\":{\"@type\":\"PropertyValueSpecification\",\"valueRequired\":true,\"valueName\":\"search_term_string\"}}],\"inLanguage\":\"fr-FR\"},{\"@type\":\"Organization\",\"@id\":\"https:\\\/\\\/www.galvanina.com\\\/fr\\\/#organization\",\"name\":\"La Galvanina S.p.A.\",\"url\":\"https:\\\/\\\/www.galvanina.com\\\/fr\\\/\",\"logo\":{\"@type\":\"ImageObject\",\"inLanguage\":\"fr-FR\",\"@id\":\"https:\\\/\\\/www.galvanina.com\\\/fr\\\/#\\\/schema\\\/logo\\\/image\\\/\",\"url\":\"https:\\\/\\\/www.galvanina.com\\\/fr\\\/wp-content\\\/uploads\\\/sites\\\/4\\\/2020\\\/06\\\/logo-galvanina.png\",\"contentUrl\":\"https:\\\/\\\/www.galvanina.com\\\/fr\\\/wp-content\\\/uploads\\\/sites\\\/4\\\/2020\\\/06\\\/logo-galvanina.png\",\"width\":768,\"height\":768,\"caption\":\"La Galvanina S.p.A.\"},\"image\":{\"@id\":\"https:\\\/\\\/www.galvanina.com\\\/fr\\\/#\\\/schema\\\/logo\\\/image\\\/\"},\"sameAs\":[\"https:\\\/\\\/www.facebook.com\\\/galvanina\\\/\",\"https:\\\/\\\/www.instagram.com\\\/lagalvanina\\\/\",\"https:\\\/\\\/www.linkedin.com\\\/company\\\/galvanina\\\/\"]}]}<\/script>\n<!-- \/ Yoast SEO plugin. -->","yoast_head_json":{"title":"Prix \u200b\u200bet distinctions internationaux pour les boissons gazeuses Galvanina","description":"Les boissons gazeuses Galvanina ont \u00e9t\u00e9 r\u00e9compens\u00e9es par de nombreux prix mondiaux. D\u00e9couvrez le go\u00fbt unique et l'emballage en verre sculpt\u00e9.","robots":{"index":"index","follow":"follow","max-snippet":"max-snippet:-1","max-image-preview":"max-image-preview:large","max-video-preview":"max-video-preview:-1"},"canonical":"https:\/\/www.galvanina.com\/fr\/a-propos\/recompenses\/","og_locale":"fr_FR","og_type":"article","og_title":"Prix \u200b\u200bet distinctions internationaux pour les boissons gazeuses Galvanina","og_description":"Les boissons gazeuses Galvanina ont \u00e9t\u00e9 r\u00e9compens\u00e9es par de nombreux prix mondiaux. D\u00e9couvrez le go\u00fbt unique et l'emballage en verre sculpt\u00e9.","og_url":"https:\/\/www.galvanina.com\/fr\/a-propos\/recompenses\/","og_site_name":"Galvanina","article_publisher":"https:\/\/www.facebook.com\/galvanina\/","article_modified_time":"2024-11-26T10:06:46+00:00","og_image":[{"width":1182,"height":329,"url":"https:\/\/www.galvanina.com\/fr\/wp-content\/uploads\/sites\/4\/2024\/11\/Gambero_Rosso.png","type":"image\/png"}],"twitter_card":"summary_large_image","twitter_misc":{"Dur\u00e9e de lecture estim\u00e9e":"4 minutes"},"schema":{"@context":"https:\/\/schema.org","@graph":[{"@type":"WebPage","@id":"https:\/\/www.galvanina.com\/fr\/a-propos\/recompenses\/","url":"https:\/\/www.galvanina.com\/fr\/a-propos\/recompenses\/","name":"Prix \u200b\u200bet distinctions internationaux pour les boissons gazeuses Galvanina","isPartOf":{"@id":"https:\/\/www.galvanina.com\/fr\/#website"},"primaryImageOfPage":{"@id":"https:\/\/www.galvanina.com\/fr\/a-propos\/recompenses\/#primaryimage"},"image":{"@id":"https:\/\/www.galvanina.com\/fr\/a-propos\/recompenses\/#primaryimage"},"thumbnailUrl":"https:\/\/www.galvanina.com\/fr\/wp-content\/uploads\/sites\/4\/2024\/11\/Gambero_Rosso-600x167.png","datePublished":"2020-05-21T12:55:52+00:00","dateModified":"2024-11-26T10:06:46+00:00","description":"Les boissons gazeuses Galvanina ont \u00e9t\u00e9 r\u00e9compens\u00e9es par de nombreux prix mondiaux. D\u00e9couvrez le go\u00fbt unique et l'emballage en verre sculpt\u00e9.","breadcrumb":{"@id":"https:\/\/www.galvanina.com\/fr\/a-propos\/recompenses\/#breadcrumb"},"inLanguage":"fr-FR","potentialAction":[{"@type":"ReadAction","target":["https:\/\/www.galvanina.com\/fr\/a-propos\/recompenses\/"]}]},{"@type":"ImageObject","inLanguage":"fr-FR","@id":"https:\/\/www.galvanina.com\/fr\/a-propos\/recompenses\/#primaryimage","url":"https:\/\/www.galvanina.com\/fr\/wp-content\/uploads\/sites\/4\/2024\/11\/Gambero_Rosso.png","contentUrl":"https:\/\/www.galvanina.com\/fr\/wp-content\/uploads\/sites\/4\/2024\/11\/Gambero_Rosso.png","width":1182,"height":329,"caption":"Gambero_Rosso"},{"@type":"BreadcrumbList","@id":"https:\/\/www.galvanina.com\/fr\/a-propos\/recompenses\/#breadcrumb","itemListElement":[{"@type":"ListItem","position":1,"name":"Home","item":"https:\/\/www.galvanina.com\/fr\/"},{"@type":"ListItem","position":2,"name":"\u00c0 propos","item":"https:\/\/www.galvanina.com\/fr\/a-propos\/"},{"@type":"ListItem","position":3,"name":"R\u00e9compenses"}]},{"@type":"WebSite","@id":"https:\/\/www.galvanina.com\/fr\/#website","url":"https:\/\/www.galvanina.com\/fr\/","name":"Galvanina","description":"","publisher":{"@id":"https:\/\/www.galvanina.com\/fr\/#organization"},"potentialAction":[{"@type":"SearchAction","target":{"@type":"EntryPoint","urlTemplate":"https:\/\/www.galvanina.com\/fr\/?s={search_term_string}"},"query-input":{"@type":"PropertyValueSpecification","valueRequired":true,"valueName":"search_term_string"}}],"inLanguage":"fr-FR"},{"@type":"Organization","@id":"https:\/\/www.galvanina.com\/fr\/#organization","name":"La Galvanina S.p.A.","url":"https:\/\/www.galvanina.com\/fr\/","logo":{"@type":"ImageObject","inLanguage":"fr-FR","@id":"https:\/\/www.galvanina.com\/fr\/#\/schema\/logo\/image\/","url":"https:\/\/www.galvanina.com\/fr\/wp-content\/uploads\/sites\/4\/2020\/06\/logo-galvanina.png","contentUrl":"https:\/\/www.galvanina.com\/fr\/wp-content\/uploads\/sites\/4\/2020\/06\/logo-galvanina.png","width":768,"height":768,"caption":"La Galvanina S.p.A."},"image":{"@id":"https:\/\/www.galvanina.com\/fr\/#\/schema\/logo\/image\/"},"sameAs":["https:\/\/www.facebook.com\/galvanina\/","https:\/\/www.instagram.com\/lagalvanina\/","https:\/\/www.linkedin.com\/company\/galvanina\/"]}]}},"_links":{"self":[{"href":"https:\/\/www.galvanina.com\/fr\/wp-json\/wp\/v2\/pages\/182","targetHints":{"allow":["GET"]}}],"collection":[{"href":"https:\/\/www.galvanina.com\/fr\/wp-json\/wp\/v2\/pages"}],"about":[{"href":"https:\/\/www.galvanina.com\/fr\/wp-json\/wp\/v2\/types\/page"}],"author":[{"embeddable":true,"href":"https:\/\/www.galvanina.com\/fr\/wp-json\/wp\/v2\/users\/23"}],"replies":[{"embeddable":true,"href":"https:\/\/www.galvanina.com\/fr\/wp-json\/wp\/v2\/comments?post=182"}],"version-history":[{"count":32,"href":"https:\/\/www.galvanina.com\/fr\/wp-json\/wp\/v2\/pages\/182\/revisions"}],"predecessor-version":[{"id":5673,"href":"https:\/\/www.galvanina.com\/fr\/wp-json\/wp\/v2\/pages\/182\/revisions\/5673"}],"up":[{"embeddable":true,"href":"https:\/\/www.galvanina.com\/fr\/wp-json\/wp\/v2\/pages\/147"}],"wp:attachment":[{"href":"https:\/\/www.galvanina.com\/fr\/wp-json\/wp\/v2\/media?parent=182"}],"curies":[{"name":"wp","href":"https:\/\/api.w.org\/{rel}","templated":true}]}}