{"id":15,"date":"2000-01-01T00:00:01","date_gmt":"1999-12-31T23:00:01","guid":{"rendered":"https:\/\/galvanina.dev.locale\/?page_id=15"},"modified":"2022-08-31T11:18:29","modified_gmt":"2022-08-31T09:18:29","slug":"home","status":"publish","type":"page","link":"https:\/\/www.galvanina.com\/fr\/","title":{"rendered":"Home"},"content":{"rendered":"\r\n<div class=\"wp-block-columns m0 is-layout-flex wp-container-core-columns-is-layout-9d6595d7 wp-block-columns-is-layout-flex\">\r\n<div class=\"wp-block-column is-vertically-aligned-bottom is-layout-flow wp-block-column-is-layout-flow\">\r\n<figure class=\"wp-block-image size-large block m0\"><img loading=\"lazy\" decoding=\"async\" width=\"392\" height=\"404\" class=\"wp-image-62\" src=\"https:\/\/www.galvanina.com\/fr\/wp-content\/uploads\/sites\/4\/2020\/05\/bicchiere.jpg\" alt=\"\" srcset=\"https:\/\/www.galvanina.com\/fr\/wp-content\/uploads\/sites\/4\/2020\/05\/bicchiere.jpg 392w, https:\/\/www.galvanina.com\/fr\/wp-content\/uploads\/sites\/4\/2020\/05\/bicchiere-240x247.jpg 240w, https:\/\/www.galvanina.com\/fr\/wp-content\/uploads\/sites\/4\/2020\/05\/bicchiere-78x80.jpg 78w\" sizes=\"auto, (max-width: 392px) 100vw, 392px\" \/><\/figure>\r\n<\/div>\r\n\r\n\r\n\r\n<div class=\"wp-block-column h5 md-h4 py2 is-layout-flow wp-block-column-is-layout-flow\" style=\"flex-basis: 60%;\">\r\n<h1 class=\"lato h5 md-h4 line-height-4 mb2 wp-block-heading\"><strong><strong>Galvanina : boissons gazeuses et limonades italiennes biologiques.<\/strong><\/strong><\/h1>\r\n\r\n\r\n\r\n<p>Galvanina\u00a0: une histoire ancienne et fascinante. Situ\u00e9e sur les pentes du colle Paradiso qui abritaient autrefois d\u2019anciens thermes romains, Galvanina tire son nom de la source d\u2019eau min\u00e9rale. C\u2019est ici que commence un voyage \u00e0 travers les si\u00e8cles sur le territoire de Rimini.<\/p>\r\n\r\n\r\n\r\n<p>Aujourd\u2019hui, Galvanina est pr\u00e9sente dans plus de 50 pays \u00e0 travers le monde avec des produits de qualit\u00e9 certifi\u00e9s biologiques : boissons biologiques, th\u00e9s glac\u00e9s, eaux min\u00e9rales, boissons gazeuses et mixeurs.<\/p>\r\n\r\n\r\n\r\n<p>&nbsp;<\/p>\r\n\r\n\r\n\r\n<div class=\"wp-block-buttons center sm-left-align mb2 is-layout-flex wp-block-buttons-is-layout-flex\">\r\n<div class=\"wp-block-button is-style-fill\"><a class=\"wp-block-button__link btn cta-7cc47cd7\" href=\"https:\/\/www.galvanina.com\/fr\/a-propos\/\">QUI NOUS SOMMES<\/a><\/div>\r\n<\/div>\r\n<\/div>\r\n<\/div>\r\n","protected":false},"excerpt":{"rendered":"<p>Galvanina : boissons gazeuses et limonades italiennes biologiques. Galvanina\u00a0: une histoire ancienne et fascinante. Situ\u00e9e sur les pentes du colle Paradiso qui abritaient autrefois d\u2019anciens thermes romains, Galvanina tire son nom de la source d\u2019eau min\u00e9rale. C\u2019est ici que commence un voyage \u00e0 travers les si\u00e8cles sur le territoire de Rimini. Aujourd\u2019hui, Galvanina est pr\u00e9sente [&hellip;]<\/p>\n","protected":false},"author":23,"featured_media":2140,"parent":0,"menu_order":21,"comment_status":"closed","ping_status":"closed","template":"page-home.php","meta":{"footnotes":""},"class_list":["post-15","page","type-page","status-publish","has-post-thumbnail","hentry"],"yoast_head":"<!-- This site is optimized with the Yoast SEO plugin v27.2 - https:\/\/yoast.com\/product\/yoast-seo-wordpress\/ -->\n<title>Galvanina | Essence naturelle, \u00e2me guillerette<\/title>\n<meta name=\"description\" content=\"Bienvenue chez Galvanina. Le producteur italien de boissons bio, connu pour ses eaux min\u00e9rales et ses boissons gazeuses bio\" \/>\n<meta name=\"robots\" content=\"index, follow, max-snippet:-1, max-image-preview:large, max-video-preview:-1\" \/>\n<link rel=\"canonical\" href=\"https:\/\/www.galvanina.com\/fr\/\" \/>\n<meta property=\"og:locale\" content=\"fr_FR\" \/>\n<meta property=\"og:type\" content=\"article\" \/>\n<meta property=\"og:title\" content=\"Galvanina | Essence naturelle, \u00e2me guillerette\" \/>\n<meta property=\"og:description\" content=\"Bienvenue chez Galvanina. Le producteur italien de boissons bio, connu pour ses eaux min\u00e9rales et ses boissons gazeuses bio\" \/>\n<meta property=\"og:url\" content=\"https:\/\/www.galvanina.com\/fr\/\" \/>\n<meta property=\"og:site_name\" content=\"Galvanina\" \/>\n<meta property=\"article:publisher\" content=\"https:\/\/www.facebook.com\/galvanina\/\" \/>\n<meta property=\"article:modified_time\" content=\"2022-08-31T09:18:29+00:00\" \/>\n<meta property=\"og:image\" content=\"https:\/\/www.galvanina.com\/fr\/wp-content\/uploads\/sites\/4\/2020\/06\/galvanina-social.jpg\" \/>\n\t<meta property=\"og:image:width\" content=\"1080\" \/>\n\t<meta property=\"og:image:height\" content=\"630\" \/>\n\t<meta property=\"og:image:type\" content=\"image\/jpeg\" \/>\n<meta name=\"twitter:card\" content=\"summary_large_image\" \/>\n<meta name=\"twitter:label1\" content=\"Dur\u00e9e de lecture estim\u00e9e\" \/>\n\t<meta name=\"twitter:data1\" content=\"1 minute\" \/>\n<script type=\"application\/ld+json\" class=\"yoast-schema-graph\">{\"@context\":\"https:\/\/schema.org\",\"@graph\":[{\"@type\":\"WebPage\",\"@id\":\"https:\/\/www.galvanina.com\/fr\/\",\"url\":\"https:\/\/www.galvanina.com\/fr\/\",\"name\":\"Galvanina | Essence naturelle, \u00e2me guillerette\",\"isPartOf\":{\"@id\":\"https:\/\/www.galvanina.com\/fr\/#website\"},\"primaryImageOfPage\":{\"@id\":\"https:\/\/www.galvanina.com\/fr\/#primaryimage\"},\"image\":{\"@id\":\"https:\/\/www.galvanina.com\/fr\/#primaryimage\"},\"thumbnailUrl\":\"https:\/\/www.galvanina.com\/fr\/wp-content\/uploads\/sites\/4\/2020\/06\/galvanina-social.jpg\",\"datePublished\":\"1999-12-31T23:00:01+00:00\",\"dateModified\":\"2022-08-31T09:18:29+00:00\",\"description\":\"Bienvenue chez Galvanina. Le producteur italien de boissons bio, connu pour ses eaux min\u00e9rales et ses boissons gazeuses bio\",\"breadcrumb\":{\"@id\":\"https:\/\/www.galvanina.com\/fr\/#breadcrumb\"},\"inLanguage\":\"fr-FR\",\"potentialAction\":[{\"@type\":\"ReadAction\",\"target\":[\"https:\/\/www.galvanina.com\/fr\/\"]}]},{\"@type\":\"ImageObject\",\"inLanguage\":\"fr-FR\",\"@id\":\"https:\/\/www.galvanina.com\/fr\/#primaryimage\",\"url\":\"https:\/\/www.galvanina.com\/fr\/wp-content\/uploads\/sites\/4\/2020\/06\/galvanina-social.jpg\",\"contentUrl\":\"https:\/\/www.galvanina.com\/fr\/wp-content\/uploads\/sites\/4\/2020\/06\/galvanina-social.jpg\",\"width\":1080,\"height\":630,\"caption\":\"Natural essence, perky soul\"},{\"@type\":\"BreadcrumbList\",\"@id\":\"https:\/\/www.galvanina.com\/fr\/#breadcrumb\",\"itemListElement\":[{\"@type\":\"ListItem\",\"position\":1,\"name\":\"Home\",\"item\":\"https:\/\/www.galvanina.com\/fr\/\"},{\"@type\":\"ListItem\",\"position\":2,\"name\":\"Home\"}]},{\"@type\":\"WebSite\",\"@id\":\"https:\/\/www.galvanina.com\/fr\/#website\",\"url\":\"https:\/\/www.galvanina.com\/fr\/\",\"name\":\"Galvanina\",\"description\":\"\",\"publisher\":{\"@id\":\"https:\/\/www.galvanina.com\/fr\/#organization\"},\"potentialAction\":[{\"@type\":\"SearchAction\",\"target\":{\"@type\":\"EntryPoint\",\"urlTemplate\":\"https:\/\/www.galvanina.com\/fr\/?s={search_term_string}\"},\"query-input\":{\"@type\":\"PropertyValueSpecification\",\"valueRequired\":true,\"valueName\":\"search_term_string\"}}],\"inLanguage\":\"fr-FR\"},{\"@type\":\"Organization\",\"@id\":\"https:\/\/www.galvanina.com\/fr\/#organization\",\"name\":\"La Galvanina S.p.A.\",\"url\":\"https:\/\/www.galvanina.com\/fr\/\",\"logo\":{\"@type\":\"ImageObject\",\"inLanguage\":\"fr-FR\",\"@id\":\"https:\/\/www.galvanina.com\/fr\/#\/schema\/logo\/image\/\",\"url\":\"https:\/\/www.galvanina.com\/fr\/wp-content\/uploads\/sites\/4\/2020\/06\/logo-galvanina.png\",\"contentUrl\":\"https:\/\/www.galvanina.com\/fr\/wp-content\/uploads\/sites\/4\/2020\/06\/logo-galvanina.png\",\"width\":768,\"height\":768,\"caption\":\"La Galvanina S.p.A.\"},\"image\":{\"@id\":\"https:\/\/www.galvanina.com\/fr\/#\/schema\/logo\/image\/\"},\"sameAs\":[\"https:\/\/www.facebook.com\/galvanina\/\",\"https:\/\/www.instagram.com\/lagalvanina\/\",\"https:\/\/www.linkedin.com\/company\/galvanina\/\"]}]}<\/script>\n<!-- \/ Yoast SEO plugin. -->","yoast_head_json":{"title":"Galvanina | Essence naturelle, \u00e2me guillerette","description":"Bienvenue chez Galvanina. Le producteur italien de boissons bio, connu pour ses eaux min\u00e9rales et ses boissons gazeuses bio","robots":{"index":"index","follow":"follow","max-snippet":"max-snippet:-1","max-image-preview":"max-image-preview:large","max-video-preview":"max-video-preview:-1"},"canonical":"https:\/\/www.galvanina.com\/fr\/","og_locale":"fr_FR","og_type":"article","og_title":"Galvanina | Essence naturelle, \u00e2me guillerette","og_description":"Bienvenue chez Galvanina. Le producteur italien de boissons bio, connu pour ses eaux min\u00e9rales et ses boissons gazeuses bio","og_url":"https:\/\/www.galvanina.com\/fr\/","og_site_name":"Galvanina","article_publisher":"https:\/\/www.facebook.com\/galvanina\/","article_modified_time":"2022-08-31T09:18:29+00:00","og_image":[{"width":1080,"height":630,"url":"https:\/\/www.galvanina.com\/fr\/wp-content\/uploads\/sites\/4\/2020\/06\/galvanina-social.jpg","type":"image\/jpeg"}],"twitter_card":"summary_large_image","twitter_misc":{"Dur\u00e9e de lecture estim\u00e9e":"1 minute"},"schema":{"@context":"https:\/\/schema.org","@graph":[{"@type":"WebPage","@id":"https:\/\/www.galvanina.com\/fr\/","url":"https:\/\/www.galvanina.com\/fr\/","name":"Galvanina | Essence naturelle, \u00e2me guillerette","isPartOf":{"@id":"https:\/\/www.galvanina.com\/fr\/#website"},"primaryImageOfPage":{"@id":"https:\/\/www.galvanina.com\/fr\/#primaryimage"},"image":{"@id":"https:\/\/www.galvanina.com\/fr\/#primaryimage"},"thumbnailUrl":"https:\/\/www.galvanina.com\/fr\/wp-content\/uploads\/sites\/4\/2020\/06\/galvanina-social.jpg","datePublished":"1999-12-31T23:00:01+00:00","dateModified":"2022-08-31T09:18:29+00:00","description":"Bienvenue chez Galvanina. Le producteur italien de boissons bio, connu pour ses eaux min\u00e9rales et ses boissons gazeuses bio","breadcrumb":{"@id":"https:\/\/www.galvanina.com\/fr\/#breadcrumb"},"inLanguage":"fr-FR","potentialAction":[{"@type":"ReadAction","target":["https:\/\/www.galvanina.com\/fr\/"]}]},{"@type":"ImageObject","inLanguage":"fr-FR","@id":"https:\/\/www.galvanina.com\/fr\/#primaryimage","url":"https:\/\/www.galvanina.com\/fr\/wp-content\/uploads\/sites\/4\/2020\/06\/galvanina-social.jpg","contentUrl":"https:\/\/www.galvanina.com\/fr\/wp-content\/uploads\/sites\/4\/2020\/06\/galvanina-social.jpg","width":1080,"height":630,"caption":"Natural essence, perky soul"},{"@type":"BreadcrumbList","@id":"https:\/\/www.galvanina.com\/fr\/#breadcrumb","itemListElement":[{"@type":"ListItem","position":1,"name":"Home","item":"https:\/\/www.galvanina.com\/fr\/"},{"@type":"ListItem","position":2,"name":"Home"}]},{"@type":"WebSite","@id":"https:\/\/www.galvanina.com\/fr\/#website","url":"https:\/\/www.galvanina.com\/fr\/","name":"Galvanina","description":"","publisher":{"@id":"https:\/\/www.galvanina.com\/fr\/#organization"},"potentialAction":[{"@type":"SearchAction","target":{"@type":"EntryPoint","urlTemplate":"https:\/\/www.galvanina.com\/fr\/?s={search_term_string}"},"query-input":{"@type":"PropertyValueSpecification","valueRequired":true,"valueName":"search_term_string"}}],"inLanguage":"fr-FR"},{"@type":"Organization","@id":"https:\/\/www.galvanina.com\/fr\/#organization","name":"La Galvanina S.p.A.","url":"https:\/\/www.galvanina.com\/fr\/","logo":{"@type":"ImageObject","inLanguage":"fr-FR","@id":"https:\/\/www.galvanina.com\/fr\/#\/schema\/logo\/image\/","url":"https:\/\/www.galvanina.com\/fr\/wp-content\/uploads\/sites\/4\/2020\/06\/logo-galvanina.png","contentUrl":"https:\/\/www.galvanina.com\/fr\/wp-content\/uploads\/sites\/4\/2020\/06\/logo-galvanina.png","width":768,"height":768,"caption":"La Galvanina S.p.A."},"image":{"@id":"https:\/\/www.galvanina.com\/fr\/#\/schema\/logo\/image\/"},"sameAs":["https:\/\/www.facebook.com\/galvanina\/","https:\/\/www.instagram.com\/lagalvanina\/","https:\/\/www.linkedin.com\/company\/galvanina\/"]}]}},"_links":{"self":[{"href":"https:\/\/www.galvanina.com\/fr\/wp-json\/wp\/v2\/pages\/15","targetHints":{"allow":["GET"]}}],"collection":[{"href":"https:\/\/www.galvanina.com\/fr\/wp-json\/wp\/v2\/pages"}],"about":[{"href":"https:\/\/www.galvanina.com\/fr\/wp-json\/wp\/v2\/types\/page"}],"author":[{"embeddable":true,"href":"https:\/\/www.galvanina.com\/fr\/wp-json\/wp\/v2\/users\/23"}],"replies":[{"embeddable":true,"href":"https:\/\/www.galvanina.com\/fr\/wp-json\/wp\/v2\/comments?post=15"}],"version-history":[{"count":43,"href":"https:\/\/www.galvanina.com\/fr\/wp-json\/wp\/v2\/pages\/15\/revisions"}],"predecessor-version":[{"id":5437,"href":"https:\/\/www.galvanina.com\/fr\/wp-json\/wp\/v2\/pages\/15\/revisions\/5437"}],"wp:featuredmedia":[{"embeddable":true,"href":"https:\/\/www.galvanina.com\/fr\/wp-json\/wp\/v2\/media\/2140"}],"wp:attachment":[{"href":"https:\/\/www.galvanina.com\/fr\/wp-json\/wp\/v2\/media?parent=15"}],"curies":[{"name":"wp","href":"https:\/\/api.w.org\/{rel}","templated":true}]}}