{"id":147,"date":"2020-05-21T09:11:53","date_gmt":"2020-05-21T07:11:53","guid":{"rendered":"https:\/\/galvanina.dev.locale\/?page_id=147"},"modified":"2021-12-15T12:30:21","modified_gmt":"2021-12-15T11:30:21","slug":"a-propos","status":"publish","type":"page","link":"https:\/\/www.galvanina.com\/fr\/a-propos\/","title":{"rendered":"\u00c0 propos"},"content":{"rendered":"\n<h2 class=\"wp-block-heading\"><strong>Rien n\u2019est laiss\u00e9 au hasard.&nbsp;<\/strong><\/h2>\n\n\n\n<p>Galvanina, c\u2019est une histoire d\u2019authenticit\u00e9, de qualit\u00e9 et de souci du d\u00e9tail avec un objectif clair : rendre les gens heureux \u00e0 travers une exp\u00e9rience gustative.&nbsp;<\/p>\n\n\n\n<p>Les meilleurs fruits, agrumes et herbes aromatiques parfum\u00e9es, provenant du sud de l\u2019Italie et du bassin m\u00e9diterran\u00e9en, jouent un r\u00f4le fondamental dans nos recettes de boissons.\u00a0<\/p>\n\n\n\n<p>Bien plus que de simples saveurs : c\u2019est un environnement, une atmosph\u00e8re, une histoire, une culture et un certain style de vie, dont nous nous inspirons. Nous conjuguons qualit\u00e9, go\u00fbt et style italien, sans compromis, pour cr\u00e9er de v\u00e9ritables exp\u00e9riences gustatives et accompagner et c\u00e9l\u00e9brer les petits et grands moments de plaisir.<\/p>\n\n\n\n<p>Nous avons fait de la qualit\u00e9 notre priorit\u00e9, de l\u2019exaltation des saveurs naturelles notre marque de fabrique, le tout assembl\u00e9 dans une bouteille embl\u00e9matique.&nbsp;<\/p>\n\n\n\n<p>Ce que nous proposons est bien plus qu\u2019une boisson : c\u2019est une exp\u00e9rience qui sculpte la m\u00e9moire gustative.&nbsp;<\/p>\n\n\n\n<h2 class=\"wp-block-heading\"><strong>Au commencement \u00e9tait l\u2019eau.&nbsp;Et elle est toujours l\u00e0.&nbsp;<\/strong><\/h2>\n\n\n\n<p>Au d\u00e9but du si\u00e8cle dernier, l\u2019entreprise nouvellement cr\u00e9\u00e9e exerce une activit\u00e9 artisanale d\u2019embouteillage d\u2019eau min\u00e9rale. Par la suite elle s\u2019oriente vers une production industrielle, tout en pr\u00e9servant ses valeurs fondamentales : le souci du d\u00e9tail, l\u2019attention port\u00e9e \u00e0 la qualit\u00e9 et le choix des meilleures mati\u00e8res premi\u00e8res.&nbsp;<\/p>\n\n\n\n<p>L\u2019entreprise tire son nom de la source d\u2019eau min\u00e9rale Galvanina qui se trouve dans un lieu d\u00e9j\u00e0 connu \u00e0 l\u2019\u00e9poque romaine : Colle Paradiso, derri\u00e8re la ville de Rimini, fond\u00e9e par les Romains. Dans la seconde moiti\u00e9 du XXe si\u00e8cle, de nombreuses d\u00e9couvertes arch\u00e9ologiques ont \u00e9t\u00e9 mises au jour lors de l\u2019imposante campagne de fouilles pour la construction du nouveau syst\u00e8me de captage des eaux de source. Les objets d\u00e9couverts sont actuellement conserv\u00e9s dans le mus\u00e9e de l\u2019entreprise.&nbsp;<\/p>\n\n\n\n<p>L\u2019eau de source Galvanina est microbiologiquement pure \u00e0 la source, avec un \u00e9quilibre parfait des min\u00e9raux, et riche en min\u00e9raux. M\u00eame la carbonatation est d\u2019origine naturelle. En effet, Galvanina n\u2019utilise que du dioxyde de carbone d\u2019origine min\u00e9rale naturelle.<\/p>\n\n\n\n<figure class=\"wp-block-image size-large\"><img loading=\"lazy\" decoding=\"async\" width=\"1280\" height=\"897\" src=\"https:\/\/www.galvanina.com\/fr\/wp-content\/uploads\/sites\/4\/2020\/05\/macchinario-limonata-bio-1280x897.jpg\" alt=\"impianto produzione limonata bio\" class=\"wp-image-1753\" srcset=\"https:\/\/www.galvanina.com\/fr\/wp-content\/uploads\/sites\/4\/2020\/05\/macchinario-limonata-bio-1280x897.jpg 1280w, https:\/\/www.galvanina.com\/fr\/wp-content\/uploads\/sites\/4\/2020\/05\/macchinario-limonata-bio-600x420.jpg 600w, https:\/\/www.galvanina.com\/fr\/wp-content\/uploads\/sites\/4\/2020\/05\/macchinario-limonata-bio-768x538.jpg 768w, https:\/\/www.galvanina.com\/fr\/wp-content\/uploads\/sites\/4\/2020\/05\/macchinario-limonata-bio-240x168.jpg 240w, https:\/\/www.galvanina.com\/fr\/wp-content\/uploads\/sites\/4\/2020\/05\/macchinario-limonata-bio-114x80.jpg 114w, https:\/\/www.galvanina.com\/fr\/wp-content\/uploads\/sites\/4\/2020\/05\/macchinario-limonata-bio.jpg 1440w\" sizes=\"auto, (max-width: 1280px) 100vw, 1280px\" \/><\/figure>\n","protected":false},"excerpt":{"rendered":"<p>Rien n\u2019est laiss\u00e9 au hasard.&nbsp; Galvanina, c\u2019est une histoire d\u2019authenticit\u00e9, de qualit\u00e9 et de souci du d\u00e9tail avec un objectif clair : rendre les gens heureux \u00e0 travers une exp\u00e9rience gustative.&nbsp; Les meilleurs fruits, agrumes et herbes aromatiques parfum\u00e9es, provenant du sud de l\u2019Italie et du bassin m\u00e9diterran\u00e9en, jouent un r\u00f4le fondamental dans nos recettes [&hellip;]<\/p>\n","protected":false},"author":23,"featured_media":0,"parent":0,"menu_order":14,"comment_status":"closed","ping_status":"closed","template":"","meta":{"footnotes":""},"class_list":["post-147","page","type-page","status-publish","hentry"],"yoast_head":"<!-- This site is optimized with the Yoast SEO plugin v27.3 - https:\/\/yoast.com\/product\/yoast-seo-wordpress\/ -->\n<title>D\u00e9couvrez la soci\u00e9t\u00e9 de boissons gazeuses Galvanina<\/title>\n<meta name=\"description\" content=\"Galvanina tire son nom de la source d&#039;eau du m\u00eame nom situ\u00e9e sur les collines de Rimini. C&#039;est l\u00e0 que la mise en bouteille a commenc\u00e9 il y a un si\u00e8cle.\" \/>\n<meta name=\"robots\" content=\"index, follow, max-snippet:-1, max-image-preview:large, max-video-preview:-1\" \/>\n<link rel=\"canonical\" href=\"https:\/\/www.galvanina.com\/fr\/a-propos\/\" \/>\n<meta property=\"og:locale\" content=\"fr_FR\" \/>\n<meta property=\"og:type\" content=\"article\" \/>\n<meta property=\"og:title\" content=\"D\u00e9couvrez la soci\u00e9t\u00e9 de boissons gazeuses Galvanina\" \/>\n<meta property=\"og:description\" content=\"Galvanina tire son nom de la source d&#039;eau du m\u00eame nom situ\u00e9e sur les collines de Rimini. C&#039;est l\u00e0 que la mise en bouteille a commenc\u00e9 il y a un si\u00e8cle.\" \/>\n<meta property=\"og:url\" content=\"https:\/\/www.galvanina.com\/fr\/a-propos\/\" \/>\n<meta property=\"og:site_name\" content=\"Galvanina\" \/>\n<meta property=\"article:publisher\" content=\"https:\/\/www.facebook.com\/galvanina\/\" \/>\n<meta property=\"article:modified_time\" content=\"2021-12-15T11:30:21+00:00\" \/>\n<meta property=\"og:image\" content=\"https:\/\/www.galvanina.com\/fr\/wp-content\/uploads\/sites\/4\/2020\/05\/macchinario-limonata-bio-1280x897.jpg\" \/>\n<meta name=\"twitter:card\" content=\"summary_large_image\" \/>\n<meta name=\"twitter:label1\" content=\"Dur\u00e9e de lecture estim\u00e9e\" \/>\n\t<meta name=\"twitter:data1\" content=\"2 minutes\" \/>\n<script type=\"application\/ld+json\" class=\"yoast-schema-graph\">{\"@context\":\"https:\\\/\\\/schema.org\",\"@graph\":[{\"@type\":\"WebPage\",\"@id\":\"https:\\\/\\\/www.galvanina.com\\\/fr\\\/a-propos\\\/\",\"url\":\"https:\\\/\\\/www.galvanina.com\\\/fr\\\/a-propos\\\/\",\"name\":\"D\u00e9couvrez la soci\u00e9t\u00e9 de boissons gazeuses Galvanina\",\"isPartOf\":{\"@id\":\"https:\\\/\\\/www.galvanina.com\\\/fr\\\/#website\"},\"primaryImageOfPage\":{\"@id\":\"https:\\\/\\\/www.galvanina.com\\\/fr\\\/a-propos\\\/#primaryimage\"},\"image\":{\"@id\":\"https:\\\/\\\/www.galvanina.com\\\/fr\\\/a-propos\\\/#primaryimage\"},\"thumbnailUrl\":\"https:\\\/\\\/www.galvanina.com\\\/fr\\\/wp-content\\\/uploads\\\/sites\\\/4\\\/2020\\\/05\\\/macchinario-limonata-bio-1280x897.jpg\",\"datePublished\":\"2020-05-21T07:11:53+00:00\",\"dateModified\":\"2021-12-15T11:30:21+00:00\",\"description\":\"Galvanina tire son nom de la source d'eau du m\u00eame nom situ\u00e9e sur les collines de Rimini. C'est l\u00e0 que la mise en bouteille a commenc\u00e9 il y a un si\u00e8cle.\",\"breadcrumb\":{\"@id\":\"https:\\\/\\\/www.galvanina.com\\\/fr\\\/a-propos\\\/#breadcrumb\"},\"inLanguage\":\"fr-FR\",\"potentialAction\":[{\"@type\":\"ReadAction\",\"target\":[\"https:\\\/\\\/www.galvanina.com\\\/fr\\\/a-propos\\\/\"]}]},{\"@type\":\"ImageObject\",\"inLanguage\":\"fr-FR\",\"@id\":\"https:\\\/\\\/www.galvanina.com\\\/fr\\\/a-propos\\\/#primaryimage\",\"url\":\"https:\\\/\\\/www.galvanina.com\\\/fr\\\/wp-content\\\/uploads\\\/sites\\\/4\\\/2020\\\/05\\\/macchinario-limonata-bio.jpg\",\"contentUrl\":\"https:\\\/\\\/www.galvanina.com\\\/fr\\\/wp-content\\\/uploads\\\/sites\\\/4\\\/2020\\\/05\\\/macchinario-limonata-bio.jpg\",\"width\":1440,\"height\":1009,\"caption\":\"impianto produzione limonata bio\"},{\"@type\":\"BreadcrumbList\",\"@id\":\"https:\\\/\\\/www.galvanina.com\\\/fr\\\/a-propos\\\/#breadcrumb\",\"itemListElement\":[{\"@type\":\"ListItem\",\"position\":1,\"name\":\"Home\",\"item\":\"https:\\\/\\\/www.galvanina.com\\\/fr\\\/\"},{\"@type\":\"ListItem\",\"position\":2,\"name\":\"\u00c0 propos\"}]},{\"@type\":\"WebSite\",\"@id\":\"https:\\\/\\\/www.galvanina.com\\\/fr\\\/#website\",\"url\":\"https:\\\/\\\/www.galvanina.com\\\/fr\\\/\",\"name\":\"Galvanina\",\"description\":\"\",\"publisher\":{\"@id\":\"https:\\\/\\\/www.galvanina.com\\\/fr\\\/#organization\"},\"potentialAction\":[{\"@type\":\"SearchAction\",\"target\":{\"@type\":\"EntryPoint\",\"urlTemplate\":\"https:\\\/\\\/www.galvanina.com\\\/fr\\\/?s={search_term_string}\"},\"query-input\":{\"@type\":\"PropertyValueSpecification\",\"valueRequired\":true,\"valueName\":\"search_term_string\"}}],\"inLanguage\":\"fr-FR\"},{\"@type\":\"Organization\",\"@id\":\"https:\\\/\\\/www.galvanina.com\\\/fr\\\/#organization\",\"name\":\"La Galvanina S.p.A.\",\"url\":\"https:\\\/\\\/www.galvanina.com\\\/fr\\\/\",\"logo\":{\"@type\":\"ImageObject\",\"inLanguage\":\"fr-FR\",\"@id\":\"https:\\\/\\\/www.galvanina.com\\\/fr\\\/#\\\/schema\\\/logo\\\/image\\\/\",\"url\":\"https:\\\/\\\/www.galvanina.com\\\/fr\\\/wp-content\\\/uploads\\\/sites\\\/4\\\/2020\\\/06\\\/logo-galvanina.png\",\"contentUrl\":\"https:\\\/\\\/www.galvanina.com\\\/fr\\\/wp-content\\\/uploads\\\/sites\\\/4\\\/2020\\\/06\\\/logo-galvanina.png\",\"width\":768,\"height\":768,\"caption\":\"La Galvanina S.p.A.\"},\"image\":{\"@id\":\"https:\\\/\\\/www.galvanina.com\\\/fr\\\/#\\\/schema\\\/logo\\\/image\\\/\"},\"sameAs\":[\"https:\\\/\\\/www.facebook.com\\\/galvanina\\\/\",\"https:\\\/\\\/www.instagram.com\\\/lagalvanina\\\/\",\"https:\\\/\\\/www.linkedin.com\\\/company\\\/galvanina\\\/\"]}]}<\/script>\n<!-- \/ Yoast SEO plugin. -->","yoast_head_json":{"title":"D\u00e9couvrez la soci\u00e9t\u00e9 de boissons gazeuses Galvanina","description":"Galvanina tire son nom de la source d'eau du m\u00eame nom situ\u00e9e sur les collines de Rimini. C'est l\u00e0 que la mise en bouteille a commenc\u00e9 il y a un si\u00e8cle.","robots":{"index":"index","follow":"follow","max-snippet":"max-snippet:-1","max-image-preview":"max-image-preview:large","max-video-preview":"max-video-preview:-1"},"canonical":"https:\/\/www.galvanina.com\/fr\/a-propos\/","og_locale":"fr_FR","og_type":"article","og_title":"D\u00e9couvrez la soci\u00e9t\u00e9 de boissons gazeuses Galvanina","og_description":"Galvanina tire son nom de la source d'eau du m\u00eame nom situ\u00e9e sur les collines de Rimini. C'est l\u00e0 que la mise en bouteille a commenc\u00e9 il y a un si\u00e8cle.","og_url":"https:\/\/www.galvanina.com\/fr\/a-propos\/","og_site_name":"Galvanina","article_publisher":"https:\/\/www.facebook.com\/galvanina\/","article_modified_time":"2021-12-15T11:30:21+00:00","og_image":[{"url":"https:\/\/www.galvanina.com\/fr\/wp-content\/uploads\/sites\/4\/2020\/05\/macchinario-limonata-bio-1280x897.jpg","type":"","width":"","height":""}],"twitter_card":"summary_large_image","twitter_misc":{"Dur\u00e9e de lecture estim\u00e9e":"2 minutes"},"schema":{"@context":"https:\/\/schema.org","@graph":[{"@type":"WebPage","@id":"https:\/\/www.galvanina.com\/fr\/a-propos\/","url":"https:\/\/www.galvanina.com\/fr\/a-propos\/","name":"D\u00e9couvrez la soci\u00e9t\u00e9 de boissons gazeuses Galvanina","isPartOf":{"@id":"https:\/\/www.galvanina.com\/fr\/#website"},"primaryImageOfPage":{"@id":"https:\/\/www.galvanina.com\/fr\/a-propos\/#primaryimage"},"image":{"@id":"https:\/\/www.galvanina.com\/fr\/a-propos\/#primaryimage"},"thumbnailUrl":"https:\/\/www.galvanina.com\/fr\/wp-content\/uploads\/sites\/4\/2020\/05\/macchinario-limonata-bio-1280x897.jpg","datePublished":"2020-05-21T07:11:53+00:00","dateModified":"2021-12-15T11:30:21+00:00","description":"Galvanina tire son nom de la source d'eau du m\u00eame nom situ\u00e9e sur les collines de Rimini. C'est l\u00e0 que la mise en bouteille a commenc\u00e9 il y a un si\u00e8cle.","breadcrumb":{"@id":"https:\/\/www.galvanina.com\/fr\/a-propos\/#breadcrumb"},"inLanguage":"fr-FR","potentialAction":[{"@type":"ReadAction","target":["https:\/\/www.galvanina.com\/fr\/a-propos\/"]}]},{"@type":"ImageObject","inLanguage":"fr-FR","@id":"https:\/\/www.galvanina.com\/fr\/a-propos\/#primaryimage","url":"https:\/\/www.galvanina.com\/fr\/wp-content\/uploads\/sites\/4\/2020\/05\/macchinario-limonata-bio.jpg","contentUrl":"https:\/\/www.galvanina.com\/fr\/wp-content\/uploads\/sites\/4\/2020\/05\/macchinario-limonata-bio.jpg","width":1440,"height":1009,"caption":"impianto produzione limonata bio"},{"@type":"BreadcrumbList","@id":"https:\/\/www.galvanina.com\/fr\/a-propos\/#breadcrumb","itemListElement":[{"@type":"ListItem","position":1,"name":"Home","item":"https:\/\/www.galvanina.com\/fr\/"},{"@type":"ListItem","position":2,"name":"\u00c0 propos"}]},{"@type":"WebSite","@id":"https:\/\/www.galvanina.com\/fr\/#website","url":"https:\/\/www.galvanina.com\/fr\/","name":"Galvanina","description":"","publisher":{"@id":"https:\/\/www.galvanina.com\/fr\/#organization"},"potentialAction":[{"@type":"SearchAction","target":{"@type":"EntryPoint","urlTemplate":"https:\/\/www.galvanina.com\/fr\/?s={search_term_string}"},"query-input":{"@type":"PropertyValueSpecification","valueRequired":true,"valueName":"search_term_string"}}],"inLanguage":"fr-FR"},{"@type":"Organization","@id":"https:\/\/www.galvanina.com\/fr\/#organization","name":"La Galvanina S.p.A.","url":"https:\/\/www.galvanina.com\/fr\/","logo":{"@type":"ImageObject","inLanguage":"fr-FR","@id":"https:\/\/www.galvanina.com\/fr\/#\/schema\/logo\/image\/","url":"https:\/\/www.galvanina.com\/fr\/wp-content\/uploads\/sites\/4\/2020\/06\/logo-galvanina.png","contentUrl":"https:\/\/www.galvanina.com\/fr\/wp-content\/uploads\/sites\/4\/2020\/06\/logo-galvanina.png","width":768,"height":768,"caption":"La Galvanina S.p.A."},"image":{"@id":"https:\/\/www.galvanina.com\/fr\/#\/schema\/logo\/image\/"},"sameAs":["https:\/\/www.facebook.com\/galvanina\/","https:\/\/www.instagram.com\/lagalvanina\/","https:\/\/www.linkedin.com\/company\/galvanina\/"]}]}},"_links":{"self":[{"href":"https:\/\/www.galvanina.com\/fr\/wp-json\/wp\/v2\/pages\/147","targetHints":{"allow":["GET"]}}],"collection":[{"href":"https:\/\/www.galvanina.com\/fr\/wp-json\/wp\/v2\/pages"}],"about":[{"href":"https:\/\/www.galvanina.com\/fr\/wp-json\/wp\/v2\/types\/page"}],"author":[{"embeddable":true,"href":"https:\/\/www.galvanina.com\/fr\/wp-json\/wp\/v2\/users\/23"}],"replies":[{"embeddable":true,"href":"https:\/\/www.galvanina.com\/fr\/wp-json\/wp\/v2\/comments?post=147"}],"version-history":[{"count":9,"href":"https:\/\/www.galvanina.com\/fr\/wp-json\/wp\/v2\/pages\/147\/revisions"}],"predecessor-version":[{"id":5283,"href":"https:\/\/www.galvanina.com\/fr\/wp-json\/wp\/v2\/pages\/147\/revisions\/5283"}],"wp:attachment":[{"href":"https:\/\/www.galvanina.com\/fr\/wp-json\/wp\/v2\/media?parent=147"}],"curies":[{"name":"wp","href":"https:\/\/api.w.org\/{rel}","templated":true}]}}