{"id":6402,"date":"2025-12-02T12:51:25","date_gmt":"2025-12-02T11:51:25","guid":{"rendered":"https:\/\/www.galvanina.com\/es\/?page_id=6402"},"modified":"2025-12-02T12:51:43","modified_gmt":"2025-12-02T11:51:43","slug":"contactos","status":"publish","type":"page","link":"https:\/\/www.galvanina.com\/es\/contactos\/","title":{"rendered":"Contactos"},"content":{"rendered":"<form id=\"jquery_form_contatti\" action=\"\" method=\"POST\">\n<input type=\"hidden\" name=\"contatti_form\" value=\"1\"><br \/>\n<input name=\"language\" type=\"hidden\" value=\"es\" \/><br \/>\n<input name=\"retURL\" type=\"hidden\" value=\"\/es\/gracias-contactos-esp\/\" \/><br \/>\nRellena todas las partes del formulario aqu\u00ed abajo. Nuestro equipo se pondr\u00e1 en contacto contigo lo antes posible para brindarte toda la informaci\u00f3n que necesitas.<br \/>\n<label for=\"first_name\">NOMBRE* <\/label><input id=\"first_name\" maxlength=\"40\" name=\"first_name\" size=\"20\" type=\"text\" required \/><br \/>\n<label for=\"last_name\">APELLIDO* <\/label><input id=\"last_name\" maxlength=\"80\" name=\"last_name\" required size=\"20\" type=\"text\" \/><br \/>\n<label for=\"email\">CORREO ELECTR\u00d3NICO* <\/label><input id=\"email\" maxlength=\"80\" name=\"email\" size=\"20\" type=\"text\" required \/><br \/>\n<label for=\"phone\">PARTICULAR <\/label><input id=\"phone\" maxlength=\"40\" name=\"phone\" size=\"20\" type=\"text\" \/><br \/>\n<label for=\"company\">EMPRESA\u00a0<\/label><input id=\"company\" maxlength=\"40\" name=\"company\" size=\"20\" type=\"text\" \/><br \/>\n<label for=\"city\">CIUDAD* <\/label><input id=\"city\" maxlength=\"40\" name=\"city\" size=\"20\" type=\"text\" \/><br \/>\nMENSAJE*: <textarea id=\"message\" name=\"message\" rows=\"3\" wrap=\"soft\" required><\/textarea><\/p>\n<div class=\"privacy-area\">\n<div>\n<input id=\"privacy_policy\" name=\"privacy_policy\" type=\"checkbox\" value=\"1\" required \/><br \/>\n<span class=\"desc-chk\">He le\u00eddo la pol\u00edtica de <a target=\"_blank\" href=\"https:\/\/www.galvanina.com\/es\/legal\/privacy-policy\/\" rel=\"noopener\">privacidad<\/a><\/span>\n<\/div>\n<div>\n<input id=\"info_to_other\" name=\"info_to_other\" type=\"checkbox\" value=\"1\" \/><br \/>\n<span class=\"desc-chk\">Autorizo la comunicaci\u00f3n de mis datos personales a terceros (por ejemplo, revendedores, distribuidores o agentes de La Galvanina S.p.A.) cuando sea necesario para satisfacer mis solicitudes<\/span>\n<\/div>\n<div>\n<input id=\"marketing\" name=\"marketing\" type=\"checkbox\" value=\"1\" \/><br \/>\n<span class=\"desc-chk\">Autorizo el tratamiento de mis datos con fines de marketing (comunicaciones comerciales, ofertas, etc.) por parte de La Galvanina S.p.A.<\/span>\n<\/div>\n<\/div>\n<p><input id=\"force_submit\" name=\"force_submit\" type=\"hidden\" value=\"0\" \/><\/p>\n<div class=\"g-recaptcha\" data-sitekey=\"6Ldmx5ccAAAAANgc0KsMql1T70BEdoY_Lp4NGV1S\"><\/div>\n<p><input id=\"submit_contatti\" name=\"submit\" type=\"submit\" value=\"Enviar\" \/><\/p>\n<div id=\"captcha_result\" class=\"alert_captcha\"><\/div>\n<\/form>\n<div id=\"popup-contatti-cont\" style=\"display: none;\">\n<div id=\"popup-contatti\">\n<span>Estimado usuario,<\/p>\n<p>le informamos que para tramitar su solicitud se requiere la lectura de nuestra pol\u00edtica de privacidad.<\/p>\n<p>Asimismo, le informamos que, si para tramitar su solicitud fuera necesario comunicar los datos facilitados a terceros (por ejemplo, revendedores\/distribuidores de La Galvanina, incluso fuera de la UE), se solicitar\u00e1 su consentimiento. De lo contrario, no ser\u00e1 posible tramitar su solicitud. Si desea autorizar a La Galvanina a transmitir sus datos con este fin, marque la casilla correspondiente.<\/p>\n<p>Por \u00faltimo, le recordamos que el consentimiento para el tratamiento de los datos con fines de marketing es opcional.<\/p>\n<p>Gracias.<\/span><\/p>\n<div class=\"button-contatti-popup\">\n<input id=\"submit_anyway\" name=\"submit_anyway\" type=\"submit\" value=\"Enviar de todos modos a La Galvanina\" \/><input id=\"no_submit\" name=\"no_submit\" type=\"submit\" value=\"Ok, quiero leer los consentimientos\" \/>\n<\/div>\n<\/div>\n<\/div>\n","protected":false},"excerpt":{"rendered":"<p>Rellena todas las partes del formulario aqu\u00ed abajo. Nuestro equipo se pondr\u00e1 en contacto contigo lo antes posible para brindarte toda la informaci\u00f3n que necesitas. NOMBRE* APELLIDO* CORREO ELECTR\u00d3NICO* PARTICULAR EMPRESA\u00a0 CIUDAD* MENSAJE*: He le\u00eddo la pol\u00edtica de privacidad Autorizo la comunicaci\u00f3n de mis datos personales a terceros (por ejemplo, revendedores, distribuidores o agentes de [&hellip;]<\/p>\n","protected":false},"author":22,"featured_media":0,"parent":0,"menu_order":0,"comment_status":"closed","ping_status":"closed","template":"","meta":{"footnotes":""},"class_list":["post-6402","page","type-page","status-publish","hentry"],"yoast_head":"<!-- This site is optimized with the Yoast SEO plugin v27.3 - https:\/\/yoast.com\/product\/yoast-seo-wordpress\/ -->\n<title>Contatti Galvanina<\/title>\n<meta name=\"description\" content=\"Compila il form in ogni sua parte, il nostro team ti ricontatter\u00e0 il prima possibile per fornirti tutte le informazioni di cui hai bisogno.\" \/>\n<meta name=\"robots\" content=\"noindex, follow\" \/>\n<meta property=\"og:locale\" content=\"es_ES\" \/>\n<meta property=\"og:type\" content=\"article\" \/>\n<meta property=\"og:title\" content=\"Contatti Galvanina\" \/>\n<meta property=\"og:description\" content=\"Compila il form in ogni sua parte, il nostro team ti ricontatter\u00e0 il prima possibile per fornirti tutte le informazioni di cui hai bisogno.\" \/>\n<meta property=\"og:url\" content=\"https:\/\/www.galvanina.com\/es\/contactos\/\" \/>\n<meta property=\"og:site_name\" content=\"Galvanina\" \/>\n<meta property=\"article:publisher\" content=\"https:\/\/www.facebook.com\/galvanina\/\" \/>\n<meta property=\"article:modified_time\" content=\"2025-12-02T11:51:43+00:00\" \/>\n<meta property=\"og:image\" content=\"https:\/\/www.galvanina.com\/es\/wp-content\/uploads\/sites\/5\/2020\/06\/galvanina-social.jpg\" \/>\n\t<meta property=\"og:image:width\" content=\"1080\" \/>\n\t<meta property=\"og:image:height\" content=\"630\" \/>\n\t<meta property=\"og:image:type\" content=\"image\/jpeg\" \/>\n<meta name=\"twitter:card\" content=\"summary_large_image\" \/>\n<meta name=\"twitter:label1\" content=\"Tiempo de lectura\" \/>\n\t<meta name=\"twitter:data1\" content=\"1 minuto\" \/>\n<script type=\"application\/ld+json\" class=\"yoast-schema-graph\">{\"@context\":\"https:\\\/\\\/schema.org\",\"@graph\":[{\"@type\":\"WebPage\",\"@id\":\"https:\\\/\\\/www.galvanina.com\\\/es\\\/contactos\\\/\",\"url\":\"https:\\\/\\\/www.galvanina.com\\\/es\\\/contactos\\\/\",\"name\":\"Contatti Galvanina\",\"isPartOf\":{\"@id\":\"https:\\\/\\\/www.galvanina.com\\\/es\\\/#website\"},\"datePublished\":\"2025-12-02T11:51:25+00:00\",\"dateModified\":\"2025-12-02T11:51:43+00:00\",\"description\":\"Compila il form in ogni sua parte, il nostro team ti ricontatter\u00e0 il prima possibile per fornirti tutte le informazioni di cui hai bisogno.\",\"breadcrumb\":{\"@id\":\"https:\\\/\\\/www.galvanina.com\\\/es\\\/contactos\\\/#breadcrumb\"},\"inLanguage\":\"es\",\"potentialAction\":[{\"@type\":\"ReadAction\",\"target\":[\"https:\\\/\\\/www.galvanina.com\\\/es\\\/contactos\\\/\"]}]},{\"@type\":\"BreadcrumbList\",\"@id\":\"https:\\\/\\\/www.galvanina.com\\\/es\\\/contactos\\\/#breadcrumb\",\"itemListElement\":[{\"@type\":\"ListItem\",\"position\":1,\"name\":\"Home\",\"item\":\"https:\\\/\\\/www.galvanina.com\\\/es\\\/\"},{\"@type\":\"ListItem\",\"position\":2,\"name\":\"Contactos\"}]},{\"@type\":\"WebSite\",\"@id\":\"https:\\\/\\\/www.galvanina.com\\\/es\\\/#website\",\"url\":\"https:\\\/\\\/www.galvanina.com\\\/es\\\/\",\"name\":\"Galvanina\",\"description\":\"\",\"publisher\":{\"@id\":\"https:\\\/\\\/www.galvanina.com\\\/es\\\/#organization\"},\"potentialAction\":[{\"@type\":\"SearchAction\",\"target\":{\"@type\":\"EntryPoint\",\"urlTemplate\":\"https:\\\/\\\/www.galvanina.com\\\/es\\\/?s={search_term_string}\"},\"query-input\":{\"@type\":\"PropertyValueSpecification\",\"valueRequired\":true,\"valueName\":\"search_term_string\"}}],\"inLanguage\":\"es\"},{\"@type\":\"Organization\",\"@id\":\"https:\\\/\\\/www.galvanina.com\\\/es\\\/#organization\",\"name\":\"La Galvanina S.p.A.\",\"url\":\"https:\\\/\\\/www.galvanina.com\\\/es\\\/\",\"logo\":{\"@type\":\"ImageObject\",\"inLanguage\":\"es\",\"@id\":\"https:\\\/\\\/www.galvanina.com\\\/es\\\/#\\\/schema\\\/logo\\\/image\\\/\",\"url\":\"https:\\\/\\\/www.galvanina.com\\\/es\\\/wp-content\\\/uploads\\\/sites\\\/5\\\/2020\\\/06\\\/logo-galvanina.png\",\"contentUrl\":\"https:\\\/\\\/www.galvanina.com\\\/es\\\/wp-content\\\/uploads\\\/sites\\\/5\\\/2020\\\/06\\\/logo-galvanina.png\",\"width\":768,\"height\":768,\"caption\":\"La Galvanina S.p.A.\"},\"image\":{\"@id\":\"https:\\\/\\\/www.galvanina.com\\\/es\\\/#\\\/schema\\\/logo\\\/image\\\/\"},\"sameAs\":[\"https:\\\/\\\/www.facebook.com\\\/galvanina\\\/\",\"https:\\\/\\\/www.instagram.com\\\/lagalvanina\\\/\",\"https:\\\/\\\/www.linkedin.com\\\/company\\\/galvanina\\\/\"]}]}<\/script>\n<!-- \/ Yoast SEO plugin. -->","yoast_head_json":{"title":"Contatti Galvanina","description":"Compila il form in ogni sua parte, il nostro team ti ricontatter\u00e0 il prima possibile per fornirti tutte le informazioni di cui hai bisogno.","robots":{"index":"noindex","follow":"follow"},"og_locale":"es_ES","og_type":"article","og_title":"Contatti Galvanina","og_description":"Compila il form in ogni sua parte, il nostro team ti ricontatter\u00e0 il prima possibile per fornirti tutte le informazioni di cui hai bisogno.","og_url":"https:\/\/www.galvanina.com\/es\/contactos\/","og_site_name":"Galvanina","article_publisher":"https:\/\/www.facebook.com\/galvanina\/","article_modified_time":"2025-12-02T11:51:43+00:00","og_image":[{"width":1080,"height":630,"url":"https:\/\/www.galvanina.com\/es\/wp-content\/uploads\/sites\/5\/2020\/06\/galvanina-social.jpg","type":"image\/jpeg"}],"twitter_card":"summary_large_image","twitter_misc":{"Tiempo de lectura":"1 minuto"},"schema":{"@context":"https:\/\/schema.org","@graph":[{"@type":"WebPage","@id":"https:\/\/www.galvanina.com\/es\/contactos\/","url":"https:\/\/www.galvanina.com\/es\/contactos\/","name":"Contatti Galvanina","isPartOf":{"@id":"https:\/\/www.galvanina.com\/es\/#website"},"datePublished":"2025-12-02T11:51:25+00:00","dateModified":"2025-12-02T11:51:43+00:00","description":"Compila il form in ogni sua parte, il nostro team ti ricontatter\u00e0 il prima possibile per fornirti tutte le informazioni di cui hai bisogno.","breadcrumb":{"@id":"https:\/\/www.galvanina.com\/es\/contactos\/#breadcrumb"},"inLanguage":"es","potentialAction":[{"@type":"ReadAction","target":["https:\/\/www.galvanina.com\/es\/contactos\/"]}]},{"@type":"BreadcrumbList","@id":"https:\/\/www.galvanina.com\/es\/contactos\/#breadcrumb","itemListElement":[{"@type":"ListItem","position":1,"name":"Home","item":"https:\/\/www.galvanina.com\/es\/"},{"@type":"ListItem","position":2,"name":"Contactos"}]},{"@type":"WebSite","@id":"https:\/\/www.galvanina.com\/es\/#website","url":"https:\/\/www.galvanina.com\/es\/","name":"Galvanina","description":"","publisher":{"@id":"https:\/\/www.galvanina.com\/es\/#organization"},"potentialAction":[{"@type":"SearchAction","target":{"@type":"EntryPoint","urlTemplate":"https:\/\/www.galvanina.com\/es\/?s={search_term_string}"},"query-input":{"@type":"PropertyValueSpecification","valueRequired":true,"valueName":"search_term_string"}}],"inLanguage":"es"},{"@type":"Organization","@id":"https:\/\/www.galvanina.com\/es\/#organization","name":"La Galvanina S.p.A.","url":"https:\/\/www.galvanina.com\/es\/","logo":{"@type":"ImageObject","inLanguage":"es","@id":"https:\/\/www.galvanina.com\/es\/#\/schema\/logo\/image\/","url":"https:\/\/www.galvanina.com\/es\/wp-content\/uploads\/sites\/5\/2020\/06\/logo-galvanina.png","contentUrl":"https:\/\/www.galvanina.com\/es\/wp-content\/uploads\/sites\/5\/2020\/06\/logo-galvanina.png","width":768,"height":768,"caption":"La Galvanina S.p.A."},"image":{"@id":"https:\/\/www.galvanina.com\/es\/#\/schema\/logo\/image\/"},"sameAs":["https:\/\/www.facebook.com\/galvanina\/","https:\/\/www.instagram.com\/lagalvanina\/","https:\/\/www.linkedin.com\/company\/galvanina\/"]}]}},"_links":{"self":[{"href":"https:\/\/www.galvanina.com\/es\/wp-json\/wp\/v2\/pages\/6402","targetHints":{"allow":["GET"]}}],"collection":[{"href":"https:\/\/www.galvanina.com\/es\/wp-json\/wp\/v2\/pages"}],"about":[{"href":"https:\/\/www.galvanina.com\/es\/wp-json\/wp\/v2\/types\/page"}],"author":[{"embeddable":true,"href":"https:\/\/www.galvanina.com\/es\/wp-json\/wp\/v2\/users\/22"}],"replies":[{"embeddable":true,"href":"https:\/\/www.galvanina.com\/es\/wp-json\/wp\/v2\/comments?post=6402"}],"version-history":[{"count":2,"href":"https:\/\/www.galvanina.com\/es\/wp-json\/wp\/v2\/pages\/6402\/revisions"}],"predecessor-version":[{"id":6404,"href":"https:\/\/www.galvanina.com\/es\/wp-json\/wp\/v2\/pages\/6402\/revisions\/6404"}],"wp:attachment":[{"href":"https:\/\/www.galvanina.com\/es\/wp-json\/wp\/v2\/media?parent=6402"}],"curies":[{"name":"wp","href":"https:\/\/api.w.org\/{rel}","templated":true}]}}