{"id":5845,"date":"2021-06-22T14:53:06","date_gmt":"2021-06-22T12:53:06","guid":{"rendered":"https:\/\/www.galvanina.com\/es\/?page_id=5845"},"modified":"2022-11-18T15:52:56","modified_gmt":"2022-11-18T14:52:56","slug":"informativa-privacy-b2b","status":"publish","type":"page","link":"https:\/\/www.galvanina.com\/es\/informativa-privacy-b2b\/","title":{"rendered":"Pol\u00edtica de privacidad para proveedores\/socios comerciales y sus empleados y colaboradores"},"content":{"rendered":"\r\n<p>Egregio Signore \/ Gentile Signora,<\/p>\r\n\r\n\r\n\r\n<p>il Regolamento Europeo (UE) 2016\/679 (di seguito \u201c<strong>GDPR<\/strong>\u201d) stabilisce norme relative alla protezione delle persone fisiche con riguardo al trattamento dei dati personali, nonch\u00e9 norme relative alla libera circolazione di tali dati.<\/p>\r\n\r\n\r\n\r\n<p>In osservanza al principio di trasparenza di cui all\u2019art. 5 GDPR, si informa che LA GALVANINA SPA, durante l\u2019esecuzione di un contratto con i propri clienti e fornitori, o in esecuzione di controlli, verifiche o audit a cui \u00e8 sottoposta, od in fase di trattative precontrattuali o, ancora, nel corso di confronti d\u2019offerta o gare d\u2019appalto (di seguito, in generale, la \u201c<strong>Relazione commerciale<\/strong>\u201d) pu\u00f2 venire a conoscenza e trattare dati personali (di seguito \u201c<strong>Dati<\/strong>\u201d) riguardanti: a) il legale rappresentante\/il titolare; b) i dipendenti\/i collaboratori (di seguito \u201c<strong>Interessati<\/strong>\u201d) di imprese clienti, <em>prospect<\/em>, fornitori, potenziali fornitori (di seguito, per brevit\u00e0, solo \u201c<strong>Partner<\/strong> <strong>Commerciale<\/strong>\u201d).<\/p>\r\n\r\n\r\n\r\n<p>Il Titolare fornisce, pertanto, agli Interessati le seguenti informazioni. La presente informativa non esclude che ulteriori informazioni sul trattamento dei dati personali siano date agli Interessati anche con modalit\u00e0 e tempistiche differenti. Per ogni informazione, dubbio o chiarimento in merito al trattamento dei Dati, nonch\u00e9 per esercitare i diritti che sono riconosciuti agli Interessati dal GDPR, \u00e8 possibile contattare il Titolare del trattamento con le modalit\u00e0 di seguito indicate.<\/p>\r\n\r\n\r\n\r\n<figure class=\"wp-block-table\">\r\n<table class=\"has-subtle-light-gray-background-color has-fixed-layout has-background\">\r\n<tbody>\r\n<tr>\r\n<td class=\"has-text-align-left\" data-align=\"left\">TITOLARE DEL TRATTAMENTO<\/td>\r\n<td>LA GALVANINA SPA<br \/>C.F.\/P.IVA: <strong>IT00142010404<\/strong><br \/>con sede legale in Via della Torretta n. 2<br \/>CAP 47923 &#8211; Rimini<br \/>(di seguito \u00ab<strong>Societ\u00e0<\/strong> o <strong>Titolare<\/strong>)<\/td>\r\n<\/tr>\r\n<tr>\r\n<td class=\"has-text-align-left\" data-align=\"left\"><br \/>MODALITA&#8217; DI CONTATTO DEL TITOLARE<\/td>\r\n<td>Raccomandata A\/R alla sede legale<br \/>E-mail al seguente indirizzo: privacy@galvanina.com<\/td>\r\n<\/tr>\r\n<\/tbody>\r\n<\/table>\r\n<\/figure>\r\n\r\n\r\n\r\n<figure class=\"wp-block-table is-style-regular\">\r\n<table class=\"has-subtle-light-gray-background-color has-background\">\r\n<tbody>\r\n<tr>\r\n<td>CATEGORIE DEI DATI TRATTATI<\/td>\r\n<td>FINALITA&#8217; DEL TRATTAMENTO<\/td>\r\n<td>BASE GIURIDICA DEL TRATTAMENTO<\/td>\r\n<\/tr>\r\n<tr>\r\n<td>1. Dati personali comuni del legale rappresentante\/titolare del Partner Commerciale, consistenti in: dati identificativi (nome, cognome, documento di riconoscimento); dati di contatto (numero di telefono, indirizzo e-mail); ruolo.<br \/><br \/><\/td>\r\n<td>I dati sono Trattati per dare esecuzione alla Relazione commerciale tra il Titolare ed il Partner Commerciale, presso cui l&#8217;interessato riveste la qualifica di legale rappresentante\/il ruolo di titolare <br \/><br \/><br \/><br \/><\/td>\r\n<td>Il trattamento dei Dati \u00e8 necessario, a seconda dei casi: all&#8217;esecuzione di un contratto cui l&#8217;interessato \u00e8 parte p all&#8217;esecuzione di misure precontrattuali adottate su richiesta dello stesso (art. 6, par. 1, lett. b), GDPR); per adempiere un obbligo legale al quale \u00e8 soggetto il Titolare (art. 6, par.1, lett. c.), GDPR (es. obblighi fiscali ecc.)<\/td>\r\n<\/tr>\r\n<tr>\r\n<td>2. Dati personali comuni di . dipendenti\/collaboratori del Partner Commerciale, consistenti in: dati identificativi (nome e cognome); dati di contatto (numero di telefono, indirizzo e-mail); dati relativi alla mansione svolta.<\/td>\r\n<td>I Dati sono trattati per dare esecuzione alla Relazione commerciale tra il Titolare ed il Partner Commerciale, presso cui l\u2019interessato svolge la propria attivit\u00e0 lavorativa\/collabora.<\/td>\r\n<td>Il trattamento dei Dati \u00e8 necessario per il perseguimento del legittimo interesse del Titolare, consistente nel dare piena e corretta esecuzione alla Relazione commerciale, ai sensi dell\u2019art. 6, par. 1, lett. f), GDPR.<\/td>\r\n<\/tr>\r\n<tr>\r\n<td>3. Dati personali comuni del legale rappresentante\/titolare del Partner Commerciale e dei dipendenti\/collaboratori del Partner Commerciale, consistenti in dati identificativi e di contatto e dati relativi alla mansione svolta.<br \/><br \/><br \/><br \/><\/td>\r\n<td>Se pertinente, i Dati potranno essere altres\u00ec trattati:<br \/>\uf0a7 in fase antecedente alle trattative precontrattuali, al fine di eseguire confronti d\u2019offerta e\/o nell\u2019ambito di gare d\u2019appalto;<br \/>\uf0a7 per l\u2019esecuzione di controlli, verifiche o audit a cui \u00e8 sottoposto il Titolare;<br \/>\uf0a7 per esercitare o difendere un diritto del Titolare relativamente alla Relazione Commerciale.<\/td>\r\n<td>Il trattamento dei Dati \u00e8 necessario per il perseguimento del legittimo interesse del Titolare, ai sensi dell\u2019art. 6, par. 1, lett. f), GDPR.<br \/><br \/><br \/><br \/><br \/><br \/><br \/><\/td>\r\n<\/tr>\r\n<\/tbody>\r\n<\/table>\r\n<\/figure>\r\n\r\n\r\n\r\n<p><strong>PERIODO DI CONSERVAZIONE DEI DATI. <\/strong>I Dati sono conservatiper tutta la durata della Relazione commerciale con il Partner e, se pertinente, per i dieci anni successivi alla sua interruzione e\/o comunque in conformit\u00e0 a quanto richiesto dalla vigente legislazione in materia civile, fiscale e amministrativa sulla conservazione dei Dati. I Dati trattati nella fase antecedente alla stipula di un contratto con il Partner, o per attivit\u00e0 di verifica, controllo e audit, saranno conservati per il tempo strettamente necessario alla realizzazione delle suddette finalit\u00e0.Decorsi i termini di conservazione indicati nella presente Informativa, i Dati saranno distrutti o resi anonimi.Tempi di conservazione pi\u00f9 brevi o pi\u00f9 lunghi rispetto a quelli sopraindicati potranno essere determinati da specifiche norme di legge, da legittime richieste\/ordini delle Autorit\u00e0 ovvero dalla partecipazione del Titolare a procedimenti giudiziari che implichino il trattamento dei Dati.<\/p>\r\n\r\n\r\n\r\n<p>1. <strong>MODALITA&#8217; DEL TRATTAMENTO<\/strong><\/p>\r\n\r\n\r\n\r\n<figure class=\"wp-block-table\">\r\n<table>\r\n<tbody>\r\n<tr>\r\n<td>Il trattamento dei Dati \u00e8 effettuato con modalit\u00e0 cartacee e telematiche nel rispetto delle disposizioni in materia di protezione dei dati personali e, in particolare, delle misure tecniche e organizzative di cui all\u2019art. 32.1 del GDPR, con l\u2019osservanza di misure cautelative che ne garantiscano integrit\u00e0, riservatezza e disponibilit\u00e0. I trattamenti di cui alla presente Informativa non sono oggetto di processi decisionali automatizzati.<\/td>\r\n<\/tr>\r\n<\/tbody>\r\n<\/table>\r\n<\/figure>\r\n\r\n\r\n\r\n<p>2. <strong>CATEGORIE DESTINATARI DEI DATI<\/strong><\/p>\r\n\r\n\r\n\r\n<figure class=\"wp-block-table\">\r\n<table>\r\n<tbody>\r\n<tr>\r\n<td>&#8211; I Dati non sono soggetti a diffusione, salvo qualora richiesto da una norma di legge o di regolamento o dalla normativa comunitaria.<br \/><br \/>&#8211; I Dati possono essere comunicati all\u2019interno della Societ\u00e0 laddove necessario per dare esecuzione alla Relazione commerciale. In ogni caso, i Dati saranno trattati da soggetti appositamente autorizzati dal Titolare (es. dipendenti e collaboratori della Societ\u00e0, in ragione delle funzioni ricoperte), che hanno ricevuto specifiche istruzioni operative.<br \/><br \/>&#8211; I Dati possono venire a conoscenza di soggetti esterni alla Societ\u00e0 che trattano i Dati per conto del Titolare in qualit\u00e0 di Responsabili del trattamento (es. societ\u00e0 di elaborazione dati e di servizi informatici) ovvero che sono legittimati a conoscerli in qualit\u00e0 di autonomi titolari del trattamento (es. Istituzioni pubbliche, Istituti di credito, consulenti legali, membri dell\u2019Organismo di Vigilanza). Si informa che l\u2019elenco aggiornato dei Responsabili esterni del trattamento, nominati ai sensi dell\u2019art. 28 GDPR, \u00e8 custodito presso il Titolare ed \u00e8 consultabile su richiesta dell\u2019Interessato.<\/td>\r\n<\/tr>\r\n<\/tbody>\r\n<\/table>\r\n<\/figure>\r\n\r\n\r\n\r\n<p><strong>3. FONTE DA CUI HANNO ORIGINE I DATI E NATURA DEL CONFERIMENTO<\/strong><\/p>\r\n\r\n\r\n\r\n<p>I Dati sono conferiti dal Partner Commerciale oppure raccolti direttamente presso gli Interessati. Il conferimento dei Dati \u00e8 necessario per l\u2019esecuzione della Relazione commerciale; l\u2019eventuale rifiuto di fornirli potr\u00e0 comportare, pertanto, l\u2019impossibilit\u00e0 per il Titolare di dare esecuzione alla Relazione commerciale.<\/p>\r\n\r\n\r\n\r\n<p><strong>4. TRASFERIMENTO DI DATI PERSONALI VERSO PAESI TERZI<\/strong><\/p>\r\n\r\n\r\n\r\n<p>Il Titolare non intende, allo stato, trasferire i Dati verso paesi non appartenenti all\u2019Unione Europea\/Spazio SEE. In ogni caso, il Titolare assicura che eventuali trasferimenti di tal genere avverranno:<\/p>\r\n\r\n\r\n\r\n<ul class=\"wp-block-list\">\r\n<li>nel rispetto di specifiche clausole contrattuali standard approvate dalla Commissione Europea ai sensi dell\u2019art. 46 GDPR;<\/li>\r\n<li>verso Paesi che la Commissione Europea ha ritenuto garantiscano un livello di protezione adeguato, in conformit\u00e0 a quanto stabilito dagli artt. 44 e ss. GDPR.<br \/>Eventuali deroghe a quanto sopra avverranno solo nel rispetto dell\u2019art. 49 GDPR.<\/li>\r\n<\/ul>\r\n\r\n\r\n\r\n<p><strong>5. DIRITTI DELL&#8217;INTERESSATO &#8211; RECLAMO ALL&#8217;AUTORITA&#8217; DI CONTROLLO<\/strong><\/p>\r\n\r\n\r\n\r\n<p>Inviando una comunicazione a mezzo lettera raccomandata A\/R alla sede legale della Societ\u00e0 oppure via e-mail all\u2019indirizzo indicato nella sezione \u201cModalit\u00e0 di contatto del Titolare\u201d di cui sopra, l\u2019Interessato pu\u00f2 chiedere al Titolare:<br \/>a) l\u2019accesso ai Dati che lo riguardano;<br \/>b) la rettifica dei Dati;<br \/>c) la cancellazione dei Dati, nei limiti previsti dal GDPR;<br \/>d) la limitazione del trattamento dei Dati qualora ricorrano le condizioni di cui all\u2019art. 18 GDPR;<br \/>e) la portabilit\u00e0 dei Dati in un formato strutturato, nei casi di cui all\u2019art. 20 GDPR;<br \/>f) l\u2019opposizione al trattamento dei Dati, ai sensi dell\u2019art. 21 GDPR.<br \/><br \/>&#8211; Qualora l\u2019Interessato ritenga che il trattamento dei Dati violi il GDPR, egli ha altres\u00ec il diritto di proporre reclamo all&#8217;Autorit\u00e0 di controllo. Si informa che, in Italia, tale Autorit\u00e0 \u00e8 rappresentata dal Garante per la Protezione dei dati personali, con sede a Roma.<\/p>\r\n","protected":false},"excerpt":{"rendered":"<p>Egregio Signore \/ Gentile Signora, il Regolamento Europeo (UE) 2016\/679 (di seguito \u201cGDPR\u201d) stabilisce norme relative alla protezione delle persone fisiche con riguardo al trattamento dei dati personali, nonch\u00e9 norme relative alla libera circolazione di tali dati. In osservanza al principio di trasparenza di cui all\u2019art. 5 GDPR, si informa che LA GALVANINA SPA, durante [&hellip;]<\/p>\n","protected":false},"author":23,"featured_media":0,"parent":0,"menu_order":0,"comment_status":"closed","ping_status":"closed","template":"","meta":{"footnotes":""},"class_list":["post-5845","page","type-page","status-publish","hentry"],"yoast_head":"<!-- This site is optimized with the Yoast SEO plugin v27.3 - https:\/\/yoast.com\/product\/yoast-seo-wordpress\/ -->\n<title>Pol\u00edtica de privacidad para proveedores\/socios comerciales y sus empleados y colaboradores | Galvanina<\/title>\n<meta name=\"robots\" content=\"index, follow, max-snippet:-1, max-image-preview:large, max-video-preview:-1\" \/>\n<link rel=\"canonical\" href=\"https:\/\/www.galvanina.com\/es\/informativa-privacy-b2b\/\" \/>\n<meta property=\"og:locale\" content=\"es_ES\" \/>\n<meta property=\"og:type\" content=\"article\" \/>\n<meta property=\"og:title\" content=\"Pol\u00edtica de privacidad para proveedores\/socios comerciales y sus empleados y colaboradores | Galvanina\" \/>\n<meta property=\"og:description\" content=\"Egregio Signore \/ Gentile Signora, il Regolamento Europeo (UE) 2016\/679 (di seguito \u201cGDPR\u201d) stabilisce norme relative alla protezione delle persone fisiche con riguardo al trattamento dei dati personali, nonch\u00e9 norme relative alla libera circolazione di tali dati. In osservanza al principio di trasparenza di cui all\u2019art. 5 GDPR, si informa che LA GALVANINA SPA, durante [&hellip;]\" \/>\n<meta property=\"og:url\" content=\"https:\/\/www.galvanina.com\/es\/informativa-privacy-b2b\/\" \/>\n<meta property=\"og:site_name\" content=\"Galvanina\" \/>\n<meta property=\"article:publisher\" content=\"https:\/\/www.facebook.com\/galvanina\/\" \/>\n<meta property=\"article:modified_time\" content=\"2022-11-18T14:52:56+00:00\" \/>\n<meta property=\"og:image\" content=\"https:\/\/www.galvanina.com\/es\/wp-content\/uploads\/sites\/5\/2020\/06\/galvanina-social.jpg\" \/>\n\t<meta property=\"og:image:width\" content=\"1080\" \/>\n\t<meta property=\"og:image:height\" content=\"630\" \/>\n\t<meta property=\"og:image:type\" content=\"image\/jpeg\" \/>\n<meta name=\"twitter:card\" content=\"summary_large_image\" \/>\n<meta name=\"twitter:label1\" content=\"Tiempo de lectura\" \/>\n\t<meta name=\"twitter:data1\" content=\"6 minutos\" \/>\n<script type=\"application\/ld+json\" class=\"yoast-schema-graph\">{\"@context\":\"https:\\\/\\\/schema.org\",\"@graph\":[{\"@type\":\"WebPage\",\"@id\":\"https:\\\/\\\/www.galvanina.com\\\/es\\\/informativa-privacy-b2b\\\/\",\"url\":\"https:\\\/\\\/www.galvanina.com\\\/es\\\/informativa-privacy-b2b\\\/\",\"name\":\"Pol\u00edtica de privacidad para proveedores\\\/socios comerciales y sus empleados y colaboradores | Galvanina\",\"isPartOf\":{\"@id\":\"https:\\\/\\\/www.galvanina.com\\\/es\\\/#website\"},\"datePublished\":\"2021-06-22T12:53:06+00:00\",\"dateModified\":\"2022-11-18T14:52:56+00:00\",\"breadcrumb\":{\"@id\":\"https:\\\/\\\/www.galvanina.com\\\/es\\\/informativa-privacy-b2b\\\/#breadcrumb\"},\"inLanguage\":\"es\",\"potentialAction\":[{\"@type\":\"ReadAction\",\"target\":[\"https:\\\/\\\/www.galvanina.com\\\/es\\\/informativa-privacy-b2b\\\/\"]}]},{\"@type\":\"BreadcrumbList\",\"@id\":\"https:\\\/\\\/www.galvanina.com\\\/es\\\/informativa-privacy-b2b\\\/#breadcrumb\",\"itemListElement\":[{\"@type\":\"ListItem\",\"position\":1,\"name\":\"Home\",\"item\":\"https:\\\/\\\/www.galvanina.com\\\/es\\\/\"},{\"@type\":\"ListItem\",\"position\":2,\"name\":\"Pol\u00edtica de privacidad para proveedores\\\/socios comerciales y sus empleados y colaboradores\"}]},{\"@type\":\"WebSite\",\"@id\":\"https:\\\/\\\/www.galvanina.com\\\/es\\\/#website\",\"url\":\"https:\\\/\\\/www.galvanina.com\\\/es\\\/\",\"name\":\"Galvanina\",\"description\":\"\",\"publisher\":{\"@id\":\"https:\\\/\\\/www.galvanina.com\\\/es\\\/#organization\"},\"potentialAction\":[{\"@type\":\"SearchAction\",\"target\":{\"@type\":\"EntryPoint\",\"urlTemplate\":\"https:\\\/\\\/www.galvanina.com\\\/es\\\/?s={search_term_string}\"},\"query-input\":{\"@type\":\"PropertyValueSpecification\",\"valueRequired\":true,\"valueName\":\"search_term_string\"}}],\"inLanguage\":\"es\"},{\"@type\":\"Organization\",\"@id\":\"https:\\\/\\\/www.galvanina.com\\\/es\\\/#organization\",\"name\":\"La Galvanina S.p.A.\",\"url\":\"https:\\\/\\\/www.galvanina.com\\\/es\\\/\",\"logo\":{\"@type\":\"ImageObject\",\"inLanguage\":\"es\",\"@id\":\"https:\\\/\\\/www.galvanina.com\\\/es\\\/#\\\/schema\\\/logo\\\/image\\\/\",\"url\":\"https:\\\/\\\/www.galvanina.com\\\/es\\\/wp-content\\\/uploads\\\/sites\\\/5\\\/2020\\\/06\\\/logo-galvanina.png\",\"contentUrl\":\"https:\\\/\\\/www.galvanina.com\\\/es\\\/wp-content\\\/uploads\\\/sites\\\/5\\\/2020\\\/06\\\/logo-galvanina.png\",\"width\":768,\"height\":768,\"caption\":\"La Galvanina S.p.A.\"},\"image\":{\"@id\":\"https:\\\/\\\/www.galvanina.com\\\/es\\\/#\\\/schema\\\/logo\\\/image\\\/\"},\"sameAs\":[\"https:\\\/\\\/www.facebook.com\\\/galvanina\\\/\",\"https:\\\/\\\/www.instagram.com\\\/lagalvanina\\\/\",\"https:\\\/\\\/www.linkedin.com\\\/company\\\/galvanina\\\/\"]}]}<\/script>\n<!-- \/ Yoast SEO plugin. -->","yoast_head_json":{"title":"Pol\u00edtica de privacidad para proveedores\/socios comerciales y sus empleados y colaboradores | Galvanina","robots":{"index":"index","follow":"follow","max-snippet":"max-snippet:-1","max-image-preview":"max-image-preview:large","max-video-preview":"max-video-preview:-1"},"canonical":"https:\/\/www.galvanina.com\/es\/informativa-privacy-b2b\/","og_locale":"es_ES","og_type":"article","og_title":"Pol\u00edtica de privacidad para proveedores\/socios comerciales y sus empleados y colaboradores | Galvanina","og_description":"Egregio Signore \/ Gentile Signora, il Regolamento Europeo (UE) 2016\/679 (di seguito \u201cGDPR\u201d) stabilisce norme relative alla protezione delle persone fisiche con riguardo al trattamento dei dati personali, nonch\u00e9 norme relative alla libera circolazione di tali dati. In osservanza al principio di trasparenza di cui all\u2019art. 5 GDPR, si informa che LA GALVANINA SPA, durante [&hellip;]","og_url":"https:\/\/www.galvanina.com\/es\/informativa-privacy-b2b\/","og_site_name":"Galvanina","article_publisher":"https:\/\/www.facebook.com\/galvanina\/","article_modified_time":"2022-11-18T14:52:56+00:00","og_image":[{"width":1080,"height":630,"url":"https:\/\/www.galvanina.com\/es\/wp-content\/uploads\/sites\/5\/2020\/06\/galvanina-social.jpg","type":"image\/jpeg"}],"twitter_card":"summary_large_image","twitter_misc":{"Tiempo de lectura":"6 minutos"},"schema":{"@context":"https:\/\/schema.org","@graph":[{"@type":"WebPage","@id":"https:\/\/www.galvanina.com\/es\/informativa-privacy-b2b\/","url":"https:\/\/www.galvanina.com\/es\/informativa-privacy-b2b\/","name":"Pol\u00edtica de privacidad para proveedores\/socios comerciales y sus empleados y colaboradores | Galvanina","isPartOf":{"@id":"https:\/\/www.galvanina.com\/es\/#website"},"datePublished":"2021-06-22T12:53:06+00:00","dateModified":"2022-11-18T14:52:56+00:00","breadcrumb":{"@id":"https:\/\/www.galvanina.com\/es\/informativa-privacy-b2b\/#breadcrumb"},"inLanguage":"es","potentialAction":[{"@type":"ReadAction","target":["https:\/\/www.galvanina.com\/es\/informativa-privacy-b2b\/"]}]},{"@type":"BreadcrumbList","@id":"https:\/\/www.galvanina.com\/es\/informativa-privacy-b2b\/#breadcrumb","itemListElement":[{"@type":"ListItem","position":1,"name":"Home","item":"https:\/\/www.galvanina.com\/es\/"},{"@type":"ListItem","position":2,"name":"Pol\u00edtica de privacidad para proveedores\/socios comerciales y sus empleados y colaboradores"}]},{"@type":"WebSite","@id":"https:\/\/www.galvanina.com\/es\/#website","url":"https:\/\/www.galvanina.com\/es\/","name":"Galvanina","description":"","publisher":{"@id":"https:\/\/www.galvanina.com\/es\/#organization"},"potentialAction":[{"@type":"SearchAction","target":{"@type":"EntryPoint","urlTemplate":"https:\/\/www.galvanina.com\/es\/?s={search_term_string}"},"query-input":{"@type":"PropertyValueSpecification","valueRequired":true,"valueName":"search_term_string"}}],"inLanguage":"es"},{"@type":"Organization","@id":"https:\/\/www.galvanina.com\/es\/#organization","name":"La Galvanina S.p.A.","url":"https:\/\/www.galvanina.com\/es\/","logo":{"@type":"ImageObject","inLanguage":"es","@id":"https:\/\/www.galvanina.com\/es\/#\/schema\/logo\/image\/","url":"https:\/\/www.galvanina.com\/es\/wp-content\/uploads\/sites\/5\/2020\/06\/logo-galvanina.png","contentUrl":"https:\/\/www.galvanina.com\/es\/wp-content\/uploads\/sites\/5\/2020\/06\/logo-galvanina.png","width":768,"height":768,"caption":"La Galvanina S.p.A."},"image":{"@id":"https:\/\/www.galvanina.com\/es\/#\/schema\/logo\/image\/"},"sameAs":["https:\/\/www.facebook.com\/galvanina\/","https:\/\/www.instagram.com\/lagalvanina\/","https:\/\/www.linkedin.com\/company\/galvanina\/"]}]}},"_links":{"self":[{"href":"https:\/\/www.galvanina.com\/es\/wp-json\/wp\/v2\/pages\/5845","targetHints":{"allow":["GET"]}}],"collection":[{"href":"https:\/\/www.galvanina.com\/es\/wp-json\/wp\/v2\/pages"}],"about":[{"href":"https:\/\/www.galvanina.com\/es\/wp-json\/wp\/v2\/types\/page"}],"author":[{"embeddable":true,"href":"https:\/\/www.galvanina.com\/es\/wp-json\/wp\/v2\/users\/23"}],"replies":[{"embeddable":true,"href":"https:\/\/www.galvanina.com\/es\/wp-json\/wp\/v2\/comments?post=5845"}],"version-history":[{"count":9,"href":"https:\/\/www.galvanina.com\/es\/wp-json\/wp\/v2\/pages\/5845\/revisions"}],"predecessor-version":[{"id":6264,"href":"https:\/\/www.galvanina.com\/es\/wp-json\/wp\/v2\/pages\/5845\/revisions\/6264"}],"wp:attachment":[{"href":"https:\/\/www.galvanina.com\/es\/wp-json\/wp\/v2\/media?parent=5845"}],"curies":[{"name":"wp","href":"https:\/\/api.w.org\/{rel}","templated":true}]}}