{"id":3,"date":"2000-01-01T00:00:23","date_gmt":"1999-12-31T23:00:23","guid":{"rendered":"https:\/\/galvanina.dev.locale\/?page_id=3"},"modified":"2022-11-18T15:50:26","modified_gmt":"2022-11-18T14:50:26","slug":"privacy-policy","status":"publish","type":"page","link":"https:\/\/www.galvanina.com\/es\/legal\/privacy-policy\/","title":{"rendered":"Privacidad y Cookies"},"content":{"rendered":"\r\n<p>El Reglamento General de Protecci\u00f3n de Datos (RGPD) sustituye la Directiva Europea 95\/46\/CE. El Reglamento se propone proporcionar un marco moderno, uniforme y s\u00f3lido para la protecci\u00f3n de los datos en Europa, basado en el principio de responsabilidad. Las nuevas disposiciones tienen un impacto en t\u00e9rminos organizativos, operativos y tecnol\u00f3gicos, y al mismo tiempo establecen un sistema de sanciones m\u00e1s estricto que el anterior.<\/p>\r\n\r\n\r\n\r\n<p>El mayor cambio en el marco regulador de la protecci\u00f3n de los datos est\u00e1 relacionado con la ampliaci\u00f3n de la jurisdicci\u00f3n del RGPD, ya que este se aplica al tratamiento de datos personales realizado en el contexto de las actividades de un establecimiento por un responsable o un titular del tratamiento en la Uni\u00f3n Europea, independientemente de que el tratamiento se lleve a cabo en la Uni\u00f3n o no. Adem\u00e1s, el Reglamento se aplica al tratamiento de los datos personales de interesados que se encuentran en la Uni\u00f3n y se realiza por un responsable o un titular del tratamiento que no est\u00e9 establecido en la Uni\u00f3n, cuando las actividades de tratamiento se refieran a: la oferta de bienes o la prestaci\u00f3n de servicios a los interesados susodichos de la Uni\u00f3n, independientemente de que se exija o no un pago a los interesados; o, el seguimiento de su comportamiento en la medida en que \u00e9ste tenga lugar en la Uni\u00f3n.<br \/>El Reglamento tambi\u00e9n se aplica al tratamiento de los datos personales por parte de un responsable del tratamiento que no est\u00e9 establecido en la Uni\u00f3n, sino en un lugar regido por la legislaci\u00f3n de un Estado miembro en virtud del derecho internacional p\u00fablico.<\/p>\r\n\r\n\r\n\r\n<p>El RGPD pide a las empresas que implementen las medidas t\u00e9cnicas y organizativas adecuadas para aplicar los principios de protecci\u00f3n de datos y salvaguardar los derechos individuales: se trata de la llamada \u00abProtecci\u00f3n de datos desde el dise\u00f1o y por defecto\u00bb (\u201c<em>Data Protection by Design and by Default<\/em>\u201d).<\/p>\r\n\r\n\r\n\r\n<p>La \u00abprotecci\u00f3n de los datos desde el dise\u00f1o\u00bb garantiza que una empresa tenga en cuenta las cuestiones relacionadas con la privacidad y la protecci\u00f3n de datos desde la etapa del dise\u00f1o de cualquier sistema, servicio, producto o proceso y, posteriormente, durante todo su ciclo de vida.<br \/>La \u201cprotecci\u00f3n de datos por defecto\u201c dispone que La Galvanina S.p.A. garantice que la Empresa procese s\u00f3lo los datos necesarios para lograr un objetivo espec\u00edfico y durante un periodo de tiempo no mayor respecto a lo necesario con la finalidad con la que los datos fueron recopilados y posteriormente procesados.<\/p>\r\n\r\n\r\n\r\n<p>La Galvanina S.p.A. ha adoptado un Modelo de Gesti\u00f3n para la Protecci\u00f3n de Datos Personales de acuerdo con el RGPD, teniendo en cuenta tambi\u00e9n las disposiciones del Decreto Legislativo 196\/2003 en su versi\u00f3n modificada por el Decreto Legislativo 101\/2018, en el que se establecen normas y procedimientos vinculantes para la empresa y los empleados individuales. La Galvanina S.p.A. revisa y actualiza peri\u00f3dicamente sus pol\u00edticas de protecci\u00f3n de datos y de seguridad de la informaci\u00f3n cuando sea necesario, y define directrices evolutivas que resultan en un plan de implementaci\u00f3n de las actualizaciones. En los distintos documentos de la secci\u00f3n \u00abPrivacidad\u00bb, La Galvanina S.p.A. proporciona, de acuerdo con los art\u00edculos 13 y 14 del RGPD, toda la informaci\u00f3n requerida por la normativa, en funci\u00f3n de la finalidad del tratamiento de los datos personales de los Interesados. Para m\u00e1s informaci\u00f3n sobre los p\u00e1rrafos de las hojas informativas, invitamos al usuario ponerse en contacto con nuestro referente en esta materia escribiendo al correo electr\u00f3nico: <a href=\"mailto:privacy@galvanina.com\">privacy@galvanina.com<\/a><\/p>\r\n\r\n\r\n\r\n<p><a href=\"https:\/\/www.galvanina.com\/es\/legal\/privacy-policy\/informativa-sul-trattamento-dei-dati-personali\/\"><strong>Informativa Privacy<\/strong><\/a><\/p>\r\n\r\n\r\n\r\n<p><a href=\"https:\/\/www.galvanina.com\/es\/legal\/privacy-policy\/cookie-policy\/\"><strong>Cookie Policy<\/strong><\/a><\/p>\r\n\r\n\r\n\r\n<p><a href=\"https:\/\/www.galvanina.com\/es\/informativa-privacy-b2b\/\"><strong>Pol\u00edtica de privacidad para proveedores\/socios comerciales y sus empleados y colaboradores<\/strong><\/a><\/p>\r\n","protected":false},"excerpt":{"rendered":"<p>El Reglamento General de Protecci\u00f3n de Datos (RGPD) sustituye la Directiva Europea 95\/46\/CE. El Reglamento se propone proporcionar un marco moderno, uniforme y s\u00f3lido para la protecci\u00f3n de los datos en Europa, basado en el principio de responsabilidad. Las nuevas disposiciones tienen un impacto en t\u00e9rminos organizativos, operativos y tecnol\u00f3gicos, y al mismo tiempo establecen [&hellip;]<\/p>\n","protected":false},"author":23,"featured_media":0,"parent":1839,"menu_order":0,"comment_status":"closed","ping_status":"closed","template":"","meta":{"footnotes":""},"class_list":["post-3","page","type-page","status-publish","hentry"],"yoast_head":"<!-- This site is optimized with the Yoast SEO plugin v27.3 - https:\/\/yoast.com\/product\/yoast-seo-wordpress\/ -->\n<title>Privacidad y Cookies | Galvanina<\/title>\n<meta name=\"robots\" content=\"noindex, nofollow\" \/>\n<meta property=\"og:locale\" content=\"es_ES\" \/>\n<meta property=\"og:type\" content=\"article\" \/>\n<meta property=\"og:title\" content=\"Privacidad y Cookies | Galvanina\" \/>\n<meta property=\"og:description\" content=\"El Reglamento General de Protecci\u00f3n de Datos (RGPD) sustituye la Directiva Europea 95\/46\/CE. El Reglamento se propone proporcionar un marco moderno, uniforme y s\u00f3lido para la protecci\u00f3n de los datos en Europa, basado en el principio de responsabilidad. Las nuevas disposiciones tienen un impacto en t\u00e9rminos organizativos, operativos y tecnol\u00f3gicos, y al mismo tiempo establecen [&hellip;]\" \/>\n<meta property=\"og:url\" content=\"https:\/\/www.galvanina.com\/es\/legal\/privacy-policy\/\" \/>\n<meta property=\"og:site_name\" content=\"Galvanina\" \/>\n<meta property=\"article:publisher\" content=\"https:\/\/www.facebook.com\/galvanina\/\" \/>\n<meta property=\"article:modified_time\" content=\"2022-11-18T14:50:26+00:00\" \/>\n<meta property=\"og:image\" content=\"https:\/\/www.galvanina.com\/es\/wp-content\/uploads\/sites\/5\/2020\/06\/galvanina-social.jpg\" \/>\n\t<meta property=\"og:image:width\" content=\"1080\" \/>\n\t<meta property=\"og:image:height\" content=\"630\" \/>\n\t<meta property=\"og:image:type\" content=\"image\/jpeg\" \/>\n<meta name=\"twitter:card\" content=\"summary_large_image\" \/>\n<meta name=\"twitter:label1\" content=\"Tiempo de lectura\" \/>\n\t<meta name=\"twitter:data1\" content=\"3 minutos\" \/>\n<script type=\"application\/ld+json\" class=\"yoast-schema-graph\">{\"@context\":\"https:\\\/\\\/schema.org\",\"@graph\":[{\"@type\":\"WebPage\",\"@id\":\"https:\\\/\\\/www.galvanina.com\\\/es\\\/legal\\\/privacy-policy\\\/\",\"url\":\"https:\\\/\\\/www.galvanina.com\\\/es\\\/legal\\\/privacy-policy\\\/\",\"name\":\"Privacidad y Cookies | Galvanina\",\"isPartOf\":{\"@id\":\"https:\\\/\\\/www.galvanina.com\\\/es\\\/#website\"},\"datePublished\":\"1999-12-31T23:00:23+00:00\",\"dateModified\":\"2022-11-18T14:50:26+00:00\",\"breadcrumb\":{\"@id\":\"https:\\\/\\\/www.galvanina.com\\\/es\\\/legal\\\/privacy-policy\\\/#breadcrumb\"},\"inLanguage\":\"es\",\"potentialAction\":[{\"@type\":\"ReadAction\",\"target\":[\"https:\\\/\\\/www.galvanina.com\\\/es\\\/legal\\\/privacy-policy\\\/\"]}]},{\"@type\":\"BreadcrumbList\",\"@id\":\"https:\\\/\\\/www.galvanina.com\\\/es\\\/legal\\\/privacy-policy\\\/#breadcrumb\",\"itemListElement\":[{\"@type\":\"ListItem\",\"position\":1,\"name\":\"Home\",\"item\":\"https:\\\/\\\/www.galvanina.com\\\/es\\\/\"},{\"@type\":\"ListItem\",\"position\":2,\"name\":\"Legal\",\"item\":\"https:\\\/\\\/www.galvanina.com\\\/es\\\/legal\\\/\"},{\"@type\":\"ListItem\",\"position\":3,\"name\":\"Privacidad y Cookies\"}]},{\"@type\":\"WebSite\",\"@id\":\"https:\\\/\\\/www.galvanina.com\\\/es\\\/#website\",\"url\":\"https:\\\/\\\/www.galvanina.com\\\/es\\\/\",\"name\":\"Galvanina\",\"description\":\"\",\"publisher\":{\"@id\":\"https:\\\/\\\/www.galvanina.com\\\/es\\\/#organization\"},\"potentialAction\":[{\"@type\":\"SearchAction\",\"target\":{\"@type\":\"EntryPoint\",\"urlTemplate\":\"https:\\\/\\\/www.galvanina.com\\\/es\\\/?s={search_term_string}\"},\"query-input\":{\"@type\":\"PropertyValueSpecification\",\"valueRequired\":true,\"valueName\":\"search_term_string\"}}],\"inLanguage\":\"es\"},{\"@type\":\"Organization\",\"@id\":\"https:\\\/\\\/www.galvanina.com\\\/es\\\/#organization\",\"name\":\"La Galvanina S.p.A.\",\"url\":\"https:\\\/\\\/www.galvanina.com\\\/es\\\/\",\"logo\":{\"@type\":\"ImageObject\",\"inLanguage\":\"es\",\"@id\":\"https:\\\/\\\/www.galvanina.com\\\/es\\\/#\\\/schema\\\/logo\\\/image\\\/\",\"url\":\"https:\\\/\\\/www.galvanina.com\\\/es\\\/wp-content\\\/uploads\\\/sites\\\/5\\\/2020\\\/06\\\/logo-galvanina.png\",\"contentUrl\":\"https:\\\/\\\/www.galvanina.com\\\/es\\\/wp-content\\\/uploads\\\/sites\\\/5\\\/2020\\\/06\\\/logo-galvanina.png\",\"width\":768,\"height\":768,\"caption\":\"La Galvanina S.p.A.\"},\"image\":{\"@id\":\"https:\\\/\\\/www.galvanina.com\\\/es\\\/#\\\/schema\\\/logo\\\/image\\\/\"},\"sameAs\":[\"https:\\\/\\\/www.facebook.com\\\/galvanina\\\/\",\"https:\\\/\\\/www.instagram.com\\\/lagalvanina\\\/\",\"https:\\\/\\\/www.linkedin.com\\\/company\\\/galvanina\\\/\"]}]}<\/script>\n<!-- \/ Yoast SEO plugin. -->","yoast_head_json":{"title":"Privacidad y Cookies | Galvanina","robots":{"index":"noindex","follow":"nofollow"},"og_locale":"es_ES","og_type":"article","og_title":"Privacidad y Cookies | Galvanina","og_description":"El Reglamento General de Protecci\u00f3n de Datos (RGPD) sustituye la Directiva Europea 95\/46\/CE. El Reglamento se propone proporcionar un marco moderno, uniforme y s\u00f3lido para la protecci\u00f3n de los datos en Europa, basado en el principio de responsabilidad. Las nuevas disposiciones tienen un impacto en t\u00e9rminos organizativos, operativos y tecnol\u00f3gicos, y al mismo tiempo establecen [&hellip;]","og_url":"https:\/\/www.galvanina.com\/es\/legal\/privacy-policy\/","og_site_name":"Galvanina","article_publisher":"https:\/\/www.facebook.com\/galvanina\/","article_modified_time":"2022-11-18T14:50:26+00:00","og_image":[{"width":1080,"height":630,"url":"https:\/\/www.galvanina.com\/es\/wp-content\/uploads\/sites\/5\/2020\/06\/galvanina-social.jpg","type":"image\/jpeg"}],"twitter_card":"summary_large_image","twitter_misc":{"Tiempo de lectura":"3 minutos"},"schema":{"@context":"https:\/\/schema.org","@graph":[{"@type":"WebPage","@id":"https:\/\/www.galvanina.com\/es\/legal\/privacy-policy\/","url":"https:\/\/www.galvanina.com\/es\/legal\/privacy-policy\/","name":"Privacidad y Cookies | Galvanina","isPartOf":{"@id":"https:\/\/www.galvanina.com\/es\/#website"},"datePublished":"1999-12-31T23:00:23+00:00","dateModified":"2022-11-18T14:50:26+00:00","breadcrumb":{"@id":"https:\/\/www.galvanina.com\/es\/legal\/privacy-policy\/#breadcrumb"},"inLanguage":"es","potentialAction":[{"@type":"ReadAction","target":["https:\/\/www.galvanina.com\/es\/legal\/privacy-policy\/"]}]},{"@type":"BreadcrumbList","@id":"https:\/\/www.galvanina.com\/es\/legal\/privacy-policy\/#breadcrumb","itemListElement":[{"@type":"ListItem","position":1,"name":"Home","item":"https:\/\/www.galvanina.com\/es\/"},{"@type":"ListItem","position":2,"name":"Legal","item":"https:\/\/www.galvanina.com\/es\/legal\/"},{"@type":"ListItem","position":3,"name":"Privacidad y Cookies"}]},{"@type":"WebSite","@id":"https:\/\/www.galvanina.com\/es\/#website","url":"https:\/\/www.galvanina.com\/es\/","name":"Galvanina","description":"","publisher":{"@id":"https:\/\/www.galvanina.com\/es\/#organization"},"potentialAction":[{"@type":"SearchAction","target":{"@type":"EntryPoint","urlTemplate":"https:\/\/www.galvanina.com\/es\/?s={search_term_string}"},"query-input":{"@type":"PropertyValueSpecification","valueRequired":true,"valueName":"search_term_string"}}],"inLanguage":"es"},{"@type":"Organization","@id":"https:\/\/www.galvanina.com\/es\/#organization","name":"La Galvanina S.p.A.","url":"https:\/\/www.galvanina.com\/es\/","logo":{"@type":"ImageObject","inLanguage":"es","@id":"https:\/\/www.galvanina.com\/es\/#\/schema\/logo\/image\/","url":"https:\/\/www.galvanina.com\/es\/wp-content\/uploads\/sites\/5\/2020\/06\/logo-galvanina.png","contentUrl":"https:\/\/www.galvanina.com\/es\/wp-content\/uploads\/sites\/5\/2020\/06\/logo-galvanina.png","width":768,"height":768,"caption":"La Galvanina S.p.A."},"image":{"@id":"https:\/\/www.galvanina.com\/es\/#\/schema\/logo\/image\/"},"sameAs":["https:\/\/www.facebook.com\/galvanina\/","https:\/\/www.instagram.com\/lagalvanina\/","https:\/\/www.linkedin.com\/company\/galvanina\/"]}]}},"_links":{"self":[{"href":"https:\/\/www.galvanina.com\/es\/wp-json\/wp\/v2\/pages\/3","targetHints":{"allow":["GET"]}}],"collection":[{"href":"https:\/\/www.galvanina.com\/es\/wp-json\/wp\/v2\/pages"}],"about":[{"href":"https:\/\/www.galvanina.com\/es\/wp-json\/wp\/v2\/types\/page"}],"author":[{"embeddable":true,"href":"https:\/\/www.galvanina.com\/es\/wp-json\/wp\/v2\/users\/23"}],"replies":[{"embeddable":true,"href":"https:\/\/www.galvanina.com\/es\/wp-json\/wp\/v2\/comments?post=3"}],"version-history":[{"count":8,"href":"https:\/\/www.galvanina.com\/es\/wp-json\/wp\/v2\/pages\/3\/revisions"}],"predecessor-version":[{"id":6263,"href":"https:\/\/www.galvanina.com\/es\/wp-json\/wp\/v2\/pages\/3\/revisions\/6263"}],"up":[{"embeddable":true,"href":"https:\/\/www.galvanina.com\/es\/wp-json\/wp\/v2\/pages\/1839"}],"wp:attachment":[{"href":"https:\/\/www.galvanina.com\/es\/wp-json\/wp\/v2\/media?parent=3"}],"curies":[{"name":"wp","href":"https:\/\/api.w.org\/{rel}","templated":true}]}}