{"id":2111,"date":"2020-06-09T15:59:08","date_gmt":"2020-06-09T13:59:08","guid":{"rendered":"https:\/\/www.galvanina.com\/es\/?page_id=2111"},"modified":"2021-10-14T15:18:04","modified_gmt":"2021-10-14T13:18:04","slug":"legal-notices","status":"publish","type":"page","link":"https:\/\/www.galvanina.com\/es\/legal\/legal-notices\/","title":{"rendered":"Aviso legal"},"content":{"rendered":"\n<p>El acceso a este sitio est\u00e1 supeditado a los siguientes t\u00e9rminos y condiciones. El acceso al sitio y la navegaci\u00f3n solo se permiten tras la aceptaci\u00f3n de los t\u00e9rminos y condiciones de este documento.<br>No se puede emplear ni visitar este sitio sin aceptar las condiciones contenidas en este aviso legal.<br>El empleo del sitio implica la aceptaci\u00f3n de los t\u00e9rminos y de las condiciones que se detallan en el presente documento.<\/p>\n\n\n\n<p>1. Este sitio y la informaci\u00f3n que contiene, as\u00ed como los nombres, las im\u00e1genes, las fotos y las reproducciones, los logotipos y las marcas comerciales relativas a Galvanina est\u00e1n reservados y protegidos por los derechos de autor en materia de marcas, patentes y competencia desleal. Todos los productos, im\u00e1genes, reproducciones, logotipos, marcas y patentes son propiedad exclusiva de Galvanina. Ninguna otra persona posee licencias o derechos de uso de estos bienes. El contenido del sitio no puede interpretarse, en ning\u00fan caso, como una concesi\u00f3n de derechos de licencia o de uso de los productos o marcas de Galvanina. Las infracciones se perseguir\u00e1n legalmente por Galvanina de acuerdo con las leyes aplicables que protegen las marcas, las patentes y la competencia desleal.<\/p>\n\n\n\n<p>2. Los productos y los servicios descritos en este sitio pueden proporcionarse siempre y cuando est\u00e9n disponibles, sin que la publicaci\u00f3n en el sitio implique la garant\u00eda (incluso impl\u00edcita) de disponibilidad, vendibilidad, idoneidad para determinados usos y conformidad con las leyes vigentes en los distintos pa\u00edses.<\/p>\n\n\n\n<p>3. Galvanina no puede considerarse responsable, de ninguna manera, ni contractual ni extracontractualmente, de los da\u00f1os (incluidos los da\u00f1os indirectos o no cualificados) procedentes de la imposibilidad de uso, la p\u00e9rdida de datos o los beneficios que de cualquier manera deriven del uso de este sitio o est\u00e9n relacionados con \u00e9l.<\/p>\n\n\n\n<p>4. Este sitio puede incluir publicaciones con datos t\u00e9cnicos inexactos o errores de impresi\u00f3n, que se corregir\u00e1n lo antes posible a discreci\u00f3n de Galvanina. Los datos contenidos en el sitio pueden no estar actualizados, ya que el sitio s\u00f3lo se actualiza peri\u00f3dicamente. Los cambios en los anuncios presentes en el sitio pueden realizarse con retraso respecto a los cambios realmente realizados en los productos o los datos relativos a los mismos.<\/p>\n\n\n\n<p>5. Galvanina puede en cualquier momento aportar cambios a estos t\u00e9rminos y condiciones de acceso, al igual que cualquier otra parte del sitio, sin previo aviso.<\/p>\n\n\n\n<p>6. Galvanina no es responsable del contenido de los sitios relacionados con su sitio web, ni de los problemas procedentes de la conexi\u00f3n indirecta a trav\u00e9s de otros enlaces.<\/p>\n\n\n\n<p>7. Galvanina anuncia todos sus productos en este sitio. Esto no significa que todos los productos se comercialicen en todos los pa\u00edses, ni que los productos, si se comercializan, est\u00e9n disponibles de inmediato en cada pa\u00eds. Se recomienda a los interesados que soliciten informaci\u00f3n directamente en la sede central de Galvanina si necesitan informaci\u00f3n actualizada.<\/p>\n\n\n\n<p>8. Estos t\u00e9rminos y condiciones de acceso al sitio se rigen por la legislaci\u00f3n italiana y cualquier disputa que surja del uso del sitio estar\u00e1 sujeta a la jurisdicci\u00f3n exclusiva del tribunal de Rimini, Italia.<\/p>\n\n\n\n<p>9. A LOS USUARIOS QUE NO ACEPTEN EN SU TOTALIDAD LAS PRESENTES CONDICIONES DE USO DEL SITIO SE LES PIDE QUE SALGAN INMEDIATAMENTE DEL MISMO Y NO LO UTILICEN.<\/p>\n","protected":false},"excerpt":{"rendered":"<p>El acceso a este sitio est\u00e1 supeditado a los siguientes t\u00e9rminos y condiciones. El acceso al sitio y la navegaci\u00f3n solo se permiten tras la aceptaci\u00f3n de los t\u00e9rminos y condiciones de este documento.No se puede emplear ni visitar este sitio sin aceptar las condiciones contenidas en este aviso legal.El empleo del sitio implica la [&hellip;]<\/p>\n","protected":false},"author":23,"featured_media":0,"parent":1839,"menu_order":0,"comment_status":"closed","ping_status":"closed","template":"","meta":{"footnotes":""},"class_list":["post-2111","page","type-page","status-publish","hentry"],"yoast_head":"<!-- This site is optimized with the Yoast SEO plugin v27.5 - https:\/\/yoast.com\/product\/yoast-seo-wordpress\/ -->\n<title>Aviso legal | Galvanina<\/title>\n<meta name=\"robots\" content=\"noindex, follow\" \/>\n<meta property=\"og:locale\" content=\"es_ES\" \/>\n<meta property=\"og:type\" content=\"article\" \/>\n<meta property=\"og:title\" content=\"Aviso legal | Galvanina\" \/>\n<meta property=\"og:description\" content=\"El acceso a este sitio est\u00e1 supeditado a los siguientes t\u00e9rminos y condiciones. El acceso al sitio y la navegaci\u00f3n solo se permiten tras la aceptaci\u00f3n de los t\u00e9rminos y condiciones de este documento.No se puede emplear ni visitar este sitio sin aceptar las condiciones contenidas en este aviso legal.El empleo del sitio implica la [&hellip;]\" \/>\n<meta property=\"og:url\" content=\"https:\/\/www.galvanina.com\/es\/legal\/legal-notices\/\" \/>\n<meta property=\"og:site_name\" content=\"Galvanina\" \/>\n<meta property=\"article:publisher\" content=\"https:\/\/www.facebook.com\/galvanina\/\" \/>\n<meta property=\"article:modified_time\" content=\"2021-10-14T13:18:04+00:00\" \/>\n<meta property=\"og:image\" content=\"https:\/\/www.galvanina.com\/es\/wp-content\/uploads\/sites\/5\/2020\/06\/galvanina-social.jpg\" \/>\n\t<meta property=\"og:image:width\" content=\"1080\" \/>\n\t<meta property=\"og:image:height\" content=\"630\" \/>\n\t<meta property=\"og:image:type\" content=\"image\/jpeg\" \/>\n<meta name=\"twitter:card\" content=\"summary_large_image\" \/>\n<meta name=\"twitter:label1\" content=\"Tiempo de lectura\" \/>\n\t<meta name=\"twitter:data1\" content=\"3 minutos\" \/>\n<script type=\"application\/ld+json\" class=\"yoast-schema-graph\">{\"@context\":\"https:\\\/\\\/schema.org\",\"@graph\":[{\"@type\":\"WebPage\",\"@id\":\"https:\\\/\\\/www.galvanina.com\\\/es\\\/legal\\\/legal-notices\\\/\",\"url\":\"https:\\\/\\\/www.galvanina.com\\\/es\\\/legal\\\/legal-notices\\\/\",\"name\":\"Aviso legal | Galvanina\",\"isPartOf\":{\"@id\":\"https:\\\/\\\/www.galvanina.com\\\/es\\\/#website\"},\"datePublished\":\"2020-06-09T13:59:08+00:00\",\"dateModified\":\"2021-10-14T13:18:04+00:00\",\"breadcrumb\":{\"@id\":\"https:\\\/\\\/www.galvanina.com\\\/es\\\/legal\\\/legal-notices\\\/#breadcrumb\"},\"inLanguage\":\"es\",\"potentialAction\":[{\"@type\":\"ReadAction\",\"target\":[\"https:\\\/\\\/www.galvanina.com\\\/es\\\/legal\\\/legal-notices\\\/\"]}]},{\"@type\":\"BreadcrumbList\",\"@id\":\"https:\\\/\\\/www.galvanina.com\\\/es\\\/legal\\\/legal-notices\\\/#breadcrumb\",\"itemListElement\":[{\"@type\":\"ListItem\",\"position\":1,\"name\":\"Home\",\"item\":\"https:\\\/\\\/www.galvanina.com\\\/es\\\/\"},{\"@type\":\"ListItem\",\"position\":2,\"name\":\"Legal\",\"item\":\"https:\\\/\\\/www.galvanina.com\\\/es\\\/legal\\\/\"},{\"@type\":\"ListItem\",\"position\":3,\"name\":\"Aviso legal\"}]},{\"@type\":\"WebSite\",\"@id\":\"https:\\\/\\\/www.galvanina.com\\\/es\\\/#website\",\"url\":\"https:\\\/\\\/www.galvanina.com\\\/es\\\/\",\"name\":\"Galvanina\",\"description\":\"\",\"publisher\":{\"@id\":\"https:\\\/\\\/www.galvanina.com\\\/es\\\/#organization\"},\"potentialAction\":[{\"@type\":\"SearchAction\",\"target\":{\"@type\":\"EntryPoint\",\"urlTemplate\":\"https:\\\/\\\/www.galvanina.com\\\/es\\\/?s={search_term_string}\"},\"query-input\":{\"@type\":\"PropertyValueSpecification\",\"valueRequired\":true,\"valueName\":\"search_term_string\"}}],\"inLanguage\":\"es\"},{\"@type\":\"Organization\",\"@id\":\"https:\\\/\\\/www.galvanina.com\\\/es\\\/#organization\",\"name\":\"La Galvanina S.p.A.\",\"url\":\"https:\\\/\\\/www.galvanina.com\\\/es\\\/\",\"logo\":{\"@type\":\"ImageObject\",\"inLanguage\":\"es\",\"@id\":\"https:\\\/\\\/www.galvanina.com\\\/es\\\/#\\\/schema\\\/logo\\\/image\\\/\",\"url\":\"https:\\\/\\\/www.galvanina.com\\\/es\\\/wp-content\\\/uploads\\\/sites\\\/5\\\/2020\\\/06\\\/logo-galvanina.png\",\"contentUrl\":\"https:\\\/\\\/www.galvanina.com\\\/es\\\/wp-content\\\/uploads\\\/sites\\\/5\\\/2020\\\/06\\\/logo-galvanina.png\",\"width\":768,\"height\":768,\"caption\":\"La Galvanina S.p.A.\"},\"image\":{\"@id\":\"https:\\\/\\\/www.galvanina.com\\\/es\\\/#\\\/schema\\\/logo\\\/image\\\/\"},\"sameAs\":[\"https:\\\/\\\/www.facebook.com\\\/galvanina\\\/\",\"https:\\\/\\\/www.instagram.com\\\/lagalvanina\\\/\",\"https:\\\/\\\/www.linkedin.com\\\/company\\\/galvanina\\\/\"]}]}<\/script>\n<!-- \/ Yoast SEO plugin. -->","yoast_head_json":{"title":"Aviso legal | Galvanina","robots":{"index":"noindex","follow":"follow"},"og_locale":"es_ES","og_type":"article","og_title":"Aviso legal | Galvanina","og_description":"El acceso a este sitio est\u00e1 supeditado a los siguientes t\u00e9rminos y condiciones. El acceso al sitio y la navegaci\u00f3n solo se permiten tras la aceptaci\u00f3n de los t\u00e9rminos y condiciones de este documento.No se puede emplear ni visitar este sitio sin aceptar las condiciones contenidas en este aviso legal.El empleo del sitio implica la [&hellip;]","og_url":"https:\/\/www.galvanina.com\/es\/legal\/legal-notices\/","og_site_name":"Galvanina","article_publisher":"https:\/\/www.facebook.com\/galvanina\/","article_modified_time":"2021-10-14T13:18:04+00:00","og_image":[{"width":1080,"height":630,"url":"https:\/\/www.galvanina.com\/es\/wp-content\/uploads\/sites\/5\/2020\/06\/galvanina-social.jpg","type":"image\/jpeg"}],"twitter_card":"summary_large_image","twitter_misc":{"Tiempo de lectura":"3 minutos"},"schema":{"@context":"https:\/\/schema.org","@graph":[{"@type":"WebPage","@id":"https:\/\/www.galvanina.com\/es\/legal\/legal-notices\/","url":"https:\/\/www.galvanina.com\/es\/legal\/legal-notices\/","name":"Aviso legal | Galvanina","isPartOf":{"@id":"https:\/\/www.galvanina.com\/es\/#website"},"datePublished":"2020-06-09T13:59:08+00:00","dateModified":"2021-10-14T13:18:04+00:00","breadcrumb":{"@id":"https:\/\/www.galvanina.com\/es\/legal\/legal-notices\/#breadcrumb"},"inLanguage":"es","potentialAction":[{"@type":"ReadAction","target":["https:\/\/www.galvanina.com\/es\/legal\/legal-notices\/"]}]},{"@type":"BreadcrumbList","@id":"https:\/\/www.galvanina.com\/es\/legal\/legal-notices\/#breadcrumb","itemListElement":[{"@type":"ListItem","position":1,"name":"Home","item":"https:\/\/www.galvanina.com\/es\/"},{"@type":"ListItem","position":2,"name":"Legal","item":"https:\/\/www.galvanina.com\/es\/legal\/"},{"@type":"ListItem","position":3,"name":"Aviso legal"}]},{"@type":"WebSite","@id":"https:\/\/www.galvanina.com\/es\/#website","url":"https:\/\/www.galvanina.com\/es\/","name":"Galvanina","description":"","publisher":{"@id":"https:\/\/www.galvanina.com\/es\/#organization"},"potentialAction":[{"@type":"SearchAction","target":{"@type":"EntryPoint","urlTemplate":"https:\/\/www.galvanina.com\/es\/?s={search_term_string}"},"query-input":{"@type":"PropertyValueSpecification","valueRequired":true,"valueName":"search_term_string"}}],"inLanguage":"es"},{"@type":"Organization","@id":"https:\/\/www.galvanina.com\/es\/#organization","name":"La Galvanina S.p.A.","url":"https:\/\/www.galvanina.com\/es\/","logo":{"@type":"ImageObject","inLanguage":"es","@id":"https:\/\/www.galvanina.com\/es\/#\/schema\/logo\/image\/","url":"https:\/\/www.galvanina.com\/es\/wp-content\/uploads\/sites\/5\/2020\/06\/logo-galvanina.png","contentUrl":"https:\/\/www.galvanina.com\/es\/wp-content\/uploads\/sites\/5\/2020\/06\/logo-galvanina.png","width":768,"height":768,"caption":"La Galvanina S.p.A."},"image":{"@id":"https:\/\/www.galvanina.com\/es\/#\/schema\/logo\/image\/"},"sameAs":["https:\/\/www.facebook.com\/galvanina\/","https:\/\/www.instagram.com\/lagalvanina\/","https:\/\/www.linkedin.com\/company\/galvanina\/"]}]}},"_links":{"self":[{"href":"https:\/\/www.galvanina.com\/es\/wp-json\/wp\/v2\/pages\/2111","targetHints":{"allow":["GET"]}}],"collection":[{"href":"https:\/\/www.galvanina.com\/es\/wp-json\/wp\/v2\/pages"}],"about":[{"href":"https:\/\/www.galvanina.com\/es\/wp-json\/wp\/v2\/types\/page"}],"author":[{"embeddable":true,"href":"https:\/\/www.galvanina.com\/es\/wp-json\/wp\/v2\/users\/23"}],"replies":[{"embeddable":true,"href":"https:\/\/www.galvanina.com\/es\/wp-json\/wp\/v2\/comments?post=2111"}],"version-history":[{"count":3,"href":"https:\/\/www.galvanina.com\/es\/wp-json\/wp\/v2\/pages\/2111\/revisions"}],"predecessor-version":[{"id":6112,"href":"https:\/\/www.galvanina.com\/es\/wp-json\/wp\/v2\/pages\/2111\/revisions\/6112"}],"up":[{"embeddable":true,"href":"https:\/\/www.galvanina.com\/es\/wp-json\/wp\/v2\/pages\/1839"}],"wp:attachment":[{"href":"https:\/\/www.galvanina.com\/es\/wp-json\/wp\/v2\/media?parent=2111"}],"curies":[{"name":"wp","href":"https:\/\/api.w.org\/{rel}","templated":true}]}}