{"id":2109,"date":"2020-06-09T15:57:09","date_gmt":"2020-06-09T13:57:09","guid":{"rendered":"https:\/\/www.galvanina.com\/es\/?page_id=2109"},"modified":"2023-02-01T11:05:58","modified_gmt":"2023-02-01T10:05:58","slug":"cookie-policy","status":"publish","type":"page","link":"https:\/\/www.galvanina.com\/es\/legal\/privacy-policy\/cookie-policy\/","title":{"rendered":"Pol\u00edtica de Cookies"},"content":{"rendered":"<p><strong>www.galvanina.com<\/strong><\/p>\n<p>Fecha de la \u00faltima actualizaci\u00f3n: 30 de septiembre de 2022<\/p>\n<p>De conformidad con el art. 13 del RGPD y el art. 122 del Decreto Legislativo 196\/2003 (\u201c<strong>Codice Privacy<\/strong>\u201d) (Italia), modificado por el Decreto Legislativo 101\/2018 (Italia), as\u00ed como de conformidad con lo establecido en la disposici\u00f3n general del Supervisor de protecci\u00f3n de datos personales\u00a0\u00a0 n\u00ba 229 de 8 de mayo de 2014, y la m\u00e1s reciente disposici\u00f3n n\u00ba 231 de 10 de junio de 2021 (\u00ab<strong>Linee guida cookie e altri strumenti di tracciamento<\/strong>\u00ab) (Italia), La Galvanina S.p.A., Responsable del tratamiento proporciona, a trav\u00e9s de esta informaci\u00f3n ampliada, a los usuarios del sitio web www.galvanina.com (en adelante, el \u00ab<strong>Sitio<\/strong>\u00ab) informaci\u00f3n acerca de las cookies utilizadas y como desactivarlas.<\/p>\n<p><strong>\u00bfQU\u00c9 SON LAS COOKIES?<\/strong><br \/>\nLas cookies son archivos de texto que almacenan informaci\u00f3n en el disco duro, tableta, smartphone o navegador utilizados por el usuario. Las cookies act\u00faan como memoria del sitio web, permitiendo que el sitio web reconozca el dispositivo cada vez que el usuario visita ese mismo sitio. Las cookies facilitan la conservaci\u00f3n de las preferencias del usuario con relaci\u00f3n al sitio web y, al detectar c\u00f3mo utiliza el sitio web, nos permiten seguir mejorando su funcionalidad y facilidad de uso general.<br \/>\nDurante la navegaci\u00f3n, el usuario podr\u00eda tambi\u00e9n recibir en su dispositivo las cookies de terceros, que no est\u00e1n bajo nuestro control, definidas directamente por los operadores de dichos sitios web y utilizadas para los fines y en la forma establecidas por ellos.<\/p>\n<p><strong>El Sitio utiliza los siguientes tipos de cookies:<\/strong><\/p>\n<p><strong>COOKIES T\u00c9CNICAS (necesarias)<\/strong><br \/>\nEstas cookies son indispensables para permitir la navegaci\u00f3n y el uso de todas las funciones del Sitio. No recogen informaci\u00f3n que permita identificar al usuario. Su desactivaci\u00f3n podr\u00eda afectar el acceso a los contenidos del Sitio llegando a ser imposible o muy limitado. Las cookies t\u00e9cnicas tambi\u00e9n incluyen las cookies de sesi\u00f3n, cuya funci\u00f3n es almacenar las elecciones realizadas por el usuario en el sitio. Estas cookies se eliminan una vez que el usuario abandona el sitio. Prev\u00e9n \u00fanicamente la transmisi\u00f3n de los identificadores de sesi\u00f3n (n\u00fameros aleatorios generados por el servidor), necesarios para permitir la exploraci\u00f3n segura y eficiente del sitio.<\/p>\n<p><u>El uso de las cookies t\u00e9cnicas no requiere el consentimiento del interesado.<\/u><\/p>\n<p><strong>COOKIES DE SEGUIMIENTO (estad\u00edsticas y de marketing)<\/strong><br \/>\nLas cookies estad\u00edsticas permiten a los propietarios de los sitios web entender la forma en la que los visitantes interact\u00faan con el sitio, recogiendo y transmitiendo la informaci\u00f3n de forma an\u00f3nima.<br \/>\nLas cookies de marketing se utilizan para hacer un seguimiento de los visitantes de los sitios web. El objetivo es mostrar anuncios relevantes y atractivos para el usuario y, por tanto, de mayor valor para los editores y anunciantes de terceros.<br \/>\nLas cookies de seguimiento pueden proceder de sitios gestionados por terceros (cookies de terceros). Un ejemplo com\u00fan es el uso de los llamados \u201cplugin sociales\u201d en las principales redes sociales. Se trata de partes de la p\u00e1gina visitada que se integran directamente en la p\u00e1gina del sitio anfitri\u00f3n, por ejemplo para mejorar la experiencia de navegaci\u00f3n del usuario al compartir contenido en las redes sociales. La gesti\u00f3n de la informaci\u00f3n recopilada por terceros se rige por las pol\u00edticas correspondientes, que recomendamos consultar para cualquier aclaraci\u00f3n.<\/p>\n<p><strong>Las cookies estad\u00edsticas utilizadas por el sitio incluyen tambi\u00e9n las cookies de Google Analytics 4. Cabe se\u00f1alar que el Responsable del tratamiento ha activado la anonimizaci\u00f3n de la IP.<\/strong><\/p>\n<p><u>El uso de las cookies de seguimiento requiere el consentimiento del interesado. El consentimiento se obtiene por medio de un banner mostrado en el Sitio. El usuario puede cambiar sus preferencias en cualquier momento.<\/u><\/p>\n<p><strong>GESTI\u00d3N DE LAS OPCIONES DE LAS COOKIES<\/strong><br \/>\nEs posible rechazar o deshabilitar las cookies desde el navegador y eliminar todas las cookies almacenadas en el ordenador a trav\u00e9s de la configuraci\u00f3n del navegador La modificaci\u00f3n de la configuraci\u00f3n de las cookies en el navegador podr\u00eda afectar la capacidad de acceder a todas las funciones del Sitio.\u2028Cada navegador usa procedimientos diferentes para gestionar la configuraci\u00f3n. Seleccione el navegador que est\u00e1 utilizando a continuaci\u00f3n para obtener informaci\u00f3n sobre c\u00f3mo cambiar la configuraci\u00f3n de las cookies.<\/p>\n<p><a href=\"https:\/\/support.microsoft.com\/es-es\/windows\/eliminar-y-administrar-cookies-168dab11-0753-043d-7c16-ede5947fc64d\" target=\"_blank\" rel=\"noopener\">Microsoft Internet Explorer<\/a><\/p>\n<p><a href=\"https:\/\/support.google.com\/chrome\/answer\/95647?hl=es&amp;co=GENIE.Platform%3DDesktop\" target=\"_blank\" rel=\"noopener\">Google Chrome<\/a><\/p>\n<p><a href=\"https:\/\/support.mozilla.org\/es\/kb\/Deshabilitar%20cookies%20de%20terceros\" target=\"_blank\" rel=\"noopener\">Mozilla Firefox<\/a><\/p>\n<p><a href=\"https:\/\/support.apple.com\/es-es\/guide\/safari\/sfri11471\/mac\" target=\"_blank\" rel=\"noopener\">Apple Safari (iOS)<\/a><\/p>\n<p>Tambi\u00e9n es posible desactivar las cookies a trav\u00e9s del banner o, en el caso de las cookies de terceros, a trav\u00e9s de los m\u00e9todos proporcionados directamente por la empresa de terceros responsable del tratamiento.<\/p>\n","protected":false},"excerpt":{"rendered":"<p>www.galvanina.com Fecha de la \u00faltima actualizaci\u00f3n: 30 de septiembre de 2022 De conformidad con el art. 13 del RGPD y el art. 122 del Decreto Legislativo 196\/2003 (\u201cCodice Privacy\u201d) (Italia), modificado por el Decreto Legislativo 101\/2018 (Italia), as\u00ed como de conformidad con lo establecido en la disposici\u00f3n general del Supervisor de protecci\u00f3n de datos personales\u00a0\u00a0 [&hellip;]<\/p>\n","protected":false},"author":23,"featured_media":0,"parent":3,"menu_order":0,"comment_status":"closed","ping_status":"closed","template":"","meta":{"footnotes":""},"class_list":["post-2109","page","type-page","status-publish","hentry"],"yoast_head":"<!-- This site is optimized with the Yoast SEO plugin v27.3 - https:\/\/yoast.com\/product\/yoast-seo-wordpress\/ -->\n<title>Pol\u00edtica de Cookies | Galvanina<\/title>\n<meta name=\"description\" content=\"Les cookies sont de petits fichiers texte que les sites visit\u00e9s envoient \u00e0 l&#039;appareil de navigation utilis\u00e9 par l&#039;utilisateur (g\u00e9n\u00e9ralement un navigateur).\" \/>\n<meta name=\"robots\" content=\"noindex, follow\" \/>\n<meta property=\"og:locale\" content=\"es_ES\" \/>\n<meta property=\"og:type\" content=\"article\" \/>\n<meta property=\"og:title\" content=\"Pol\u00edtica de Cookies | Galvanina\" \/>\n<meta property=\"og:description\" content=\"Les cookies sont de petits fichiers texte que les sites visit\u00e9s envoient \u00e0 l&#039;appareil de navigation utilis\u00e9 par l&#039;utilisateur (g\u00e9n\u00e9ralement un navigateur).\" \/>\n<meta property=\"og:url\" content=\"https:\/\/www.galvanina.com\/es\/legal\/privacy-policy\/cookie-policy\/\" \/>\n<meta property=\"og:site_name\" content=\"Galvanina\" \/>\n<meta property=\"article:publisher\" content=\"https:\/\/www.facebook.com\/galvanina\/\" \/>\n<meta property=\"article:modified_time\" content=\"2023-02-01T10:05:58+00:00\" \/>\n<meta property=\"og:image\" content=\"https:\/\/www.galvanina.com\/es\/wp-content\/uploads\/sites\/5\/2020\/06\/galvanina-social.jpg\" \/>\n\t<meta property=\"og:image:width\" content=\"1080\" \/>\n\t<meta property=\"og:image:height\" content=\"630\" \/>\n\t<meta property=\"og:image:type\" content=\"image\/jpeg\" \/>\n<meta name=\"twitter:card\" content=\"summary_large_image\" \/>\n<meta name=\"twitter:label1\" content=\"Tiempo de lectura\" \/>\n\t<meta name=\"twitter:data1\" content=\"4 minutos\" \/>\n<script type=\"application\/ld+json\" class=\"yoast-schema-graph\">{\"@context\":\"https:\\\/\\\/schema.org\",\"@graph\":[{\"@type\":\"WebPage\",\"@id\":\"https:\\\/\\\/www.galvanina.com\\\/es\\\/legal\\\/privacy-policy\\\/cookie-policy\\\/\",\"url\":\"https:\\\/\\\/www.galvanina.com\\\/es\\\/legal\\\/privacy-policy\\\/cookie-policy\\\/\",\"name\":\"Pol\u00edtica de Cookies | Galvanina\",\"isPartOf\":{\"@id\":\"https:\\\/\\\/www.galvanina.com\\\/es\\\/#website\"},\"datePublished\":\"2020-06-09T13:57:09+00:00\",\"dateModified\":\"2023-02-01T10:05:58+00:00\",\"description\":\"Les cookies sont de petits fichiers texte que les sites visit\u00e9s envoient \u00e0 l'appareil de navigation utilis\u00e9 par l'utilisateur (g\u00e9n\u00e9ralement un navigateur).\",\"breadcrumb\":{\"@id\":\"https:\\\/\\\/www.galvanina.com\\\/es\\\/legal\\\/privacy-policy\\\/cookie-policy\\\/#breadcrumb\"},\"inLanguage\":\"es\",\"potentialAction\":[{\"@type\":\"ReadAction\",\"target\":[\"https:\\\/\\\/www.galvanina.com\\\/es\\\/legal\\\/privacy-policy\\\/cookie-policy\\\/\"]}]},{\"@type\":\"BreadcrumbList\",\"@id\":\"https:\\\/\\\/www.galvanina.com\\\/es\\\/legal\\\/privacy-policy\\\/cookie-policy\\\/#breadcrumb\",\"itemListElement\":[{\"@type\":\"ListItem\",\"position\":1,\"name\":\"Home\",\"item\":\"https:\\\/\\\/www.galvanina.com\\\/es\\\/\"},{\"@type\":\"ListItem\",\"position\":2,\"name\":\"Legal\",\"item\":\"https:\\\/\\\/www.galvanina.com\\\/es\\\/legal\\\/\"},{\"@type\":\"ListItem\",\"position\":3,\"name\":\"Privacidad y Cookies\",\"item\":\"https:\\\/\\\/www.galvanina.com\\\/es\\\/legal\\\/privacy-policy\\\/\"},{\"@type\":\"ListItem\",\"position\":4,\"name\":\"Pol\u00edtica de Cookies\"}]},{\"@type\":\"WebSite\",\"@id\":\"https:\\\/\\\/www.galvanina.com\\\/es\\\/#website\",\"url\":\"https:\\\/\\\/www.galvanina.com\\\/es\\\/\",\"name\":\"Galvanina\",\"description\":\"\",\"publisher\":{\"@id\":\"https:\\\/\\\/www.galvanina.com\\\/es\\\/#organization\"},\"potentialAction\":[{\"@type\":\"SearchAction\",\"target\":{\"@type\":\"EntryPoint\",\"urlTemplate\":\"https:\\\/\\\/www.galvanina.com\\\/es\\\/?s={search_term_string}\"},\"query-input\":{\"@type\":\"PropertyValueSpecification\",\"valueRequired\":true,\"valueName\":\"search_term_string\"}}],\"inLanguage\":\"es\"},{\"@type\":\"Organization\",\"@id\":\"https:\\\/\\\/www.galvanina.com\\\/es\\\/#organization\",\"name\":\"La Galvanina S.p.A.\",\"url\":\"https:\\\/\\\/www.galvanina.com\\\/es\\\/\",\"logo\":{\"@type\":\"ImageObject\",\"inLanguage\":\"es\",\"@id\":\"https:\\\/\\\/www.galvanina.com\\\/es\\\/#\\\/schema\\\/logo\\\/image\\\/\",\"url\":\"https:\\\/\\\/www.galvanina.com\\\/es\\\/wp-content\\\/uploads\\\/sites\\\/5\\\/2020\\\/06\\\/logo-galvanina.png\",\"contentUrl\":\"https:\\\/\\\/www.galvanina.com\\\/es\\\/wp-content\\\/uploads\\\/sites\\\/5\\\/2020\\\/06\\\/logo-galvanina.png\",\"width\":768,\"height\":768,\"caption\":\"La Galvanina S.p.A.\"},\"image\":{\"@id\":\"https:\\\/\\\/www.galvanina.com\\\/es\\\/#\\\/schema\\\/logo\\\/image\\\/\"},\"sameAs\":[\"https:\\\/\\\/www.facebook.com\\\/galvanina\\\/\",\"https:\\\/\\\/www.instagram.com\\\/lagalvanina\\\/\",\"https:\\\/\\\/www.linkedin.com\\\/company\\\/galvanina\\\/\"]}]}<\/script>\n<!-- \/ Yoast SEO plugin. -->","yoast_head_json":{"title":"Pol\u00edtica de Cookies | Galvanina","description":"Les cookies sont de petits fichiers texte que les sites visit\u00e9s envoient \u00e0 l'appareil de navigation utilis\u00e9 par l'utilisateur (g\u00e9n\u00e9ralement un navigateur).","robots":{"index":"noindex","follow":"follow"},"og_locale":"es_ES","og_type":"article","og_title":"Pol\u00edtica de Cookies | Galvanina","og_description":"Les cookies sont de petits fichiers texte que les sites visit\u00e9s envoient \u00e0 l'appareil de navigation utilis\u00e9 par l'utilisateur (g\u00e9n\u00e9ralement un navigateur).","og_url":"https:\/\/www.galvanina.com\/es\/legal\/privacy-policy\/cookie-policy\/","og_site_name":"Galvanina","article_publisher":"https:\/\/www.facebook.com\/galvanina\/","article_modified_time":"2023-02-01T10:05:58+00:00","og_image":[{"width":1080,"height":630,"url":"https:\/\/www.galvanina.com\/es\/wp-content\/uploads\/sites\/5\/2020\/06\/galvanina-social.jpg","type":"image\/jpeg"}],"twitter_card":"summary_large_image","twitter_misc":{"Tiempo de lectura":"4 minutos"},"schema":{"@context":"https:\/\/schema.org","@graph":[{"@type":"WebPage","@id":"https:\/\/www.galvanina.com\/es\/legal\/privacy-policy\/cookie-policy\/","url":"https:\/\/www.galvanina.com\/es\/legal\/privacy-policy\/cookie-policy\/","name":"Pol\u00edtica de Cookies | Galvanina","isPartOf":{"@id":"https:\/\/www.galvanina.com\/es\/#website"},"datePublished":"2020-06-09T13:57:09+00:00","dateModified":"2023-02-01T10:05:58+00:00","description":"Les cookies sont de petits fichiers texte que les sites visit\u00e9s envoient \u00e0 l'appareil de navigation utilis\u00e9 par l'utilisateur (g\u00e9n\u00e9ralement un navigateur).","breadcrumb":{"@id":"https:\/\/www.galvanina.com\/es\/legal\/privacy-policy\/cookie-policy\/#breadcrumb"},"inLanguage":"es","potentialAction":[{"@type":"ReadAction","target":["https:\/\/www.galvanina.com\/es\/legal\/privacy-policy\/cookie-policy\/"]}]},{"@type":"BreadcrumbList","@id":"https:\/\/www.galvanina.com\/es\/legal\/privacy-policy\/cookie-policy\/#breadcrumb","itemListElement":[{"@type":"ListItem","position":1,"name":"Home","item":"https:\/\/www.galvanina.com\/es\/"},{"@type":"ListItem","position":2,"name":"Legal","item":"https:\/\/www.galvanina.com\/es\/legal\/"},{"@type":"ListItem","position":3,"name":"Privacidad y Cookies","item":"https:\/\/www.galvanina.com\/es\/legal\/privacy-policy\/"},{"@type":"ListItem","position":4,"name":"Pol\u00edtica de Cookies"}]},{"@type":"WebSite","@id":"https:\/\/www.galvanina.com\/es\/#website","url":"https:\/\/www.galvanina.com\/es\/","name":"Galvanina","description":"","publisher":{"@id":"https:\/\/www.galvanina.com\/es\/#organization"},"potentialAction":[{"@type":"SearchAction","target":{"@type":"EntryPoint","urlTemplate":"https:\/\/www.galvanina.com\/es\/?s={search_term_string}"},"query-input":{"@type":"PropertyValueSpecification","valueRequired":true,"valueName":"search_term_string"}}],"inLanguage":"es"},{"@type":"Organization","@id":"https:\/\/www.galvanina.com\/es\/#organization","name":"La Galvanina S.p.A.","url":"https:\/\/www.galvanina.com\/es\/","logo":{"@type":"ImageObject","inLanguage":"es","@id":"https:\/\/www.galvanina.com\/es\/#\/schema\/logo\/image\/","url":"https:\/\/www.galvanina.com\/es\/wp-content\/uploads\/sites\/5\/2020\/06\/logo-galvanina.png","contentUrl":"https:\/\/www.galvanina.com\/es\/wp-content\/uploads\/sites\/5\/2020\/06\/logo-galvanina.png","width":768,"height":768,"caption":"La Galvanina S.p.A."},"image":{"@id":"https:\/\/www.galvanina.com\/es\/#\/schema\/logo\/image\/"},"sameAs":["https:\/\/www.facebook.com\/galvanina\/","https:\/\/www.instagram.com\/lagalvanina\/","https:\/\/www.linkedin.com\/company\/galvanina\/"]}]}},"_links":{"self":[{"href":"https:\/\/www.galvanina.com\/es\/wp-json\/wp\/v2\/pages\/2109","targetHints":{"allow":["GET"]}}],"collection":[{"href":"https:\/\/www.galvanina.com\/es\/wp-json\/wp\/v2\/pages"}],"about":[{"href":"https:\/\/www.galvanina.com\/es\/wp-json\/wp\/v2\/types\/page"}],"author":[{"embeddable":true,"href":"https:\/\/www.galvanina.com\/es\/wp-json\/wp\/v2\/users\/23"}],"replies":[{"embeddable":true,"href":"https:\/\/www.galvanina.com\/es\/wp-json\/wp\/v2\/comments?post=2109"}],"version-history":[{"count":12,"href":"https:\/\/www.galvanina.com\/es\/wp-json\/wp\/v2\/pages\/2109\/revisions"}],"predecessor-version":[{"id":6271,"href":"https:\/\/www.galvanina.com\/es\/wp-json\/wp\/v2\/pages\/2109\/revisions\/6271"}],"up":[{"embeddable":true,"href":"https:\/\/www.galvanina.com\/es\/wp-json\/wp\/v2\/pages\/3"}],"wp:attachment":[{"href":"https:\/\/www.galvanina.com\/es\/wp-json\/wp\/v2\/media?parent=2109"}],"curies":[{"name":"wp","href":"https:\/\/api.w.org\/{rel}","templated":true}]}}