{"id":204,"date":"2020-05-21T16:47:42","date_gmt":"2020-05-21T14:47:42","guid":{"rendered":"https:\/\/www.galvanina.com\/es\/?page_id=204"},"modified":"2022-03-10T12:23:58","modified_gmt":"2022-03-10T11:23:58","slug":"fuentes","status":"publish","type":"page","link":"https:\/\/www.galvanina.com\/es\/quienes-somos\/fuentes\/","title":{"rendered":"Fuentes"},"content":{"rendered":"\n<h2 class=\"wp-block-heading\">Galvanina<\/h2>\n\n\n\n<p>El manantial Galvanina se encuentra en las colinas de R\u00edmini.&nbsp;<strong>Microbiol\u00f3gicamente pura y con propiedades digestivas<\/strong>, esta agua mineral sigue un largo recorrido antes de manar limpia e incontaminada.<\/p>\n\n\n\n<p>De hecho, es precisamente en la profundidad de la tierra donde nuestra agua atraviesa enormes bancos de arena, purific\u00e1ndose y enriqueci\u00e9ndose de manera natural con minerales valiosos.&nbsp;<\/p>\n\n\n\n<p>Galvanina es el manantial hist\u00f3rico del que toma el nombre la empresa. La actividad de embotellado, que de manera artesanal se remonta a principios del siglo XX, evoluciona en 1928, cuando se construye la primera f\u00e1brica.<\/p>\n\n\n\n<div class=\"wp-block-image\"><figure class=\"aligncenter size-large\"><img loading=\"lazy\" decoding=\"async\" width=\"1280\" height=\"331\" src=\"https:\/\/www.galvanina.com\/es\/wp-content\/uploads\/sites\/5\/2020\/06\/fonte-galvanina-1280x331.jpg\" alt=\"fonte galvanina\" class=\"wp-image-1954\" srcset=\"https:\/\/www.galvanina.com\/es\/wp-content\/uploads\/sites\/5\/2020\/06\/fonte-galvanina-1280x331.jpg 1280w, https:\/\/www.galvanina.com\/es\/wp-content\/uploads\/sites\/5\/2020\/06\/fonte-galvanina-600x155.jpg 600w, https:\/\/www.galvanina.com\/es\/wp-content\/uploads\/sites\/5\/2020\/06\/fonte-galvanina-768x198.jpg 768w, https:\/\/www.galvanina.com\/es\/wp-content\/uploads\/sites\/5\/2020\/06\/fonte-galvanina-240x62.jpg 240w, https:\/\/www.galvanina.com\/es\/wp-content\/uploads\/sites\/5\/2020\/06\/fonte-galvanina-310x80.jpg 310w, https:\/\/www.galvanina.com\/es\/wp-content\/uploads\/sites\/5\/2020\/06\/fonte-galvanina.jpg 1440w\" sizes=\"auto, (max-width: 1280px) 100vw, 1280px\" \/><\/figure><\/div>\n\n\n\n<h2 class=\"wp-block-heading\">San Giuliano<\/h2>\n\n\n\n<p>Tambi\u00e9n el manantial San Giuliano se encuentra en los alrededores de R\u00edmini y, durante mucho tiempo ha sido la fuente principal de abastecimiento de las poblaciones locales.<\/p>\n\n\n\n<p>Su nombre remite al santo m\u00e1rtir cristiano que, seg\u00fan narra la leyenda, lleg\u00f3 hace muchos siglos a este territorio donde se encuentra el agua.&nbsp;<strong>Un equilibrio perfecto de minerales, con efectos diur\u00e9ticos, la convierten en un agua perfecta para la hidrataci\u00f3n<\/strong>.&nbsp;<\/p>\n\n\n\n<div class=\"wp-block-image\"><figure class=\"aligncenter size-large\"><img loading=\"lazy\" decoding=\"async\" width=\"1004\" height=\"667\" src=\"https:\/\/www.galvanina.com\/es\/wp-content\/uploads\/sites\/5\/2020\/06\/fonte-apecchio.jpg\" alt=\"fonte apecchio\" class=\"wp-image-1979\" srcset=\"https:\/\/www.galvanina.com\/es\/wp-content\/uploads\/sites\/5\/2020\/06\/fonte-apecchio.jpg 1004w, https:\/\/www.galvanina.com\/es\/wp-content\/uploads\/sites\/5\/2020\/06\/fonte-apecchio-600x399.jpg 600w, https:\/\/www.galvanina.com\/es\/wp-content\/uploads\/sites\/5\/2020\/06\/fonte-apecchio-768x510.jpg 768w, https:\/\/www.galvanina.com\/es\/wp-content\/uploads\/sites\/5\/2020\/06\/fonte-apecchio-240x159.jpg 240w, https:\/\/www.galvanina.com\/es\/wp-content\/uploads\/sites\/5\/2020\/06\/fonte-apecchio-120x80.jpg 120w\" sizes=\"auto, (max-width: 1004px) 100vw, 1004px\" \/><\/figure><\/div>\n\n\n\n<h2 class=\"wp-block-heading\">Valle de Meti<\/h2>\n\n\n\n<p>En el coraz\u00f3n de los Apeninos en la regi\u00f3n de las Marcas, entre las regiones de Umbr\u00eda y de Toscana, el manantial oligomineral Valle de Meti mana de forma espont\u00e1nea del Monte Cada, un espol\u00f3n de roca situado a oeste del Monte Ner\u00f3n, a casi 700 metros sobre el nivel del mar.&nbsp;<\/p>\n\n\n\n<p>El agua brota en un territorio sumergido en la naturaleza incontaminada y su recorrido la vuelve <strong>microbiol\u00f3gicamente pura e ideal para las dietas pobres de sodio<\/strong>.<\/p>\n","protected":false},"excerpt":{"rendered":"<p>Galvanina El manantial Galvanina se encuentra en las colinas de R\u00edmini.&nbsp;Microbiol\u00f3gicamente pura y con propiedades digestivas, esta agua mineral sigue un largo recorrido antes de manar limpia e incontaminada. De hecho, es precisamente en la profundidad de la tierra donde nuestra agua atraviesa enormes bancos de arena, purific\u00e1ndose y enriqueci\u00e9ndose de manera natural con minerales [&hellip;]<\/p>\n","protected":false},"author":23,"featured_media":0,"parent":147,"menu_order":0,"comment_status":"closed","ping_status":"closed","template":"","meta":{"footnotes":""},"class_list":["post-204","page","type-page","status-publish","hentry"],"yoast_head":"<!-- This site is optimized with the Yoast SEO plugin v27.3 - https:\/\/yoast.com\/product\/yoast-seo-wordpress\/ -->\n<title>Fuente Galvanina, aqu\u00ed es donde est\u00e1 la fuente<\/title>\n<meta name=\"description\" content=\"El manantial de Galvanina se encuentra en las verdes colinas de Rimini. Microbiol\u00f3gicamente pura y con propiedades digestivas caracter\u00edsticas\" \/>\n<meta name=\"robots\" content=\"index, follow, max-snippet:-1, max-image-preview:large, max-video-preview:-1\" \/>\n<link rel=\"canonical\" href=\"https:\/\/www.galvanina.com\/es\/quienes-somos\/fuentes\/\" \/>\n<meta property=\"og:locale\" content=\"es_ES\" \/>\n<meta property=\"og:type\" content=\"article\" \/>\n<meta property=\"og:title\" content=\"Fuente Galvanina, aqu\u00ed es donde est\u00e1 la fuente\" \/>\n<meta property=\"og:description\" content=\"El manantial de Galvanina se encuentra en las verdes colinas de Rimini. Microbiol\u00f3gicamente pura y con propiedades digestivas caracter\u00edsticas\" \/>\n<meta property=\"og:url\" content=\"https:\/\/www.galvanina.com\/es\/quienes-somos\/fuentes\/\" \/>\n<meta property=\"og:site_name\" content=\"Galvanina\" \/>\n<meta property=\"article:publisher\" content=\"https:\/\/www.facebook.com\/galvanina\/\" \/>\n<meta property=\"article:modified_time\" content=\"2022-03-10T11:23:58+00:00\" \/>\n<meta property=\"og:image\" content=\"https:\/\/www.galvanina.com\/es\/wp-content\/uploads\/sites\/5\/2020\/06\/fonte-galvanina-1280x331.jpg\" \/>\n<meta name=\"twitter:card\" content=\"summary_large_image\" \/>\n<meta name=\"twitter:label1\" content=\"Tiempo de lectura\" \/>\n\t<meta name=\"twitter:data1\" content=\"2 minutos\" \/>\n<script type=\"application\/ld+json\" class=\"yoast-schema-graph\">{\"@context\":\"https:\\\/\\\/schema.org\",\"@graph\":[{\"@type\":\"WebPage\",\"@id\":\"https:\\\/\\\/www.galvanina.com\\\/es\\\/quienes-somos\\\/fuentes\\\/\",\"url\":\"https:\\\/\\\/www.galvanina.com\\\/es\\\/quienes-somos\\\/fuentes\\\/\",\"name\":\"Fuente Galvanina, aqu\u00ed es donde est\u00e1 la fuente\",\"isPartOf\":{\"@id\":\"https:\\\/\\\/www.galvanina.com\\\/es\\\/#website\"},\"primaryImageOfPage\":{\"@id\":\"https:\\\/\\\/www.galvanina.com\\\/es\\\/quienes-somos\\\/fuentes\\\/#primaryimage\"},\"image\":{\"@id\":\"https:\\\/\\\/www.galvanina.com\\\/es\\\/quienes-somos\\\/fuentes\\\/#primaryimage\"},\"thumbnailUrl\":\"https:\\\/\\\/www.galvanina.com\\\/es\\\/wp-content\\\/uploads\\\/sites\\\/5\\\/2020\\\/06\\\/fonte-galvanina-1280x331.jpg\",\"datePublished\":\"2020-05-21T14:47:42+00:00\",\"dateModified\":\"2022-03-10T11:23:58+00:00\",\"description\":\"El manantial de Galvanina se encuentra en las verdes colinas de Rimini. Microbiol\u00f3gicamente pura y con propiedades digestivas caracter\u00edsticas\",\"breadcrumb\":{\"@id\":\"https:\\\/\\\/www.galvanina.com\\\/es\\\/quienes-somos\\\/fuentes\\\/#breadcrumb\"},\"inLanguage\":\"es\",\"potentialAction\":[{\"@type\":\"ReadAction\",\"target\":[\"https:\\\/\\\/www.galvanina.com\\\/es\\\/quienes-somos\\\/fuentes\\\/\"]}]},{\"@type\":\"ImageObject\",\"inLanguage\":\"es\",\"@id\":\"https:\\\/\\\/www.galvanina.com\\\/es\\\/quienes-somos\\\/fuentes\\\/#primaryimage\",\"url\":\"https:\\\/\\\/www.galvanina.com\\\/es\\\/wp-content\\\/uploads\\\/sites\\\/5\\\/2020\\\/06\\\/fonte-galvanina.jpg\",\"contentUrl\":\"https:\\\/\\\/www.galvanina.com\\\/es\\\/wp-content\\\/uploads\\\/sites\\\/5\\\/2020\\\/06\\\/fonte-galvanina.jpg\",\"width\":1440,\"height\":372,\"caption\":\"fonte galvanina\"},{\"@type\":\"BreadcrumbList\",\"@id\":\"https:\\\/\\\/www.galvanina.com\\\/es\\\/quienes-somos\\\/fuentes\\\/#breadcrumb\",\"itemListElement\":[{\"@type\":\"ListItem\",\"position\":1,\"name\":\"Home\",\"item\":\"https:\\\/\\\/www.galvanina.com\\\/es\\\/\"},{\"@type\":\"ListItem\",\"position\":2,\"name\":\"Qui\u00e9nes somos\",\"item\":\"https:\\\/\\\/www.galvanina.com\\\/es\\\/quienes-somos\\\/\"},{\"@type\":\"ListItem\",\"position\":3,\"name\":\"Fuentes\"}]},{\"@type\":\"WebSite\",\"@id\":\"https:\\\/\\\/www.galvanina.com\\\/es\\\/#website\",\"url\":\"https:\\\/\\\/www.galvanina.com\\\/es\\\/\",\"name\":\"Galvanina\",\"description\":\"\",\"publisher\":{\"@id\":\"https:\\\/\\\/www.galvanina.com\\\/es\\\/#organization\"},\"potentialAction\":[{\"@type\":\"SearchAction\",\"target\":{\"@type\":\"EntryPoint\",\"urlTemplate\":\"https:\\\/\\\/www.galvanina.com\\\/es\\\/?s={search_term_string}\"},\"query-input\":{\"@type\":\"PropertyValueSpecification\",\"valueRequired\":true,\"valueName\":\"search_term_string\"}}],\"inLanguage\":\"es\"},{\"@type\":\"Organization\",\"@id\":\"https:\\\/\\\/www.galvanina.com\\\/es\\\/#organization\",\"name\":\"La Galvanina S.p.A.\",\"url\":\"https:\\\/\\\/www.galvanina.com\\\/es\\\/\",\"logo\":{\"@type\":\"ImageObject\",\"inLanguage\":\"es\",\"@id\":\"https:\\\/\\\/www.galvanina.com\\\/es\\\/#\\\/schema\\\/logo\\\/image\\\/\",\"url\":\"https:\\\/\\\/www.galvanina.com\\\/es\\\/wp-content\\\/uploads\\\/sites\\\/5\\\/2020\\\/06\\\/logo-galvanina.png\",\"contentUrl\":\"https:\\\/\\\/www.galvanina.com\\\/es\\\/wp-content\\\/uploads\\\/sites\\\/5\\\/2020\\\/06\\\/logo-galvanina.png\",\"width\":768,\"height\":768,\"caption\":\"La Galvanina S.p.A.\"},\"image\":{\"@id\":\"https:\\\/\\\/www.galvanina.com\\\/es\\\/#\\\/schema\\\/logo\\\/image\\\/\"},\"sameAs\":[\"https:\\\/\\\/www.facebook.com\\\/galvanina\\\/\",\"https:\\\/\\\/www.instagram.com\\\/lagalvanina\\\/\",\"https:\\\/\\\/www.linkedin.com\\\/company\\\/galvanina\\\/\"]}]}<\/script>\n<!-- \/ Yoast SEO plugin. -->","yoast_head_json":{"title":"Fuente Galvanina, aqu\u00ed es donde est\u00e1 la fuente","description":"El manantial de Galvanina se encuentra en las verdes colinas de Rimini. Microbiol\u00f3gicamente pura y con propiedades digestivas caracter\u00edsticas","robots":{"index":"index","follow":"follow","max-snippet":"max-snippet:-1","max-image-preview":"max-image-preview:large","max-video-preview":"max-video-preview:-1"},"canonical":"https:\/\/www.galvanina.com\/es\/quienes-somos\/fuentes\/","og_locale":"es_ES","og_type":"article","og_title":"Fuente Galvanina, aqu\u00ed es donde est\u00e1 la fuente","og_description":"El manantial de Galvanina se encuentra en las verdes colinas de Rimini. Microbiol\u00f3gicamente pura y con propiedades digestivas caracter\u00edsticas","og_url":"https:\/\/www.galvanina.com\/es\/quienes-somos\/fuentes\/","og_site_name":"Galvanina","article_publisher":"https:\/\/www.facebook.com\/galvanina\/","article_modified_time":"2022-03-10T11:23:58+00:00","og_image":[{"url":"https:\/\/www.galvanina.com\/es\/wp-content\/uploads\/sites\/5\/2020\/06\/fonte-galvanina-1280x331.jpg","type":"","width":"","height":""}],"twitter_card":"summary_large_image","twitter_misc":{"Tiempo de lectura":"2 minutos"},"schema":{"@context":"https:\/\/schema.org","@graph":[{"@type":"WebPage","@id":"https:\/\/www.galvanina.com\/es\/quienes-somos\/fuentes\/","url":"https:\/\/www.galvanina.com\/es\/quienes-somos\/fuentes\/","name":"Fuente Galvanina, aqu\u00ed es donde est\u00e1 la fuente","isPartOf":{"@id":"https:\/\/www.galvanina.com\/es\/#website"},"primaryImageOfPage":{"@id":"https:\/\/www.galvanina.com\/es\/quienes-somos\/fuentes\/#primaryimage"},"image":{"@id":"https:\/\/www.galvanina.com\/es\/quienes-somos\/fuentes\/#primaryimage"},"thumbnailUrl":"https:\/\/www.galvanina.com\/es\/wp-content\/uploads\/sites\/5\/2020\/06\/fonte-galvanina-1280x331.jpg","datePublished":"2020-05-21T14:47:42+00:00","dateModified":"2022-03-10T11:23:58+00:00","description":"El manantial de Galvanina se encuentra en las verdes colinas de Rimini. Microbiol\u00f3gicamente pura y con propiedades digestivas caracter\u00edsticas","breadcrumb":{"@id":"https:\/\/www.galvanina.com\/es\/quienes-somos\/fuentes\/#breadcrumb"},"inLanguage":"es","potentialAction":[{"@type":"ReadAction","target":["https:\/\/www.galvanina.com\/es\/quienes-somos\/fuentes\/"]}]},{"@type":"ImageObject","inLanguage":"es","@id":"https:\/\/www.galvanina.com\/es\/quienes-somos\/fuentes\/#primaryimage","url":"https:\/\/www.galvanina.com\/es\/wp-content\/uploads\/sites\/5\/2020\/06\/fonte-galvanina.jpg","contentUrl":"https:\/\/www.galvanina.com\/es\/wp-content\/uploads\/sites\/5\/2020\/06\/fonte-galvanina.jpg","width":1440,"height":372,"caption":"fonte galvanina"},{"@type":"BreadcrumbList","@id":"https:\/\/www.galvanina.com\/es\/quienes-somos\/fuentes\/#breadcrumb","itemListElement":[{"@type":"ListItem","position":1,"name":"Home","item":"https:\/\/www.galvanina.com\/es\/"},{"@type":"ListItem","position":2,"name":"Qui\u00e9nes somos","item":"https:\/\/www.galvanina.com\/es\/quienes-somos\/"},{"@type":"ListItem","position":3,"name":"Fuentes"}]},{"@type":"WebSite","@id":"https:\/\/www.galvanina.com\/es\/#website","url":"https:\/\/www.galvanina.com\/es\/","name":"Galvanina","description":"","publisher":{"@id":"https:\/\/www.galvanina.com\/es\/#organization"},"potentialAction":[{"@type":"SearchAction","target":{"@type":"EntryPoint","urlTemplate":"https:\/\/www.galvanina.com\/es\/?s={search_term_string}"},"query-input":{"@type":"PropertyValueSpecification","valueRequired":true,"valueName":"search_term_string"}}],"inLanguage":"es"},{"@type":"Organization","@id":"https:\/\/www.galvanina.com\/es\/#organization","name":"La Galvanina S.p.A.","url":"https:\/\/www.galvanina.com\/es\/","logo":{"@type":"ImageObject","inLanguage":"es","@id":"https:\/\/www.galvanina.com\/es\/#\/schema\/logo\/image\/","url":"https:\/\/www.galvanina.com\/es\/wp-content\/uploads\/sites\/5\/2020\/06\/logo-galvanina.png","contentUrl":"https:\/\/www.galvanina.com\/es\/wp-content\/uploads\/sites\/5\/2020\/06\/logo-galvanina.png","width":768,"height":768,"caption":"La Galvanina S.p.A."},"image":{"@id":"https:\/\/www.galvanina.com\/es\/#\/schema\/logo\/image\/"},"sameAs":["https:\/\/www.facebook.com\/galvanina\/","https:\/\/www.instagram.com\/lagalvanina\/","https:\/\/www.linkedin.com\/company\/galvanina\/"]}]}},"_links":{"self":[{"href":"https:\/\/www.galvanina.com\/es\/wp-json\/wp\/v2\/pages\/204","targetHints":{"allow":["GET"]}}],"collection":[{"href":"https:\/\/www.galvanina.com\/es\/wp-json\/wp\/v2\/pages"}],"about":[{"href":"https:\/\/www.galvanina.com\/es\/wp-json\/wp\/v2\/types\/page"}],"author":[{"embeddable":true,"href":"https:\/\/www.galvanina.com\/es\/wp-json\/wp\/v2\/users\/23"}],"replies":[{"embeddable":true,"href":"https:\/\/www.galvanina.com\/es\/wp-json\/wp\/v2\/comments?post=204"}],"version-history":[{"count":10,"href":"https:\/\/www.galvanina.com\/es\/wp-json\/wp\/v2\/pages\/204\/revisions"}],"predecessor-version":[{"id":6123,"href":"https:\/\/www.galvanina.com\/es\/wp-json\/wp\/v2\/pages\/204\/revisions\/6123"}],"up":[{"embeddable":true,"href":"https:\/\/www.galvanina.com\/es\/wp-json\/wp\/v2\/pages\/147"}],"wp:attachment":[{"href":"https:\/\/www.galvanina.com\/es\/wp-json\/wp\/v2\/media?parent=204"}],"curies":[{"name":"wp","href":"https:\/\/api.w.org\/{rel}","templated":true}]}}