{"id":184,"date":"2020-05-21T14:56:52","date_gmt":"2020-05-21T12:56:52","guid":{"rendered":"https:\/\/www.galvanina.com\/es\/?page_id=184"},"modified":"2022-03-10T11:20:39","modified_gmt":"2022-03-10T10:20:39","slug":"plantas-de-produccion","status":"publish","type":"page","link":"https:\/\/www.galvanina.com\/es\/quienes-somos\/plantas-de-produccion\/","title":{"rendered":"Plantas de producci\u00f3n"},"content":{"rendered":"\n<p>Galvanina controla tres plantas de producci\u00f3n en el<strong>centro de Italia<\/strong>, en las regiones de<strong>Emilia Roma\u00f1a<\/strong>y<strong>las Marcas<\/strong>: Galvanina, Valle de Meti y San Giuliano.<\/p>\n\n\n\n<p>Estas empresas se encuentran en los alrededores de los tres <a href=\"https:\/\/www.galvanina.com\/chi-siamo\/fonti\/\">manantiales<\/a> de donde proceden los abastecimientos de agua mineral. Cada una de las plantas se ocupa de la producci\u00f3n de bebidas diferentes.<\/p>\n\n\n\n<div style=\"height:100px\" aria-hidden=\"true\" class=\"wp-block-spacer\"><\/div>\n\n\n\n<h2 class=\"wp-block-heading\">Galvanina<\/h2>\n\n\n\n<div class=\"wp-block-image\"><figure class=\"aligncenter size-large\"><img loading=\"lazy\" decoding=\"async\" width=\"1280\" height=\"287\" src=\"https:\/\/www.galvanina.com\/es\/wp-content\/uploads\/sites\/5\/2020\/05\/stabilimento-galvanina-1280x287.jpg\" alt=\"stabilimento galvanina\" class=\"wp-image-1756\" srcset=\"https:\/\/www.galvanina.com\/es\/wp-content\/uploads\/sites\/5\/2020\/05\/stabilimento-galvanina-1280x287.jpg 1280w, https:\/\/www.galvanina.com\/es\/wp-content\/uploads\/sites\/5\/2020\/05\/stabilimento-galvanina-600x135.jpg 600w, https:\/\/www.galvanina.com\/es\/wp-content\/uploads\/sites\/5\/2020\/05\/stabilimento-galvanina-768x172.jpg 768w, https:\/\/www.galvanina.com\/es\/wp-content\/uploads\/sites\/5\/2020\/05\/stabilimento-galvanina-240x54.jpg 240w, https:\/\/www.galvanina.com\/es\/wp-content\/uploads\/sites\/5\/2020\/05\/stabilimento-galvanina-357x80.jpg 357w, https:\/\/www.galvanina.com\/es\/wp-content\/uploads\/sites\/5\/2020\/05\/stabilimento-galvanina.jpg 1440w\" sizes=\"auto, (max-width: 1280px) 100vw, 1280px\" \/><\/figure><\/div>\n\n\n\n<p>Situada en las colinas de R\u00edmini, la f\u00e1brica se encuentra en el manantial hist\u00f3rico Galvanina del que lleva su nombre.<\/p>\n\n\n\n<p>La construcci\u00f3n de la planta de producci\u00f3n se remonta a 1928, si bien el embotellado hab\u00eda empezado antes, ya a principios del siglo XX. Aqu\u00ed se encuentra la gerencia de Galvanina, si bien siguen realiz\u00e1ndose la producci\u00f3n y el embotellado de agua mineral, natural y con gas y de las bebidas tanto org\u00e1nicas como convencionales. <\/p>\n\n\n\n<p>La empresa se encuentra en el monte Para\u00edso en una zona que atestigua la presencia de las poblaciones antiguas. En el museo de la empresa se conservan los restos romanos hallados a lo largo de los a\u00f1os cincuenta del siglo XX.<\/p>\n\n\n\n<div style=\"height:100px\" aria-hidden=\"true\" class=\"wp-block-spacer\"><\/div>\n\n\n\n<h2 class=\"wp-block-heading\">San Giuliano<\/h2>\n\n\n\n<div class=\"wp-block-image\"><figure class=\"aligncenter size-large\"><img loading=\"lazy\" decoding=\"async\" width=\"1280\" height=\"645\" src=\"https:\/\/www.galvanina.com\/es\/wp-content\/uploads\/sites\/5\/2020\/05\/stabilimento-sacramora-1280x645.jpg\" alt=\"stabilimento san giuliano sacramora\" class=\"wp-image-1757\" srcset=\"https:\/\/www.galvanina.com\/es\/wp-content\/uploads\/sites\/5\/2020\/05\/stabilimento-sacramora-1280x645.jpg 1280w, https:\/\/www.galvanina.com\/es\/wp-content\/uploads\/sites\/5\/2020\/05\/stabilimento-sacramora-600x303.jpg 600w, https:\/\/www.galvanina.com\/es\/wp-content\/uploads\/sites\/5\/2020\/05\/stabilimento-sacramora-768x387.jpg 768w, https:\/\/www.galvanina.com\/es\/wp-content\/uploads\/sites\/5\/2020\/05\/stabilimento-sacramora-240x121.jpg 240w, https:\/\/www.galvanina.com\/es\/wp-content\/uploads\/sites\/5\/2020\/05\/stabilimento-sacramora-159x80.jpg 159w, https:\/\/www.galvanina.com\/es\/wp-content\/uploads\/sites\/5\/2020\/05\/stabilimento-sacramora.jpg 1440w\" sizes=\"auto, (max-width: 1280px) 100vw, 1280px\" \/><\/figure><\/div>\n\n\n\n<p>Tambi\u00e9n la planta de San Giuliano est\u00e1 ubicada en los alrededores de R\u00edmini, en la fuente que lleva el mismo nombre que remite al santo m\u00e1rtir cristiano. <\/p>\n\n\n\n<p>Esta planta de producci\u00f3n que acaba de renovarse se ocupa del embotellado del agua mineral San Giuliano y de las bebidas org\u00e1nicas y convencionales.<\/p>\n\n\n\n<div style=\"height:100px\" aria-hidden=\"true\" class=\"wp-block-spacer\"><\/div>\n\n\n\n<h2 class=\"wp-block-heading\">Apecchio<\/h2>\n\n\n\n<div class=\"wp-block-image\"><figure class=\"aligncenter size-large\"><img loading=\"lazy\" decoding=\"async\" width=\"814\" height=\"474\" src=\"https:\/\/www.galvanina.com\/es\/wp-content\/uploads\/sites\/5\/2020\/06\/stabilimento-valdimeti.jpg\" alt=\"stabilimento val di meti\" class=\"wp-image-1951\" srcset=\"https:\/\/www.galvanina.com\/es\/wp-content\/uploads\/sites\/5\/2020\/06\/stabilimento-valdimeti.jpg 814w, https:\/\/www.galvanina.com\/es\/wp-content\/uploads\/sites\/5\/2020\/06\/stabilimento-valdimeti-600x349.jpg 600w, https:\/\/www.galvanina.com\/es\/wp-content\/uploads\/sites\/5\/2020\/06\/stabilimento-valdimeti-768x447.jpg 768w, https:\/\/www.galvanina.com\/es\/wp-content\/uploads\/sites\/5\/2020\/06\/stabilimento-valdimeti-240x140.jpg 240w, https:\/\/www.galvanina.com\/es\/wp-content\/uploads\/sites\/5\/2020\/06\/stabilimento-valdimeti-137x80.jpg 137w\" sizes=\"auto, (max-width: 814px) 100vw, 814px\" \/><\/figure><\/div>\n\n\n\n<p>La sede de Apecchio se encuentra en el coraz\u00f3n de los Apeninos en la regi\u00f3n de las Marcas, entre las regiones de Umbr\u00eda y de Toscana.&nbsp;<\/p>\n\n\n\n<p>El manantial del que se abastece es el <strong>Valle de Meti<\/strong> que mana de forma espont\u00e1nea del Monte Cada, a casi 700 metros sobre el nivel del mar. <\/p>\n\n\n\n<p>En esta planta sumergida en el medio de la naturaleza, se fabrican y se embotellan el agua mineral, natural y con gas y las aguas aromatizadas.<\/p>\n","protected":false},"excerpt":{"rendered":"<p>Galvanina controla tres plantas de producci\u00f3n en elcentro de Italia, en las regiones deEmilia Roma\u00f1aylas Marcas: Galvanina, Valle de Meti y San Giuliano. Estas empresas se encuentran en los alrededores de los tres manantiales de donde proceden los abastecimientos de agua mineral. Cada una de las plantas se ocupa de la producci\u00f3n de bebidas diferentes. [&hellip;]<\/p>\n","protected":false},"author":23,"featured_media":0,"parent":147,"menu_order":0,"comment_status":"closed","ping_status":"closed","template":"","meta":{"footnotes":""},"class_list":["post-184","page","type-page","status-publish","hentry"],"yoast_head":"<!-- This site is optimized with the Yoast SEO plugin v27.5 - https:\/\/yoast.com\/product\/yoast-seo-wordpress\/ -->\n<title>Las plantas de producci\u00f3n en Emilia-Romagna y Marche di Galvanina<\/title>\n<meta name=\"description\" content=\"Galvanina gestiona tres sitios de producci\u00f3n en el centro de Italia: Galvanina, Val di Meti y San Giuliano.\" \/>\n<meta name=\"robots\" content=\"index, follow, max-snippet:-1, max-image-preview:large, max-video-preview:-1\" \/>\n<link rel=\"canonical\" href=\"https:\/\/www.galvanina.com\/es\/quienes-somos\/plantas-de-produccion\/\" \/>\n<meta property=\"og:locale\" content=\"es_ES\" \/>\n<meta property=\"og:type\" content=\"article\" \/>\n<meta property=\"og:title\" content=\"Las plantas de producci\u00f3n en Emilia-Romagna y Marche di Galvanina\" \/>\n<meta property=\"og:description\" content=\"Galvanina gestiona tres sitios de producci\u00f3n en el centro de Italia: Galvanina, Val di Meti y San Giuliano.\" \/>\n<meta property=\"og:url\" content=\"https:\/\/www.galvanina.com\/es\/quienes-somos\/plantas-de-produccion\/\" \/>\n<meta property=\"og:site_name\" content=\"Galvanina\" \/>\n<meta property=\"article:publisher\" content=\"https:\/\/www.facebook.com\/galvanina\/\" \/>\n<meta property=\"article:modified_time\" content=\"2022-03-10T10:20:39+00:00\" \/>\n<meta property=\"og:image\" content=\"https:\/\/www.galvanina.com\/es\/wp-content\/uploads\/sites\/5\/2020\/05\/stabilimento-galvanina-1280x287.jpg\" \/>\n<meta name=\"twitter:card\" content=\"summary_large_image\" \/>\n<meta name=\"twitter:label1\" content=\"Tiempo de lectura\" \/>\n\t<meta name=\"twitter:data1\" content=\"2 minutos\" \/>\n<script type=\"application\/ld+json\" class=\"yoast-schema-graph\">{\"@context\":\"https:\\\/\\\/schema.org\",\"@graph\":[{\"@type\":\"WebPage\",\"@id\":\"https:\\\/\\\/www.galvanina.com\\\/es\\\/quienes-somos\\\/plantas-de-produccion\\\/\",\"url\":\"https:\\\/\\\/www.galvanina.com\\\/es\\\/quienes-somos\\\/plantas-de-produccion\\\/\",\"name\":\"Las plantas de producci\u00f3n en Emilia-Romagna y Marche di Galvanina\",\"isPartOf\":{\"@id\":\"https:\\\/\\\/www.galvanina.com\\\/es\\\/#website\"},\"primaryImageOfPage\":{\"@id\":\"https:\\\/\\\/www.galvanina.com\\\/es\\\/quienes-somos\\\/plantas-de-produccion\\\/#primaryimage\"},\"image\":{\"@id\":\"https:\\\/\\\/www.galvanina.com\\\/es\\\/quienes-somos\\\/plantas-de-produccion\\\/#primaryimage\"},\"thumbnailUrl\":\"https:\\\/\\\/www.galvanina.com\\\/es\\\/wp-content\\\/uploads\\\/sites\\\/5\\\/2020\\\/05\\\/stabilimento-galvanina-1280x287.jpg\",\"datePublished\":\"2020-05-21T12:56:52+00:00\",\"dateModified\":\"2022-03-10T10:20:39+00:00\",\"description\":\"Galvanina gestiona tres sitios de producci\u00f3n en el centro de Italia: Galvanina, Val di Meti y San Giuliano.\",\"breadcrumb\":{\"@id\":\"https:\\\/\\\/www.galvanina.com\\\/es\\\/quienes-somos\\\/plantas-de-produccion\\\/#breadcrumb\"},\"inLanguage\":\"es\",\"potentialAction\":[{\"@type\":\"ReadAction\",\"target\":[\"https:\\\/\\\/www.galvanina.com\\\/es\\\/quienes-somos\\\/plantas-de-produccion\\\/\"]}]},{\"@type\":\"ImageObject\",\"inLanguage\":\"es\",\"@id\":\"https:\\\/\\\/www.galvanina.com\\\/es\\\/quienes-somos\\\/plantas-de-produccion\\\/#primaryimage\",\"url\":\"https:\\\/\\\/www.galvanina.com\\\/es\\\/wp-content\\\/uploads\\\/sites\\\/5\\\/2020\\\/05\\\/stabilimento-galvanina.jpg\",\"contentUrl\":\"https:\\\/\\\/www.galvanina.com\\\/es\\\/wp-content\\\/uploads\\\/sites\\\/5\\\/2020\\\/05\\\/stabilimento-galvanina.jpg\",\"width\":1440,\"height\":323,\"caption\":\"stabilimento galvanina\"},{\"@type\":\"BreadcrumbList\",\"@id\":\"https:\\\/\\\/www.galvanina.com\\\/es\\\/quienes-somos\\\/plantas-de-produccion\\\/#breadcrumb\",\"itemListElement\":[{\"@type\":\"ListItem\",\"position\":1,\"name\":\"Home\",\"item\":\"https:\\\/\\\/www.galvanina.com\\\/es\\\/\"},{\"@type\":\"ListItem\",\"position\":2,\"name\":\"Qui\u00e9nes somos\",\"item\":\"https:\\\/\\\/www.galvanina.com\\\/es\\\/quienes-somos\\\/\"},{\"@type\":\"ListItem\",\"position\":3,\"name\":\"Plantas de producci\u00f3n\"}]},{\"@type\":\"WebSite\",\"@id\":\"https:\\\/\\\/www.galvanina.com\\\/es\\\/#website\",\"url\":\"https:\\\/\\\/www.galvanina.com\\\/es\\\/\",\"name\":\"Galvanina\",\"description\":\"\",\"publisher\":{\"@id\":\"https:\\\/\\\/www.galvanina.com\\\/es\\\/#organization\"},\"potentialAction\":[{\"@type\":\"SearchAction\",\"target\":{\"@type\":\"EntryPoint\",\"urlTemplate\":\"https:\\\/\\\/www.galvanina.com\\\/es\\\/?s={search_term_string}\"},\"query-input\":{\"@type\":\"PropertyValueSpecification\",\"valueRequired\":true,\"valueName\":\"search_term_string\"}}],\"inLanguage\":\"es\"},{\"@type\":\"Organization\",\"@id\":\"https:\\\/\\\/www.galvanina.com\\\/es\\\/#organization\",\"name\":\"La Galvanina S.p.A.\",\"url\":\"https:\\\/\\\/www.galvanina.com\\\/es\\\/\",\"logo\":{\"@type\":\"ImageObject\",\"inLanguage\":\"es\",\"@id\":\"https:\\\/\\\/www.galvanina.com\\\/es\\\/#\\\/schema\\\/logo\\\/image\\\/\",\"url\":\"https:\\\/\\\/www.galvanina.com\\\/es\\\/wp-content\\\/uploads\\\/sites\\\/5\\\/2020\\\/06\\\/logo-galvanina.png\",\"contentUrl\":\"https:\\\/\\\/www.galvanina.com\\\/es\\\/wp-content\\\/uploads\\\/sites\\\/5\\\/2020\\\/06\\\/logo-galvanina.png\",\"width\":768,\"height\":768,\"caption\":\"La Galvanina S.p.A.\"},\"image\":{\"@id\":\"https:\\\/\\\/www.galvanina.com\\\/es\\\/#\\\/schema\\\/logo\\\/image\\\/\"},\"sameAs\":[\"https:\\\/\\\/www.facebook.com\\\/galvanina\\\/\",\"https:\\\/\\\/www.instagram.com\\\/lagalvanina\\\/\",\"https:\\\/\\\/www.linkedin.com\\\/company\\\/galvanina\\\/\"]}]}<\/script>\n<!-- \/ Yoast SEO plugin. -->","yoast_head_json":{"title":"Las plantas de producci\u00f3n en Emilia-Romagna y Marche di Galvanina","description":"Galvanina gestiona tres sitios de producci\u00f3n en el centro de Italia: Galvanina, Val di Meti y San Giuliano.","robots":{"index":"index","follow":"follow","max-snippet":"max-snippet:-1","max-image-preview":"max-image-preview:large","max-video-preview":"max-video-preview:-1"},"canonical":"https:\/\/www.galvanina.com\/es\/quienes-somos\/plantas-de-produccion\/","og_locale":"es_ES","og_type":"article","og_title":"Las plantas de producci\u00f3n en Emilia-Romagna y Marche di Galvanina","og_description":"Galvanina gestiona tres sitios de producci\u00f3n en el centro de Italia: Galvanina, Val di Meti y San Giuliano.","og_url":"https:\/\/www.galvanina.com\/es\/quienes-somos\/plantas-de-produccion\/","og_site_name":"Galvanina","article_publisher":"https:\/\/www.facebook.com\/galvanina\/","article_modified_time":"2022-03-10T10:20:39+00:00","og_image":[{"url":"https:\/\/www.galvanina.com\/es\/wp-content\/uploads\/sites\/5\/2020\/05\/stabilimento-galvanina-1280x287.jpg","type":"","width":"","height":""}],"twitter_card":"summary_large_image","twitter_misc":{"Tiempo de lectura":"2 minutos"},"schema":{"@context":"https:\/\/schema.org","@graph":[{"@type":"WebPage","@id":"https:\/\/www.galvanina.com\/es\/quienes-somos\/plantas-de-produccion\/","url":"https:\/\/www.galvanina.com\/es\/quienes-somos\/plantas-de-produccion\/","name":"Las plantas de producci\u00f3n en Emilia-Romagna y Marche di Galvanina","isPartOf":{"@id":"https:\/\/www.galvanina.com\/es\/#website"},"primaryImageOfPage":{"@id":"https:\/\/www.galvanina.com\/es\/quienes-somos\/plantas-de-produccion\/#primaryimage"},"image":{"@id":"https:\/\/www.galvanina.com\/es\/quienes-somos\/plantas-de-produccion\/#primaryimage"},"thumbnailUrl":"https:\/\/www.galvanina.com\/es\/wp-content\/uploads\/sites\/5\/2020\/05\/stabilimento-galvanina-1280x287.jpg","datePublished":"2020-05-21T12:56:52+00:00","dateModified":"2022-03-10T10:20:39+00:00","description":"Galvanina gestiona tres sitios de producci\u00f3n en el centro de Italia: Galvanina, Val di Meti y San Giuliano.","breadcrumb":{"@id":"https:\/\/www.galvanina.com\/es\/quienes-somos\/plantas-de-produccion\/#breadcrumb"},"inLanguage":"es","potentialAction":[{"@type":"ReadAction","target":["https:\/\/www.galvanina.com\/es\/quienes-somos\/plantas-de-produccion\/"]}]},{"@type":"ImageObject","inLanguage":"es","@id":"https:\/\/www.galvanina.com\/es\/quienes-somos\/plantas-de-produccion\/#primaryimage","url":"https:\/\/www.galvanina.com\/es\/wp-content\/uploads\/sites\/5\/2020\/05\/stabilimento-galvanina.jpg","contentUrl":"https:\/\/www.galvanina.com\/es\/wp-content\/uploads\/sites\/5\/2020\/05\/stabilimento-galvanina.jpg","width":1440,"height":323,"caption":"stabilimento galvanina"},{"@type":"BreadcrumbList","@id":"https:\/\/www.galvanina.com\/es\/quienes-somos\/plantas-de-produccion\/#breadcrumb","itemListElement":[{"@type":"ListItem","position":1,"name":"Home","item":"https:\/\/www.galvanina.com\/es\/"},{"@type":"ListItem","position":2,"name":"Qui\u00e9nes somos","item":"https:\/\/www.galvanina.com\/es\/quienes-somos\/"},{"@type":"ListItem","position":3,"name":"Plantas de producci\u00f3n"}]},{"@type":"WebSite","@id":"https:\/\/www.galvanina.com\/es\/#website","url":"https:\/\/www.galvanina.com\/es\/","name":"Galvanina","description":"","publisher":{"@id":"https:\/\/www.galvanina.com\/es\/#organization"},"potentialAction":[{"@type":"SearchAction","target":{"@type":"EntryPoint","urlTemplate":"https:\/\/www.galvanina.com\/es\/?s={search_term_string}"},"query-input":{"@type":"PropertyValueSpecification","valueRequired":true,"valueName":"search_term_string"}}],"inLanguage":"es"},{"@type":"Organization","@id":"https:\/\/www.galvanina.com\/es\/#organization","name":"La Galvanina S.p.A.","url":"https:\/\/www.galvanina.com\/es\/","logo":{"@type":"ImageObject","inLanguage":"es","@id":"https:\/\/www.galvanina.com\/es\/#\/schema\/logo\/image\/","url":"https:\/\/www.galvanina.com\/es\/wp-content\/uploads\/sites\/5\/2020\/06\/logo-galvanina.png","contentUrl":"https:\/\/www.galvanina.com\/es\/wp-content\/uploads\/sites\/5\/2020\/06\/logo-galvanina.png","width":768,"height":768,"caption":"La Galvanina S.p.A."},"image":{"@id":"https:\/\/www.galvanina.com\/es\/#\/schema\/logo\/image\/"},"sameAs":["https:\/\/www.facebook.com\/galvanina\/","https:\/\/www.instagram.com\/lagalvanina\/","https:\/\/www.linkedin.com\/company\/galvanina\/"]}]}},"_links":{"self":[{"href":"https:\/\/www.galvanina.com\/es\/wp-json\/wp\/v2\/pages\/184","targetHints":{"allow":["GET"]}}],"collection":[{"href":"https:\/\/www.galvanina.com\/es\/wp-json\/wp\/v2\/pages"}],"about":[{"href":"https:\/\/www.galvanina.com\/es\/wp-json\/wp\/v2\/types\/page"}],"author":[{"embeddable":true,"href":"https:\/\/www.galvanina.com\/es\/wp-json\/wp\/v2\/users\/23"}],"replies":[{"embeddable":true,"href":"https:\/\/www.galvanina.com\/es\/wp-json\/wp\/v2\/comments?post=184"}],"version-history":[{"count":10,"href":"https:\/\/www.galvanina.com\/es\/wp-json\/wp\/v2\/pages\/184\/revisions"}],"predecessor-version":[{"id":6204,"href":"https:\/\/www.galvanina.com\/es\/wp-json\/wp\/v2\/pages\/184\/revisions\/6204"}],"up":[{"embeddable":true,"href":"https:\/\/www.galvanina.com\/es\/wp-json\/wp\/v2\/pages\/147"}],"wp:attachment":[{"href":"https:\/\/www.galvanina.com\/es\/wp-json\/wp\/v2\/media?parent=184"}],"curies":[{"name":"wp","href":"https:\/\/api.w.org\/{rel}","templated":true}]}}