{"id":182,"date":"2020-05-21T14:55:52","date_gmt":"2020-05-21T12:55:52","guid":{"rendered":"https:\/\/www.galvanina.com\/es\/?page_id=182"},"modified":"2024-11-26T11:06:50","modified_gmt":"2024-11-26T10:06:50","slug":"premios","status":"publish","type":"page","link":"https:\/\/www.galvanina.com\/es\/quienes-somos\/premios\/","title":{"rendered":"Premios"},"content":{"rendered":"<p><strong>Las bebidas Galvanina han sido premiadas con importantes galardones en todo el mundo.<\/strong><\/p>\r\n<p>Gracias a sus caracter\u00edsticas \u00fanicas de sabor e innovaci\u00f3n, junto con la botella original de cristal esculpido, Galvanina ha ganado premios importantes que han confirmado una vez m\u00e1s el valor de la marca en el \u00e1mbito del sector de las bebidas.\u00a0<\/p>\r\n<div class=\"wp-block-spacer\" style=\"height: 100px;\" aria-hidden=\"true\">\u00a0<\/div>\r\n<h2>2023 Italia \u2013 Gambero Rosso<\/h2>\r\n\r\n<div class=\"wp-block-image\">\r\n<figure class=\"alignleft size-large is-resized\"><img loading=\"lazy\" decoding=\"async\" class=\"alignnone wp-image-6386 \" src=\"https:\/\/www.galvanina.com\/es\/wp-content\/uploads\/sites\/5\/2024\/11\/Gambero_Rosso-600x167.png\" alt=\"Gambero_Rosso\" width=\"269\" height=\"75\" srcset=\"https:\/\/www.galvanina.com\/es\/wp-content\/uploads\/sites\/5\/2024\/11\/Gambero_Rosso-600x167.png 600w, https:\/\/www.galvanina.com\/es\/wp-content\/uploads\/sites\/5\/2024\/11\/Gambero_Rosso-768x214.png 768w, https:\/\/www.galvanina.com\/es\/wp-content\/uploads\/sites\/5\/2024\/11\/Gambero_Rosso-240x67.png 240w, https:\/\/www.galvanina.com\/es\/wp-content\/uploads\/sites\/5\/2024\/11\/Gambero_Rosso-287x80.png 287w, https:\/\/www.galvanina.com\/es\/wp-content\/uploads\/sites\/5\/2024\/11\/Gambero_Rosso.png 1182w\" sizes=\"auto, (max-width: 269px) 100vw, 269px\" \/><\/figure>\r\n<\/div>\r\n<p>EL T\u00c9 BLANCO DE GALVANINA HA SIDO RECONOCIDO COMO EL MEJOR T\u00c9 HELADO, seg\u00fan la \u00faltima encuesta de la revista \u201cGAMBERO ROSSO\u201d.<\/p>\r\n<p>En el s\u00e9ptimo lugar, del mismo ranking, se encuentra nuestro T\u00e9 Org\u00e1nico de Melocot\u00f3n, elaborado con el exquisito t\u00e9 negro Darjeeling. Esta clasificaci\u00f3n fue llevada a cabo por un prestigioso jurado de periodistas y expertos en gastronom\u00eda y vinos, entre 72 distintos productos ready-to-drink (listos para beber).<\/p>\r\n<div class=\"wp-block-spacer\" style=\"height: 100px;\" aria-hidden=\"true\">\u00a0<\/div>\r\n<h2>2022 Italia \u2013 Gambero Rosso<\/h2>\r\n\r\n<div class=\"wp-block-image\">\r\n<figure class=\"alignleft size-large is-resized\"><img loading=\"lazy\" decoding=\"async\" class=\"alignnone wp-image-6386\" src=\"https:\/\/www.galvanina.com\/es\/wp-content\/uploads\/sites\/5\/2024\/11\/Gambero_Rosso-600x167.png\" alt=\"Gambero_Rosso\" width=\"270\" height=\"75\" srcset=\"https:\/\/www.galvanina.com\/es\/wp-content\/uploads\/sites\/5\/2024\/11\/Gambero_Rosso-600x167.png 600w, https:\/\/www.galvanina.com\/es\/wp-content\/uploads\/sites\/5\/2024\/11\/Gambero_Rosso-768x214.png 768w, https:\/\/www.galvanina.com\/es\/wp-content\/uploads\/sites\/5\/2024\/11\/Gambero_Rosso-240x67.png 240w, https:\/\/www.galvanina.com\/es\/wp-content\/uploads\/sites\/5\/2024\/11\/Gambero_Rosso-287x80.png 287w, https:\/\/www.galvanina.com\/es\/wp-content\/uploads\/sites\/5\/2024\/11\/Gambero_Rosso.png 1182w\" sizes=\"auto, (max-width: 270px) 100vw, 270px\" \/><\/figure>\r\n<\/div>\r\n<p>De acuerdo con la revista Gambero Rosso, el Chinotto Org\u00e1nico Galvanina ha sido catalogado entre los mejores Chinottos del mercado italiano.<\/p>\r\n<div class=\"wp-block-spacer\" style=\"height: 100px;\" aria-hidden=\"true\">\u00a0<\/div>\r\n\r\n\r\n\r\n<h2 class=\"wp-block-heading\">2021 London, UK \u2013 The Spirits Business Tonic &amp; Mixer Masters<\/h2>\r\n\r\n\r\n\r\n<p><strong>The Spirits Business Tonic &amp; Mixer Masters\u00a0<\/strong>es una de las competiciones de\u00a0<em>\u201cblind-tasting\u201d<\/em>\u00a0m\u00e1s apreciadas y m\u00e1s famosas del mundo. El jurado pretende encontrar y premiar las mejores marcas de Tonic &amp; Mixer en el panorama mundial.<\/p>\r\n\r\n\r\n\r\n<div class=\"wp-block-image\">\r\n<figure class=\"alignleft size-large is-resized\"><img loading=\"lazy\" decoding=\"async\" class=\"wp-image-4930\" src=\"https:\/\/www.galvanina.com\/es\/wp-content\/uploads\/sites\/5\/2021\/04\/Tonic-Mixer-masters-GOLD-2021.jpg\" alt=\"\" width=\"274\" height=\"274\" srcset=\"https:\/\/www.galvanina.com\/es\/wp-content\/uploads\/sites\/5\/2021\/04\/Tonic-Mixer-masters-GOLD-2021.jpg 937w, https:\/\/www.galvanina.com\/es\/wp-content\/uploads\/sites\/5\/2021\/04\/Tonic-Mixer-masters-GOLD-2021-600x600.jpg 600w, https:\/\/www.galvanina.com\/es\/wp-content\/uploads\/sites\/5\/2021\/04\/Tonic-Mixer-masters-GOLD-2021-768x768.jpg 768w, https:\/\/www.galvanina.com\/es\/wp-content\/uploads\/sites\/5\/2021\/04\/Tonic-Mixer-masters-GOLD-2021-240x240.jpg 240w, https:\/\/www.galvanina.com\/es\/wp-content\/uploads\/sites\/5\/2021\/04\/Tonic-Mixer-masters-GOLD-2021-80x80.jpg 80w, https:\/\/www.galvanina.com\/es\/wp-content\/uploads\/sites\/5\/2021\/04\/Tonic-Mixer-masters-GOLD-2021-500x500.jpg 500w\" sizes=\"auto, (max-width: 274px) 100vw, 274px\" \/><\/figure>\r\n<\/div>\r\n\r\n\r\n\r\n<p>En 2021\u00a0<strong>seis mixer Galvanina<\/strong>\u00a0reciben la medalla de oro.<br \/>Empezamos con <a href=\"https:\/\/www.galvanina.com\/en\/products\/organic-classic-tonic\/\" target=\"_blank\" rel=\"noreferrer noopener\" aria-label=\"undefined (apri in una nuova scheda)\"><strong>T\u00f3nica Cl\u00e1sica Bio Galvanina<\/strong><\/a>, seguida por\u00a0<a href=\"https:\/\/www.galvanina.com\/en\/products\/organic-yellow-grapefruit-tonic\/\" target=\"_blank\" rel=\"noreferrer noopener\" aria-label=\"undefined (apri in una nuova scheda)\"><strong>T\u00f3nica Pomelo Amarillo Bio Galvanina<\/strong><\/a><strong>\u00a0<\/strong>y por\u00a0<a href=\"https:\/\/www.galvanina.com\/en\/products\/organic-mediterranean-tonic\/\" target=\"_blank\" rel=\"noreferrer noopener\" aria-label=\"undefined (apri in una nuova scheda)\"><strong>T\u00f3nica Mediterr\u00e1nea Bio Galvanina<\/strong><\/a>\u00a0premiadas como\u00a0<strong>Best Flavored Tonic<\/strong>.<br \/><a href=\"https:\/\/www.galvanina.com\/en\/products\/organic-bitter-lemon\/\" target=\"_blank\" rel=\"noreferrer noopener\" aria-label=\"undefined (apri in una nuova scheda)\"><strong>Bitter Lemon Bio Galvanina<\/strong><\/a> ha recibido el premio <strong>Best Bitter Lemon, <\/strong>mientras que la <a href=\"https:\/\/www.galvanina.com\/en\/products\/organic-ginger-cola\/\" target=\"_blank\" rel=\"noreferrer noopener\" aria-label=\"undefined (apri in una nuova scheda)\"><strong>Cola Ginger Bio Galvanina<\/strong><\/a> como <strong>Best Cola<\/strong>.<br \/>Finalmente, <a href=\"https:\/\/www.galvanina.com\/en\/products\/organic-ginger-beer-200-ml\/\" target=\"_blank\" rel=\"noreferrer noopener\" aria-label=\"undefined (apri in una nuova scheda)\"><strong>Ginger Beer Cl\u00e1sico Bio<\/strong><\/a>\u00a0ha sido premiado como <strong>Best Ginger Beer<\/strong>.<\/p>\r\n\r\n\r\n\r\n<p>&nbsp;<\/p>\r\n\r\n\r\n\r\n<div class=\"wp-block-spacer\" style=\"height: 100px;\" aria-hidden=\"true\">\u00a0<\/div>\r\n\r\n\r\n\r\n<div class=\"wp-block-group\"><div class=\"wp-block-group__inner-container is-layout-flow wp-block-group-is-layout-flow\">\r\n<h2 class=\"wp-block-heading\">2019 London, UK \u2013 Bellavita Awards\u00a0<\/h2>\r\n\r\n\r\n\r\n<div class=\"wp-block-image\">\r\n<figure class=\"alignleft size-large\"><img loading=\"lazy\" decoding=\"async\" width=\"209\" height=\"160\" class=\"wp-image-1719\" src=\"https:\/\/www.galvanina.com\/es\/wp-content\/uploads\/sites\/5\/2020\/05\/bellavita-award.jpg\" alt=\"bellavita award\" srcset=\"https:\/\/www.galvanina.com\/es\/wp-content\/uploads\/sites\/5\/2020\/05\/bellavita-award.jpg 209w, https:\/\/www.galvanina.com\/es\/wp-content\/uploads\/sites\/5\/2020\/05\/bellavita-award-105x80.jpg 105w\" sizes=\"auto, (max-width: 209px) 100vw, 209px\" \/><\/figure>\r\n<\/div>\r\n\r\n\r\n\r\n<p><strong>Bellavita Awards<\/strong>\u00a0es un concurso internacional dedicado a las excelencias enogastron\u00f3micas italianas y tiene lugar cada a\u00f1os en Londres.<\/p>\r\n\r\n\r\n\r\n<p>En 2019 Galvanina recibe dos reconocimientos importantes gracias a dos bebidas que confirman ser las m\u00e1s apreciadas.<\/p>\r\n\r\n\r\n\r\n<div class=\"wp-block-image\">\r\n<figure class=\"alignleft size-large is-resized\"><img loading=\"lazy\" decoding=\"async\" class=\"wp-image-1853\" src=\"https:\/\/www.galvanina.com\/es\/wp-content\/uploads\/sites\/5\/2020\/06\/Bellavita-Awards-London-1017x1024.jpg\" alt=\"\" width=\"211\" height=\"212\" srcset=\"https:\/\/www.galvanina.com\/es\/wp-content\/uploads\/sites\/5\/2020\/06\/Bellavita-Awards-London-1017x1024.jpg 1017w, https:\/\/www.galvanina.com\/es\/wp-content\/uploads\/sites\/5\/2020\/06\/Bellavita-Awards-London-600x604.jpg 600w, https:\/\/www.galvanina.com\/es\/wp-content\/uploads\/sites\/5\/2020\/06\/Bellavita-Awards-London-768x774.jpg 768w, https:\/\/www.galvanina.com\/es\/wp-content\/uploads\/sites\/5\/2020\/06\/Bellavita-Awards-London-1525x1536.jpg 1525w, https:\/\/www.galvanina.com\/es\/wp-content\/uploads\/sites\/5\/2020\/06\/Bellavita-Awards-London-2033x2048.jpg 2033w, https:\/\/www.galvanina.com\/es\/wp-content\/uploads\/sites\/5\/2020\/06\/Bellavita-Awards-London-240x242.jpg 240w, https:\/\/www.galvanina.com\/es\/wp-content\/uploads\/sites\/5\/2020\/06\/Bellavita-Awards-London-79x80.jpg 79w, https:\/\/www.galvanina.com\/es\/wp-content\/uploads\/sites\/5\/2020\/06\/Bellavita-Awards-London-500x500.jpg 500w\" sizes=\"auto, (max-width: 211px) 100vw, 211px\" \/>\r\n\r\n<\/figure>\r\n<\/div>\r\n\r\n\r\n\r\n<p><a href=\"https:\/\/www.galvanina.com\/en\/products\/organic-ginger-beer\/\"><strong>Ginger Beer Galvanina<\/strong><\/a> ha sido premiado como sabor ganador absoluto en la categor\u00eda de las bebidas, mientras que la\u00a0<a href=\"https:\/\/www.galvanina.com\/es\/products\/limonata-bio\/\"><strong>Limonada Galvanina<\/strong><\/a> ha obtenido tres estrellas.<\/p>\r\n<\/div><\/div>\r\n\r\n\r\n\r\n<div class=\"wp-block-spacer\" style=\"height: 100px;\" aria-hidden=\"true\">\u00a0<\/div>\r\n\r\n\r\n\r\n<div class=\"wp-block-group\"><div class=\"wp-block-group__inner-container is-layout-flow wp-block-group-is-layout-flow\">\r\n<h2 class=\"wp-block-heading\">2018 France \u2013 Saveur de l\u2019Ann\u00e9e\u00a0<\/h2>\r\n\r\n\r\n\r\n<div class=\"wp-block-image\">\r\n<figure class=\"alignleft size-large\"><img loading=\"lazy\" decoding=\"async\" width=\"138\" height=\"160\" class=\"wp-image-1718\" src=\"https:\/\/www.galvanina.com\/es\/wp-content\/uploads\/sites\/5\/2020\/05\/saveur-de-lannee-1.jpg\" alt=\"saveur de l'annee\" srcset=\"https:\/\/www.galvanina.com\/es\/wp-content\/uploads\/sites\/5\/2020\/05\/saveur-de-lannee-1.jpg 138w, https:\/\/www.galvanina.com\/es\/wp-content\/uploads\/sites\/5\/2020\/05\/saveur-de-lannee-1-69x80.jpg 69w\" sizes=\"auto, (max-width: 138px) 100vw, 138px\" \/><\/figure>\r\n<\/div>\r\n\r\n\r\n\r\n<p>En 2018 los consumidores franceses asignaron el primer lugar a dos bebidas Galvanina como mejor gusto del a\u00f1o (<strong>Saveur de l\u2019Ann\u00e9<\/strong>).\u00a0<a href=\"https:\/\/www.galvanina.com\/es\/products\/limonata-bio\/\"><strong>Limonada Galvanina<\/strong><\/a>\u00a0y\u00a0<a href=\"https:\/\/www.galvanina.com\/en\/products\/organic-ginger-ale\/\"><strong>Ginger Ale Galvanina<\/strong><\/a>, con sus sabores intensos y refrescantes, han sabido conquistar el paladar de los clientes franceses m\u00e1s exigentes.<\/p>\r\n\r\n\r\n\r\n<div class=\"wp-block-spacer\" style=\"height: 100px;\" aria-hidden=\"true\">\u00a0<\/div>\r\n<\/div><\/div>\r\n\r\n\r\n\r\n<h2 class=\"wp-block-heading\">2016 USA &#8211; Fancy Food Sofi Award\u00a0<\/h2>\r\n\r\n\r\n\r\n<div class=\"wp-block-image\">\r\n<figure class=\"alignleft size-large\"><img loading=\"lazy\" decoding=\"async\" width=\"62\" height=\"160\" class=\"wp-image-1717\" src=\"https:\/\/www.galvanina.com\/es\/wp-content\/uploads\/sites\/5\/2020\/05\/sofi-finalist-2016.jpg\" alt=\"sofi finalist 2016\" srcset=\"https:\/\/www.galvanina.com\/es\/wp-content\/uploads\/sites\/5\/2020\/05\/sofi-finalist-2016.jpg 62w, https:\/\/www.galvanina.com\/es\/wp-content\/uploads\/sites\/5\/2020\/05\/sofi-finalist-2016-31x80.jpg 31w\" sizes=\"auto, (max-width: 62px) 100vw, 62px\" \/><\/figure>\r\n<\/div>\r\n\r\n\r\n\r\n<p>La innovaci\u00f3n y la creatividad de Galvanina han sido premiados en 2016 en Estados Unidos con el <strong>Fancy Food Sofi Award<\/strong>. El premio, en la categor\u00eda \u201cCold beverage ready-to-drink\u201d se lo llev\u00f3 <strong><a href=\"https:\/\/www.galvanina.com\/en\/products\/organic-blood-orange-black-carrot-blueberry\/\">Naranja roja, zanahoria negra y ar\u00e1ndanos Galvanina<\/a><\/strong>, como sabor m\u00e1s innovador.<\/p>\r\n\r\n\r\n\r\n<div class=\"wp-block-spacer\" style=\"height: 100px;\" aria-hidden=\"true\">\u00a0<\/div>\r\n\r\n\r\n\r\n<h2 class=\"wp-block-heading\">2014 London, UK: Quality Food Award\u00a0<\/h2>\r\n\r\n\r\n\r\n<div class=\"wp-block-image\">\r\n<figure class=\"alignleft size-large\"><img loading=\"lazy\" decoding=\"async\" width=\"122\" height=\"160\" class=\"wp-image-1713\" src=\"https:\/\/www.galvanina.com\/es\/wp-content\/uploads\/sites\/5\/2020\/05\/quality-food-awards.jpg\" alt=\"quality food awards\" srcset=\"https:\/\/www.galvanina.com\/es\/wp-content\/uploads\/sites\/5\/2020\/05\/quality-food-awards.jpg 122w, https:\/\/www.galvanina.com\/es\/wp-content\/uploads\/sites\/5\/2020\/05\/quality-food-awards-61x80.jpg 61w\" sizes=\"auto, (max-width: 122px) 100vw, 122px\" \/><\/figure>\r\n<\/div>\r\n\r\n\r\n\r\n<p>En 2014 en Londres Galvanina recibi\u00f3 el premio <strong>Quality Food Award<\/strong>, gracias a su bebida <a href=\"https:\/\/www.galvanina.com\/en\/products\/organic-tangerine\/\"><strong>Mandarina Galvanina<\/strong><\/a><strong>.<\/strong> Este galard\u00f3n celebra el mejor producto alimentario italiano disponible en el Reino Unido.\u00a0<\/p>\r\n\r\n\r\n\r\n<div class=\"wp-block-spacer\" style=\"height: 100px;\" aria-hidden=\"true\">\u00a0<\/div>\r\n\r\n\r\n\r\n<div class=\"wp-block-spacer\" style=\"height: 20px;\" aria-hidden=\"true\">\u00a0<\/div>\r\n\r\n\r\n\r\n<p>&nbsp;<\/p>\r\n\r\n\r\n\r\n<h2 class=\"wp-block-heading\">2011 Tokyo &#8211; Good Design Award<\/h2>\r\n\r\n\r\n\r\n<div class=\"wp-block-image\">\r\n<figure class=\"alignleft size-large\"><img loading=\"lazy\" decoding=\"async\" width=\"101\" height=\"160\" class=\"wp-image-1708\" src=\"https:\/\/www.galvanina.com\/es\/wp-content\/uploads\/sites\/5\/2020\/05\/tokyo-good-design-award.jpg\" alt=\"tokyo good design award\" srcset=\"https:\/\/www.galvanina.com\/es\/wp-content\/uploads\/sites\/5\/2020\/05\/tokyo-good-design-award.jpg 101w, https:\/\/www.galvanina.com\/es\/wp-content\/uploads\/sites\/5\/2020\/05\/tokyo-good-design-award-51x80.jpg 51w\" sizes=\"auto, (max-width: 101px) 100vw, 101px\" \/><\/figure>\r\n<\/div>\r\n\r\n\r\n\r\n<p>Su botella inconfundible de cristal esculpido le hizo ganar a Galvanina el premio <strong>Good Design Award<\/strong>, en Tokio en 2011. Este premio, que se fund\u00f3 en 1957, celebra los mejores productos de dise\u00f1o del mundo y no solo remitiendo a los objetos, sino tambi\u00e9n y de manera especial a \u00ablo que enriquece la vida de las personas\u00bb.<\/p>\r\n","protected":false},"excerpt":{"rendered":"<p>Las bebidas Galvanina han sido premiadas con importantes galardones en todo el mundo. Gracias a sus caracter\u00edsticas \u00fanicas de sabor e innovaci\u00f3n, junto con la botella original de cristal esculpido, Galvanina ha ganado premios importantes que han confirmado una vez m\u00e1s el valor de la marca en el \u00e1mbito del sector de las bebidas.\u00a0 \u00a0 [&hellip;]<\/p>\n","protected":false},"author":23,"featured_media":0,"parent":147,"menu_order":0,"comment_status":"closed","ping_status":"closed","template":"","meta":{"footnotes":""},"class_list":["post-182","page","type-page","status-publish","hentry"],"yoast_head":"<!-- This site is optimized with the Yoast SEO plugin v27.5 - https:\/\/yoast.com\/product\/yoast-seo-wordpress\/ -->\n<title>Premios y reconocimientos internacionales para refrescos Galvanina<\/title>\n<meta name=\"description\" content=\"Los refrescos Galvanina han sido galardonados con numerosos premios en todo el mundo. Descubra el sabor \u00fanico y el ic\u00f3nico envase de vidrio esculpido.\" \/>\n<meta name=\"robots\" content=\"index, follow, max-snippet:-1, max-image-preview:large, max-video-preview:-1\" \/>\n<link rel=\"canonical\" href=\"https:\/\/www.galvanina.com\/es\/quienes-somos\/premios\/\" \/>\n<meta property=\"og:locale\" content=\"es_ES\" \/>\n<meta property=\"og:type\" content=\"article\" \/>\n<meta property=\"og:title\" content=\"Premios y reconocimientos internacionales para refrescos Galvanina\" \/>\n<meta property=\"og:description\" content=\"Los refrescos Galvanina han sido galardonados con numerosos premios en todo el mundo. Descubra el sabor \u00fanico y el ic\u00f3nico envase de vidrio esculpido.\" \/>\n<meta property=\"og:url\" content=\"https:\/\/www.galvanina.com\/es\/quienes-somos\/premios\/\" \/>\n<meta property=\"og:site_name\" content=\"Galvanina\" \/>\n<meta property=\"article:publisher\" content=\"https:\/\/www.facebook.com\/galvanina\/\" \/>\n<meta property=\"article:modified_time\" content=\"2024-11-26T10:06:50+00:00\" \/>\n<meta property=\"og:image\" content=\"https:\/\/www.galvanina.com\/es\/wp-content\/uploads\/sites\/5\/2024\/11\/Gambero_Rosso.png\" \/>\n\t<meta property=\"og:image:width\" content=\"1182\" \/>\n\t<meta property=\"og:image:height\" content=\"329\" \/>\n\t<meta property=\"og:image:type\" content=\"image\/png\" \/>\n<meta name=\"twitter:card\" content=\"summary_large_image\" \/>\n<meta name=\"twitter:label1\" content=\"Tiempo de lectura\" \/>\n\t<meta name=\"twitter:data1\" content=\"5 minutos\" \/>\n<script type=\"application\/ld+json\" class=\"yoast-schema-graph\">{\"@context\":\"https:\\\/\\\/schema.org\",\"@graph\":[{\"@type\":\"WebPage\",\"@id\":\"https:\\\/\\\/www.galvanina.com\\\/es\\\/quienes-somos\\\/premios\\\/\",\"url\":\"https:\\\/\\\/www.galvanina.com\\\/es\\\/quienes-somos\\\/premios\\\/\",\"name\":\"Premios y reconocimientos internacionales para refrescos Galvanina\",\"isPartOf\":{\"@id\":\"https:\\\/\\\/www.galvanina.com\\\/es\\\/#website\"},\"primaryImageOfPage\":{\"@id\":\"https:\\\/\\\/www.galvanina.com\\\/es\\\/quienes-somos\\\/premios\\\/#primaryimage\"},\"image\":{\"@id\":\"https:\\\/\\\/www.galvanina.com\\\/es\\\/quienes-somos\\\/premios\\\/#primaryimage\"},\"thumbnailUrl\":\"https:\\\/\\\/www.galvanina.com\\\/es\\\/wp-content\\\/uploads\\\/sites\\\/5\\\/2024\\\/11\\\/Gambero_Rosso-600x167.png\",\"datePublished\":\"2020-05-21T12:55:52+00:00\",\"dateModified\":\"2024-11-26T10:06:50+00:00\",\"description\":\"Los refrescos Galvanina han sido galardonados con numerosos premios en todo el mundo. Descubra el sabor \u00fanico y el ic\u00f3nico envase de vidrio esculpido.\",\"breadcrumb\":{\"@id\":\"https:\\\/\\\/www.galvanina.com\\\/es\\\/quienes-somos\\\/premios\\\/#breadcrumb\"},\"inLanguage\":\"es\",\"potentialAction\":[{\"@type\":\"ReadAction\",\"target\":[\"https:\\\/\\\/www.galvanina.com\\\/es\\\/quienes-somos\\\/premios\\\/\"]}]},{\"@type\":\"ImageObject\",\"inLanguage\":\"es\",\"@id\":\"https:\\\/\\\/www.galvanina.com\\\/es\\\/quienes-somos\\\/premios\\\/#primaryimage\",\"url\":\"https:\\\/\\\/www.galvanina.com\\\/es\\\/wp-content\\\/uploads\\\/sites\\\/5\\\/2024\\\/11\\\/Gambero_Rosso.png\",\"contentUrl\":\"https:\\\/\\\/www.galvanina.com\\\/es\\\/wp-content\\\/uploads\\\/sites\\\/5\\\/2024\\\/11\\\/Gambero_Rosso.png\",\"width\":1182,\"height\":329,\"caption\":\"Gambero_Rosso\"},{\"@type\":\"BreadcrumbList\",\"@id\":\"https:\\\/\\\/www.galvanina.com\\\/es\\\/quienes-somos\\\/premios\\\/#breadcrumb\",\"itemListElement\":[{\"@type\":\"ListItem\",\"position\":1,\"name\":\"Home\",\"item\":\"https:\\\/\\\/www.galvanina.com\\\/es\\\/\"},{\"@type\":\"ListItem\",\"position\":2,\"name\":\"Qui\u00e9nes somos\",\"item\":\"https:\\\/\\\/www.galvanina.com\\\/es\\\/quienes-somos\\\/\"},{\"@type\":\"ListItem\",\"position\":3,\"name\":\"Premios\"}]},{\"@type\":\"WebSite\",\"@id\":\"https:\\\/\\\/www.galvanina.com\\\/es\\\/#website\",\"url\":\"https:\\\/\\\/www.galvanina.com\\\/es\\\/\",\"name\":\"Galvanina\",\"description\":\"\",\"publisher\":{\"@id\":\"https:\\\/\\\/www.galvanina.com\\\/es\\\/#organization\"},\"potentialAction\":[{\"@type\":\"SearchAction\",\"target\":{\"@type\":\"EntryPoint\",\"urlTemplate\":\"https:\\\/\\\/www.galvanina.com\\\/es\\\/?s={search_term_string}\"},\"query-input\":{\"@type\":\"PropertyValueSpecification\",\"valueRequired\":true,\"valueName\":\"search_term_string\"}}],\"inLanguage\":\"es\"},{\"@type\":\"Organization\",\"@id\":\"https:\\\/\\\/www.galvanina.com\\\/es\\\/#organization\",\"name\":\"La Galvanina S.p.A.\",\"url\":\"https:\\\/\\\/www.galvanina.com\\\/es\\\/\",\"logo\":{\"@type\":\"ImageObject\",\"inLanguage\":\"es\",\"@id\":\"https:\\\/\\\/www.galvanina.com\\\/es\\\/#\\\/schema\\\/logo\\\/image\\\/\",\"url\":\"https:\\\/\\\/www.galvanina.com\\\/es\\\/wp-content\\\/uploads\\\/sites\\\/5\\\/2020\\\/06\\\/logo-galvanina.png\",\"contentUrl\":\"https:\\\/\\\/www.galvanina.com\\\/es\\\/wp-content\\\/uploads\\\/sites\\\/5\\\/2020\\\/06\\\/logo-galvanina.png\",\"width\":768,\"height\":768,\"caption\":\"La Galvanina S.p.A.\"},\"image\":{\"@id\":\"https:\\\/\\\/www.galvanina.com\\\/es\\\/#\\\/schema\\\/logo\\\/image\\\/\"},\"sameAs\":[\"https:\\\/\\\/www.facebook.com\\\/galvanina\\\/\",\"https:\\\/\\\/www.instagram.com\\\/lagalvanina\\\/\",\"https:\\\/\\\/www.linkedin.com\\\/company\\\/galvanina\\\/\"]}]}<\/script>\n<!-- \/ Yoast SEO plugin. -->","yoast_head_json":{"title":"Premios y reconocimientos internacionales para refrescos Galvanina","description":"Los refrescos Galvanina han sido galardonados con numerosos premios en todo el mundo. Descubra el sabor \u00fanico y el ic\u00f3nico envase de vidrio esculpido.","robots":{"index":"index","follow":"follow","max-snippet":"max-snippet:-1","max-image-preview":"max-image-preview:large","max-video-preview":"max-video-preview:-1"},"canonical":"https:\/\/www.galvanina.com\/es\/quienes-somos\/premios\/","og_locale":"es_ES","og_type":"article","og_title":"Premios y reconocimientos internacionales para refrescos Galvanina","og_description":"Los refrescos Galvanina han sido galardonados con numerosos premios en todo el mundo. Descubra el sabor \u00fanico y el ic\u00f3nico envase de vidrio esculpido.","og_url":"https:\/\/www.galvanina.com\/es\/quienes-somos\/premios\/","og_site_name":"Galvanina","article_publisher":"https:\/\/www.facebook.com\/galvanina\/","article_modified_time":"2024-11-26T10:06:50+00:00","og_image":[{"width":1182,"height":329,"url":"https:\/\/www.galvanina.com\/es\/wp-content\/uploads\/sites\/5\/2024\/11\/Gambero_Rosso.png","type":"image\/png"}],"twitter_card":"summary_large_image","twitter_misc":{"Tiempo de lectura":"5 minutos"},"schema":{"@context":"https:\/\/schema.org","@graph":[{"@type":"WebPage","@id":"https:\/\/www.galvanina.com\/es\/quienes-somos\/premios\/","url":"https:\/\/www.galvanina.com\/es\/quienes-somos\/premios\/","name":"Premios y reconocimientos internacionales para refrescos Galvanina","isPartOf":{"@id":"https:\/\/www.galvanina.com\/es\/#website"},"primaryImageOfPage":{"@id":"https:\/\/www.galvanina.com\/es\/quienes-somos\/premios\/#primaryimage"},"image":{"@id":"https:\/\/www.galvanina.com\/es\/quienes-somos\/premios\/#primaryimage"},"thumbnailUrl":"https:\/\/www.galvanina.com\/es\/wp-content\/uploads\/sites\/5\/2024\/11\/Gambero_Rosso-600x167.png","datePublished":"2020-05-21T12:55:52+00:00","dateModified":"2024-11-26T10:06:50+00:00","description":"Los refrescos Galvanina han sido galardonados con numerosos premios en todo el mundo. Descubra el sabor \u00fanico y el ic\u00f3nico envase de vidrio esculpido.","breadcrumb":{"@id":"https:\/\/www.galvanina.com\/es\/quienes-somos\/premios\/#breadcrumb"},"inLanguage":"es","potentialAction":[{"@type":"ReadAction","target":["https:\/\/www.galvanina.com\/es\/quienes-somos\/premios\/"]}]},{"@type":"ImageObject","inLanguage":"es","@id":"https:\/\/www.galvanina.com\/es\/quienes-somos\/premios\/#primaryimage","url":"https:\/\/www.galvanina.com\/es\/wp-content\/uploads\/sites\/5\/2024\/11\/Gambero_Rosso.png","contentUrl":"https:\/\/www.galvanina.com\/es\/wp-content\/uploads\/sites\/5\/2024\/11\/Gambero_Rosso.png","width":1182,"height":329,"caption":"Gambero_Rosso"},{"@type":"BreadcrumbList","@id":"https:\/\/www.galvanina.com\/es\/quienes-somos\/premios\/#breadcrumb","itemListElement":[{"@type":"ListItem","position":1,"name":"Home","item":"https:\/\/www.galvanina.com\/es\/"},{"@type":"ListItem","position":2,"name":"Qui\u00e9nes somos","item":"https:\/\/www.galvanina.com\/es\/quienes-somos\/"},{"@type":"ListItem","position":3,"name":"Premios"}]},{"@type":"WebSite","@id":"https:\/\/www.galvanina.com\/es\/#website","url":"https:\/\/www.galvanina.com\/es\/","name":"Galvanina","description":"","publisher":{"@id":"https:\/\/www.galvanina.com\/es\/#organization"},"potentialAction":[{"@type":"SearchAction","target":{"@type":"EntryPoint","urlTemplate":"https:\/\/www.galvanina.com\/es\/?s={search_term_string}"},"query-input":{"@type":"PropertyValueSpecification","valueRequired":true,"valueName":"search_term_string"}}],"inLanguage":"es"},{"@type":"Organization","@id":"https:\/\/www.galvanina.com\/es\/#organization","name":"La Galvanina S.p.A.","url":"https:\/\/www.galvanina.com\/es\/","logo":{"@type":"ImageObject","inLanguage":"es","@id":"https:\/\/www.galvanina.com\/es\/#\/schema\/logo\/image\/","url":"https:\/\/www.galvanina.com\/es\/wp-content\/uploads\/sites\/5\/2020\/06\/logo-galvanina.png","contentUrl":"https:\/\/www.galvanina.com\/es\/wp-content\/uploads\/sites\/5\/2020\/06\/logo-galvanina.png","width":768,"height":768,"caption":"La Galvanina S.p.A."},"image":{"@id":"https:\/\/www.galvanina.com\/es\/#\/schema\/logo\/image\/"},"sameAs":["https:\/\/www.facebook.com\/galvanina\/","https:\/\/www.instagram.com\/lagalvanina\/","https:\/\/www.linkedin.com\/company\/galvanina\/"]}]}},"_links":{"self":[{"href":"https:\/\/www.galvanina.com\/es\/wp-json\/wp\/v2\/pages\/182","targetHints":{"allow":["GET"]}}],"collection":[{"href":"https:\/\/www.galvanina.com\/es\/wp-json\/wp\/v2\/pages"}],"about":[{"href":"https:\/\/www.galvanina.com\/es\/wp-json\/wp\/v2\/types\/page"}],"author":[{"embeddable":true,"href":"https:\/\/www.galvanina.com\/es\/wp-json\/wp\/v2\/users\/23"}],"replies":[{"embeddable":true,"href":"https:\/\/www.galvanina.com\/es\/wp-json\/wp\/v2\/comments?post=182"}],"version-history":[{"count":40,"href":"https:\/\/www.galvanina.com\/es\/wp-json\/wp\/v2\/pages\/182\/revisions"}],"predecessor-version":[{"id":6365,"href":"https:\/\/www.galvanina.com\/es\/wp-json\/wp\/v2\/pages\/182\/revisions\/6365"}],"up":[{"embeddable":true,"href":"https:\/\/www.galvanina.com\/es\/wp-json\/wp\/v2\/pages\/147"}],"wp:attachment":[{"href":"https:\/\/www.galvanina.com\/es\/wp-json\/wp\/v2\/media?parent=182"}],"curies":[{"name":"wp","href":"https:\/\/api.w.org\/{rel}","templated":true}]}}