{"id":171,"date":"2020-05-21T14:39:36","date_gmt":"2020-05-21T12:39:36","guid":{"rendered":"https:\/\/www.galvanina.com\/es\/?page_id=171"},"modified":"2022-03-10T10:58:57","modified_gmt":"2022-03-10T09:58:57","slug":"storia","status":"publish","type":"page","link":"https:\/\/www.galvanina.com\/es\/quienes-somos\/storia\/","title":{"rendered":"Historia"},"content":{"rendered":"\n<div class=\"wp-block-image\"><figure class=\"alignright size-large\"><img loading=\"lazy\" decoding=\"async\" width=\"450\" height=\"326\" src=\"https:\/\/www.galvanina.com\/es\/wp-content\/uploads\/sites\/5\/2020\/06\/colonne-terme-romane-galvanina.jpg\" alt=\"colonne terme romane galvanina\" class=\"wp-image-1945\" srcset=\"https:\/\/www.galvanina.com\/es\/wp-content\/uploads\/sites\/5\/2020\/06\/colonne-terme-romane-galvanina.jpg 450w, https:\/\/www.galvanina.com\/es\/wp-content\/uploads\/sites\/5\/2020\/06\/colonne-terme-romane-galvanina-240x174.jpg 240w, https:\/\/www.galvanina.com\/es\/wp-content\/uploads\/sites\/5\/2020\/06\/colonne-terme-romane-galvanina-110x80.jpg 110w\" sizes=\"auto, (max-width: 450px) 100vw, 450px\" \/><\/figure><\/div>\n\n\n\n<h2 class=\"wp-block-heading\">Galvanina, los or\u00edgenes de una fuente de excelencia.<\/h2>\n\n\n\n<p>Galvanina <strong>tiene una historia antigua y llena de encanto. Ubicada en las laderas del monte Para\u00edso, donde se hallaban las antiguas termas romanas<\/strong>. Galvanina toma su nombre de la fuente de agua mineral que lleva el mismo nombre. <strong>Es aqu\u00ed donde empieza un viaje para recorrer el territorio de R\u00edmini a trav\u00e9s de lossiglos.<\/strong><\/p>\n\n\n\n<div style=\"height:50px\" aria-hidden=\"true\" class=\"wp-block-spacer\"><\/div>\n\n\n\n<div class=\"wp-block-image\"><figure class=\"alignleft size-large\"><img loading=\"lazy\" decoding=\"async\" width=\"450\" height=\"513\" src=\"https:\/\/www.galvanina.com\/es\/wp-content\/uploads\/sites\/5\/2020\/06\/blasone-galvanina.jpg\" alt=\"blasone galvanina\" class=\"wp-image-1946\" srcset=\"https:\/\/www.galvanina.com\/es\/wp-content\/uploads\/sites\/5\/2020\/06\/blasone-galvanina.jpg 450w, https:\/\/www.galvanina.com\/es\/wp-content\/uploads\/sites\/5\/2020\/06\/blasone-galvanina-240x274.jpg 240w, https:\/\/www.galvanina.com\/es\/wp-content\/uploads\/sites\/5\/2020\/06\/blasone-galvanina-70x80.jpg 70w\" sizes=\"auto, (max-width: 450px) 100vw, 450px\" \/><\/figure><\/div>\n\n\n\n<h2 class=\"wp-block-heading\">El Renacimiento, Giorgio Vasari y el s\u00edmbolo de Galvanina<\/h2>\n\n\n\n<p>El blas\u00f3n <strong>s\u00edmbolo de Galvanina <\/strong>procede de la familia noble que pose\u00eda la fuente de agua mineral. Est\u00e1 esculpido en una fuente monumental del siglo XVI y, seg\u00fan la tradici\u00f3n, ha sido dise\u00f1ado por el gran pintor, arquitecto e historiador del arte italiano <strong>Giorgio Vasari<\/strong>.<\/p>\n\n\n\n<div style=\"height:50px\" aria-hidden=\"true\" class=\"wp-block-spacer\"><\/div>\n\n\n\n<div class=\"wp-block-image\"><figure class=\"alignright size-large\"><img loading=\"lazy\" decoding=\"async\" width=\"450\" height=\"657\" src=\"https:\/\/www.galvanina.com\/es\/wp-content\/uploads\/sites\/5\/2020\/05\/manifesto-galvanina.jpg\" alt=\"manifesto galvanina\" class=\"wp-image-1763\" srcset=\"https:\/\/www.galvanina.com\/es\/wp-content\/uploads\/sites\/5\/2020\/05\/manifesto-galvanina.jpg 450w, https:\/\/www.galvanina.com\/es\/wp-content\/uploads\/sites\/5\/2020\/05\/manifesto-galvanina-240x350.jpg 240w, https:\/\/www.galvanina.com\/es\/wp-content\/uploads\/sites\/5\/2020\/05\/manifesto-galvanina-55x80.jpg 55w\" sizes=\"auto, (max-width: 450px) 100vw, 450px\" \/><\/figure><\/div>\n\n\n\n<h2 class=\"wp-block-heading\">Galvanina y el siglo XX<\/h2>\n\n\n\n<p>La primera f\u00e1brica de Galvanina nace a principios del siglo XX como un taller artesanal, originando luego las <strong>primeras botellas de cristal <\/strong>del agua mineral a mediados del siglo. Durante las dos guerras mundiales las f\u00e1bricas fueron destruidas pero su reconstrucci\u00f3n tuvo lugar en poco tiempo. Gracias a la aceptaci\u00f3n cada vez mayor de las caracter\u00edsticas digestivas del agua, Galvanina va ampli\u00e1ndose y desarrolla su negocio hasta convertirse en una <strong>realidad italiana de renombre<\/strong>.<\/p>\n\n\n\n<div style=\"height:50px\" aria-hidden=\"true\" class=\"wp-block-spacer\"><\/div>\n\n\n\n<h2 class=\"wp-block-heading\">Los a\u00f1os 80, una d\u00e9cada en auge<\/h2>\n\n\n\n<p>A lo largo de los a\u00f1os 80 del siglo XX la empresa combina la producci\u00f3n de <strong>agua mineral <\/strong>con la de <strong>bebidas sin alcohol a base de fruta y aromas naturales<\/strong>, echando las bases para que su oferta comercial pasara las fronteras italianas.<\/p>\n\n\n\n<p>En&nbsp;<strong>1987<\/strong>&nbsp;el agua mineral y las bebidas Galvanina llegan a la mesa de <strong>Estados Unidos<\/strong>&nbsp;y&nbsp;<strong>Canad\u00e1<\/strong>, luego a otros<strong>50 pa\u00edses<\/strong>&nbsp;y continentes, entre estos, <strong>Europa<\/strong>, &nbsp;<strong>Asia<\/strong>&nbsp;y&nbsp;<strong>Ocean\u00eda<\/strong>.<\/p>\n\n\n\n<div style=\"height:100px\" aria-hidden=\"true\" class=\"wp-block-spacer\"><\/div>\n\n\n\n<h2 class=\"wp-block-heading\">Los a\u00f1os 2000, el giro org\u00e1nico<\/h2>\n\n\n\n<p>La expansi\u00f3n de Galvanina sigue en los a\u00f1os 2000 El aumento de la demanda de los productos lleva la empresa a distribuir el agua mineral y las bebidas en diferentes <strong>cadenas internacionales al por menor<\/strong>.<\/p>\n\n\n\n<p>Para confirmar su \u00e9xito Galvanina ampl\u00eda su <strong>producci\u00f3n<\/strong>: a la f\u00e1brica de <strong>R\u00edmini<\/strong>se a\u00f1ade la de <strong>Apecchio<\/strong>, donde se embotella el agua del manantial del Valle de Meti. Galvanina demuestra que sabe comprender el mercado y sus tendencias y se dedica a crear bebidas org\u00e1nicas.<\/p>\n\n\n\n<div style=\"height:100px\" aria-hidden=\"true\" class=\"wp-block-spacer\"><\/div>\n\n\n\n<h2 class=\"wp-block-heading\">Galvanina hoy<\/h2>\n\n\n\n<p>Hoy en d\u00eda la empresa controla <a href=\"https:\/\/www.galvanina.com\/chi-siamo\/stabilimenti\/\"><strong>tres plantas de producci\u00f3n<\/strong><\/a>, donde las aguas de los <a href=\"https:\/\/www.galvanina.com\/chi-siamo\/fonti\/\">manantiales Galvanina, Valle de Meti y San Giuliano<\/a> se embotellan en <strong>envases de cristal, PET&nbsp;<\/strong>y<strong>&nbsp;latas<\/strong>. A estas aguas hay que a\u00f1adir la creaci\u00f3n y producci\u00f3n de <a href=\"https:\/\/www.galvanina.com\/linea\/acque-minerali-aromatizzate\/\">aguas aromatizadas<\/a>,&nbsp;<a href=\"https:\/\/www.galvanina.com\/linea\/bibite-biologiche\/\">tragos sin alcohol<\/a>,&nbsp;<a href=\"https:\/\/www.galvanina.com\/linea\/mixer-biologici\/\">c\u00f3cteles<\/a>&nbsp;y&nbsp;<a href=\"https:\/\/www.galvanina.com\/linea\/te-freddi-biologici\/\">t\u00e9 fr\u00edo<\/a>&nbsp;tanto org\u00e1nico como convencional.<\/p>\n\n\n\n<p>Gracias a la&nbsp;<strong>calidad<\/strong>, a la <strong>innovaci\u00f3n<\/strong>, a la&nbsp;<strong>investigaci\u00f3n<\/strong>&nbsp;y a la <strong>autenticidad de sus productos,&nbsp;<\/strong>capaces de enriquecer con sabor los diferentes momentos del d\u00eda y los paladares m\u00e1s exigentes, <strong>Galvanina sigue creciendo tambi\u00e9n en la \u00faltima d\u00e9cada.<\/strong><\/p>\n\n\n\n<p><strong>En 2019 la sociedad global Riverside <\/strong>adquiere las cuotas de mayor\u00eda de Galvanina para desarrollarla a\u00fan m\u00e1s y fomentar su expansi\u00f3n en los mercados internacionales, fortaleciendo su sello global.<\/p>\n","protected":false},"excerpt":{"rendered":"<p>Galvanina, los or\u00edgenes de una fuente de excelencia. Galvanina tiene una historia antigua y llena de encanto. Ubicada en las laderas del monte Para\u00edso, donde se hallaban las antiguas termas romanas. Galvanina toma su nombre de la fuente de agua mineral que lleva el mismo nombre. Es aqu\u00ed donde empieza un viaje para recorrer el [&hellip;]<\/p>\n","protected":false},"author":23,"featured_media":0,"parent":147,"menu_order":0,"comment_status":"closed","ping_status":"closed","template":"","meta":{"footnotes":""},"class_list":["post-171","page","type-page","status-publish","hentry"],"yoast_head":"<!-- This site is optimized with the Yoast SEO plugin v27.3 - https:\/\/yoast.com\/product\/yoast-seo-wordpress\/ -->\n<title>Historia de Galvanina, los or\u00edgenes de una fuente de excelencia<\/title>\n<meta name=\"description\" content=\"Galvanina tiene una historia antigua y fascinante. Situada en las laderas del monte Paradiso, donde se alzaron las antiguas termas romanas.\" \/>\n<meta name=\"robots\" content=\"index, follow, max-snippet:-1, max-image-preview:large, max-video-preview:-1\" \/>\n<link rel=\"canonical\" href=\"https:\/\/www.galvanina.com\/es\/quienes-somos\/storia\/\" \/>\n<meta property=\"og:locale\" content=\"es_ES\" \/>\n<meta property=\"og:type\" content=\"article\" \/>\n<meta property=\"og:title\" content=\"Historia de Galvanina, los or\u00edgenes de una fuente de excelencia\" \/>\n<meta property=\"og:description\" content=\"Galvanina tiene una historia antigua y fascinante. Situada en las laderas del monte Paradiso, donde se alzaron las antiguas termas romanas.\" \/>\n<meta property=\"og:url\" content=\"https:\/\/www.galvanina.com\/es\/quienes-somos\/storia\/\" \/>\n<meta property=\"og:site_name\" content=\"Galvanina\" \/>\n<meta property=\"article:publisher\" content=\"https:\/\/www.facebook.com\/galvanina\/\" \/>\n<meta property=\"article:modified_time\" content=\"2022-03-10T09:58:57+00:00\" \/>\n<meta property=\"og:image\" content=\"https:\/\/www.galvanina.com\/es\/wp-content\/uploads\/sites\/5\/2020\/06\/colonne-terme-romane-galvanina.jpg\" \/>\n<meta name=\"twitter:card\" content=\"summary_large_image\" \/>\n<meta name=\"twitter:label1\" content=\"Tiempo de lectura\" \/>\n\t<meta name=\"twitter:data1\" content=\"3 minutos\" \/>\n<script type=\"application\/ld+json\" class=\"yoast-schema-graph\">{\"@context\":\"https:\\\/\\\/schema.org\",\"@graph\":[{\"@type\":\"WebPage\",\"@id\":\"https:\\\/\\\/www.galvanina.com\\\/es\\\/quienes-somos\\\/storia\\\/\",\"url\":\"https:\\\/\\\/www.galvanina.com\\\/es\\\/quienes-somos\\\/storia\\\/\",\"name\":\"Historia de Galvanina, los or\u00edgenes de una fuente de excelencia\",\"isPartOf\":{\"@id\":\"https:\\\/\\\/www.galvanina.com\\\/es\\\/#website\"},\"primaryImageOfPage\":{\"@id\":\"https:\\\/\\\/www.galvanina.com\\\/es\\\/quienes-somos\\\/storia\\\/#primaryimage\"},\"image\":{\"@id\":\"https:\\\/\\\/www.galvanina.com\\\/es\\\/quienes-somos\\\/storia\\\/#primaryimage\"},\"thumbnailUrl\":\"https:\\\/\\\/www.galvanina.com\\\/es\\\/wp-content\\\/uploads\\\/sites\\\/5\\\/2020\\\/06\\\/colonne-terme-romane-galvanina.jpg\",\"datePublished\":\"2020-05-21T12:39:36+00:00\",\"dateModified\":\"2022-03-10T09:58:57+00:00\",\"description\":\"Galvanina tiene una historia antigua y fascinante. Situada en las laderas del monte Paradiso, donde se alzaron las antiguas termas romanas.\",\"breadcrumb\":{\"@id\":\"https:\\\/\\\/www.galvanina.com\\\/es\\\/quienes-somos\\\/storia\\\/#breadcrumb\"},\"inLanguage\":\"es\",\"potentialAction\":[{\"@type\":\"ReadAction\",\"target\":[\"https:\\\/\\\/www.galvanina.com\\\/es\\\/quienes-somos\\\/storia\\\/\"]}]},{\"@type\":\"ImageObject\",\"inLanguage\":\"es\",\"@id\":\"https:\\\/\\\/www.galvanina.com\\\/es\\\/quienes-somos\\\/storia\\\/#primaryimage\",\"url\":\"https:\\\/\\\/www.galvanina.com\\\/es\\\/wp-content\\\/uploads\\\/sites\\\/5\\\/2020\\\/06\\\/colonne-terme-romane-galvanina.jpg\",\"contentUrl\":\"https:\\\/\\\/www.galvanina.com\\\/es\\\/wp-content\\\/uploads\\\/sites\\\/5\\\/2020\\\/06\\\/colonne-terme-romane-galvanina.jpg\",\"width\":450,\"height\":326,\"caption\":\"colonne terme romane galvanina\"},{\"@type\":\"BreadcrumbList\",\"@id\":\"https:\\\/\\\/www.galvanina.com\\\/es\\\/quienes-somos\\\/storia\\\/#breadcrumb\",\"itemListElement\":[{\"@type\":\"ListItem\",\"position\":1,\"name\":\"Home\",\"item\":\"https:\\\/\\\/www.galvanina.com\\\/es\\\/\"},{\"@type\":\"ListItem\",\"position\":2,\"name\":\"Qui\u00e9nes somos\",\"item\":\"https:\\\/\\\/www.galvanina.com\\\/es\\\/quienes-somos\\\/\"},{\"@type\":\"ListItem\",\"position\":3,\"name\":\"Historia\"}]},{\"@type\":\"WebSite\",\"@id\":\"https:\\\/\\\/www.galvanina.com\\\/es\\\/#website\",\"url\":\"https:\\\/\\\/www.galvanina.com\\\/es\\\/\",\"name\":\"Galvanina\",\"description\":\"\",\"publisher\":{\"@id\":\"https:\\\/\\\/www.galvanina.com\\\/es\\\/#organization\"},\"potentialAction\":[{\"@type\":\"SearchAction\",\"target\":{\"@type\":\"EntryPoint\",\"urlTemplate\":\"https:\\\/\\\/www.galvanina.com\\\/es\\\/?s={search_term_string}\"},\"query-input\":{\"@type\":\"PropertyValueSpecification\",\"valueRequired\":true,\"valueName\":\"search_term_string\"}}],\"inLanguage\":\"es\"},{\"@type\":\"Organization\",\"@id\":\"https:\\\/\\\/www.galvanina.com\\\/es\\\/#organization\",\"name\":\"La Galvanina S.p.A.\",\"url\":\"https:\\\/\\\/www.galvanina.com\\\/es\\\/\",\"logo\":{\"@type\":\"ImageObject\",\"inLanguage\":\"es\",\"@id\":\"https:\\\/\\\/www.galvanina.com\\\/es\\\/#\\\/schema\\\/logo\\\/image\\\/\",\"url\":\"https:\\\/\\\/www.galvanina.com\\\/es\\\/wp-content\\\/uploads\\\/sites\\\/5\\\/2020\\\/06\\\/logo-galvanina.png\",\"contentUrl\":\"https:\\\/\\\/www.galvanina.com\\\/es\\\/wp-content\\\/uploads\\\/sites\\\/5\\\/2020\\\/06\\\/logo-galvanina.png\",\"width\":768,\"height\":768,\"caption\":\"La Galvanina S.p.A.\"},\"image\":{\"@id\":\"https:\\\/\\\/www.galvanina.com\\\/es\\\/#\\\/schema\\\/logo\\\/image\\\/\"},\"sameAs\":[\"https:\\\/\\\/www.facebook.com\\\/galvanina\\\/\",\"https:\\\/\\\/www.instagram.com\\\/lagalvanina\\\/\",\"https:\\\/\\\/www.linkedin.com\\\/company\\\/galvanina\\\/\"]}]}<\/script>\n<!-- \/ Yoast SEO plugin. -->","yoast_head_json":{"title":"Historia de Galvanina, los or\u00edgenes de una fuente de excelencia","description":"Galvanina tiene una historia antigua y fascinante. Situada en las laderas del monte Paradiso, donde se alzaron las antiguas termas romanas.","robots":{"index":"index","follow":"follow","max-snippet":"max-snippet:-1","max-image-preview":"max-image-preview:large","max-video-preview":"max-video-preview:-1"},"canonical":"https:\/\/www.galvanina.com\/es\/quienes-somos\/storia\/","og_locale":"es_ES","og_type":"article","og_title":"Historia de Galvanina, los or\u00edgenes de una fuente de excelencia","og_description":"Galvanina tiene una historia antigua y fascinante. Situada en las laderas del monte Paradiso, donde se alzaron las antiguas termas romanas.","og_url":"https:\/\/www.galvanina.com\/es\/quienes-somos\/storia\/","og_site_name":"Galvanina","article_publisher":"https:\/\/www.facebook.com\/galvanina\/","article_modified_time":"2022-03-10T09:58:57+00:00","og_image":[{"url":"https:\/\/www.galvanina.com\/es\/wp-content\/uploads\/sites\/5\/2020\/06\/colonne-terme-romane-galvanina.jpg","type":"","width":"","height":""}],"twitter_card":"summary_large_image","twitter_misc":{"Tiempo de lectura":"3 minutos"},"schema":{"@context":"https:\/\/schema.org","@graph":[{"@type":"WebPage","@id":"https:\/\/www.galvanina.com\/es\/quienes-somos\/storia\/","url":"https:\/\/www.galvanina.com\/es\/quienes-somos\/storia\/","name":"Historia de Galvanina, los or\u00edgenes de una fuente de excelencia","isPartOf":{"@id":"https:\/\/www.galvanina.com\/es\/#website"},"primaryImageOfPage":{"@id":"https:\/\/www.galvanina.com\/es\/quienes-somos\/storia\/#primaryimage"},"image":{"@id":"https:\/\/www.galvanina.com\/es\/quienes-somos\/storia\/#primaryimage"},"thumbnailUrl":"https:\/\/www.galvanina.com\/es\/wp-content\/uploads\/sites\/5\/2020\/06\/colonne-terme-romane-galvanina.jpg","datePublished":"2020-05-21T12:39:36+00:00","dateModified":"2022-03-10T09:58:57+00:00","description":"Galvanina tiene una historia antigua y fascinante. Situada en las laderas del monte Paradiso, donde se alzaron las antiguas termas romanas.","breadcrumb":{"@id":"https:\/\/www.galvanina.com\/es\/quienes-somos\/storia\/#breadcrumb"},"inLanguage":"es","potentialAction":[{"@type":"ReadAction","target":["https:\/\/www.galvanina.com\/es\/quienes-somos\/storia\/"]}]},{"@type":"ImageObject","inLanguage":"es","@id":"https:\/\/www.galvanina.com\/es\/quienes-somos\/storia\/#primaryimage","url":"https:\/\/www.galvanina.com\/es\/wp-content\/uploads\/sites\/5\/2020\/06\/colonne-terme-romane-galvanina.jpg","contentUrl":"https:\/\/www.galvanina.com\/es\/wp-content\/uploads\/sites\/5\/2020\/06\/colonne-terme-romane-galvanina.jpg","width":450,"height":326,"caption":"colonne terme romane galvanina"},{"@type":"BreadcrumbList","@id":"https:\/\/www.galvanina.com\/es\/quienes-somos\/storia\/#breadcrumb","itemListElement":[{"@type":"ListItem","position":1,"name":"Home","item":"https:\/\/www.galvanina.com\/es\/"},{"@type":"ListItem","position":2,"name":"Qui\u00e9nes somos","item":"https:\/\/www.galvanina.com\/es\/quienes-somos\/"},{"@type":"ListItem","position":3,"name":"Historia"}]},{"@type":"WebSite","@id":"https:\/\/www.galvanina.com\/es\/#website","url":"https:\/\/www.galvanina.com\/es\/","name":"Galvanina","description":"","publisher":{"@id":"https:\/\/www.galvanina.com\/es\/#organization"},"potentialAction":[{"@type":"SearchAction","target":{"@type":"EntryPoint","urlTemplate":"https:\/\/www.galvanina.com\/es\/?s={search_term_string}"},"query-input":{"@type":"PropertyValueSpecification","valueRequired":true,"valueName":"search_term_string"}}],"inLanguage":"es"},{"@type":"Organization","@id":"https:\/\/www.galvanina.com\/es\/#organization","name":"La Galvanina S.p.A.","url":"https:\/\/www.galvanina.com\/es\/","logo":{"@type":"ImageObject","inLanguage":"es","@id":"https:\/\/www.galvanina.com\/es\/#\/schema\/logo\/image\/","url":"https:\/\/www.galvanina.com\/es\/wp-content\/uploads\/sites\/5\/2020\/06\/logo-galvanina.png","contentUrl":"https:\/\/www.galvanina.com\/es\/wp-content\/uploads\/sites\/5\/2020\/06\/logo-galvanina.png","width":768,"height":768,"caption":"La Galvanina S.p.A."},"image":{"@id":"https:\/\/www.galvanina.com\/es\/#\/schema\/logo\/image\/"},"sameAs":["https:\/\/www.facebook.com\/galvanina\/","https:\/\/www.instagram.com\/lagalvanina\/","https:\/\/www.linkedin.com\/company\/galvanina\/"]}]}},"_links":{"self":[{"href":"https:\/\/www.galvanina.com\/es\/wp-json\/wp\/v2\/pages\/171","targetHints":{"allow":["GET"]}}],"collection":[{"href":"https:\/\/www.galvanina.com\/es\/wp-json\/wp\/v2\/pages"}],"about":[{"href":"https:\/\/www.galvanina.com\/es\/wp-json\/wp\/v2\/types\/page"}],"author":[{"embeddable":true,"href":"https:\/\/www.galvanina.com\/es\/wp-json\/wp\/v2\/users\/23"}],"replies":[{"embeddable":true,"href":"https:\/\/www.galvanina.com\/es\/wp-json\/wp\/v2\/comments?post=171"}],"version-history":[{"count":21,"href":"https:\/\/www.galvanina.com\/es\/wp-json\/wp\/v2\/pages\/171\/revisions"}],"predecessor-version":[{"id":6198,"href":"https:\/\/www.galvanina.com\/es\/wp-json\/wp\/v2\/pages\/171\/revisions\/6198"}],"up":[{"embeddable":true,"href":"https:\/\/www.galvanina.com\/es\/wp-json\/wp\/v2\/pages\/147"}],"wp:attachment":[{"href":"https:\/\/www.galvanina.com\/es\/wp-json\/wp\/v2\/media?parent=171"}],"curies":[{"name":"wp","href":"https:\/\/api.w.org\/{rel}","templated":true}]}}