{"id":15,"date":"2000-01-01T00:00:01","date_gmt":"1999-12-31T23:00:01","guid":{"rendered":"https:\/\/galvanina.dev.locale\/?page_id=15"},"modified":"2022-05-03T13:46:50","modified_gmt":"2022-05-03T11:46:50","slug":"home","status":"publish","type":"page","link":"https:\/\/www.galvanina.com\/es\/","title":{"rendered":"Home"},"content":{"rendered":"\r\n<div class=\"wp-block-columns m0 is-layout-flex wp-container-core-columns-is-layout-9d6595d7 wp-block-columns-is-layout-flex\">\r\n<div class=\"wp-block-column is-vertically-aligned-bottom is-layout-flow wp-block-column-is-layout-flow\">\r\n<figure class=\"wp-block-image size-large block m0\"><img loading=\"lazy\" decoding=\"async\" width=\"392\" height=\"404\" src=\"https:\/\/www.galvanina.com\/es\/wp-content\/uploads\/sites\/5\/2020\/05\/bicchiere.jpg\" alt=\"\" class=\"wp-image-62\" srcset=\"https:\/\/www.galvanina.com\/es\/wp-content\/uploads\/sites\/5\/2020\/05\/bicchiere.jpg 392w, https:\/\/www.galvanina.com\/es\/wp-content\/uploads\/sites\/5\/2020\/05\/bicchiere-240x247.jpg 240w, https:\/\/www.galvanina.com\/es\/wp-content\/uploads\/sites\/5\/2020\/05\/bicchiere-78x80.jpg 78w\" sizes=\"auto, (max-width: 392px) 100vw, 392px\" \/><\/figure>\r\n<\/div>\r\n\r\n\r\n\r\n<div class=\"wp-block-column h5 md-h4 py2 is-layout-flow wp-block-column-is-layout-flow\" style=\"flex-basis:60%\">\r\n<h1 class=\"lato h5 md-h4 line-height-4 mb2 wp-block-heading\"><strong><strong>Galvanina: t\u00e9 y bebidas org\u00e1nicas italianas<\/strong><\/strong>.<\/h1>\r\n\r\n\r\n\r\n<p>La empresa tiene una historia antigua y llena de encanto. Ubicada en las laderas del monte Para\u00edso, donde se hallaban las antiguas termas romanas, Galvanina toma su nombre de la fuente de agua mineral que lleva el mismo nombre. Es aqu\u00ed donde empieza un viaje para recorrer el territorio de R\u00edmini a trav\u00e9s de los siglos.<\/p>\r\n\r\n\r\n\r\n<p>Hoy en d\u00eda Galvanina est\u00e1 en m\u00e1s de 50 pa\u00edses del mundo, donde ofrece sus productos con calidad certificada: bebidas org\u00e1nicas, t\u00e9 fr\u00edo, aguas minerales, bebidas con gas y mixer.<\/p>\r\n\r\n\r\n\r\n<p><\/p>\r\n\r\n\r\n\r\n<div class=\"wp-block-buttons center sm-left-align mb2 is-layout-flex wp-block-buttons-is-layout-flex\">\r\n<div class=\"wp-block-button is-style-fill\"><a class=\"wp-block-button__link btn cta-3c61167\" href=\"https:\/\/www.galvanina.com\/es\/quienes-somos\/\"><strong>QUI\u00c9NES SOMOS<\/strong><\/a><\/div>\r\n<\/div>\r\n<\/div>\r\n<\/div>\r\n","protected":false},"excerpt":{"rendered":"<p>Galvanina: t\u00e9 y bebidas org\u00e1nicas italianas. La empresa tiene una historia antigua y llena de encanto. Ubicada en las laderas del monte Para\u00edso, donde se hallaban las antiguas termas romanas, Galvanina toma su nombre de la fuente de agua mineral que lleva el mismo nombre. Es aqu\u00ed donde empieza un viaje para recorrer el territorio [&hellip;]<\/p>\n","protected":false},"author":23,"featured_media":2140,"parent":0,"menu_order":0,"comment_status":"closed","ping_status":"closed","template":"page-home.php","meta":{"footnotes":""},"class_list":["post-15","page","type-page","status-publish","has-post-thumbnail","hentry"],"yoast_head":"<!-- This site is optimized with the Yoast SEO plugin v27.3 - https:\/\/yoast.com\/product\/yoast-seo-wordpress\/ -->\n<title>Galvanina | Natural essence, perky soul | Esencia natural, alma alegre<\/title>\n<meta name=\"description\" content=\"Galvanina, Esencia natural, alma alegre. El productor italiano de bebidas org\u00e1nicas, conocido por sus aguas minerales y refrescos carbonatados org\u00e1nicos.\" \/>\n<meta name=\"robots\" content=\"index, follow, max-snippet:-1, max-image-preview:large, max-video-preview:-1\" \/>\n<link rel=\"canonical\" href=\"https:\/\/www.galvanina.com\/es\/\" \/>\n<meta property=\"og:locale\" content=\"es_ES\" \/>\n<meta property=\"og:type\" content=\"article\" \/>\n<meta property=\"og:title\" content=\"Galvanina | Natural essence, perky soul | Esencia natural, alma alegre\" \/>\n<meta property=\"og:description\" content=\"Galvanina, Esencia natural, alma alegre. El productor italiano de bebidas org\u00e1nicas, conocido por sus aguas minerales y refrescos carbonatados org\u00e1nicos.\" \/>\n<meta property=\"og:url\" content=\"https:\/\/www.galvanina.com\/es\/\" \/>\n<meta property=\"og:site_name\" content=\"Galvanina\" \/>\n<meta property=\"article:publisher\" content=\"https:\/\/www.facebook.com\/galvanina\/\" \/>\n<meta property=\"article:modified_time\" content=\"2022-05-03T11:46:50+00:00\" \/>\n<meta property=\"og:image\" content=\"https:\/\/www.galvanina.com\/es\/wp-content\/uploads\/sites\/5\/2020\/06\/galvanina-social.jpg\" \/>\n\t<meta property=\"og:image:width\" content=\"1080\" \/>\n\t<meta property=\"og:image:height\" content=\"630\" \/>\n\t<meta property=\"og:image:type\" content=\"image\/jpeg\" \/>\n<meta name=\"twitter:card\" content=\"summary_large_image\" \/>\n<meta name=\"twitter:label1\" content=\"Tiempo de lectura\" \/>\n\t<meta name=\"twitter:data1\" content=\"1 minuto\" \/>\n<script type=\"application\/ld+json\" class=\"yoast-schema-graph\">{\"@context\":\"https:\\\/\\\/schema.org\",\"@graph\":[{\"@type\":\"WebPage\",\"@id\":\"https:\\\/\\\/www.galvanina.com\\\/es\\\/\",\"url\":\"https:\\\/\\\/www.galvanina.com\\\/es\\\/\",\"name\":\"Galvanina | Natural essence, perky soul | Esencia natural, alma alegre\",\"isPartOf\":{\"@id\":\"https:\\\/\\\/www.galvanina.com\\\/es\\\/#website\"},\"primaryImageOfPage\":{\"@id\":\"https:\\\/\\\/www.galvanina.com\\\/es\\\/#primaryimage\"},\"image\":{\"@id\":\"https:\\\/\\\/www.galvanina.com\\\/es\\\/#primaryimage\"},\"thumbnailUrl\":\"https:\\\/\\\/www.galvanina.com\\\/es\\\/wp-content\\\/uploads\\\/sites\\\/5\\\/2020\\\/06\\\/galvanina-social.jpg\",\"datePublished\":\"1999-12-31T23:00:01+00:00\",\"dateModified\":\"2022-05-03T11:46:50+00:00\",\"description\":\"Galvanina, Esencia natural, alma alegre. El productor italiano de bebidas org\u00e1nicas, conocido por sus aguas minerales y refrescos carbonatados org\u00e1nicos.\",\"breadcrumb\":{\"@id\":\"https:\\\/\\\/www.galvanina.com\\\/es\\\/#breadcrumb\"},\"inLanguage\":\"es\",\"potentialAction\":[{\"@type\":\"ReadAction\",\"target\":[\"https:\\\/\\\/www.galvanina.com\\\/es\\\/\"]}]},{\"@type\":\"ImageObject\",\"inLanguage\":\"es\",\"@id\":\"https:\\\/\\\/www.galvanina.com\\\/es\\\/#primaryimage\",\"url\":\"https:\\\/\\\/www.galvanina.com\\\/es\\\/wp-content\\\/uploads\\\/sites\\\/5\\\/2020\\\/06\\\/galvanina-social.jpg\",\"contentUrl\":\"https:\\\/\\\/www.galvanina.com\\\/es\\\/wp-content\\\/uploads\\\/sites\\\/5\\\/2020\\\/06\\\/galvanina-social.jpg\",\"width\":1080,\"height\":630,\"caption\":\"Natural essence, perky soul\"},{\"@type\":\"BreadcrumbList\",\"@id\":\"https:\\\/\\\/www.galvanina.com\\\/es\\\/#breadcrumb\",\"itemListElement\":[{\"@type\":\"ListItem\",\"position\":1,\"name\":\"Home\",\"item\":\"https:\\\/\\\/www.galvanina.com\\\/es\\\/\"},{\"@type\":\"ListItem\",\"position\":2,\"name\":\"Home\"}]},{\"@type\":\"WebSite\",\"@id\":\"https:\\\/\\\/www.galvanina.com\\\/es\\\/#website\",\"url\":\"https:\\\/\\\/www.galvanina.com\\\/es\\\/\",\"name\":\"Galvanina\",\"description\":\"\",\"publisher\":{\"@id\":\"https:\\\/\\\/www.galvanina.com\\\/es\\\/#organization\"},\"potentialAction\":[{\"@type\":\"SearchAction\",\"target\":{\"@type\":\"EntryPoint\",\"urlTemplate\":\"https:\\\/\\\/www.galvanina.com\\\/es\\\/?s={search_term_string}\"},\"query-input\":{\"@type\":\"PropertyValueSpecification\",\"valueRequired\":true,\"valueName\":\"search_term_string\"}}],\"inLanguage\":\"es\"},{\"@type\":\"Organization\",\"@id\":\"https:\\\/\\\/www.galvanina.com\\\/es\\\/#organization\",\"name\":\"La Galvanina S.p.A.\",\"url\":\"https:\\\/\\\/www.galvanina.com\\\/es\\\/\",\"logo\":{\"@type\":\"ImageObject\",\"inLanguage\":\"es\",\"@id\":\"https:\\\/\\\/www.galvanina.com\\\/es\\\/#\\\/schema\\\/logo\\\/image\\\/\",\"url\":\"https:\\\/\\\/www.galvanina.com\\\/es\\\/wp-content\\\/uploads\\\/sites\\\/5\\\/2020\\\/06\\\/logo-galvanina.png\",\"contentUrl\":\"https:\\\/\\\/www.galvanina.com\\\/es\\\/wp-content\\\/uploads\\\/sites\\\/5\\\/2020\\\/06\\\/logo-galvanina.png\",\"width\":768,\"height\":768,\"caption\":\"La Galvanina S.p.A.\"},\"image\":{\"@id\":\"https:\\\/\\\/www.galvanina.com\\\/es\\\/#\\\/schema\\\/logo\\\/image\\\/\"},\"sameAs\":[\"https:\\\/\\\/www.facebook.com\\\/galvanina\\\/\",\"https:\\\/\\\/www.instagram.com\\\/lagalvanina\\\/\",\"https:\\\/\\\/www.linkedin.com\\\/company\\\/galvanina\\\/\"]}]}<\/script>\n<!-- \/ Yoast SEO plugin. -->","yoast_head_json":{"title":"Galvanina | Natural essence, perky soul | Esencia natural, alma alegre","description":"Galvanina, Esencia natural, alma alegre. El productor italiano de bebidas org\u00e1nicas, conocido por sus aguas minerales y refrescos carbonatados org\u00e1nicos.","robots":{"index":"index","follow":"follow","max-snippet":"max-snippet:-1","max-image-preview":"max-image-preview:large","max-video-preview":"max-video-preview:-1"},"canonical":"https:\/\/www.galvanina.com\/es\/","og_locale":"es_ES","og_type":"article","og_title":"Galvanina | Natural essence, perky soul | Esencia natural, alma alegre","og_description":"Galvanina, Esencia natural, alma alegre. El productor italiano de bebidas org\u00e1nicas, conocido por sus aguas minerales y refrescos carbonatados org\u00e1nicos.","og_url":"https:\/\/www.galvanina.com\/es\/","og_site_name":"Galvanina","article_publisher":"https:\/\/www.facebook.com\/galvanina\/","article_modified_time":"2022-05-03T11:46:50+00:00","og_image":[{"width":1080,"height":630,"url":"https:\/\/www.galvanina.com\/es\/wp-content\/uploads\/sites\/5\/2020\/06\/galvanina-social.jpg","type":"image\/jpeg"}],"twitter_card":"summary_large_image","twitter_misc":{"Tiempo de lectura":"1 minuto"},"schema":{"@context":"https:\/\/schema.org","@graph":[{"@type":"WebPage","@id":"https:\/\/www.galvanina.com\/es\/","url":"https:\/\/www.galvanina.com\/es\/","name":"Galvanina | Natural essence, perky soul | Esencia natural, alma alegre","isPartOf":{"@id":"https:\/\/www.galvanina.com\/es\/#website"},"primaryImageOfPage":{"@id":"https:\/\/www.galvanina.com\/es\/#primaryimage"},"image":{"@id":"https:\/\/www.galvanina.com\/es\/#primaryimage"},"thumbnailUrl":"https:\/\/www.galvanina.com\/es\/wp-content\/uploads\/sites\/5\/2020\/06\/galvanina-social.jpg","datePublished":"1999-12-31T23:00:01+00:00","dateModified":"2022-05-03T11:46:50+00:00","description":"Galvanina, Esencia natural, alma alegre. El productor italiano de bebidas org\u00e1nicas, conocido por sus aguas minerales y refrescos carbonatados org\u00e1nicos.","breadcrumb":{"@id":"https:\/\/www.galvanina.com\/es\/#breadcrumb"},"inLanguage":"es","potentialAction":[{"@type":"ReadAction","target":["https:\/\/www.galvanina.com\/es\/"]}]},{"@type":"ImageObject","inLanguage":"es","@id":"https:\/\/www.galvanina.com\/es\/#primaryimage","url":"https:\/\/www.galvanina.com\/es\/wp-content\/uploads\/sites\/5\/2020\/06\/galvanina-social.jpg","contentUrl":"https:\/\/www.galvanina.com\/es\/wp-content\/uploads\/sites\/5\/2020\/06\/galvanina-social.jpg","width":1080,"height":630,"caption":"Natural essence, perky soul"},{"@type":"BreadcrumbList","@id":"https:\/\/www.galvanina.com\/es\/#breadcrumb","itemListElement":[{"@type":"ListItem","position":1,"name":"Home","item":"https:\/\/www.galvanina.com\/es\/"},{"@type":"ListItem","position":2,"name":"Home"}]},{"@type":"WebSite","@id":"https:\/\/www.galvanina.com\/es\/#website","url":"https:\/\/www.galvanina.com\/es\/","name":"Galvanina","description":"","publisher":{"@id":"https:\/\/www.galvanina.com\/es\/#organization"},"potentialAction":[{"@type":"SearchAction","target":{"@type":"EntryPoint","urlTemplate":"https:\/\/www.galvanina.com\/es\/?s={search_term_string}"},"query-input":{"@type":"PropertyValueSpecification","valueRequired":true,"valueName":"search_term_string"}}],"inLanguage":"es"},{"@type":"Organization","@id":"https:\/\/www.galvanina.com\/es\/#organization","name":"La Galvanina S.p.A.","url":"https:\/\/www.galvanina.com\/es\/","logo":{"@type":"ImageObject","inLanguage":"es","@id":"https:\/\/www.galvanina.com\/es\/#\/schema\/logo\/image\/","url":"https:\/\/www.galvanina.com\/es\/wp-content\/uploads\/sites\/5\/2020\/06\/logo-galvanina.png","contentUrl":"https:\/\/www.galvanina.com\/es\/wp-content\/uploads\/sites\/5\/2020\/06\/logo-galvanina.png","width":768,"height":768,"caption":"La Galvanina S.p.A."},"image":{"@id":"https:\/\/www.galvanina.com\/es\/#\/schema\/logo\/image\/"},"sameAs":["https:\/\/www.facebook.com\/galvanina\/","https:\/\/www.instagram.com\/lagalvanina\/","https:\/\/www.linkedin.com\/company\/galvanina\/"]}]}},"_links":{"self":[{"href":"https:\/\/www.galvanina.com\/es\/wp-json\/wp\/v2\/pages\/15","targetHints":{"allow":["GET"]}}],"collection":[{"href":"https:\/\/www.galvanina.com\/es\/wp-json\/wp\/v2\/pages"}],"about":[{"href":"https:\/\/www.galvanina.com\/es\/wp-json\/wp\/v2\/types\/page"}],"author":[{"embeddable":true,"href":"https:\/\/www.galvanina.com\/es\/wp-json\/wp\/v2\/users\/23"}],"replies":[{"embeddable":true,"href":"https:\/\/www.galvanina.com\/es\/wp-json\/wp\/v2\/comments?post=15"}],"version-history":[{"count":45,"href":"https:\/\/www.galvanina.com\/es\/wp-json\/wp\/v2\/pages\/15\/revisions"}],"predecessor-version":[{"id":6219,"href":"https:\/\/www.galvanina.com\/es\/wp-json\/wp\/v2\/pages\/15\/revisions\/6219"}],"wp:featuredmedia":[{"embeddable":true,"href":"https:\/\/www.galvanina.com\/es\/wp-json\/wp\/v2\/media\/2140"}],"wp:attachment":[{"href":"https:\/\/www.galvanina.com\/es\/wp-json\/wp\/v2\/media?parent=15"}],"curies":[{"name":"wp","href":"https:\/\/api.w.org\/{rel}","templated":true}]}}