{"id":147,"date":"2020-05-21T09:11:53","date_gmt":"2020-05-21T07:11:53","guid":{"rendered":"https:\/\/galvanina.dev.locale\/?page_id=147"},"modified":"2022-03-10T10:55:33","modified_gmt":"2022-03-10T09:55:33","slug":"quienes-somos","status":"publish","type":"page","link":"https:\/\/www.galvanina.com\/es\/quienes-somos\/","title":{"rendered":"Qui\u00e9nes somos"},"content":{"rendered":"\n<p><strong>Al principio era el agua.<\/strong><\/p>\n\n\n\n<p><strong>Y a\u00fan hoy lo es.<\/strong><\/p>\n\n\n\n<p>La empresa nace a mediados del siglo pasado como un taller artesanal para el embotellado del agua mineral y luego se convierte en un negocio industrial.<\/p>\n\n\n\n<p>Su nombre remite al manantial Galvanina que se encuentra en un lugar que ya conoc\u00edan los Romanos: el monte Para\u00edso. En la segunda mitad del siglo XX se hallaron muchos restos arqueol\u00f3gicos durante una campa\u00f1a de excavaciones para la construcci\u00f3n del nuevo sistema de recogida de las aguas manantiales. Hoy en d\u00eda, estos restos se conservan en el museo de la empresa.<\/p>\n\n\n\n<p>El agua es pura en el manantial, tiene un equilibrio perfecto de minerales y es rica en minerales. Incluso el proceso de formaci\u00f3n de carbonatos es natural; de hecho, Galvanina solo usa di\u00f3xido de carbono de origen mineral natural.<\/p>\n\n\n\n<p><strong>Nada es casual.<\/strong><\/p>\n\n\n\n<p>Galvanina es una historia hecha de autenticidad, calidad, atenci\u00f3n por el detalle con un objetivo muy claro: hacer que las personas sean felices a trav\u00e9s de una experiencia de sabor.<\/p>\n\n\n\n<p>Las mejores frutas y los mejores c\u00edtricos, las perfumadas hierbas arom\u00e1ticas del sur de Italia y de la cuenca del Mediterr\u00e1neo desempe\u00f1an un papel determinante en nuestras bebidas.<\/p>\n\n\n\n<p>No se trata tan solo de sabores sencillos: es el conjunto del medio ambiente, de la atm\u00f3sfera, de la historia, de la cultura y de un cierto estilo de vida en los que nos inspiramos para crear experiencias aut\u00e9nticas para celebrar los peque\u00f1os y grandes momentos de placer.<\/p>\n\n\n\n<p>La calidad es nuestro punto de valor, los sabores naturales son nuestra caracter\u00edstica inconfundible, todo ello encerrado en una botella ic\u00f3nica. Mucho m\u00e1s que una bebida: una experiencia que esculpe la memoria del gusto.<\/p>\n\n\n\n<figure class=\"wp-block-image size-large\"><img loading=\"lazy\" decoding=\"async\" width=\"1280\" height=\"897\" src=\"https:\/\/www.galvanina.com\/wp-content\/uploads\/2020\/05\/macchinario-limonata-bio-1280x897.jpg\" alt=\"impianto produzione limonata bio\" class=\"wp-image-1753\" srcset=\"https:\/\/www.galvanina.com\/es\/wp-content\/uploads\/sites\/5\/2020\/05\/macchinario-limonata-bio-1280x897.jpg 1280w, https:\/\/www.galvanina.com\/es\/wp-content\/uploads\/sites\/5\/2020\/05\/macchinario-limonata-bio-600x420.jpg 600w, https:\/\/www.galvanina.com\/es\/wp-content\/uploads\/sites\/5\/2020\/05\/macchinario-limonata-bio-768x538.jpg 768w, https:\/\/www.galvanina.com\/es\/wp-content\/uploads\/sites\/5\/2020\/05\/macchinario-limonata-bio-240x168.jpg 240w, https:\/\/www.galvanina.com\/es\/wp-content\/uploads\/sites\/5\/2020\/05\/macchinario-limonata-bio-114x80.jpg 114w, https:\/\/www.galvanina.com\/es\/wp-content\/uploads\/sites\/5\/2020\/05\/macchinario-limonata-bio.jpg 1440w\" sizes=\"auto, (max-width: 1280px) 100vw, 1280px\" \/><\/figure>\n\n\n\n<p><\/p>\n","protected":false},"excerpt":{"rendered":"<p>Al principio era el agua. Y a\u00fan hoy lo es. La empresa nace a mediados del siglo pasado como un taller artesanal para el embotellado del agua mineral y luego se convierte en un negocio industrial. Su nombre remite al manantial Galvanina que se encuentra en un lugar que ya conoc\u00edan los Romanos: el monte [&hellip;]<\/p>\n","protected":false},"author":23,"featured_media":0,"parent":0,"menu_order":0,"comment_status":"closed","ping_status":"closed","template":"","meta":{"footnotes":""},"class_list":["post-147","page","type-page","status-publish","hentry"],"yoast_head":"<!-- This site is optimized with the Yoast SEO plugin v27.5 - https:\/\/yoast.com\/product\/yoast-seo-wordpress\/ -->\n<title>Qui\u00e9nes somos<\/title>\n<meta name=\"description\" content=\"Galvanina toma su nombre de la fuente de agua del mismo nombre ubicada en las colinas de Rimini. Aqu\u00ed es donde comenz\u00f3 el embotellado hace un siglo\" \/>\n<meta name=\"robots\" content=\"index, follow, max-snippet:-1, max-image-preview:large, max-video-preview:-1\" \/>\n<link rel=\"canonical\" href=\"https:\/\/www.galvanina.com\/es\/quienes-somos\/\" \/>\n<meta property=\"og:locale\" content=\"es_ES\" \/>\n<meta property=\"og:type\" content=\"article\" \/>\n<meta property=\"og:title\" content=\"Qui\u00e9nes somos\" \/>\n<meta property=\"og:description\" content=\"Galvanina toma su nombre de la fuente de agua del mismo nombre ubicada en las colinas de Rimini. Aqu\u00ed es donde comenz\u00f3 el embotellado hace un siglo\" \/>\n<meta property=\"og:url\" content=\"https:\/\/www.galvanina.com\/es\/quienes-somos\/\" \/>\n<meta property=\"og:site_name\" content=\"Galvanina\" \/>\n<meta property=\"article:publisher\" content=\"https:\/\/www.facebook.com\/galvanina\/\" \/>\n<meta property=\"article:modified_time\" content=\"2022-03-10T09:55:33+00:00\" \/>\n<meta property=\"og:image\" content=\"https:\/\/www.galvanina.com\/wp-content\/uploads\/2020\/05\/macchinario-limonata-bio-1280x897.jpg\" \/>\n<meta name=\"twitter:card\" content=\"summary_large_image\" \/>\n<meta name=\"twitter:label1\" content=\"Tiempo de lectura\" \/>\n\t<meta name=\"twitter:data1\" content=\"2 minutos\" \/>\n<script type=\"application\/ld+json\" class=\"yoast-schema-graph\">{\"@context\":\"https:\\\/\\\/schema.org\",\"@graph\":[{\"@type\":\"WebPage\",\"@id\":\"https:\\\/\\\/www.galvanina.com\\\/es\\\/quienes-somos\\\/\",\"url\":\"https:\\\/\\\/www.galvanina.com\\\/es\\\/quienes-somos\\\/\",\"name\":\"Qui\u00e9nes somos\",\"isPartOf\":{\"@id\":\"https:\\\/\\\/www.galvanina.com\\\/es\\\/#website\"},\"primaryImageOfPage\":{\"@id\":\"https:\\\/\\\/www.galvanina.com\\\/es\\\/quienes-somos\\\/#primaryimage\"},\"image\":{\"@id\":\"https:\\\/\\\/www.galvanina.com\\\/es\\\/quienes-somos\\\/#primaryimage\"},\"thumbnailUrl\":\"https:\\\/\\\/www.galvanina.com\\\/wp-content\\\/uploads\\\/2020\\\/05\\\/macchinario-limonata-bio-1280x897.jpg\",\"datePublished\":\"2020-05-21T07:11:53+00:00\",\"dateModified\":\"2022-03-10T09:55:33+00:00\",\"description\":\"Galvanina toma su nombre de la fuente de agua del mismo nombre ubicada en las colinas de Rimini. Aqu\u00ed es donde comenz\u00f3 el embotellado hace un siglo\",\"breadcrumb\":{\"@id\":\"https:\\\/\\\/www.galvanina.com\\\/es\\\/quienes-somos\\\/#breadcrumb\"},\"inLanguage\":\"es\",\"potentialAction\":[{\"@type\":\"ReadAction\",\"target\":[\"https:\\\/\\\/www.galvanina.com\\\/es\\\/quienes-somos\\\/\"]}]},{\"@type\":\"ImageObject\",\"inLanguage\":\"es\",\"@id\":\"https:\\\/\\\/www.galvanina.com\\\/es\\\/quienes-somos\\\/#primaryimage\",\"url\":\"https:\\\/\\\/www.galvanina.com\\\/wp-content\\\/uploads\\\/2020\\\/05\\\/macchinario-limonata-bio-1280x897.jpg\",\"contentUrl\":\"https:\\\/\\\/www.galvanina.com\\\/wp-content\\\/uploads\\\/2020\\\/05\\\/macchinario-limonata-bio-1280x897.jpg\"},{\"@type\":\"BreadcrumbList\",\"@id\":\"https:\\\/\\\/www.galvanina.com\\\/es\\\/quienes-somos\\\/#breadcrumb\",\"itemListElement\":[{\"@type\":\"ListItem\",\"position\":1,\"name\":\"Home\",\"item\":\"https:\\\/\\\/www.galvanina.com\\\/es\\\/\"},{\"@type\":\"ListItem\",\"position\":2,\"name\":\"Qui\u00e9nes somos\"}]},{\"@type\":\"WebSite\",\"@id\":\"https:\\\/\\\/www.galvanina.com\\\/es\\\/#website\",\"url\":\"https:\\\/\\\/www.galvanina.com\\\/es\\\/\",\"name\":\"Galvanina\",\"description\":\"\",\"publisher\":{\"@id\":\"https:\\\/\\\/www.galvanina.com\\\/es\\\/#organization\"},\"potentialAction\":[{\"@type\":\"SearchAction\",\"target\":{\"@type\":\"EntryPoint\",\"urlTemplate\":\"https:\\\/\\\/www.galvanina.com\\\/es\\\/?s={search_term_string}\"},\"query-input\":{\"@type\":\"PropertyValueSpecification\",\"valueRequired\":true,\"valueName\":\"search_term_string\"}}],\"inLanguage\":\"es\"},{\"@type\":\"Organization\",\"@id\":\"https:\\\/\\\/www.galvanina.com\\\/es\\\/#organization\",\"name\":\"La Galvanina S.p.A.\",\"url\":\"https:\\\/\\\/www.galvanina.com\\\/es\\\/\",\"logo\":{\"@type\":\"ImageObject\",\"inLanguage\":\"es\",\"@id\":\"https:\\\/\\\/www.galvanina.com\\\/es\\\/#\\\/schema\\\/logo\\\/image\\\/\",\"url\":\"https:\\\/\\\/www.galvanina.com\\\/es\\\/wp-content\\\/uploads\\\/sites\\\/5\\\/2020\\\/06\\\/logo-galvanina.png\",\"contentUrl\":\"https:\\\/\\\/www.galvanina.com\\\/es\\\/wp-content\\\/uploads\\\/sites\\\/5\\\/2020\\\/06\\\/logo-galvanina.png\",\"width\":768,\"height\":768,\"caption\":\"La Galvanina S.p.A.\"},\"image\":{\"@id\":\"https:\\\/\\\/www.galvanina.com\\\/es\\\/#\\\/schema\\\/logo\\\/image\\\/\"},\"sameAs\":[\"https:\\\/\\\/www.facebook.com\\\/galvanina\\\/\",\"https:\\\/\\\/www.instagram.com\\\/lagalvanina\\\/\",\"https:\\\/\\\/www.linkedin.com\\\/company\\\/galvanina\\\/\"]}]}<\/script>\n<!-- \/ Yoast SEO plugin. -->","yoast_head_json":{"title":"Qui\u00e9nes somos","description":"Galvanina toma su nombre de la fuente de agua del mismo nombre ubicada en las colinas de Rimini. Aqu\u00ed es donde comenz\u00f3 el embotellado hace un siglo","robots":{"index":"index","follow":"follow","max-snippet":"max-snippet:-1","max-image-preview":"max-image-preview:large","max-video-preview":"max-video-preview:-1"},"canonical":"https:\/\/www.galvanina.com\/es\/quienes-somos\/","og_locale":"es_ES","og_type":"article","og_title":"Qui\u00e9nes somos","og_description":"Galvanina toma su nombre de la fuente de agua del mismo nombre ubicada en las colinas de Rimini. Aqu\u00ed es donde comenz\u00f3 el embotellado hace un siglo","og_url":"https:\/\/www.galvanina.com\/es\/quienes-somos\/","og_site_name":"Galvanina","article_publisher":"https:\/\/www.facebook.com\/galvanina\/","article_modified_time":"2022-03-10T09:55:33+00:00","og_image":[{"url":"https:\/\/www.galvanina.com\/wp-content\/uploads\/2020\/05\/macchinario-limonata-bio-1280x897.jpg","type":"","width":"","height":""}],"twitter_card":"summary_large_image","twitter_misc":{"Tiempo de lectura":"2 minutos"},"schema":{"@context":"https:\/\/schema.org","@graph":[{"@type":"WebPage","@id":"https:\/\/www.galvanina.com\/es\/quienes-somos\/","url":"https:\/\/www.galvanina.com\/es\/quienes-somos\/","name":"Qui\u00e9nes somos","isPartOf":{"@id":"https:\/\/www.galvanina.com\/es\/#website"},"primaryImageOfPage":{"@id":"https:\/\/www.galvanina.com\/es\/quienes-somos\/#primaryimage"},"image":{"@id":"https:\/\/www.galvanina.com\/es\/quienes-somos\/#primaryimage"},"thumbnailUrl":"https:\/\/www.galvanina.com\/wp-content\/uploads\/2020\/05\/macchinario-limonata-bio-1280x897.jpg","datePublished":"2020-05-21T07:11:53+00:00","dateModified":"2022-03-10T09:55:33+00:00","description":"Galvanina toma su nombre de la fuente de agua del mismo nombre ubicada en las colinas de Rimini. Aqu\u00ed es donde comenz\u00f3 el embotellado hace un siglo","breadcrumb":{"@id":"https:\/\/www.galvanina.com\/es\/quienes-somos\/#breadcrumb"},"inLanguage":"es","potentialAction":[{"@type":"ReadAction","target":["https:\/\/www.galvanina.com\/es\/quienes-somos\/"]}]},{"@type":"ImageObject","inLanguage":"es","@id":"https:\/\/www.galvanina.com\/es\/quienes-somos\/#primaryimage","url":"https:\/\/www.galvanina.com\/wp-content\/uploads\/2020\/05\/macchinario-limonata-bio-1280x897.jpg","contentUrl":"https:\/\/www.galvanina.com\/wp-content\/uploads\/2020\/05\/macchinario-limonata-bio-1280x897.jpg"},{"@type":"BreadcrumbList","@id":"https:\/\/www.galvanina.com\/es\/quienes-somos\/#breadcrumb","itemListElement":[{"@type":"ListItem","position":1,"name":"Home","item":"https:\/\/www.galvanina.com\/es\/"},{"@type":"ListItem","position":2,"name":"Qui\u00e9nes somos"}]},{"@type":"WebSite","@id":"https:\/\/www.galvanina.com\/es\/#website","url":"https:\/\/www.galvanina.com\/es\/","name":"Galvanina","description":"","publisher":{"@id":"https:\/\/www.galvanina.com\/es\/#organization"},"potentialAction":[{"@type":"SearchAction","target":{"@type":"EntryPoint","urlTemplate":"https:\/\/www.galvanina.com\/es\/?s={search_term_string}"},"query-input":{"@type":"PropertyValueSpecification","valueRequired":true,"valueName":"search_term_string"}}],"inLanguage":"es"},{"@type":"Organization","@id":"https:\/\/www.galvanina.com\/es\/#organization","name":"La Galvanina S.p.A.","url":"https:\/\/www.galvanina.com\/es\/","logo":{"@type":"ImageObject","inLanguage":"es","@id":"https:\/\/www.galvanina.com\/es\/#\/schema\/logo\/image\/","url":"https:\/\/www.galvanina.com\/es\/wp-content\/uploads\/sites\/5\/2020\/06\/logo-galvanina.png","contentUrl":"https:\/\/www.galvanina.com\/es\/wp-content\/uploads\/sites\/5\/2020\/06\/logo-galvanina.png","width":768,"height":768,"caption":"La Galvanina S.p.A."},"image":{"@id":"https:\/\/www.galvanina.com\/es\/#\/schema\/logo\/image\/"},"sameAs":["https:\/\/www.facebook.com\/galvanina\/","https:\/\/www.instagram.com\/lagalvanina\/","https:\/\/www.linkedin.com\/company\/galvanina\/"]}]}},"_links":{"self":[{"href":"https:\/\/www.galvanina.com\/es\/wp-json\/wp\/v2\/pages\/147","targetHints":{"allow":["GET"]}}],"collection":[{"href":"https:\/\/www.galvanina.com\/es\/wp-json\/wp\/v2\/pages"}],"about":[{"href":"https:\/\/www.galvanina.com\/es\/wp-json\/wp\/v2\/types\/page"}],"author":[{"embeddable":true,"href":"https:\/\/www.galvanina.com\/es\/wp-json\/wp\/v2\/users\/23"}],"replies":[{"embeddable":true,"href":"https:\/\/www.galvanina.com\/es\/wp-json\/wp\/v2\/comments?post=147"}],"version-history":[{"count":8,"href":"https:\/\/www.galvanina.com\/es\/wp-json\/wp\/v2\/pages\/147\/revisions"}],"predecessor-version":[{"id":6135,"href":"https:\/\/www.galvanina.com\/es\/wp-json\/wp\/v2\/pages\/147\/revisions\/6135"}],"wp:attachment":[{"href":"https:\/\/www.galvanina.com\/es\/wp-json\/wp\/v2\/media?parent=147"}],"curies":[{"name":"wp","href":"https:\/\/api.w.org\/{rel}","templated":true}]}}