{"id":5585,"date":"2025-12-02T12:46:38","date_gmt":"2025-12-02T11:46:38","guid":{"rendered":"https:\/\/www.galvanina.com\/de\/?page_id=5585"},"modified":"2026-04-22T16:14:38","modified_gmt":"2026-04-22T14:14:38","slug":"kontakt","status":"publish","type":"page","link":"https:\/\/www.galvanina.com\/de\/kontakt\/","title":{"rendered":"Kontakt"},"content":{"rendered":"<form id=\"jquery_form_contatti\" action=\"\" method=\"POST\">\n<input type=\"hidden\" id=\"security_nonce\" name=\"security_nonce\" value=\"c24ee5de77\" \/><input type=\"hidden\" name=\"_wp_http_referer\" value=\"\/de\/wp-json\/wp\/v2\/pages\/5585\" \/><br \/>\n<input type=\"hidden\" name=\"contatti_form\" value=\"1\"><br \/>\n<input name=\"language\" type=\"hidden\" value=\"de\"><br \/>\n<input name=\"retURL\" type=\"hidden\" value=\"\/de\/danke-dass-du-uns-geschrieben-hast\/\"><br \/>\n<label for=\"first_name\">Vorname<\/label><input id=\"first_name\" maxlength=\"40\" name=\"first_name\" size=\"20\" type=\"text\" required><br \/>\n<label for=\"last_name\">Nachnamen<\/label><input id=\"last_name\" maxlength=\"80\" name=\"last_name\" size=\"20\" type=\"text\" required><br \/>\n<label for=\"email\">Email<\/label><input id=\"email\" maxlength=\"80\" name=\"email\" size=\"20\" type=\"text\" required><br \/>\n<label for=\"phone\">ORT<\/label><input id=\"phone\" maxlength=\"40\" name=\"phone\" size=\"20\" type=\"text\"><br \/>\n<label for=\"company\">Firma<\/label><input id=\"company\" maxlength=\"40\" name=\"company\" size=\"20\" type=\"text\"><br \/>\n<label for=\"url\">Website<\/label><input id=\"url\" maxlength=\"80\" name=\"url\" size=\"20\" type=\"text\"><br \/>\nNachricht:<textarea id=\"message\" name=\"message\" wrap=\"soft\" required><\/textarea><\/p>\n<div class=\"privacy-area\">\n<div>\n<input id=\"privacy_policy\" name=\"privacy_policy\" type=\"checkbox\" value=\"1\" required \/><br \/>\n<span class=\"desc-chk\">Ich habe die <a target=\"_blank\" href=\"https:\/\/www.galvanina.com\/de\/legal\/datenschutz-cookies\/\" rel=\"noopener\">Datenschutzerkl\u00e4rung<\/a> gelesen<\/span>\n<\/div>\n<div>\n<input id=\"info_to_other\" name=\"info_to_other\" type=\"checkbox\" value=\"1\" \/><br \/>\n<span class=\"desc-chk\">Ich stimme der Weitergabe meiner personenbezogenen Daten an Dritte (z. B. Wiederverk\u00e4ufer, Vertriebsh\u00e4ndler oder Vertreter von La Galvanina S.p.A.) zu, sofern dies zur Bearbeitung meiner Anfrage erforderlich ist<\/span>\n<\/div>\n<div>\n<input id=\"marketing\" name=\"marketing\" type=\"checkbox\" value=\"1\" \/><br \/>\n<span class=\"desc-chk\">Ich stimme der Verarbeitung meiner Daten zu Marketingzwecken (kommerzielle Mitteilungen, Angebote usw.) durch La Galvanina S.p.A. zu.<\/span>\n<\/div>\n<\/div>\n<p><input id=\"force_submit\" name=\"force_submit\" type=\"hidden\" value=\"0\" \/><\/p>\n<div class=\"g-recaptcha\" data-sitekey=\"6Ldmx5ccAAAAANgc0KsMql1T70BEdoY_Lp4NGV1S\"><\/div>\n<p><input id=\"submit_contatti\" name=\"submit\" type=\"submit\" value=\"Senden\" \/><\/p>\n<div id=\"captcha_result\" class=\"alert_captcha\"><\/div>\n<\/form>\n<div id=\"popup-contatti-cont\" style=\"display: none;\">\n<div id=\"popup-contatti\">\n<span>Lieber Nutzer,<\/p>\n<p>Wir informieren Sie, dass es zur Bearbeitung Ihrer Anfrage erforderlich ist, unsere Datenschutzerkl\u00e4rung zu lesen.<\/p>\n<p>Wir informieren Sie auch, dass falls es bei der Bearbeitung Ihrer Anfrage erforderlich sein sollte, die bereitgestellten Daten Dritten mittzuteilen (z.B.. Wiederverk\u00e4ufer\/Vermarkter von La Galvanina, auch au\u00dferhalb der EU), Ihre Zustimmung erforderlich ist. Anderenfalls kann Ihre Anfrage nicht bearbeitet werden. Falls Sie La Galvanina erm\u00e4chtigen, Ihre Daten zu diesem Zwecke weiterzugeben, kreuzen Sie bitte das entsprechende K\u00e4stchen an.<\/p>\n<p>Abschlie\u00dfend weisen wir darauf hin, dass die Zustimmung zur Verarbeitung der Daten zu Marketingzwecken freiwillig ist.<\/p>\n<p>Danke.<\/span><\/p>\n<div class=\"button-contatti-popup\">\n<input id=\"submit_anyway\" name=\"submit_anyway\" type=\"submit\" value=\"Dennoch an La Galvanina senden\" \/><input id=\"no_submit\" name=\"no_submit\" type=\"submit\" value=\"OK, ich m\u00f6chte die zustimmungen abw\u00e4gen\" \/>\n<\/div>\n<\/div>\n<\/div>\n","protected":false},"excerpt":{"rendered":"<p>Vorname Nachnamen Email ORT Firma Website Nachricht: Ich habe die Datenschutzerkl\u00e4rung gelesen Ich stimme der Weitergabe meiner personenbezogenen Daten an Dritte (z. B. Wiederverk\u00e4ufer, Vertriebsh\u00e4ndler oder Vertreter von La Galvanina S.p.A.) zu, sofern dies zur Bearbeitung meiner Anfrage erforderlich ist Ich stimme der Verarbeitung meiner Daten zu Marketingzwecken (kommerzielle Mitteilungen, Angebote usw.) durch La Galvanina [&hellip;]<\/p>\n","protected":false},"author":22,"featured_media":0,"parent":0,"menu_order":0,"comment_status":"closed","ping_status":"closed","template":"","meta":{"footnotes":""},"class_list":["post-5585","page","type-page","status-publish","hentry"],"yoast_head":"<!-- This site is optimized with the Yoast SEO plugin v27.5 - https:\/\/yoast.com\/product\/yoast-seo-wordpress\/ -->\n<title>Kontakt | Galvanina<\/title>\n<meta name=\"robots\" content=\"noindex, follow\" \/>\n<meta property=\"og:locale\" content=\"de_DE\" \/>\n<meta property=\"og:type\" content=\"article\" \/>\n<meta property=\"og:title\" content=\"Kontakt | Galvanina\" \/>\n<meta property=\"og:description\" content=\"Vorname Nachnamen Email ORT Firma Website Nachricht: Ich habe die Datenschutzerkl\u00e4rung gelesen Ich stimme der Weitergabe meiner personenbezogenen Daten an Dritte (z. B. Wiederverk\u00e4ufer, Vertriebsh\u00e4ndler oder Vertreter von La Galvanina S.p.A.) zu, sofern dies zur Bearbeitung meiner Anfrage erforderlich ist Ich stimme der Verarbeitung meiner Daten zu Marketingzwecken (kommerzielle Mitteilungen, Angebote usw.) durch La Galvanina [&hellip;]\" \/>\n<meta property=\"og:url\" content=\"https:\/\/www.galvanina.com\/de\/kontakt\/\" \/>\n<meta property=\"og:site_name\" content=\"Galvanina\" \/>\n<meta property=\"article:publisher\" content=\"https:\/\/www.facebook.com\/galvanina\/\" \/>\n<meta property=\"article:modified_time\" content=\"2026-04-22T14:14:38+00:00\" \/>\n<meta property=\"og:image\" content=\"https:\/\/www.galvanina.com\/de\/wp-content\/uploads\/sites\/3\/2020\/06\/galvanina-social.jpg\" \/>\n\t<meta property=\"og:image:width\" content=\"1080\" \/>\n\t<meta property=\"og:image:height\" content=\"630\" \/>\n\t<meta property=\"og:image:type\" content=\"image\/jpeg\" \/>\n<meta name=\"twitter:card\" content=\"summary_large_image\" \/>\n<meta name=\"twitter:label1\" content=\"Gesch\u00e4tzte Lesezeit\" \/>\n\t<meta name=\"twitter:data1\" content=\"1\u00a0Minute\" \/>\n<script type=\"application\/ld+json\" class=\"yoast-schema-graph\">{\"@context\":\"https:\\\/\\\/schema.org\",\"@graph\":[{\"@type\":\"WebPage\",\"@id\":\"https:\\\/\\\/www.galvanina.com\\\/de\\\/kontakt\\\/\",\"url\":\"https:\\\/\\\/www.galvanina.com\\\/de\\\/kontakt\\\/\",\"name\":\"Kontakt | Galvanina\",\"isPartOf\":{\"@id\":\"https:\\\/\\\/www.galvanina.com\\\/de\\\/#website\"},\"datePublished\":\"2025-12-02T11:46:38+00:00\",\"dateModified\":\"2026-04-22T14:14:38+00:00\",\"breadcrumb\":{\"@id\":\"https:\\\/\\\/www.galvanina.com\\\/de\\\/kontakt\\\/#breadcrumb\"},\"inLanguage\":\"de\",\"potentialAction\":[{\"@type\":\"ReadAction\",\"target\":[\"https:\\\/\\\/www.galvanina.com\\\/de\\\/kontakt\\\/\"]}]},{\"@type\":\"BreadcrumbList\",\"@id\":\"https:\\\/\\\/www.galvanina.com\\\/de\\\/kontakt\\\/#breadcrumb\",\"itemListElement\":[{\"@type\":\"ListItem\",\"position\":1,\"name\":\"Home\",\"item\":\"https:\\\/\\\/www.galvanina.com\\\/de\\\/\"},{\"@type\":\"ListItem\",\"position\":2,\"name\":\"Kontakt\"}]},{\"@type\":\"WebSite\",\"@id\":\"https:\\\/\\\/www.galvanina.com\\\/de\\\/#website\",\"url\":\"https:\\\/\\\/www.galvanina.com\\\/de\\\/\",\"name\":\"Galvanina\",\"description\":\"\",\"publisher\":{\"@id\":\"https:\\\/\\\/www.galvanina.com\\\/de\\\/#organization\"},\"potentialAction\":[{\"@type\":\"SearchAction\",\"target\":{\"@type\":\"EntryPoint\",\"urlTemplate\":\"https:\\\/\\\/www.galvanina.com\\\/de\\\/?s={search_term_string}\"},\"query-input\":{\"@type\":\"PropertyValueSpecification\",\"valueRequired\":true,\"valueName\":\"search_term_string\"}}],\"inLanguage\":\"de\"},{\"@type\":\"Organization\",\"@id\":\"https:\\\/\\\/www.galvanina.com\\\/de\\\/#organization\",\"name\":\"La Galvanina S.p.A.\",\"url\":\"https:\\\/\\\/www.galvanina.com\\\/de\\\/\",\"logo\":{\"@type\":\"ImageObject\",\"inLanguage\":\"de\",\"@id\":\"https:\\\/\\\/www.galvanina.com\\\/de\\\/#\\\/schema\\\/logo\\\/image\\\/\",\"url\":\"https:\\\/\\\/www.galvanina.com\\\/de\\\/wp-content\\\/uploads\\\/sites\\\/3\\\/2020\\\/06\\\/logo-galvanina.png\",\"contentUrl\":\"https:\\\/\\\/www.galvanina.com\\\/de\\\/wp-content\\\/uploads\\\/sites\\\/3\\\/2020\\\/06\\\/logo-galvanina.png\",\"width\":768,\"height\":768,\"caption\":\"La Galvanina S.p.A.\"},\"image\":{\"@id\":\"https:\\\/\\\/www.galvanina.com\\\/de\\\/#\\\/schema\\\/logo\\\/image\\\/\"},\"sameAs\":[\"https:\\\/\\\/www.facebook.com\\\/galvanina\\\/\",\"https:\\\/\\\/www.instagram.com\\\/lagalvanina\\\/\",\"https:\\\/\\\/www.linkedin.com\\\/company\\\/galvanina\\\/\"]}]}<\/script>\n<!-- \/ Yoast SEO plugin. -->","yoast_head_json":{"title":"Kontakt | Galvanina","robots":{"index":"noindex","follow":"follow"},"og_locale":"de_DE","og_type":"article","og_title":"Kontakt | Galvanina","og_description":"Vorname Nachnamen Email ORT Firma Website Nachricht: Ich habe die Datenschutzerkl\u00e4rung gelesen Ich stimme der Weitergabe meiner personenbezogenen Daten an Dritte (z. B. Wiederverk\u00e4ufer, Vertriebsh\u00e4ndler oder Vertreter von La Galvanina S.p.A.) zu, sofern dies zur Bearbeitung meiner Anfrage erforderlich ist Ich stimme der Verarbeitung meiner Daten zu Marketingzwecken (kommerzielle Mitteilungen, Angebote usw.) durch La Galvanina [&hellip;]","og_url":"https:\/\/www.galvanina.com\/de\/kontakt\/","og_site_name":"Galvanina","article_publisher":"https:\/\/www.facebook.com\/galvanina\/","article_modified_time":"2026-04-22T14:14:38+00:00","og_image":[{"width":1080,"height":630,"url":"https:\/\/www.galvanina.com\/de\/wp-content\/uploads\/sites\/3\/2020\/06\/galvanina-social.jpg","type":"image\/jpeg"}],"twitter_card":"summary_large_image","twitter_misc":{"Gesch\u00e4tzte Lesezeit":"1\u00a0Minute"},"schema":{"@context":"https:\/\/schema.org","@graph":[{"@type":"WebPage","@id":"https:\/\/www.galvanina.com\/de\/kontakt\/","url":"https:\/\/www.galvanina.com\/de\/kontakt\/","name":"Kontakt | Galvanina","isPartOf":{"@id":"https:\/\/www.galvanina.com\/de\/#website"},"datePublished":"2025-12-02T11:46:38+00:00","dateModified":"2026-04-22T14:14:38+00:00","breadcrumb":{"@id":"https:\/\/www.galvanina.com\/de\/kontakt\/#breadcrumb"},"inLanguage":"de","potentialAction":[{"@type":"ReadAction","target":["https:\/\/www.galvanina.com\/de\/kontakt\/"]}]},{"@type":"BreadcrumbList","@id":"https:\/\/www.galvanina.com\/de\/kontakt\/#breadcrumb","itemListElement":[{"@type":"ListItem","position":1,"name":"Home","item":"https:\/\/www.galvanina.com\/de\/"},{"@type":"ListItem","position":2,"name":"Kontakt"}]},{"@type":"WebSite","@id":"https:\/\/www.galvanina.com\/de\/#website","url":"https:\/\/www.galvanina.com\/de\/","name":"Galvanina","description":"","publisher":{"@id":"https:\/\/www.galvanina.com\/de\/#organization"},"potentialAction":[{"@type":"SearchAction","target":{"@type":"EntryPoint","urlTemplate":"https:\/\/www.galvanina.com\/de\/?s={search_term_string}"},"query-input":{"@type":"PropertyValueSpecification","valueRequired":true,"valueName":"search_term_string"}}],"inLanguage":"de"},{"@type":"Organization","@id":"https:\/\/www.galvanina.com\/de\/#organization","name":"La Galvanina S.p.A.","url":"https:\/\/www.galvanina.com\/de\/","logo":{"@type":"ImageObject","inLanguage":"de","@id":"https:\/\/www.galvanina.com\/de\/#\/schema\/logo\/image\/","url":"https:\/\/www.galvanina.com\/de\/wp-content\/uploads\/sites\/3\/2020\/06\/logo-galvanina.png","contentUrl":"https:\/\/www.galvanina.com\/de\/wp-content\/uploads\/sites\/3\/2020\/06\/logo-galvanina.png","width":768,"height":768,"caption":"La Galvanina S.p.A."},"image":{"@id":"https:\/\/www.galvanina.com\/de\/#\/schema\/logo\/image\/"},"sameAs":["https:\/\/www.facebook.com\/galvanina\/","https:\/\/www.instagram.com\/lagalvanina\/","https:\/\/www.linkedin.com\/company\/galvanina\/"]}]}},"_links":{"self":[{"href":"https:\/\/www.galvanina.com\/de\/wp-json\/wp\/v2\/pages\/5585","targetHints":{"allow":["GET"]}}],"collection":[{"href":"https:\/\/www.galvanina.com\/de\/wp-json\/wp\/v2\/pages"}],"about":[{"href":"https:\/\/www.galvanina.com\/de\/wp-json\/wp\/v2\/types\/page"}],"author":[{"embeddable":true,"href":"https:\/\/www.galvanina.com\/de\/wp-json\/wp\/v2\/users\/22"}],"replies":[{"embeddable":true,"href":"https:\/\/www.galvanina.com\/de\/wp-json\/wp\/v2\/comments?post=5585"}],"version-history":[{"count":5,"href":"https:\/\/www.galvanina.com\/de\/wp-json\/wp\/v2\/pages\/5585\/revisions"}],"predecessor-version":[{"id":5606,"href":"https:\/\/www.galvanina.com\/de\/wp-json\/wp\/v2\/pages\/5585\/revisions\/5606"}],"wp:attachment":[{"href":"https:\/\/www.galvanina.com\/de\/wp-json\/wp\/v2\/media?parent=5585"}],"curies":[{"name":"wp","href":"https:\/\/api.w.org\/{rel}","templated":true}]}}