{"id":3,"date":"2000-01-01T00:00:23","date_gmt":"1999-12-31T23:00:23","guid":{"rendered":"https:\/\/galvanina.dev.locale\/?page_id=3"},"modified":"2022-11-09T13:24:52","modified_gmt":"2022-11-09T12:24:52","slug":"datenschutz-cookies","status":"publish","type":"page","link":"https:\/\/www.galvanina.com\/de\/legal\/datenschutz-cookies\/","title":{"rendered":"Datenschutz &#038; Cookie"},"content":{"rendered":"\r\n<p>Die Europ\u00e4ische Datenschutzverordnung (GDPR) ersetzt die Europ\u00e4ische Richtlinie 95\/46\/EU. Die neue Verordnung setzt zeitgem\u00e4\u00dfe, gleichf\u00f6rmige, unmissverst\u00e4ndliche und auf die Entwicklung von Verantwortungsbewusstsein abzielende Rahmenbedingungen f\u00fcr den Datenschutz in Europa fest. Dies hat organisatorische, betriebstechnische und technologische Auswirkungen zur Folge und gleichzeitig strengere Sanktionen im Vergleich zur bisherigen Regelung.<\/p>\r\n\r\n\r\n\r\n<p>Die gr\u00f6\u00dfte \u00c4nderung des Regelwerkes f\u00fcr den Datenschutz betrifft die umfassende rechtliche Bedeutung der GDPR, da diese f\u00fcr die Verarbeitung personenbezogener Daten durch den jeweils Verantwortlichen oder Auftragsverarbeiter eines Unternehmens in der EU gilt, und zwar unabh\u00e4ngig davon, ob die Verarbeitung innerhalb oder au\u00dferhalb der Europ\u00e4ischen Union erfolgt. Zudem gilt die Verordnung f\u00fcr die Verarbeitung personenbezogener Daten von innerhalb der EU ans\u00e4ssigen Betroffenen auch dann, wenn sie durch au\u00dferhalb der EU ans\u00e4ssige Verantwortliche oder Auftragsverarbeiter erfolgt, sofern die Datenverarbeitung Folgendes betrifft: das Anbieten von G\u00fctern oder Serviceleistungen an die Betroffenen in der EU, unabh\u00e4ngig davon, ob die Betroffenen diese Leistung bezahlen m\u00fcssen; oder im Rahmen der \u00dcberwachung des innerhalb der EU erfolgten Verhaltens der Betroffenen.<br \/>Die Verordnung trifft ebenso auf die Verarbeitung von personenbezogenen Daten durch Verantwortliche zu, die nicht in der EU ans\u00e4ssig sind, jedoch in einem Land, das nach dem internationalen \u00f6ffentlichen Recht den Status eines Mitgliedsstaats besitzt.<\/p>\r\n\r\n\r\n\r\n<p>Die GDPR fordert von Unternehmen, entsprechende technische und organisatorische Ma\u00dfnahmen zu ergreifen, um die Daten und pers\u00f6nlichen Rechte der Betroffenen zu sch\u00fctzen: hierbei handelt es sich um den sogenannten \u201eDatenschutz durch Technikgestaltung und durch datenschutzfreundliche Voreinstellungen\u201c (Data Protection by Design and by Default\u201d).<\/p>\r\n\r\n\r\n\r\n<p>Der \u201eDatenschutz durch Technikgestaltung\u201c (Data Protection by Design) gew\u00e4hrleistet, dass das Unternehmen m\u00f6gliche Probleme hinsichtlich des Datenschutzes bereits bei der Planung und Auslegung s\u00e4mtlicher Systeme, Serviceleistungen, Produkte und Prozesse ber\u00fccksichtigt, d.h. w\u00e4hrend des eigenen Lebenszyklus.<br \/>Der geforderte \u201eDatenschutz durch datenschutzfreundliche Voreinstellungen\u201c (Data Protection by Default) bedeutet f\u00fcr La Galvanina S.p.A., dass gew\u00e4hrleistet sein muss, dass nur allein diejenigen Daten verarbeitet werden, die f\u00fcr einen bestimmten Zweck erforderlich sind und nur f\u00fcr die Zeit, die f\u00fcr die Erreichung dieses Zwecks ben\u00f6tigt wird, zu dem die Daten erfasst und verarbeitet wurden.<\/p>\r\n\r\n\r\n\r\n<p>La Galvanina S.p.A. hat ein Management-Modell f\u00fcr den Schutz personenbezogener Daten gem\u00e4\u00df GDPR implementiert, wobei auch die italienische Gesetzesverordnung 196\/2003 und die entsprechenden \u00c4nderungen gem\u00e4\u00df Ges.VO 101\/2018 ber\u00fccksichtigt werden. Im Zuge dessen wurden verbindliche Normen f\u00fcr das Unternehmen und die einzelnen Mitarbeiter definiert. La Galvanina S.p.A. \u00fcberarbeitet und aktualisiert regelm\u00e4\u00dfig die eigenen Datenschutzbestimmungen und Informationen und definiert weiterf\u00fchrende Richtlinien, die mit einem Implementierungsprogramm f\u00fcr die Aktualisierungen umgesetzt werden. In den verschiedenen Dokumenten auf der Seite \u201cPrivacy\u201d liefert La Galvanina S.p.A. gem\u00e4\u00df Art. 13 und 14 der GDPR alle laut Norm geforderten Informationen, gegliedert nach dem Zweck, zu dem die personenbezogenen Daten der Betroffenen verarbeitet werden. F\u00fcr alle weiteren Fragen zu unseren Datenschutzbestimmungen bitten wir die Nutzer, sich per E-Mail an unsere zust\u00e4ndigen Mitarbeiter zu wenden: privacy@galvanina.com<\/p>\r\n\r\n\r\n\r\n<p><strong><a href=\"https:\/\/www.galvanina.com\/de\/legal\/datenschutz-cookies\/datenschutz-information\/\" target=\"_blank\" rel=\"noreferrer noopener sponsored nofollow\" aria-label=\"undefined (apri in una nuova scheda)\">Datenschutz information<\/a><\/strong><\/p>\r\n\r\n\r\n\r\n<p><strong><a href=\"https:\/\/www.galvanina.com\/de\/legal\/datenschutz-cookies\/cookie-policy\/\" target=\"_blank\" rel=\"noreferrer noopener\" aria-label=\"undefined (apri in una nuova scheda)\">Cookie Policy<\/a><\/strong><\/p>\r\n\r\n\r\n\r\n<p><strong><a href=\"https:\/\/www.galvanina.com\/de\/b2b-datenschutz\/\">Informationsschreiben Lieferanten\/Handelspartner und ihre Angestellten\/Mitarbeiter<\/a><\/strong><\/p>\r\n","protected":false},"excerpt":{"rendered":"<p>Die Europ\u00e4ische Datenschutzverordnung (GDPR) ersetzt die Europ\u00e4ische Richtlinie 95\/46\/EU. Die neue Verordnung setzt zeitgem\u00e4\u00dfe, gleichf\u00f6rmige, unmissverst\u00e4ndliche und auf die Entwicklung von Verantwortungsbewusstsein abzielende Rahmenbedingungen f\u00fcr den Datenschutz in Europa fest. Dies hat organisatorische, betriebstechnische und technologische Auswirkungen zur Folge und gleichzeitig strengere Sanktionen im Vergleich zur bisherigen Regelung. Die gr\u00f6\u00dfte \u00c4nderung des Regelwerkes f\u00fcr den [&hellip;]<\/p>\n","protected":false},"author":23,"featured_media":0,"parent":1839,"menu_order":0,"comment_status":"closed","ping_status":"closed","template":"","meta":{"footnotes":""},"class_list":["post-3","page","type-page","status-publish","hentry"],"yoast_head":"<!-- This site is optimized with the Yoast SEO plugin v27.3 - https:\/\/yoast.com\/product\/yoast-seo-wordpress\/ -->\n<title>Datenschutz &amp; Cookie | Galvanina<\/title>\n<meta name=\"robots\" content=\"noindex, nofollow\" \/>\n<meta property=\"og:locale\" content=\"de_DE\" \/>\n<meta property=\"og:type\" content=\"article\" \/>\n<meta property=\"og:title\" content=\"Datenschutz &amp; Cookie | Galvanina\" \/>\n<meta property=\"og:description\" content=\"Die Europ\u00e4ische Datenschutzverordnung (GDPR) ersetzt die Europ\u00e4ische Richtlinie 95\/46\/EU. Die neue Verordnung setzt zeitgem\u00e4\u00dfe, gleichf\u00f6rmige, unmissverst\u00e4ndliche und auf die Entwicklung von Verantwortungsbewusstsein abzielende Rahmenbedingungen f\u00fcr den Datenschutz in Europa fest. Dies hat organisatorische, betriebstechnische und technologische Auswirkungen zur Folge und gleichzeitig strengere Sanktionen im Vergleich zur bisherigen Regelung. Die gr\u00f6\u00dfte \u00c4nderung des Regelwerkes f\u00fcr den [&hellip;]\" \/>\n<meta property=\"og:url\" content=\"https:\/\/www.galvanina.com\/de\/legal\/datenschutz-cookies\/\" \/>\n<meta property=\"og:site_name\" content=\"Galvanina\" \/>\n<meta property=\"article:publisher\" content=\"https:\/\/www.facebook.com\/galvanina\/\" \/>\n<meta property=\"article:modified_time\" content=\"2022-11-09T12:24:52+00:00\" \/>\n<meta property=\"og:image\" content=\"https:\/\/www.galvanina.com\/de\/wp-content\/uploads\/sites\/3\/2020\/06\/galvanina-social.jpg\" \/>\n\t<meta property=\"og:image:width\" content=\"1080\" \/>\n\t<meta property=\"og:image:height\" content=\"630\" \/>\n\t<meta property=\"og:image:type\" content=\"image\/jpeg\" \/>\n<meta name=\"twitter:card\" content=\"summary_large_image\" \/>\n<meta name=\"twitter:label1\" content=\"Gesch\u00e4tzte Lesezeit\" \/>\n\t<meta name=\"twitter:data1\" content=\"3\u00a0Minuten\" \/>\n<script type=\"application\/ld+json\" class=\"yoast-schema-graph\">{\"@context\":\"https:\\\/\\\/schema.org\",\"@graph\":[{\"@type\":\"WebPage\",\"@id\":\"https:\\\/\\\/www.galvanina.com\\\/de\\\/legal\\\/datenschutz-cookies\\\/\",\"url\":\"https:\\\/\\\/www.galvanina.com\\\/de\\\/legal\\\/datenschutz-cookies\\\/\",\"name\":\"Datenschutz & Cookie | Galvanina\",\"isPartOf\":{\"@id\":\"https:\\\/\\\/www.galvanina.com\\\/de\\\/#website\"},\"datePublished\":\"1999-12-31T23:00:23+00:00\",\"dateModified\":\"2022-11-09T12:24:52+00:00\",\"breadcrumb\":{\"@id\":\"https:\\\/\\\/www.galvanina.com\\\/de\\\/legal\\\/datenschutz-cookies\\\/#breadcrumb\"},\"inLanguage\":\"de\",\"potentialAction\":[{\"@type\":\"ReadAction\",\"target\":[\"https:\\\/\\\/www.galvanina.com\\\/de\\\/legal\\\/datenschutz-cookies\\\/\"]}]},{\"@type\":\"BreadcrumbList\",\"@id\":\"https:\\\/\\\/www.galvanina.com\\\/de\\\/legal\\\/datenschutz-cookies\\\/#breadcrumb\",\"itemListElement\":[{\"@type\":\"ListItem\",\"position\":1,\"name\":\"Home\",\"item\":\"https:\\\/\\\/www.galvanina.com\\\/de\\\/\"},{\"@type\":\"ListItem\",\"position\":2,\"name\":\"Legal\",\"item\":\"https:\\\/\\\/www.galvanina.com\\\/de\\\/legal\\\/\"},{\"@type\":\"ListItem\",\"position\":3,\"name\":\"Datenschutz &#038; Cookie\"}]},{\"@type\":\"WebSite\",\"@id\":\"https:\\\/\\\/www.galvanina.com\\\/de\\\/#website\",\"url\":\"https:\\\/\\\/www.galvanina.com\\\/de\\\/\",\"name\":\"Galvanina\",\"description\":\"\",\"publisher\":{\"@id\":\"https:\\\/\\\/www.galvanina.com\\\/de\\\/#organization\"},\"potentialAction\":[{\"@type\":\"SearchAction\",\"target\":{\"@type\":\"EntryPoint\",\"urlTemplate\":\"https:\\\/\\\/www.galvanina.com\\\/de\\\/?s={search_term_string}\"},\"query-input\":{\"@type\":\"PropertyValueSpecification\",\"valueRequired\":true,\"valueName\":\"search_term_string\"}}],\"inLanguage\":\"de\"},{\"@type\":\"Organization\",\"@id\":\"https:\\\/\\\/www.galvanina.com\\\/de\\\/#organization\",\"name\":\"La Galvanina S.p.A.\",\"url\":\"https:\\\/\\\/www.galvanina.com\\\/de\\\/\",\"logo\":{\"@type\":\"ImageObject\",\"inLanguage\":\"de\",\"@id\":\"https:\\\/\\\/www.galvanina.com\\\/de\\\/#\\\/schema\\\/logo\\\/image\\\/\",\"url\":\"https:\\\/\\\/www.galvanina.com\\\/de\\\/wp-content\\\/uploads\\\/sites\\\/3\\\/2020\\\/06\\\/logo-galvanina.png\",\"contentUrl\":\"https:\\\/\\\/www.galvanina.com\\\/de\\\/wp-content\\\/uploads\\\/sites\\\/3\\\/2020\\\/06\\\/logo-galvanina.png\",\"width\":768,\"height\":768,\"caption\":\"La Galvanina S.p.A.\"},\"image\":{\"@id\":\"https:\\\/\\\/www.galvanina.com\\\/de\\\/#\\\/schema\\\/logo\\\/image\\\/\"},\"sameAs\":[\"https:\\\/\\\/www.facebook.com\\\/galvanina\\\/\",\"https:\\\/\\\/www.instagram.com\\\/lagalvanina\\\/\",\"https:\\\/\\\/www.linkedin.com\\\/company\\\/galvanina\\\/\"]}]}<\/script>\n<!-- \/ Yoast SEO plugin. -->","yoast_head_json":{"title":"Datenschutz & Cookie | Galvanina","robots":{"index":"noindex","follow":"nofollow"},"og_locale":"de_DE","og_type":"article","og_title":"Datenschutz & Cookie | Galvanina","og_description":"Die Europ\u00e4ische Datenschutzverordnung (GDPR) ersetzt die Europ\u00e4ische Richtlinie 95\/46\/EU. Die neue Verordnung setzt zeitgem\u00e4\u00dfe, gleichf\u00f6rmige, unmissverst\u00e4ndliche und auf die Entwicklung von Verantwortungsbewusstsein abzielende Rahmenbedingungen f\u00fcr den Datenschutz in Europa fest. Dies hat organisatorische, betriebstechnische und technologische Auswirkungen zur Folge und gleichzeitig strengere Sanktionen im Vergleich zur bisherigen Regelung. Die gr\u00f6\u00dfte \u00c4nderung des Regelwerkes f\u00fcr den [&hellip;]","og_url":"https:\/\/www.galvanina.com\/de\/legal\/datenschutz-cookies\/","og_site_name":"Galvanina","article_publisher":"https:\/\/www.facebook.com\/galvanina\/","article_modified_time":"2022-11-09T12:24:52+00:00","og_image":[{"width":1080,"height":630,"url":"https:\/\/www.galvanina.com\/de\/wp-content\/uploads\/sites\/3\/2020\/06\/galvanina-social.jpg","type":"image\/jpeg"}],"twitter_card":"summary_large_image","twitter_misc":{"Gesch\u00e4tzte Lesezeit":"3\u00a0Minuten"},"schema":{"@context":"https:\/\/schema.org","@graph":[{"@type":"WebPage","@id":"https:\/\/www.galvanina.com\/de\/legal\/datenschutz-cookies\/","url":"https:\/\/www.galvanina.com\/de\/legal\/datenschutz-cookies\/","name":"Datenschutz & Cookie | Galvanina","isPartOf":{"@id":"https:\/\/www.galvanina.com\/de\/#website"},"datePublished":"1999-12-31T23:00:23+00:00","dateModified":"2022-11-09T12:24:52+00:00","breadcrumb":{"@id":"https:\/\/www.galvanina.com\/de\/legal\/datenschutz-cookies\/#breadcrumb"},"inLanguage":"de","potentialAction":[{"@type":"ReadAction","target":["https:\/\/www.galvanina.com\/de\/legal\/datenschutz-cookies\/"]}]},{"@type":"BreadcrumbList","@id":"https:\/\/www.galvanina.com\/de\/legal\/datenschutz-cookies\/#breadcrumb","itemListElement":[{"@type":"ListItem","position":1,"name":"Home","item":"https:\/\/www.galvanina.com\/de\/"},{"@type":"ListItem","position":2,"name":"Legal","item":"https:\/\/www.galvanina.com\/de\/legal\/"},{"@type":"ListItem","position":3,"name":"Datenschutz &#038; Cookie"}]},{"@type":"WebSite","@id":"https:\/\/www.galvanina.com\/de\/#website","url":"https:\/\/www.galvanina.com\/de\/","name":"Galvanina","description":"","publisher":{"@id":"https:\/\/www.galvanina.com\/de\/#organization"},"potentialAction":[{"@type":"SearchAction","target":{"@type":"EntryPoint","urlTemplate":"https:\/\/www.galvanina.com\/de\/?s={search_term_string}"},"query-input":{"@type":"PropertyValueSpecification","valueRequired":true,"valueName":"search_term_string"}}],"inLanguage":"de"},{"@type":"Organization","@id":"https:\/\/www.galvanina.com\/de\/#organization","name":"La Galvanina S.p.A.","url":"https:\/\/www.galvanina.com\/de\/","logo":{"@type":"ImageObject","inLanguage":"de","@id":"https:\/\/www.galvanina.com\/de\/#\/schema\/logo\/image\/","url":"https:\/\/www.galvanina.com\/de\/wp-content\/uploads\/sites\/3\/2020\/06\/logo-galvanina.png","contentUrl":"https:\/\/www.galvanina.com\/de\/wp-content\/uploads\/sites\/3\/2020\/06\/logo-galvanina.png","width":768,"height":768,"caption":"La Galvanina S.p.A."},"image":{"@id":"https:\/\/www.galvanina.com\/de\/#\/schema\/logo\/image\/"},"sameAs":["https:\/\/www.facebook.com\/galvanina\/","https:\/\/www.instagram.com\/lagalvanina\/","https:\/\/www.linkedin.com\/company\/galvanina\/"]}]}},"_links":{"self":[{"href":"https:\/\/www.galvanina.com\/de\/wp-json\/wp\/v2\/pages\/3","targetHints":{"allow":["GET"]}}],"collection":[{"href":"https:\/\/www.galvanina.com\/de\/wp-json\/wp\/v2\/pages"}],"about":[{"href":"https:\/\/www.galvanina.com\/de\/wp-json\/wp\/v2\/types\/page"}],"author":[{"embeddable":true,"href":"https:\/\/www.galvanina.com\/de\/wp-json\/wp\/v2\/users\/23"}],"replies":[{"embeddable":true,"href":"https:\/\/www.galvanina.com\/de\/wp-json\/wp\/v2\/comments?post=3"}],"version-history":[{"count":13,"href":"https:\/\/www.galvanina.com\/de\/wp-json\/wp\/v2\/pages\/3\/revisions"}],"predecessor-version":[{"id":5367,"href":"https:\/\/www.galvanina.com\/de\/wp-json\/wp\/v2\/pages\/3\/revisions\/5367"}],"up":[{"embeddable":true,"href":"https:\/\/www.galvanina.com\/de\/wp-json\/wp\/v2\/pages\/1839"}],"wp:attachment":[{"href":"https:\/\/www.galvanina.com\/de\/wp-json\/wp\/v2\/media?parent=3"}],"curies":[{"name":"wp","href":"https:\/\/api.w.org\/{rel}","templated":true}]}}