{"id":204,"date":"2020-05-21T16:47:42","date_gmt":"2020-05-21T14:47:42","guid":{"rendered":"https:\/\/www.galvanina.com\/de\/?page_id=204"},"modified":"2021-05-18T10:14:23","modified_gmt":"2021-05-18T08:14:23","slug":"quellen","status":"publish","type":"page","link":"https:\/\/www.galvanina.com\/de\/wir-ueber-uns\/quellen\/","title":{"rendered":"Quellen"},"content":{"rendered":"\n<h2 class=\"wp-block-heading\">Galvanina<\/h2>\n\n\n\n<p>Die Galvanina-Quelle liegt auf den gr\u00fcnen H\u00fcgeln um Rimini. Dieses&nbsp; <strong>mikrobiologisch reine, verdauungsf\u00f6rdernde <\/strong>Mineralwasser bringt eine lange Strecke hinter sich, bevor es sauber und rein aus der Quelle kommt.<\/p>\n\n\n\n<p>Denn in tief unter der Erde flie\u00dft unser Wasser durch enorme Sandb\u00e4nke, reinigt sich und reichert sich mit wertvollen Mineralstoffen an.&nbsp;<\/p>\n\n\n\n<p>Galvanina ist die historische Quelle, nach der das Unternehmen benannt ist. Bereits Anfang des zwanzigsten Jahrhunderts wurde hier Wasser abgef\u00fcllt, bis im Jahr 1928 das erste Werk erbaut wurde.<\/p>\n\n\n\n<div class=\"wp-block-image\"><figure class=\"aligncenter size-large\"><img loading=\"lazy\" decoding=\"async\" width=\"1280\" height=\"331\" src=\"https:\/\/www.galvanina.com\/de\/wp-content\/uploads\/sites\/3\/2020\/06\/fonte-galvanina-1280x331.jpg\" alt=\"fonte galvanina\" class=\"wp-image-1954\" srcset=\"https:\/\/www.galvanina.com\/de\/wp-content\/uploads\/sites\/3\/2020\/06\/fonte-galvanina-1280x331.jpg 1280w, https:\/\/www.galvanina.com\/de\/wp-content\/uploads\/sites\/3\/2020\/06\/fonte-galvanina-600x155.jpg 600w, https:\/\/www.galvanina.com\/de\/wp-content\/uploads\/sites\/3\/2020\/06\/fonte-galvanina-768x198.jpg 768w, https:\/\/www.galvanina.com\/de\/wp-content\/uploads\/sites\/3\/2020\/06\/fonte-galvanina-240x62.jpg 240w, https:\/\/www.galvanina.com\/de\/wp-content\/uploads\/sites\/3\/2020\/06\/fonte-galvanina-310x80.jpg 310w, https:\/\/www.galvanina.com\/de\/wp-content\/uploads\/sites\/3\/2020\/06\/fonte-galvanina.jpg 1440w\" sizes=\"auto, (max-width: 1280px) 100vw, 1280px\" \/><\/figure><\/div>\n\n\n\n<h2 class=\"wp-block-heading\">San Giuliano<\/h2>\n\n\n\n<p>Auch die San Giuliano \u2013 Quelle liegt in der N\u00e4he von Rimini und war lange Zeit die Hauptversorgungsquelle der dort lebenden Bev\u00f6lkerung.<\/p>\n\n\n\n<p>Namensgeber der Quelle ist der christliche M\u00e4rtyrer, der sich der Legende nach vor mehreren Jahrhunderten genau hier niederlie\u00df, wo schlie\u00dflich die Quelle entsprang. <strong>Dank des perfekt ausgewogenen Mineralstoffgehalts und der harntreibenden Wirkung ist dieses Wasser perfekt f\u00fcr die Fl\u00fcssigkeitszufuhr<\/strong>.&nbsp;<\/p>\n\n\n\n<div class=\"wp-block-image\"><figure class=\"aligncenter size-large\"><img loading=\"lazy\" decoding=\"async\" width=\"1004\" height=\"667\" src=\"https:\/\/www.galvanina.com\/de\/wp-content\/uploads\/sites\/3\/2020\/06\/fonte-apecchio.jpg\" alt=\"fonte apecchio\" class=\"wp-image-1979\" srcset=\"https:\/\/www.galvanina.com\/de\/wp-content\/uploads\/sites\/3\/2020\/06\/fonte-apecchio.jpg 1004w, https:\/\/www.galvanina.com\/de\/wp-content\/uploads\/sites\/3\/2020\/06\/fonte-apecchio-600x399.jpg 600w, https:\/\/www.galvanina.com\/de\/wp-content\/uploads\/sites\/3\/2020\/06\/fonte-apecchio-768x510.jpg 768w, https:\/\/www.galvanina.com\/de\/wp-content\/uploads\/sites\/3\/2020\/06\/fonte-apecchio-240x159.jpg 240w, https:\/\/www.galvanina.com\/de\/wp-content\/uploads\/sites\/3\/2020\/06\/fonte-apecchio-120x80.jpg 120w\" sizes=\"auto, (max-width: 1004px) 100vw, 1004px\" \/><\/figure><\/div>\n\n\n\n<h2 class=\"wp-block-heading\">Val di Meti<\/h2>\n\n\n\n<p>Im Herzen des Apennins der Region Marken, zwischen Umbrien und der Toskana entspringt die mineralarme Quelle Val di Meti spontan auf dem Monte Carda, einem Felsvorsprung am Westhang des Monte Nerone, in ca. 700 H\u00f6he \u00fc.M..&nbsp;<\/p>\n\n\n\n<p>Das Wasser sprudelt in Mitten der Natur und ist dank seines Verlaufs <strong>mikrobiologisch rein und besonders geeignet f\u00fcr natriumarme Di\u00e4ten<\/strong>.<\/p>\n","protected":false},"excerpt":{"rendered":"<p>Galvanina Die Galvanina-Quelle liegt auf den gr\u00fcnen H\u00fcgeln um Rimini. Dieses&nbsp; mikrobiologisch reine, verdauungsf\u00f6rdernde Mineralwasser bringt eine lange Strecke hinter sich, bevor es sauber und rein aus der Quelle kommt. Denn in tief unter der Erde flie\u00dft unser Wasser durch enorme Sandb\u00e4nke, reinigt sich und reichert sich mit wertvollen Mineralstoffen an.&nbsp; Galvanina ist die historische [&hellip;]<\/p>\n","protected":false},"author":23,"featured_media":0,"parent":147,"menu_order":0,"comment_status":"closed","ping_status":"closed","template":"","meta":{"footnotes":""},"class_list":["post-204","page","type-page","status-publish","hentry"],"yoast_head":"<!-- This site is optimized with the Yoast SEO plugin v27.2 - https:\/\/yoast.com\/product\/yoast-seo-wordpress\/ -->\n<title>Quellen | Galvanina<\/title>\n<meta name=\"robots\" content=\"index, follow, max-snippet:-1, max-image-preview:large, max-video-preview:-1\" \/>\n<link rel=\"canonical\" href=\"https:\/\/www.galvanina.com\/de\/wir-ueber-uns\/quellen\/\" \/>\n<meta property=\"og:locale\" content=\"de_DE\" \/>\n<meta property=\"og:type\" content=\"article\" \/>\n<meta property=\"og:title\" content=\"Quellen | Galvanina\" \/>\n<meta property=\"og:description\" content=\"Galvanina Die Galvanina-Quelle liegt auf den gr\u00fcnen H\u00fcgeln um Rimini. Dieses&nbsp; mikrobiologisch reine, verdauungsf\u00f6rdernde Mineralwasser bringt eine lange Strecke hinter sich, bevor es sauber und rein aus der Quelle kommt. Denn in tief unter der Erde flie\u00dft unser Wasser durch enorme Sandb\u00e4nke, reinigt sich und reichert sich mit wertvollen Mineralstoffen an.&nbsp; Galvanina ist die historische [&hellip;]\" \/>\n<meta property=\"og:url\" content=\"https:\/\/www.galvanina.com\/de\/wir-ueber-uns\/quellen\/\" \/>\n<meta property=\"og:site_name\" content=\"Galvanina\" \/>\n<meta property=\"article:publisher\" content=\"https:\/\/www.facebook.com\/galvanina\/\" \/>\n<meta property=\"article:modified_time\" content=\"2021-05-18T08:14:23+00:00\" \/>\n<meta property=\"og:image\" content=\"https:\/\/www.galvanina.com\/de\/wp-content\/uploads\/sites\/3\/2020\/06\/fonte-galvanina-1280x331.jpg\" \/>\n<meta name=\"twitter:card\" content=\"summary_large_image\" \/>\n<meta name=\"twitter:label1\" content=\"Gesch\u00e4tzte Lesezeit\" \/>\n\t<meta name=\"twitter:data1\" content=\"1\u00a0Minute\" \/>\n<script type=\"application\/ld+json\" class=\"yoast-schema-graph\">{\"@context\":\"https:\/\/schema.org\",\"@graph\":[{\"@type\":\"WebPage\",\"@id\":\"https:\/\/www.galvanina.com\/de\/wir-ueber-uns\/quellen\/\",\"url\":\"https:\/\/www.galvanina.com\/de\/wir-ueber-uns\/quellen\/\",\"name\":\"Quellen | Galvanina\",\"isPartOf\":{\"@id\":\"https:\/\/www.galvanina.com\/de\/#website\"},\"primaryImageOfPage\":{\"@id\":\"https:\/\/www.galvanina.com\/de\/wir-ueber-uns\/quellen\/#primaryimage\"},\"image\":{\"@id\":\"https:\/\/www.galvanina.com\/de\/wir-ueber-uns\/quellen\/#primaryimage\"},\"thumbnailUrl\":\"https:\/\/www.galvanina.com\/de\/wp-content\/uploads\/sites\/3\/2020\/06\/fonte-galvanina-1280x331.jpg\",\"datePublished\":\"2020-05-21T14:47:42+00:00\",\"dateModified\":\"2021-05-18T08:14:23+00:00\",\"breadcrumb\":{\"@id\":\"https:\/\/www.galvanina.com\/de\/wir-ueber-uns\/quellen\/#breadcrumb\"},\"inLanguage\":\"de\",\"potentialAction\":[{\"@type\":\"ReadAction\",\"target\":[\"https:\/\/www.galvanina.com\/de\/wir-ueber-uns\/quellen\/\"]}]},{\"@type\":\"ImageObject\",\"inLanguage\":\"de\",\"@id\":\"https:\/\/www.galvanina.com\/de\/wir-ueber-uns\/quellen\/#primaryimage\",\"url\":\"https:\/\/www.galvanina.com\/de\/wp-content\/uploads\/sites\/3\/2020\/06\/fonte-galvanina.jpg\",\"contentUrl\":\"https:\/\/www.galvanina.com\/de\/wp-content\/uploads\/sites\/3\/2020\/06\/fonte-galvanina.jpg\",\"width\":1440,\"height\":372,\"caption\":\"fonte galvanina\"},{\"@type\":\"BreadcrumbList\",\"@id\":\"https:\/\/www.galvanina.com\/de\/wir-ueber-uns\/quellen\/#breadcrumb\",\"itemListElement\":[{\"@type\":\"ListItem\",\"position\":1,\"name\":\"Home\",\"item\":\"https:\/\/www.galvanina.com\/de\/\"},{\"@type\":\"ListItem\",\"position\":2,\"name\":\"Wir \u00fcber uns\",\"item\":\"https:\/\/www.galvanina.com\/de\/wir-ueber-uns\/\"},{\"@type\":\"ListItem\",\"position\":3,\"name\":\"Quellen\"}]},{\"@type\":\"WebSite\",\"@id\":\"https:\/\/www.galvanina.com\/de\/#website\",\"url\":\"https:\/\/www.galvanina.com\/de\/\",\"name\":\"Galvanina\",\"description\":\"\",\"publisher\":{\"@id\":\"https:\/\/www.galvanina.com\/de\/#organization\"},\"potentialAction\":[{\"@type\":\"SearchAction\",\"target\":{\"@type\":\"EntryPoint\",\"urlTemplate\":\"https:\/\/www.galvanina.com\/de\/?s={search_term_string}\"},\"query-input\":{\"@type\":\"PropertyValueSpecification\",\"valueRequired\":true,\"valueName\":\"search_term_string\"}}],\"inLanguage\":\"de\"},{\"@type\":\"Organization\",\"@id\":\"https:\/\/www.galvanina.com\/de\/#organization\",\"name\":\"La Galvanina S.p.A.\",\"url\":\"https:\/\/www.galvanina.com\/de\/\",\"logo\":{\"@type\":\"ImageObject\",\"inLanguage\":\"de\",\"@id\":\"https:\/\/www.galvanina.com\/de\/#\/schema\/logo\/image\/\",\"url\":\"https:\/\/www.galvanina.com\/de\/wp-content\/uploads\/sites\/3\/2020\/06\/logo-galvanina.png\",\"contentUrl\":\"https:\/\/www.galvanina.com\/de\/wp-content\/uploads\/sites\/3\/2020\/06\/logo-galvanina.png\",\"width\":768,\"height\":768,\"caption\":\"La Galvanina S.p.A.\"},\"image\":{\"@id\":\"https:\/\/www.galvanina.com\/de\/#\/schema\/logo\/image\/\"},\"sameAs\":[\"https:\/\/www.facebook.com\/galvanina\/\",\"https:\/\/www.instagram.com\/lagalvanina\/\",\"https:\/\/www.linkedin.com\/company\/galvanina\/\"]}]}<\/script>\n<!-- \/ Yoast SEO plugin. -->","yoast_head_json":{"title":"Quellen | Galvanina","robots":{"index":"index","follow":"follow","max-snippet":"max-snippet:-1","max-image-preview":"max-image-preview:large","max-video-preview":"max-video-preview:-1"},"canonical":"https:\/\/www.galvanina.com\/de\/wir-ueber-uns\/quellen\/","og_locale":"de_DE","og_type":"article","og_title":"Quellen | Galvanina","og_description":"Galvanina Die Galvanina-Quelle liegt auf den gr\u00fcnen H\u00fcgeln um Rimini. Dieses&nbsp; mikrobiologisch reine, verdauungsf\u00f6rdernde Mineralwasser bringt eine lange Strecke hinter sich, bevor es sauber und rein aus der Quelle kommt. Denn in tief unter der Erde flie\u00dft unser Wasser durch enorme Sandb\u00e4nke, reinigt sich und reichert sich mit wertvollen Mineralstoffen an.&nbsp; Galvanina ist die historische [&hellip;]","og_url":"https:\/\/www.galvanina.com\/de\/wir-ueber-uns\/quellen\/","og_site_name":"Galvanina","article_publisher":"https:\/\/www.facebook.com\/galvanina\/","article_modified_time":"2021-05-18T08:14:23+00:00","og_image":[{"url":"https:\/\/www.galvanina.com\/de\/wp-content\/uploads\/sites\/3\/2020\/06\/fonte-galvanina-1280x331.jpg","type":"","width":"","height":""}],"twitter_card":"summary_large_image","twitter_misc":{"Gesch\u00e4tzte Lesezeit":"1\u00a0Minute"},"schema":{"@context":"https:\/\/schema.org","@graph":[{"@type":"WebPage","@id":"https:\/\/www.galvanina.com\/de\/wir-ueber-uns\/quellen\/","url":"https:\/\/www.galvanina.com\/de\/wir-ueber-uns\/quellen\/","name":"Quellen | Galvanina","isPartOf":{"@id":"https:\/\/www.galvanina.com\/de\/#website"},"primaryImageOfPage":{"@id":"https:\/\/www.galvanina.com\/de\/wir-ueber-uns\/quellen\/#primaryimage"},"image":{"@id":"https:\/\/www.galvanina.com\/de\/wir-ueber-uns\/quellen\/#primaryimage"},"thumbnailUrl":"https:\/\/www.galvanina.com\/de\/wp-content\/uploads\/sites\/3\/2020\/06\/fonte-galvanina-1280x331.jpg","datePublished":"2020-05-21T14:47:42+00:00","dateModified":"2021-05-18T08:14:23+00:00","breadcrumb":{"@id":"https:\/\/www.galvanina.com\/de\/wir-ueber-uns\/quellen\/#breadcrumb"},"inLanguage":"de","potentialAction":[{"@type":"ReadAction","target":["https:\/\/www.galvanina.com\/de\/wir-ueber-uns\/quellen\/"]}]},{"@type":"ImageObject","inLanguage":"de","@id":"https:\/\/www.galvanina.com\/de\/wir-ueber-uns\/quellen\/#primaryimage","url":"https:\/\/www.galvanina.com\/de\/wp-content\/uploads\/sites\/3\/2020\/06\/fonte-galvanina.jpg","contentUrl":"https:\/\/www.galvanina.com\/de\/wp-content\/uploads\/sites\/3\/2020\/06\/fonte-galvanina.jpg","width":1440,"height":372,"caption":"fonte galvanina"},{"@type":"BreadcrumbList","@id":"https:\/\/www.galvanina.com\/de\/wir-ueber-uns\/quellen\/#breadcrumb","itemListElement":[{"@type":"ListItem","position":1,"name":"Home","item":"https:\/\/www.galvanina.com\/de\/"},{"@type":"ListItem","position":2,"name":"Wir \u00fcber uns","item":"https:\/\/www.galvanina.com\/de\/wir-ueber-uns\/"},{"@type":"ListItem","position":3,"name":"Quellen"}]},{"@type":"WebSite","@id":"https:\/\/www.galvanina.com\/de\/#website","url":"https:\/\/www.galvanina.com\/de\/","name":"Galvanina","description":"","publisher":{"@id":"https:\/\/www.galvanina.com\/de\/#organization"},"potentialAction":[{"@type":"SearchAction","target":{"@type":"EntryPoint","urlTemplate":"https:\/\/www.galvanina.com\/de\/?s={search_term_string}"},"query-input":{"@type":"PropertyValueSpecification","valueRequired":true,"valueName":"search_term_string"}}],"inLanguage":"de"},{"@type":"Organization","@id":"https:\/\/www.galvanina.com\/de\/#organization","name":"La Galvanina S.p.A.","url":"https:\/\/www.galvanina.com\/de\/","logo":{"@type":"ImageObject","inLanguage":"de","@id":"https:\/\/www.galvanina.com\/de\/#\/schema\/logo\/image\/","url":"https:\/\/www.galvanina.com\/de\/wp-content\/uploads\/sites\/3\/2020\/06\/logo-galvanina.png","contentUrl":"https:\/\/www.galvanina.com\/de\/wp-content\/uploads\/sites\/3\/2020\/06\/logo-galvanina.png","width":768,"height":768,"caption":"La Galvanina S.p.A."},"image":{"@id":"https:\/\/www.galvanina.com\/de\/#\/schema\/logo\/image\/"},"sameAs":["https:\/\/www.facebook.com\/galvanina\/","https:\/\/www.instagram.com\/lagalvanina\/","https:\/\/www.linkedin.com\/company\/galvanina\/"]}]}},"_links":{"self":[{"href":"https:\/\/www.galvanina.com\/de\/wp-json\/wp\/v2\/pages\/204","targetHints":{"allow":["GET"]}}],"collection":[{"href":"https:\/\/www.galvanina.com\/de\/wp-json\/wp\/v2\/pages"}],"about":[{"href":"https:\/\/www.galvanina.com\/de\/wp-json\/wp\/v2\/types\/page"}],"author":[{"embeddable":true,"href":"https:\/\/www.galvanina.com\/de\/wp-json\/wp\/v2\/users\/23"}],"replies":[{"embeddable":true,"href":"https:\/\/www.galvanina.com\/de\/wp-json\/wp\/v2\/comments?post=204"}],"version-history":[{"count":10,"href":"https:\/\/www.galvanina.com\/de\/wp-json\/wp\/v2\/pages\/204\/revisions"}],"predecessor-version":[{"id":5013,"href":"https:\/\/www.galvanina.com\/de\/wp-json\/wp\/v2\/pages\/204\/revisions\/5013"}],"up":[{"embeddable":true,"href":"https:\/\/www.galvanina.com\/de\/wp-json\/wp\/v2\/pages\/147"}],"wp:attachment":[{"href":"https:\/\/www.galvanina.com\/de\/wp-json\/wp\/v2\/media?parent=204"}],"curies":[{"name":"wp","href":"https:\/\/api.w.org\/{rel}","templated":true}]}}