{"id":184,"date":"2020-05-21T14:56:52","date_gmt":"2020-05-21T12:56:52","guid":{"rendered":"https:\/\/www.galvanina.com\/de\/?page_id=184"},"modified":"2021-05-18T10:14:46","modified_gmt":"2021-05-18T08:14:46","slug":"werke","status":"publish","type":"page","link":"https:\/\/www.galvanina.com\/de\/wir-ueber-uns\/werke\/","title":{"rendered":"Werke"},"content":{"rendered":"\n<p>Galvanina betreibt drei Produktionsst\u00e4tten in <strong>Mittelitalien<\/strong>, in den Regionen <strong>Emilia Romagna<\/strong>&nbsp;und&nbsp;<strong>Marken<\/strong>: Galvanina, Val di Meti und San Giuliano.<\/p>\n\n\n\n<p>Die Werke stehen in der N\u00e4he der drei <a href=\"https:\/\/www.galvanina.com\/de\/wir-ueber-uns\/quellen\/\" target=\"_blank\" aria-label=\"undefined (apri in una nuova scheda)\" rel=\"noreferrer noopener\">Quellen,<\/a> aus denen das Mineralwasser stammt. In jedem der Werke wird eine bestimmte Getr\u00e4nkesorte produziert.<\/p>\n\n\n\n<div style=\"height:100px\" aria-hidden=\"true\" class=\"wp-block-spacer\"><\/div>\n\n\n\n<h2 class=\"wp-block-heading\">Galvanina<\/h2>\n\n\n\n<div class=\"wp-block-image\"><figure class=\"aligncenter size-large\"><img loading=\"lazy\" decoding=\"async\" width=\"1280\" height=\"287\" src=\"https:\/\/www.galvanina.com\/de\/wp-content\/uploads\/sites\/3\/2020\/05\/stabilimento-galvanina-1280x287.jpg\" alt=\"stabilimento galvanina\" class=\"wp-image-1756\" srcset=\"https:\/\/www.galvanina.com\/de\/wp-content\/uploads\/sites\/3\/2020\/05\/stabilimento-galvanina-1280x287.jpg 1280w, https:\/\/www.galvanina.com\/de\/wp-content\/uploads\/sites\/3\/2020\/05\/stabilimento-galvanina-600x135.jpg 600w, https:\/\/www.galvanina.com\/de\/wp-content\/uploads\/sites\/3\/2020\/05\/stabilimento-galvanina-768x172.jpg 768w, https:\/\/www.galvanina.com\/de\/wp-content\/uploads\/sites\/3\/2020\/05\/stabilimento-galvanina-240x54.jpg 240w, https:\/\/www.galvanina.com\/de\/wp-content\/uploads\/sites\/3\/2020\/05\/stabilimento-galvanina-357x80.jpg 357w, https:\/\/www.galvanina.com\/de\/wp-content\/uploads\/sites\/3\/2020\/05\/stabilimento-galvanina.jpg 1440w\" sizes=\"auto, (max-width: 1280px) 100vw, 1280px\" \/><\/figure><\/div>\n\n\n\n<p>Zwischen den H\u00fcgeln um <strong>Rimini<\/strong> liegt das Werk in der N\u00e4he der historischen Galvanina-Quelle, nach der das Unternehmen benannt ist. Die industrielle Abf\u00fcllanlage geht auf das Jahr 1928 zur\u00fcck, aber bereits seit Anfang des zwanzigsten Jahrhunderts wurde hier Wasser abgef\u00fcllt. <\/p>\n\n\n\n<p>Hier ist die Firmenleitung von Galvanina ans\u00e4ssig und bis heute werden hier stilles und mit Kohlens\u00e4ure versetztes Mineralwasser und sowohl biologische, als auch konventionelle Getr\u00e4nke produziert und abgef\u00fcllt. Das Werk steht auf dem Colle Paradiso, einem Gebiet, in denen fr\u00fchere Zivilisationen ihre Spuren hinterlie\u00dfen. Im werkseigenen Museum sind altr\u00f6mische Fundst\u00fccke ausgestellt, die in den F\u00fcnfzigerjahren zum Vorschein kamen. &nbsp;<\/p>\n\n\n\n<div style=\"height:100px\" aria-hidden=\"true\" class=\"wp-block-spacer\"><\/div>\n\n\n\n<h2 class=\"wp-block-heading\">San Giuliano<\/h2>\n\n\n\n<div class=\"wp-block-image\"><figure class=\"aligncenter size-large\"><img loading=\"lazy\" decoding=\"async\" width=\"1280\" height=\"645\" src=\"https:\/\/www.galvanina.com\/de\/wp-content\/uploads\/sites\/3\/2020\/05\/stabilimento-sacramora-1280x645.jpg\" alt=\"stabilimento san giuliano sacramora\" class=\"wp-image-1757\" srcset=\"https:\/\/www.galvanina.com\/de\/wp-content\/uploads\/sites\/3\/2020\/05\/stabilimento-sacramora-1280x645.jpg 1280w, https:\/\/www.galvanina.com\/de\/wp-content\/uploads\/sites\/3\/2020\/05\/stabilimento-sacramora-600x303.jpg 600w, https:\/\/www.galvanina.com\/de\/wp-content\/uploads\/sites\/3\/2020\/05\/stabilimento-sacramora-768x387.jpg 768w, https:\/\/www.galvanina.com\/de\/wp-content\/uploads\/sites\/3\/2020\/05\/stabilimento-sacramora-240x121.jpg 240w, https:\/\/www.galvanina.com\/de\/wp-content\/uploads\/sites\/3\/2020\/05\/stabilimento-sacramora-159x80.jpg 159w, https:\/\/www.galvanina.com\/de\/wp-content\/uploads\/sites\/3\/2020\/05\/stabilimento-sacramora.jpg 1440w\" sizes=\"auto, (max-width: 1280px) 100vw, 1280px\" \/><\/figure><\/div>\n\n\n\n<p>Auch das Werk San Giuliano liegt bei Rimini, in der N\u00e4he der gleichnamigen Quelle, die ihren Namen wiederum dem legend\u00e4ren christlichen M\u00e4rtyrer verdankt. In dem k\u00fcrzlich renovierten Werk werden das Mineralwasser der San Giuliano \u2013 Quelle und sowohl biologische, als auch konventionelle Getr\u00e4nke produziert und abgef\u00fcllt.<\/p>\n\n\n\n<div style=\"height:100px\" aria-hidden=\"true\" class=\"wp-block-spacer\"><\/div>\n\n\n\n<h2 class=\"wp-block-heading\">Apecchio<\/h2>\n\n\n\n<div class=\"wp-block-image\"><figure class=\"aligncenter size-large\"><img loading=\"lazy\" decoding=\"async\" width=\"814\" height=\"474\" src=\"https:\/\/www.galvanina.com\/de\/wp-content\/uploads\/sites\/3\/2020\/06\/stabilimento-valdimeti.jpg\" alt=\"stabilimento val di meti\" class=\"wp-image-1951\" srcset=\"https:\/\/www.galvanina.com\/de\/wp-content\/uploads\/sites\/3\/2020\/06\/stabilimento-valdimeti.jpg 814w, https:\/\/www.galvanina.com\/de\/wp-content\/uploads\/sites\/3\/2020\/06\/stabilimento-valdimeti-600x349.jpg 600w, https:\/\/www.galvanina.com\/de\/wp-content\/uploads\/sites\/3\/2020\/06\/stabilimento-valdimeti-768x447.jpg 768w, https:\/\/www.galvanina.com\/de\/wp-content\/uploads\/sites\/3\/2020\/06\/stabilimento-valdimeti-240x140.jpg 240w, https:\/\/www.galvanina.com\/de\/wp-content\/uploads\/sites\/3\/2020\/06\/stabilimento-valdimeti-137x80.jpg 137w\" sizes=\"auto, (max-width: 814px) 100vw, 814px\" \/><\/figure><\/div>\n\n\n\n<p>Das Werk in <strong>Apecchio <\/strong>liegt im Herzen des Apennins der Region Marken, zwischen Umbrien und der Toskana. Hier entspringt die <strong>Val di Meti<\/strong> \u2013 Quelle auf dem Monte Carda, in ca. 700 H\u00f6he \u00fc.M. In diesem Werk, mitten in der Natur, werden hier stilles und mit Kohlens\u00e4ure versetztes Mineralwasser und aromatisiertes Wasser produziert und abgef\u00fcllt.<\/p>\n","protected":false},"excerpt":{"rendered":"<p>Galvanina betreibt drei Produktionsst\u00e4tten in Mittelitalien, in den Regionen Emilia Romagna&nbsp;und&nbsp;Marken: Galvanina, Val di Meti und San Giuliano. Die Werke stehen in der N\u00e4he der drei Quellen, aus denen das Mineralwasser stammt. In jedem der Werke wird eine bestimmte Getr\u00e4nkesorte produziert. Galvanina Zwischen den H\u00fcgeln um Rimini liegt das Werk in der N\u00e4he der historischen [&hellip;]<\/p>\n","protected":false},"author":23,"featured_media":0,"parent":147,"menu_order":0,"comment_status":"closed","ping_status":"closed","template":"","meta":{"footnotes":""},"class_list":["post-184","page","type-page","status-publish","hentry"],"yoast_head":"<!-- This site is optimized with the Yoast SEO plugin v27.5 - https:\/\/yoast.com\/product\/yoast-seo-wordpress\/ -->\n<title>Werke | Galvanina<\/title>\n<meta name=\"robots\" content=\"index, follow, max-snippet:-1, max-image-preview:large, max-video-preview:-1\" \/>\n<link rel=\"canonical\" href=\"https:\/\/www.galvanina.com\/de\/wir-ueber-uns\/werke\/\" \/>\n<meta property=\"og:locale\" content=\"de_DE\" \/>\n<meta property=\"og:type\" content=\"article\" \/>\n<meta property=\"og:title\" content=\"Werke | Galvanina\" \/>\n<meta property=\"og:description\" content=\"Galvanina betreibt drei Produktionsst\u00e4tten in Mittelitalien, in den Regionen Emilia Romagna&nbsp;und&nbsp;Marken: Galvanina, Val di Meti und San Giuliano. Die Werke stehen in der N\u00e4he der drei Quellen, aus denen das Mineralwasser stammt. In jedem der Werke wird eine bestimmte Getr\u00e4nkesorte produziert. Galvanina Zwischen den H\u00fcgeln um Rimini liegt das Werk in der N\u00e4he der historischen [&hellip;]\" \/>\n<meta property=\"og:url\" content=\"https:\/\/www.galvanina.com\/de\/wir-ueber-uns\/werke\/\" \/>\n<meta property=\"og:site_name\" content=\"Galvanina\" \/>\n<meta property=\"article:publisher\" content=\"https:\/\/www.facebook.com\/galvanina\/\" \/>\n<meta property=\"article:modified_time\" content=\"2021-05-18T08:14:46+00:00\" \/>\n<meta property=\"og:image\" content=\"https:\/\/www.galvanina.com\/de\/wp-content\/uploads\/sites\/3\/2020\/05\/stabilimento-galvanina-1280x287.jpg\" \/>\n<meta name=\"twitter:card\" content=\"summary_large_image\" \/>\n<meta name=\"twitter:label1\" content=\"Gesch\u00e4tzte Lesezeit\" \/>\n\t<meta name=\"twitter:data1\" content=\"1\u00a0Minute\" \/>\n<script type=\"application\/ld+json\" class=\"yoast-schema-graph\">{\"@context\":\"https:\\\/\\\/schema.org\",\"@graph\":[{\"@type\":\"WebPage\",\"@id\":\"https:\\\/\\\/www.galvanina.com\\\/de\\\/wir-ueber-uns\\\/werke\\\/\",\"url\":\"https:\\\/\\\/www.galvanina.com\\\/de\\\/wir-ueber-uns\\\/werke\\\/\",\"name\":\"Werke | Galvanina\",\"isPartOf\":{\"@id\":\"https:\\\/\\\/www.galvanina.com\\\/de\\\/#website\"},\"primaryImageOfPage\":{\"@id\":\"https:\\\/\\\/www.galvanina.com\\\/de\\\/wir-ueber-uns\\\/werke\\\/#primaryimage\"},\"image\":{\"@id\":\"https:\\\/\\\/www.galvanina.com\\\/de\\\/wir-ueber-uns\\\/werke\\\/#primaryimage\"},\"thumbnailUrl\":\"https:\\\/\\\/www.galvanina.com\\\/de\\\/wp-content\\\/uploads\\\/sites\\\/3\\\/2020\\\/05\\\/stabilimento-galvanina-1280x287.jpg\",\"datePublished\":\"2020-05-21T12:56:52+00:00\",\"dateModified\":\"2021-05-18T08:14:46+00:00\",\"breadcrumb\":{\"@id\":\"https:\\\/\\\/www.galvanina.com\\\/de\\\/wir-ueber-uns\\\/werke\\\/#breadcrumb\"},\"inLanguage\":\"de\",\"potentialAction\":[{\"@type\":\"ReadAction\",\"target\":[\"https:\\\/\\\/www.galvanina.com\\\/de\\\/wir-ueber-uns\\\/werke\\\/\"]}]},{\"@type\":\"ImageObject\",\"inLanguage\":\"de\",\"@id\":\"https:\\\/\\\/www.galvanina.com\\\/de\\\/wir-ueber-uns\\\/werke\\\/#primaryimage\",\"url\":\"https:\\\/\\\/www.galvanina.com\\\/de\\\/wp-content\\\/uploads\\\/sites\\\/3\\\/2020\\\/05\\\/stabilimento-galvanina.jpg\",\"contentUrl\":\"https:\\\/\\\/www.galvanina.com\\\/de\\\/wp-content\\\/uploads\\\/sites\\\/3\\\/2020\\\/05\\\/stabilimento-galvanina.jpg\",\"width\":1440,\"height\":323,\"caption\":\"stabilimento galvanina\"},{\"@type\":\"BreadcrumbList\",\"@id\":\"https:\\\/\\\/www.galvanina.com\\\/de\\\/wir-ueber-uns\\\/werke\\\/#breadcrumb\",\"itemListElement\":[{\"@type\":\"ListItem\",\"position\":1,\"name\":\"Home\",\"item\":\"https:\\\/\\\/www.galvanina.com\\\/de\\\/\"},{\"@type\":\"ListItem\",\"position\":2,\"name\":\"Wir \u00fcber uns\",\"item\":\"https:\\\/\\\/www.galvanina.com\\\/de\\\/wir-ueber-uns\\\/\"},{\"@type\":\"ListItem\",\"position\":3,\"name\":\"Werke\"}]},{\"@type\":\"WebSite\",\"@id\":\"https:\\\/\\\/www.galvanina.com\\\/de\\\/#website\",\"url\":\"https:\\\/\\\/www.galvanina.com\\\/de\\\/\",\"name\":\"Galvanina\",\"description\":\"\",\"publisher\":{\"@id\":\"https:\\\/\\\/www.galvanina.com\\\/de\\\/#organization\"},\"potentialAction\":[{\"@type\":\"SearchAction\",\"target\":{\"@type\":\"EntryPoint\",\"urlTemplate\":\"https:\\\/\\\/www.galvanina.com\\\/de\\\/?s={search_term_string}\"},\"query-input\":{\"@type\":\"PropertyValueSpecification\",\"valueRequired\":true,\"valueName\":\"search_term_string\"}}],\"inLanguage\":\"de\"},{\"@type\":\"Organization\",\"@id\":\"https:\\\/\\\/www.galvanina.com\\\/de\\\/#organization\",\"name\":\"La Galvanina S.p.A.\",\"url\":\"https:\\\/\\\/www.galvanina.com\\\/de\\\/\",\"logo\":{\"@type\":\"ImageObject\",\"inLanguage\":\"de\",\"@id\":\"https:\\\/\\\/www.galvanina.com\\\/de\\\/#\\\/schema\\\/logo\\\/image\\\/\",\"url\":\"https:\\\/\\\/www.galvanina.com\\\/de\\\/wp-content\\\/uploads\\\/sites\\\/3\\\/2020\\\/06\\\/logo-galvanina.png\",\"contentUrl\":\"https:\\\/\\\/www.galvanina.com\\\/de\\\/wp-content\\\/uploads\\\/sites\\\/3\\\/2020\\\/06\\\/logo-galvanina.png\",\"width\":768,\"height\":768,\"caption\":\"La Galvanina S.p.A.\"},\"image\":{\"@id\":\"https:\\\/\\\/www.galvanina.com\\\/de\\\/#\\\/schema\\\/logo\\\/image\\\/\"},\"sameAs\":[\"https:\\\/\\\/www.facebook.com\\\/galvanina\\\/\",\"https:\\\/\\\/www.instagram.com\\\/lagalvanina\\\/\",\"https:\\\/\\\/www.linkedin.com\\\/company\\\/galvanina\\\/\"]}]}<\/script>\n<!-- \/ Yoast SEO plugin. -->","yoast_head_json":{"title":"Werke | Galvanina","robots":{"index":"index","follow":"follow","max-snippet":"max-snippet:-1","max-image-preview":"max-image-preview:large","max-video-preview":"max-video-preview:-1"},"canonical":"https:\/\/www.galvanina.com\/de\/wir-ueber-uns\/werke\/","og_locale":"de_DE","og_type":"article","og_title":"Werke | Galvanina","og_description":"Galvanina betreibt drei Produktionsst\u00e4tten in Mittelitalien, in den Regionen Emilia Romagna&nbsp;und&nbsp;Marken: Galvanina, Val di Meti und San Giuliano. Die Werke stehen in der N\u00e4he der drei Quellen, aus denen das Mineralwasser stammt. In jedem der Werke wird eine bestimmte Getr\u00e4nkesorte produziert. Galvanina Zwischen den H\u00fcgeln um Rimini liegt das Werk in der N\u00e4he der historischen [&hellip;]","og_url":"https:\/\/www.galvanina.com\/de\/wir-ueber-uns\/werke\/","og_site_name":"Galvanina","article_publisher":"https:\/\/www.facebook.com\/galvanina\/","article_modified_time":"2021-05-18T08:14:46+00:00","og_image":[{"url":"https:\/\/www.galvanina.com\/de\/wp-content\/uploads\/sites\/3\/2020\/05\/stabilimento-galvanina-1280x287.jpg","type":"","width":"","height":""}],"twitter_card":"summary_large_image","twitter_misc":{"Gesch\u00e4tzte Lesezeit":"1\u00a0Minute"},"schema":{"@context":"https:\/\/schema.org","@graph":[{"@type":"WebPage","@id":"https:\/\/www.galvanina.com\/de\/wir-ueber-uns\/werke\/","url":"https:\/\/www.galvanina.com\/de\/wir-ueber-uns\/werke\/","name":"Werke | Galvanina","isPartOf":{"@id":"https:\/\/www.galvanina.com\/de\/#website"},"primaryImageOfPage":{"@id":"https:\/\/www.galvanina.com\/de\/wir-ueber-uns\/werke\/#primaryimage"},"image":{"@id":"https:\/\/www.galvanina.com\/de\/wir-ueber-uns\/werke\/#primaryimage"},"thumbnailUrl":"https:\/\/www.galvanina.com\/de\/wp-content\/uploads\/sites\/3\/2020\/05\/stabilimento-galvanina-1280x287.jpg","datePublished":"2020-05-21T12:56:52+00:00","dateModified":"2021-05-18T08:14:46+00:00","breadcrumb":{"@id":"https:\/\/www.galvanina.com\/de\/wir-ueber-uns\/werke\/#breadcrumb"},"inLanguage":"de","potentialAction":[{"@type":"ReadAction","target":["https:\/\/www.galvanina.com\/de\/wir-ueber-uns\/werke\/"]}]},{"@type":"ImageObject","inLanguage":"de","@id":"https:\/\/www.galvanina.com\/de\/wir-ueber-uns\/werke\/#primaryimage","url":"https:\/\/www.galvanina.com\/de\/wp-content\/uploads\/sites\/3\/2020\/05\/stabilimento-galvanina.jpg","contentUrl":"https:\/\/www.galvanina.com\/de\/wp-content\/uploads\/sites\/3\/2020\/05\/stabilimento-galvanina.jpg","width":1440,"height":323,"caption":"stabilimento galvanina"},{"@type":"BreadcrumbList","@id":"https:\/\/www.galvanina.com\/de\/wir-ueber-uns\/werke\/#breadcrumb","itemListElement":[{"@type":"ListItem","position":1,"name":"Home","item":"https:\/\/www.galvanina.com\/de\/"},{"@type":"ListItem","position":2,"name":"Wir \u00fcber uns","item":"https:\/\/www.galvanina.com\/de\/wir-ueber-uns\/"},{"@type":"ListItem","position":3,"name":"Werke"}]},{"@type":"WebSite","@id":"https:\/\/www.galvanina.com\/de\/#website","url":"https:\/\/www.galvanina.com\/de\/","name":"Galvanina","description":"","publisher":{"@id":"https:\/\/www.galvanina.com\/de\/#organization"},"potentialAction":[{"@type":"SearchAction","target":{"@type":"EntryPoint","urlTemplate":"https:\/\/www.galvanina.com\/de\/?s={search_term_string}"},"query-input":{"@type":"PropertyValueSpecification","valueRequired":true,"valueName":"search_term_string"}}],"inLanguage":"de"},{"@type":"Organization","@id":"https:\/\/www.galvanina.com\/de\/#organization","name":"La Galvanina S.p.A.","url":"https:\/\/www.galvanina.com\/de\/","logo":{"@type":"ImageObject","inLanguage":"de","@id":"https:\/\/www.galvanina.com\/de\/#\/schema\/logo\/image\/","url":"https:\/\/www.galvanina.com\/de\/wp-content\/uploads\/sites\/3\/2020\/06\/logo-galvanina.png","contentUrl":"https:\/\/www.galvanina.com\/de\/wp-content\/uploads\/sites\/3\/2020\/06\/logo-galvanina.png","width":768,"height":768,"caption":"La Galvanina S.p.A."},"image":{"@id":"https:\/\/www.galvanina.com\/de\/#\/schema\/logo\/image\/"},"sameAs":["https:\/\/www.facebook.com\/galvanina\/","https:\/\/www.instagram.com\/lagalvanina\/","https:\/\/www.linkedin.com\/company\/galvanina\/"]}]}},"_links":{"self":[{"href":"https:\/\/www.galvanina.com\/de\/wp-json\/wp\/v2\/pages\/184","targetHints":{"allow":["GET"]}}],"collection":[{"href":"https:\/\/www.galvanina.com\/de\/wp-json\/wp\/v2\/pages"}],"about":[{"href":"https:\/\/www.galvanina.com\/de\/wp-json\/wp\/v2\/types\/page"}],"author":[{"embeddable":true,"href":"https:\/\/www.galvanina.com\/de\/wp-json\/wp\/v2\/users\/23"}],"replies":[{"embeddable":true,"href":"https:\/\/www.galvanina.com\/de\/wp-json\/wp\/v2\/comments?post=184"}],"version-history":[{"count":9,"href":"https:\/\/www.galvanina.com\/de\/wp-json\/wp\/v2\/pages\/184\/revisions"}],"predecessor-version":[{"id":5076,"href":"https:\/\/www.galvanina.com\/de\/wp-json\/wp\/v2\/pages\/184\/revisions\/5076"}],"up":[{"embeddable":true,"href":"https:\/\/www.galvanina.com\/de\/wp-json\/wp\/v2\/pages\/147"}],"wp:attachment":[{"href":"https:\/\/www.galvanina.com\/de\/wp-json\/wp\/v2\/media?parent=184"}],"curies":[{"name":"wp","href":"https:\/\/api.w.org\/{rel}","templated":true}]}}