{"id":171,"date":"2020-05-21T14:39:36","date_gmt":"2020-05-21T12:39:36","guid":{"rendered":"https:\/\/www.galvanina.com\/de\/?page_id=171"},"modified":"2022-03-10T10:57:46","modified_gmt":"2022-03-10T09:57:46","slug":"geschichte","status":"publish","type":"page","link":"https:\/\/www.galvanina.com\/de\/wir-ueber-uns\/geschichte\/","title":{"rendered":"Geschichte"},"content":{"rendered":"\n<div class=\"wp-block-image\"><figure class=\"alignright size-large\"><img loading=\"lazy\" decoding=\"async\" width=\"450\" height=\"326\" src=\"https:\/\/www.galvanina.com\/de\/wp-content\/uploads\/sites\/3\/2020\/06\/colonne-terme-romane-galvanina.jpg\" alt=\"colonne terme romane galvanina\" class=\"wp-image-1945\" srcset=\"https:\/\/www.galvanina.com\/de\/wp-content\/uploads\/sites\/3\/2020\/06\/colonne-terme-romane-galvanina.jpg 450w, https:\/\/www.galvanina.com\/de\/wp-content\/uploads\/sites\/3\/2020\/06\/colonne-terme-romane-galvanina-240x174.jpg 240w, https:\/\/www.galvanina.com\/de\/wp-content\/uploads\/sites\/3\/2020\/06\/colonne-terme-romane-galvanina-110x80.jpg 110w\" sizes=\"auto, (max-width: 450px) 100vw, 450px\" \/><\/figure><\/div>\n\n\n\n<h2 class=\"wp-block-heading\"><strong>Galvanina, der Ursprung einer Quelle der Exzellenz.<\/strong><\/h2>\n\n\n\n<p><strong><strong>Galvanina&nbsp;hat eine lange, faszinierende Geschichte. Am Fu\u00dfe des Paradies-H\u00fcgels gelegen, wo antike r\u00f6mische Thermalquellen entspringen<\/strong><\/strong>, tr\u00e4gt die Firma Galvanina den Namen der gleichnamigen Mineralwasserquelle<strong><strong>, deren Jahrhundertelange Reise durch das Gebiet um Rimini genau hier ihren Anfang nimmt<\/strong><\/strong><\/p>\n\n\n\n<div style=\"height:50px\" aria-hidden=\"true\" class=\"wp-block-spacer\"><\/div>\n\n\n\n<div class=\"wp-block-image\"><figure class=\"alignleft size-large\"><img loading=\"lazy\" decoding=\"async\" width=\"450\" height=\"513\" src=\"https:\/\/www.galvanina.com\/de\/wp-content\/uploads\/sites\/3\/2020\/06\/blasone-galvanina.jpg\" alt=\"blasone galvanina\" class=\"wp-image-1946\" srcset=\"https:\/\/www.galvanina.com\/de\/wp-content\/uploads\/sites\/3\/2020\/06\/blasone-galvanina.jpg 450w, https:\/\/www.galvanina.com\/de\/wp-content\/uploads\/sites\/3\/2020\/06\/blasone-galvanina-240x274.jpg 240w, https:\/\/www.galvanina.com\/de\/wp-content\/uploads\/sites\/3\/2020\/06\/blasone-galvanina-70x80.jpg 70w\" sizes=\"auto, (max-width: 450px) 100vw, 450px\" \/><\/figure><\/div>\n\n\n\n<h2 class=\"wp-block-heading\">Die Renaissance, Giorgio Vasari und das Emblem von Galvanina<\/h2>\n\n\n\n<p>Das <strong>Wappen-Emblem von Galvanina<\/strong> ist auf eine Adelsfamilie zur\u00fcck zu f\u00fchren, die ihrerzeit die Mineralwasser-Quelle besa\u00df. Das Wappen ist in einem Brunnen aus dem sechzehnten Jahrhundert eingemei\u00dfelt und ist der Legende nach ein Entwurf des gro\u00dfartigen italienischen Malers, Architekten und Kunsthistorikers <strong>Giorgio Vasari<\/strong>.<\/p>\n\n\n\n<div style=\"height:50px\" aria-hidden=\"true\" class=\"wp-block-spacer\"><\/div>\n\n\n\n<div class=\"wp-block-image\"><figure class=\"alignright size-large\"><img loading=\"lazy\" decoding=\"async\" width=\"450\" height=\"657\" src=\"https:\/\/www.galvanina.com\/de\/wp-content\/uploads\/sites\/3\/2020\/05\/manifesto-galvanina.jpg\" alt=\"manifesto galvanina\" class=\"wp-image-1763\" srcset=\"https:\/\/www.galvanina.com\/de\/wp-content\/uploads\/sites\/3\/2020\/05\/manifesto-galvanina.jpg 450w, https:\/\/www.galvanina.com\/de\/wp-content\/uploads\/sites\/3\/2020\/05\/manifesto-galvanina-240x350.jpg 240w, https:\/\/www.galvanina.com\/de\/wp-content\/uploads\/sites\/3\/2020\/05\/manifesto-galvanina-55x80.jpg 55w\" sizes=\"auto, (max-width: 450px) 100vw, 450px\" \/><\/figure><\/div>\n\n\n\n<h2 class=\"wp-block-heading\">Galvanina und das zwanzigste Jahrhundert in Italien<\/h2>\n\n\n\n<p>Das erste Galvanina-Werk entstand Anfang des 20. Jahrhunderts als handwerklicher Betrieb, dem in den Jahrzehnten danach die ersten <strong>Abf\u00fcllanlagen f\u00fcr Glasflaschen <\/strong>hinzukamen. W\u00e4hrend der beiden Weltkriege wurden die Anlagen zerst\u00f6rt, jedoch bald darauf wiederaufgebaut. <\/p>\n\n\n\n<p>Dank der immer beliebteren verdauungsf\u00f6rdernden Wirkung dieses Mineralwassers konnte Galvanina das Unternehmen im Laufe der Jahre erweitern und sich als <strong>industrieller Betrieb etablieren<\/strong>.<\/p>\n\n\n\n<div style=\"height:50px\" aria-hidden=\"true\" class=\"wp-block-spacer\"><\/div>\n\n\n\n<h2 class=\"wp-block-heading\">Die \u201880er Jahre, ein Jahrzehnt des Wachstums<\/h2>\n\n\n\n<p>In den \u201980er Jahren erg\u00e4nzte das Unternehmen die Produktion von <strong>Mineralwasser <\/strong>durch <strong>alkoholfreie Getr\u00e4nke auf der Basis von Fr\u00fcchten und nat\u00fcrlichen Aromen<\/strong>, wobei es gelang, die Voraussetzungen f\u00fcr die Ausdehnung des Angebots \u00fcber die Landesgrenzen hinaus zu schaffen.<\/p>\n\n\n\n<p>So gelangten im Jahr <strong>1987<\/strong> das Mineralwasser und die Getr\u00e4nke von Galvanina zun\u00e4chst auf die Tische in <strong>Amerika<\/strong>&nbsp;und&nbsp;<strong>Canada<\/strong>, anschlie\u00dfend in weitere <strong>50 L\u00e4nder <\/strong>in <strong>Europa<\/strong>, <strong>Asien <\/strong>und <strong>Ozeanien<\/strong>.<\/p>\n\n\n\n<div style=\"height:100px\" aria-hidden=\"true\" class=\"wp-block-spacer\"><\/div>\n\n\n\n<h2 class=\"wp-block-heading\">Das dritte Jahrtausend, die biologische Wende<\/h2>\n\n\n\n<p>Im dritten Jahrtausend expandiert Galvanina weiter. Die gestiegene Nachfrage f\u00fchrt zum Vertrieb von Mineralwasser und Getr\u00e4nken \u00fcber verschiedene <strong>internationale Retail-Ketten<\/strong>.<br><br>Der Erfolg bringt Galvanina dazu, die <strong>Produktion <\/strong>zu erh\u00f6hen: dem Werk in <strong>Rimini<\/strong> kommt ein weiteres in <strong>Apecchio<\/strong> hinzu, wo das Wasser aus der Quelle Val di Meti abgef\u00fcllt wird. Galvanina beweist Marktkenntnis und Voraussicht und widmet sich der herstellung von biologischen Getr\u00e4nken.<\/p>\n\n\n\n<div style=\"height:100px\" aria-hidden=\"true\" class=\"wp-block-spacer\"><\/div>\n\n\n\n<h2 class=\"wp-block-heading\">Galvanina heute<\/h2>\n\n\n\n<p>Derzeit betreibt das Unternehmen <a href=\"https:\/\/www.galvanina.com\/de\/wir-ueber-uns\/werke\/\" target=\"_blank\" aria-label=\"undefined (apri in una nuova scheda)\" rel=\"noreferrer noopener\"><strong>drei Produktionsst\u00e4tten<\/strong><\/a>, in denen das Quellwasser aus <a href=\"https:\/\/www.galvanina.com\/de\/wir-ueber-uns\/quellen\/\" target=\"_blank\" aria-label=\"undefined (apri in una nuova scheda)\" rel=\"noreferrer noopener\">Galvanina, Val di Meti und San Giuliano<\/a> in <strong>Glasflaschen, PET-Flaschen <\/strong>und <strong>Dosen <\/strong>abgef\u00fcllt wird. Hinzu kommt die Produktion von&nbsp;<a href=\"https:\/\/www.galvanina.com\/de\/product-line\/mineralwasser\/\">aromatisiertem Wasser<\/a>,&nbsp;<a href=\"https:\/\/www.galvanina.com\/de\/product-line\/biologische-getranke\/\">Soft Drink<\/a>s,&nbsp;<a href=\"https:\/\/www.galvanina.com\/de\/product-line\/biologische-mixgetranke\/\" target=\"_blank\" aria-label=\"undefined (apri in una nuova scheda)\" rel=\"noreferrer noopener\">Mixgetr\u00e4nke<\/a>n&nbsp;und&nbsp;kaltem Tee, sowohl biologisch, als auch konventionell.<\/p>\n\n\n\n<p>Durch <strong>Qualit\u00e4t, Innovation, Forschung <\/strong>und <strong>authentische Produkte, <\/strong>die f\u00fcr schmackhafte Abwechslung sorgen und anspruchsvollste Verbraucher zufrieden stellen, <strong>w\u00e4chst das Unternehmen<\/strong> <strong>Galvanina auch im letzten Jahrzehnt weiter.<\/strong><\/p>\n\n\n\n<p><strong>2019: Das globale Unternehmen Riverside <\/strong>erwirbt den Mehrheitsanteil von Galvanina, um den Betrieb international weiter auszubauen und als globales Unternehmen zu konsolidieren.<\/p>\n","protected":false},"excerpt":{"rendered":"<p>Galvanina, der Ursprung einer Quelle der Exzellenz. Galvanina&nbsp;hat eine lange, faszinierende Geschichte. Am Fu\u00dfe des Paradies-H\u00fcgels gelegen, wo antike r\u00f6mische Thermalquellen entspringen, tr\u00e4gt die Firma Galvanina den Namen der gleichnamigen Mineralwasserquelle, deren Jahrhundertelange Reise durch das Gebiet um Rimini genau hier ihren Anfang nimmt Die Renaissance, Giorgio Vasari und das Emblem von Galvanina Das Wappen-Emblem [&hellip;]<\/p>\n","protected":false},"author":23,"featured_media":0,"parent":147,"menu_order":0,"comment_status":"closed","ping_status":"closed","template":"","meta":{"footnotes":""},"class_list":["post-171","page","type-page","status-publish","hentry"],"yoast_head":"<!-- This site is optimized with the Yoast SEO plugin v27.3 - https:\/\/yoast.com\/product\/yoast-seo-wordpress\/ -->\n<title>Geschichte von Galvanina, die Urspr\u00fcnge einer Quelle der Exzellenz<\/title>\n<meta name=\"description\" content=\"Galvanina hat eine alte und faszinierende Geschichte. An den H\u00e4ngen des Paradiso-H\u00fcgels gelegen, wo antike r\u00f6mische B\u00e4der standen.\" \/>\n<meta name=\"robots\" content=\"index, follow, max-snippet:-1, max-image-preview:large, max-video-preview:-1\" \/>\n<link rel=\"canonical\" href=\"https:\/\/www.galvanina.com\/de\/wir-ueber-uns\/geschichte\/\" \/>\n<meta property=\"og:locale\" content=\"de_DE\" \/>\n<meta property=\"og:type\" content=\"article\" \/>\n<meta property=\"og:title\" content=\"Geschichte von Galvanina, die Urspr\u00fcnge einer Quelle der Exzellenz\" \/>\n<meta property=\"og:description\" content=\"Galvanina hat eine alte und faszinierende Geschichte. An den H\u00e4ngen des Paradiso-H\u00fcgels gelegen, wo antike r\u00f6mische B\u00e4der standen.\" \/>\n<meta property=\"og:url\" content=\"https:\/\/www.galvanina.com\/de\/wir-ueber-uns\/geschichte\/\" \/>\n<meta property=\"og:site_name\" content=\"Galvanina\" \/>\n<meta property=\"article:publisher\" content=\"https:\/\/www.facebook.com\/galvanina\/\" \/>\n<meta property=\"article:modified_time\" content=\"2022-03-10T09:57:46+00:00\" \/>\n<meta property=\"og:image\" content=\"https:\/\/www.galvanina.com\/de\/wp-content\/uploads\/sites\/3\/2020\/06\/colonne-terme-romane-galvanina.jpg\" \/>\n<meta name=\"twitter:card\" content=\"summary_large_image\" \/>\n<meta name=\"twitter:label1\" content=\"Gesch\u00e4tzte Lesezeit\" \/>\n\t<meta name=\"twitter:data1\" content=\"3\u00a0Minuten\" \/>\n<script type=\"application\/ld+json\" class=\"yoast-schema-graph\">{\"@context\":\"https:\\\/\\\/schema.org\",\"@graph\":[{\"@type\":\"WebPage\",\"@id\":\"https:\\\/\\\/www.galvanina.com\\\/de\\\/wir-ueber-uns\\\/geschichte\\\/\",\"url\":\"https:\\\/\\\/www.galvanina.com\\\/de\\\/wir-ueber-uns\\\/geschichte\\\/\",\"name\":\"Geschichte von Galvanina, die Urspr\u00fcnge einer Quelle der Exzellenz\",\"isPartOf\":{\"@id\":\"https:\\\/\\\/www.galvanina.com\\\/de\\\/#website\"},\"primaryImageOfPage\":{\"@id\":\"https:\\\/\\\/www.galvanina.com\\\/de\\\/wir-ueber-uns\\\/geschichte\\\/#primaryimage\"},\"image\":{\"@id\":\"https:\\\/\\\/www.galvanina.com\\\/de\\\/wir-ueber-uns\\\/geschichte\\\/#primaryimage\"},\"thumbnailUrl\":\"https:\\\/\\\/www.galvanina.com\\\/de\\\/wp-content\\\/uploads\\\/sites\\\/3\\\/2020\\\/06\\\/colonne-terme-romane-galvanina.jpg\",\"datePublished\":\"2020-05-21T12:39:36+00:00\",\"dateModified\":\"2022-03-10T09:57:46+00:00\",\"description\":\"Galvanina hat eine alte und faszinierende Geschichte. An den H\u00e4ngen des Paradiso-H\u00fcgels gelegen, wo antike r\u00f6mische B\u00e4der standen.\",\"breadcrumb\":{\"@id\":\"https:\\\/\\\/www.galvanina.com\\\/de\\\/wir-ueber-uns\\\/geschichte\\\/#breadcrumb\"},\"inLanguage\":\"de\",\"potentialAction\":[{\"@type\":\"ReadAction\",\"target\":[\"https:\\\/\\\/www.galvanina.com\\\/de\\\/wir-ueber-uns\\\/geschichte\\\/\"]}]},{\"@type\":\"ImageObject\",\"inLanguage\":\"de\",\"@id\":\"https:\\\/\\\/www.galvanina.com\\\/de\\\/wir-ueber-uns\\\/geschichte\\\/#primaryimage\",\"url\":\"https:\\\/\\\/www.galvanina.com\\\/de\\\/wp-content\\\/uploads\\\/sites\\\/3\\\/2020\\\/06\\\/colonne-terme-romane-galvanina.jpg\",\"contentUrl\":\"https:\\\/\\\/www.galvanina.com\\\/de\\\/wp-content\\\/uploads\\\/sites\\\/3\\\/2020\\\/06\\\/colonne-terme-romane-galvanina.jpg\",\"width\":450,\"height\":326,\"caption\":\"colonne terme romane galvanina\"},{\"@type\":\"BreadcrumbList\",\"@id\":\"https:\\\/\\\/www.galvanina.com\\\/de\\\/wir-ueber-uns\\\/geschichte\\\/#breadcrumb\",\"itemListElement\":[{\"@type\":\"ListItem\",\"position\":1,\"name\":\"Home\",\"item\":\"https:\\\/\\\/www.galvanina.com\\\/de\\\/\"},{\"@type\":\"ListItem\",\"position\":2,\"name\":\"Wir \u00fcber uns\",\"item\":\"https:\\\/\\\/www.galvanina.com\\\/de\\\/wir-ueber-uns\\\/\"},{\"@type\":\"ListItem\",\"position\":3,\"name\":\"Geschichte\"}]},{\"@type\":\"WebSite\",\"@id\":\"https:\\\/\\\/www.galvanina.com\\\/de\\\/#website\",\"url\":\"https:\\\/\\\/www.galvanina.com\\\/de\\\/\",\"name\":\"Galvanina\",\"description\":\"\",\"publisher\":{\"@id\":\"https:\\\/\\\/www.galvanina.com\\\/de\\\/#organization\"},\"potentialAction\":[{\"@type\":\"SearchAction\",\"target\":{\"@type\":\"EntryPoint\",\"urlTemplate\":\"https:\\\/\\\/www.galvanina.com\\\/de\\\/?s={search_term_string}\"},\"query-input\":{\"@type\":\"PropertyValueSpecification\",\"valueRequired\":true,\"valueName\":\"search_term_string\"}}],\"inLanguage\":\"de\"},{\"@type\":\"Organization\",\"@id\":\"https:\\\/\\\/www.galvanina.com\\\/de\\\/#organization\",\"name\":\"La Galvanina S.p.A.\",\"url\":\"https:\\\/\\\/www.galvanina.com\\\/de\\\/\",\"logo\":{\"@type\":\"ImageObject\",\"inLanguage\":\"de\",\"@id\":\"https:\\\/\\\/www.galvanina.com\\\/de\\\/#\\\/schema\\\/logo\\\/image\\\/\",\"url\":\"https:\\\/\\\/www.galvanina.com\\\/de\\\/wp-content\\\/uploads\\\/sites\\\/3\\\/2020\\\/06\\\/logo-galvanina.png\",\"contentUrl\":\"https:\\\/\\\/www.galvanina.com\\\/de\\\/wp-content\\\/uploads\\\/sites\\\/3\\\/2020\\\/06\\\/logo-galvanina.png\",\"width\":768,\"height\":768,\"caption\":\"La Galvanina S.p.A.\"},\"image\":{\"@id\":\"https:\\\/\\\/www.galvanina.com\\\/de\\\/#\\\/schema\\\/logo\\\/image\\\/\"},\"sameAs\":[\"https:\\\/\\\/www.facebook.com\\\/galvanina\\\/\",\"https:\\\/\\\/www.instagram.com\\\/lagalvanina\\\/\",\"https:\\\/\\\/www.linkedin.com\\\/company\\\/galvanina\\\/\"]}]}<\/script>\n<!-- \/ Yoast SEO plugin. -->","yoast_head_json":{"title":"Geschichte von Galvanina, die Urspr\u00fcnge einer Quelle der Exzellenz","description":"Galvanina hat eine alte und faszinierende Geschichte. An den H\u00e4ngen des Paradiso-H\u00fcgels gelegen, wo antike r\u00f6mische B\u00e4der standen.","robots":{"index":"index","follow":"follow","max-snippet":"max-snippet:-1","max-image-preview":"max-image-preview:large","max-video-preview":"max-video-preview:-1"},"canonical":"https:\/\/www.galvanina.com\/de\/wir-ueber-uns\/geschichte\/","og_locale":"de_DE","og_type":"article","og_title":"Geschichte von Galvanina, die Urspr\u00fcnge einer Quelle der Exzellenz","og_description":"Galvanina hat eine alte und faszinierende Geschichte. An den H\u00e4ngen des Paradiso-H\u00fcgels gelegen, wo antike r\u00f6mische B\u00e4der standen.","og_url":"https:\/\/www.galvanina.com\/de\/wir-ueber-uns\/geschichte\/","og_site_name":"Galvanina","article_publisher":"https:\/\/www.facebook.com\/galvanina\/","article_modified_time":"2022-03-10T09:57:46+00:00","og_image":[{"url":"https:\/\/www.galvanina.com\/de\/wp-content\/uploads\/sites\/3\/2020\/06\/colonne-terme-romane-galvanina.jpg","type":"","width":"","height":""}],"twitter_card":"summary_large_image","twitter_misc":{"Gesch\u00e4tzte Lesezeit":"3\u00a0Minuten"},"schema":{"@context":"https:\/\/schema.org","@graph":[{"@type":"WebPage","@id":"https:\/\/www.galvanina.com\/de\/wir-ueber-uns\/geschichte\/","url":"https:\/\/www.galvanina.com\/de\/wir-ueber-uns\/geschichte\/","name":"Geschichte von Galvanina, die Urspr\u00fcnge einer Quelle der Exzellenz","isPartOf":{"@id":"https:\/\/www.galvanina.com\/de\/#website"},"primaryImageOfPage":{"@id":"https:\/\/www.galvanina.com\/de\/wir-ueber-uns\/geschichte\/#primaryimage"},"image":{"@id":"https:\/\/www.galvanina.com\/de\/wir-ueber-uns\/geschichte\/#primaryimage"},"thumbnailUrl":"https:\/\/www.galvanina.com\/de\/wp-content\/uploads\/sites\/3\/2020\/06\/colonne-terme-romane-galvanina.jpg","datePublished":"2020-05-21T12:39:36+00:00","dateModified":"2022-03-10T09:57:46+00:00","description":"Galvanina hat eine alte und faszinierende Geschichte. An den H\u00e4ngen des Paradiso-H\u00fcgels gelegen, wo antike r\u00f6mische B\u00e4der standen.","breadcrumb":{"@id":"https:\/\/www.galvanina.com\/de\/wir-ueber-uns\/geschichte\/#breadcrumb"},"inLanguage":"de","potentialAction":[{"@type":"ReadAction","target":["https:\/\/www.galvanina.com\/de\/wir-ueber-uns\/geschichte\/"]}]},{"@type":"ImageObject","inLanguage":"de","@id":"https:\/\/www.galvanina.com\/de\/wir-ueber-uns\/geschichte\/#primaryimage","url":"https:\/\/www.galvanina.com\/de\/wp-content\/uploads\/sites\/3\/2020\/06\/colonne-terme-romane-galvanina.jpg","contentUrl":"https:\/\/www.galvanina.com\/de\/wp-content\/uploads\/sites\/3\/2020\/06\/colonne-terme-romane-galvanina.jpg","width":450,"height":326,"caption":"colonne terme romane galvanina"},{"@type":"BreadcrumbList","@id":"https:\/\/www.galvanina.com\/de\/wir-ueber-uns\/geschichte\/#breadcrumb","itemListElement":[{"@type":"ListItem","position":1,"name":"Home","item":"https:\/\/www.galvanina.com\/de\/"},{"@type":"ListItem","position":2,"name":"Wir \u00fcber uns","item":"https:\/\/www.galvanina.com\/de\/wir-ueber-uns\/"},{"@type":"ListItem","position":3,"name":"Geschichte"}]},{"@type":"WebSite","@id":"https:\/\/www.galvanina.com\/de\/#website","url":"https:\/\/www.galvanina.com\/de\/","name":"Galvanina","description":"","publisher":{"@id":"https:\/\/www.galvanina.com\/de\/#organization"},"potentialAction":[{"@type":"SearchAction","target":{"@type":"EntryPoint","urlTemplate":"https:\/\/www.galvanina.com\/de\/?s={search_term_string}"},"query-input":{"@type":"PropertyValueSpecification","valueRequired":true,"valueName":"search_term_string"}}],"inLanguage":"de"},{"@type":"Organization","@id":"https:\/\/www.galvanina.com\/de\/#organization","name":"La Galvanina S.p.A.","url":"https:\/\/www.galvanina.com\/de\/","logo":{"@type":"ImageObject","inLanguage":"de","@id":"https:\/\/www.galvanina.com\/de\/#\/schema\/logo\/image\/","url":"https:\/\/www.galvanina.com\/de\/wp-content\/uploads\/sites\/3\/2020\/06\/logo-galvanina.png","contentUrl":"https:\/\/www.galvanina.com\/de\/wp-content\/uploads\/sites\/3\/2020\/06\/logo-galvanina.png","width":768,"height":768,"caption":"La Galvanina S.p.A."},"image":{"@id":"https:\/\/www.galvanina.com\/de\/#\/schema\/logo\/image\/"},"sameAs":["https:\/\/www.facebook.com\/galvanina\/","https:\/\/www.instagram.com\/lagalvanina\/","https:\/\/www.linkedin.com\/company\/galvanina\/"]}]}},"_links":{"self":[{"href":"https:\/\/www.galvanina.com\/de\/wp-json\/wp\/v2\/pages\/171","targetHints":{"allow":["GET"]}}],"collection":[{"href":"https:\/\/www.galvanina.com\/de\/wp-json\/wp\/v2\/pages"}],"about":[{"href":"https:\/\/www.galvanina.com\/de\/wp-json\/wp\/v2\/types\/page"}],"author":[{"embeddable":true,"href":"https:\/\/www.galvanina.com\/de\/wp-json\/wp\/v2\/users\/23"}],"replies":[{"embeddable":true,"href":"https:\/\/www.galvanina.com\/de\/wp-json\/wp\/v2\/comments?post=171"}],"version-history":[{"count":23,"href":"https:\/\/www.galvanina.com\/de\/wp-json\/wp\/v2\/pages\/171\/revisions"}],"predecessor-version":[{"id":5308,"href":"https:\/\/www.galvanina.com\/de\/wp-json\/wp\/v2\/pages\/171\/revisions\/5308"}],"up":[{"embeddable":true,"href":"https:\/\/www.galvanina.com\/de\/wp-json\/wp\/v2\/pages\/147"}],"wp:attachment":[{"href":"https:\/\/www.galvanina.com\/de\/wp-json\/wp\/v2\/media?parent=171"}],"curies":[{"name":"wp","href":"https:\/\/api.w.org\/{rel}","templated":true}]}}