{"id":15,"date":"2000-01-01T00:00:01","date_gmt":"1999-12-31T23:00:01","guid":{"rendered":"https:\/\/galvanina.dev.locale\/?page_id=15"},"modified":"2022-03-10T11:29:44","modified_gmt":"2022-03-10T10:29:44","slug":"home","status":"publish","type":"page","link":"https:\/\/www.galvanina.com\/de\/","title":{"rendered":"Home"},"content":{"rendered":"\n<div class=\"wp-block-columns m0 is-layout-flex wp-container-core-columns-is-layout-9d6595d7 wp-block-columns-is-layout-flex\">\n<div class=\"wp-block-column is-vertically-aligned-bottom is-layout-flow wp-block-column-is-layout-flow\">\n<figure class=\"wp-block-image size-large block m0\"><img loading=\"lazy\" decoding=\"async\" width=\"392\" height=\"404\" src=\"https:\/\/www.galvanina.com\/de\/wp-content\/uploads\/sites\/3\/2020\/05\/bicchiere.jpg\" alt=\"\" class=\"wp-image-62\" srcset=\"https:\/\/www.galvanina.com\/de\/wp-content\/uploads\/sites\/3\/2020\/05\/bicchiere.jpg 392w, https:\/\/www.galvanina.com\/de\/wp-content\/uploads\/sites\/3\/2020\/05\/bicchiere-240x247.jpg 240w, https:\/\/www.galvanina.com\/de\/wp-content\/uploads\/sites\/3\/2020\/05\/bicchiere-78x80.jpg 78w\" sizes=\"auto, (max-width: 392px) 100vw, 392px\" \/><\/figure>\n<\/div>\n\n\n\n<div class=\"wp-block-column h5 md-h4 py2 is-layout-flow wp-block-column-is-layout-flow\" style=\"flex-basis:60%\">\n<h1 class=\"lato h5 md-h4 line-height-4 mb2 wp-block-heading\"><strong><strong>Galvanina: Tee und Bio-Getr\u00e4nke aus Italien.<\/strong><\/strong><\/h1>\n\n\n\n<p>Das Unternehmen hat eine lange, faszinierende Geschichte. Am Fu\u00dfe des Paradies-H\u00fcgels gelegen, wo antike r\u00f6mische Thermalquellen entspringen, tr\u00e4gt die Firma Galvanina den Namen der gleichnamigen Mineralwasserquelle, deren Jahrhundertelange Reise durch das Gebiet um Rimini genau hier ihren Anfang nimmt.<\/p>\n\n\n\n<p>Heute ist das Unternehmen Galvanina in \u00fcber 50 L\u00e4ndern weltweit mit seinen hochwertigen Produkten pr\u00e4sent: biologische Getr\u00e4nke, kalter Tee, Mineralwasser, kohlenhaltige Getr\u00e4nke und Mixgetr\u00e4nke.<\/p>\n\n\n\n<p><\/p>\n\n\n\n<div class=\"wp-block-buttons center sm-left-align mb2 is-layout-flex wp-block-buttons-is-layout-flex\">\n<div class=\"wp-block-button is-style-fill\"><a class=\"wp-block-button__link btn cta-9313d5ee\" href=\"https:\/\/www.galvanina.com\/de\/wir-ueber-uns\/\" target=\"_blank\" rel=\"noreferrer noopener\">WIR \u00dcber uns<\/a><\/div>\n<\/div>\n<\/div>\n<\/div>\n","protected":false},"excerpt":{"rendered":"<p>Galvanina: Tee und Bio-Getr\u00e4nke aus Italien. Das Unternehmen hat eine lange, faszinierende Geschichte. Am Fu\u00dfe des Paradies-H\u00fcgels gelegen, wo antike r\u00f6mische Thermalquellen entspringen, tr\u00e4gt die Firma Galvanina den Namen der gleichnamigen Mineralwasserquelle, deren Jahrhundertelange Reise durch das Gebiet um Rimini genau hier ihren Anfang nimmt. Heute ist das Unternehmen Galvanina in \u00fcber 50 L\u00e4ndern weltweit [&hellip;]<\/p>\n","protected":false},"author":23,"featured_media":2140,"parent":0,"menu_order":0,"comment_status":"closed","ping_status":"closed","template":"page-home.php","meta":{"footnotes":""},"class_list":["post-15","page","type-page","status-publish","has-post-thumbnail","hentry"],"yoast_head":"<!-- This site is optimized with the Yoast SEO plugin v27.3 - https:\/\/yoast.com\/product\/yoast-seo-wordpress\/ -->\n<title>Galvanina - Natural essence, perky soul - Nat\u00fcrliche Essenz, freche Seele<\/title>\n<meta name=\"description\" content=\"Galvanina, das italienische Unternehmen f\u00fcr Tee und Bio-Getr\u00e4nke, hat eine alte und faszinierende Geschichte.\" \/>\n<meta name=\"robots\" content=\"index, follow, max-snippet:-1, max-image-preview:large, max-video-preview:-1\" \/>\n<link rel=\"canonical\" href=\"https:\/\/www.galvanina.com\/de\/\" \/>\n<meta property=\"og:locale\" content=\"de_DE\" \/>\n<meta property=\"og:type\" content=\"article\" \/>\n<meta property=\"og:title\" content=\"Galvanina - Natural essence, perky soul - Nat\u00fcrliche Essenz, freche Seele\" \/>\n<meta property=\"og:description\" content=\"Galvanina, das italienische Unternehmen f\u00fcr Tee und Bio-Getr\u00e4nke, hat eine alte und faszinierende Geschichte.\" \/>\n<meta property=\"og:url\" content=\"https:\/\/www.galvanina.com\/de\/\" \/>\n<meta property=\"og:site_name\" content=\"Galvanina\" \/>\n<meta property=\"article:publisher\" content=\"https:\/\/www.facebook.com\/galvanina\/\" \/>\n<meta property=\"article:modified_time\" content=\"2022-03-10T10:29:44+00:00\" \/>\n<meta property=\"og:image\" content=\"https:\/\/www.galvanina.com\/de\/wp-content\/uploads\/sites\/3\/2020\/06\/galvanina-social.jpg\" \/>\n\t<meta property=\"og:image:width\" content=\"1080\" \/>\n\t<meta property=\"og:image:height\" content=\"630\" \/>\n\t<meta property=\"og:image:type\" content=\"image\/jpeg\" \/>\n<meta name=\"twitter:card\" content=\"summary_large_image\" \/>\n<meta name=\"twitter:label1\" content=\"Gesch\u00e4tzte Lesezeit\" \/>\n\t<meta name=\"twitter:data1\" content=\"1\u00a0Minute\" \/>\n<script type=\"application\/ld+json\" class=\"yoast-schema-graph\">{\"@context\":\"https:\\\/\\\/schema.org\",\"@graph\":[{\"@type\":\"WebPage\",\"@id\":\"https:\\\/\\\/www.galvanina.com\\\/de\\\/\",\"url\":\"https:\\\/\\\/www.galvanina.com\\\/de\\\/\",\"name\":\"Galvanina - Natural essence, perky soul - Nat\u00fcrliche Essenz, freche Seele\",\"isPartOf\":{\"@id\":\"https:\\\/\\\/www.galvanina.com\\\/de\\\/#website\"},\"primaryImageOfPage\":{\"@id\":\"https:\\\/\\\/www.galvanina.com\\\/de\\\/#primaryimage\"},\"image\":{\"@id\":\"https:\\\/\\\/www.galvanina.com\\\/de\\\/#primaryimage\"},\"thumbnailUrl\":\"https:\\\/\\\/www.galvanina.com\\\/de\\\/wp-content\\\/uploads\\\/sites\\\/3\\\/2020\\\/06\\\/galvanina-social.jpg\",\"datePublished\":\"1999-12-31T23:00:01+00:00\",\"dateModified\":\"2022-03-10T10:29:44+00:00\",\"description\":\"Galvanina, das italienische Unternehmen f\u00fcr Tee und Bio-Getr\u00e4nke, hat eine alte und faszinierende Geschichte.\",\"breadcrumb\":{\"@id\":\"https:\\\/\\\/www.galvanina.com\\\/de\\\/#breadcrumb\"},\"inLanguage\":\"de\",\"potentialAction\":[{\"@type\":\"ReadAction\",\"target\":[\"https:\\\/\\\/www.galvanina.com\\\/de\\\/\"]}]},{\"@type\":\"ImageObject\",\"inLanguage\":\"de\",\"@id\":\"https:\\\/\\\/www.galvanina.com\\\/de\\\/#primaryimage\",\"url\":\"https:\\\/\\\/www.galvanina.com\\\/de\\\/wp-content\\\/uploads\\\/sites\\\/3\\\/2020\\\/06\\\/galvanina-social.jpg\",\"contentUrl\":\"https:\\\/\\\/www.galvanina.com\\\/de\\\/wp-content\\\/uploads\\\/sites\\\/3\\\/2020\\\/06\\\/galvanina-social.jpg\",\"width\":1080,\"height\":630,\"caption\":\"Natural essence, perky soul\"},{\"@type\":\"BreadcrumbList\",\"@id\":\"https:\\\/\\\/www.galvanina.com\\\/de\\\/#breadcrumb\",\"itemListElement\":[{\"@type\":\"ListItem\",\"position\":1,\"name\":\"Home\",\"item\":\"https:\\\/\\\/www.galvanina.com\\\/de\\\/\"},{\"@type\":\"ListItem\",\"position\":2,\"name\":\"Home\"}]},{\"@type\":\"WebSite\",\"@id\":\"https:\\\/\\\/www.galvanina.com\\\/de\\\/#website\",\"url\":\"https:\\\/\\\/www.galvanina.com\\\/de\\\/\",\"name\":\"Galvanina\",\"description\":\"\",\"publisher\":{\"@id\":\"https:\\\/\\\/www.galvanina.com\\\/de\\\/#organization\"},\"potentialAction\":[{\"@type\":\"SearchAction\",\"target\":{\"@type\":\"EntryPoint\",\"urlTemplate\":\"https:\\\/\\\/www.galvanina.com\\\/de\\\/?s={search_term_string}\"},\"query-input\":{\"@type\":\"PropertyValueSpecification\",\"valueRequired\":true,\"valueName\":\"search_term_string\"}}],\"inLanguage\":\"de\"},{\"@type\":\"Organization\",\"@id\":\"https:\\\/\\\/www.galvanina.com\\\/de\\\/#organization\",\"name\":\"La Galvanina S.p.A.\",\"url\":\"https:\\\/\\\/www.galvanina.com\\\/de\\\/\",\"logo\":{\"@type\":\"ImageObject\",\"inLanguage\":\"de\",\"@id\":\"https:\\\/\\\/www.galvanina.com\\\/de\\\/#\\\/schema\\\/logo\\\/image\\\/\",\"url\":\"https:\\\/\\\/www.galvanina.com\\\/de\\\/wp-content\\\/uploads\\\/sites\\\/3\\\/2020\\\/06\\\/logo-galvanina.png\",\"contentUrl\":\"https:\\\/\\\/www.galvanina.com\\\/de\\\/wp-content\\\/uploads\\\/sites\\\/3\\\/2020\\\/06\\\/logo-galvanina.png\",\"width\":768,\"height\":768,\"caption\":\"La Galvanina S.p.A.\"},\"image\":{\"@id\":\"https:\\\/\\\/www.galvanina.com\\\/de\\\/#\\\/schema\\\/logo\\\/image\\\/\"},\"sameAs\":[\"https:\\\/\\\/www.facebook.com\\\/galvanina\\\/\",\"https:\\\/\\\/www.instagram.com\\\/lagalvanina\\\/\",\"https:\\\/\\\/www.linkedin.com\\\/company\\\/galvanina\\\/\"]}]}<\/script>\n<!-- \/ Yoast SEO plugin. -->","yoast_head_json":{"title":"Galvanina - Natural essence, perky soul - Nat\u00fcrliche Essenz, freche Seele","description":"Galvanina, das italienische Unternehmen f\u00fcr Tee und Bio-Getr\u00e4nke, hat eine alte und faszinierende Geschichte.","robots":{"index":"index","follow":"follow","max-snippet":"max-snippet:-1","max-image-preview":"max-image-preview:large","max-video-preview":"max-video-preview:-1"},"canonical":"https:\/\/www.galvanina.com\/de\/","og_locale":"de_DE","og_type":"article","og_title":"Galvanina - Natural essence, perky soul - Nat\u00fcrliche Essenz, freche Seele","og_description":"Galvanina, das italienische Unternehmen f\u00fcr Tee und Bio-Getr\u00e4nke, hat eine alte und faszinierende Geschichte.","og_url":"https:\/\/www.galvanina.com\/de\/","og_site_name":"Galvanina","article_publisher":"https:\/\/www.facebook.com\/galvanina\/","article_modified_time":"2022-03-10T10:29:44+00:00","og_image":[{"width":1080,"height":630,"url":"https:\/\/www.galvanina.com\/de\/wp-content\/uploads\/sites\/3\/2020\/06\/galvanina-social.jpg","type":"image\/jpeg"}],"twitter_card":"summary_large_image","twitter_misc":{"Gesch\u00e4tzte Lesezeit":"1\u00a0Minute"},"schema":{"@context":"https:\/\/schema.org","@graph":[{"@type":"WebPage","@id":"https:\/\/www.galvanina.com\/de\/","url":"https:\/\/www.galvanina.com\/de\/","name":"Galvanina - Natural essence, perky soul - Nat\u00fcrliche Essenz, freche Seele","isPartOf":{"@id":"https:\/\/www.galvanina.com\/de\/#website"},"primaryImageOfPage":{"@id":"https:\/\/www.galvanina.com\/de\/#primaryimage"},"image":{"@id":"https:\/\/www.galvanina.com\/de\/#primaryimage"},"thumbnailUrl":"https:\/\/www.galvanina.com\/de\/wp-content\/uploads\/sites\/3\/2020\/06\/galvanina-social.jpg","datePublished":"1999-12-31T23:00:01+00:00","dateModified":"2022-03-10T10:29:44+00:00","description":"Galvanina, das italienische Unternehmen f\u00fcr Tee und Bio-Getr\u00e4nke, hat eine alte und faszinierende Geschichte.","breadcrumb":{"@id":"https:\/\/www.galvanina.com\/de\/#breadcrumb"},"inLanguage":"de","potentialAction":[{"@type":"ReadAction","target":["https:\/\/www.galvanina.com\/de\/"]}]},{"@type":"ImageObject","inLanguage":"de","@id":"https:\/\/www.galvanina.com\/de\/#primaryimage","url":"https:\/\/www.galvanina.com\/de\/wp-content\/uploads\/sites\/3\/2020\/06\/galvanina-social.jpg","contentUrl":"https:\/\/www.galvanina.com\/de\/wp-content\/uploads\/sites\/3\/2020\/06\/galvanina-social.jpg","width":1080,"height":630,"caption":"Natural essence, perky soul"},{"@type":"BreadcrumbList","@id":"https:\/\/www.galvanina.com\/de\/#breadcrumb","itemListElement":[{"@type":"ListItem","position":1,"name":"Home","item":"https:\/\/www.galvanina.com\/de\/"},{"@type":"ListItem","position":2,"name":"Home"}]},{"@type":"WebSite","@id":"https:\/\/www.galvanina.com\/de\/#website","url":"https:\/\/www.galvanina.com\/de\/","name":"Galvanina","description":"","publisher":{"@id":"https:\/\/www.galvanina.com\/de\/#organization"},"potentialAction":[{"@type":"SearchAction","target":{"@type":"EntryPoint","urlTemplate":"https:\/\/www.galvanina.com\/de\/?s={search_term_string}"},"query-input":{"@type":"PropertyValueSpecification","valueRequired":true,"valueName":"search_term_string"}}],"inLanguage":"de"},{"@type":"Organization","@id":"https:\/\/www.galvanina.com\/de\/#organization","name":"La Galvanina S.p.A.","url":"https:\/\/www.galvanina.com\/de\/","logo":{"@type":"ImageObject","inLanguage":"de","@id":"https:\/\/www.galvanina.com\/de\/#\/schema\/logo\/image\/","url":"https:\/\/www.galvanina.com\/de\/wp-content\/uploads\/sites\/3\/2020\/06\/logo-galvanina.png","contentUrl":"https:\/\/www.galvanina.com\/de\/wp-content\/uploads\/sites\/3\/2020\/06\/logo-galvanina.png","width":768,"height":768,"caption":"La Galvanina S.p.A."},"image":{"@id":"https:\/\/www.galvanina.com\/de\/#\/schema\/logo\/image\/"},"sameAs":["https:\/\/www.facebook.com\/galvanina\/","https:\/\/www.instagram.com\/lagalvanina\/","https:\/\/www.linkedin.com\/company\/galvanina\/"]}]}},"_links":{"self":[{"href":"https:\/\/www.galvanina.com\/de\/wp-json\/wp\/v2\/pages\/15","targetHints":{"allow":["GET"]}}],"collection":[{"href":"https:\/\/www.galvanina.com\/de\/wp-json\/wp\/v2\/pages"}],"about":[{"href":"https:\/\/www.galvanina.com\/de\/wp-json\/wp\/v2\/types\/page"}],"author":[{"embeddable":true,"href":"https:\/\/www.galvanina.com\/de\/wp-json\/wp\/v2\/users\/23"}],"replies":[{"embeddable":true,"href":"https:\/\/www.galvanina.com\/de\/wp-json\/wp\/v2\/comments?post=15"}],"version-history":[{"count":52,"href":"https:\/\/www.galvanina.com\/de\/wp-json\/wp\/v2\/pages\/15\/revisions"}],"predecessor-version":[{"id":5311,"href":"https:\/\/www.galvanina.com\/de\/wp-json\/wp\/v2\/pages\/15\/revisions\/5311"}],"wp:featuredmedia":[{"embeddable":true,"href":"https:\/\/www.galvanina.com\/de\/wp-json\/wp\/v2\/media\/2140"}],"wp:attachment":[{"href":"https:\/\/www.galvanina.com\/de\/wp-json\/wp\/v2\/media?parent=15"}],"curies":[{"name":"wp","href":"https:\/\/api.w.org\/{rel}","templated":true}]}}