{"id":147,"date":"2020-05-21T09:11:53","date_gmt":"2020-05-21T07:11:53","guid":{"rendered":"https:\/\/galvanina.dev.locale\/?page_id=147"},"modified":"2022-03-10T10:56:25","modified_gmt":"2022-03-10T09:56:25","slug":"wir-ueber-uns","status":"publish","type":"page","link":"https:\/\/www.galvanina.com\/de\/wir-ueber-uns\/","title":{"rendered":"Wir \u00fcber uns"},"content":{"rendered":"\n<p><strong>Am Anfang war das Wasser.&nbsp;<\/strong><\/p>\n\n\n\n<p><strong>Immer noch.&nbsp;<\/strong><\/p>\n\n\n\n<p>Zu Beginn des letzten Jahrhunderts entstand das Unternehmen als handwerklicher Betrieb, in dem Mineralwasser abgef\u00fcllt wurde. Nur wenig sp\u00e4ter schaffte man den Sprung zu einem industriellen Betrieb.&nbsp;<\/p>\n\n\n\n<p>Die Firma tr\u00e4gt den Namen der Galvanina \u2013 Quelle, an einem Ort, der bereits den alten R\u00f6mern bekannt war: Colle Paradiso \u2013 der Paradies-H\u00fcgel. In der zweiten H\u00e4lfte des 20. Jahrhunderts kamen im Zuge der umfangreichen Bauarbeiten f\u00fcr die neue Kanalisierung des Quellwassers viele arch\u00e4ologische Funde zu Tage, die heute im firmeneigenen Museum ausgestellt sind.&nbsp;<\/p>\n\n\n\n<p>Das Wasser direkt aus der Quelle ist mikrobiologisch rein und weist einen perfekt ausgewogenen Gehalt an Mineralstoffen auf, selbst die Kohlens\u00e4ure ist nat\u00fcrlich. Galvanina verwendet ausschlie\u00dflich Kohlens\u00e4ure nat\u00fcrlichen mineralischen Ursprungs.<\/p>\n\n\n\n<p><strong>Nichts wird dem Zufall \u00fcberlassen.&nbsp;<\/strong><\/p>\n\n\n\n<p>Die Geschichte von Galvanina ist gepr\u00e4gt durch Authentizit\u00e4t, Qualit\u00e4t, sorgf\u00e4ltige Details und einem klaren Ziel: Menschen durch Geschmackserfahrungen gl\u00fccklich zu machen.&nbsp;<\/p>\n\n\n\n<p>Die besten Fr\u00fcchte und Kr\u00e4uter aus S\u00fcditalien und dem Mittelmeerraum haben einen gro\u00dfen Stellenwert in unseren Getr\u00e4nken.&nbsp;<\/p>\n\n\n\n<p>Dabei geht es nicht allein um den Geschmack an sich: es ist die Summe aus Ambiente, Atmosph\u00e4re, Geschichte, Kultur und Lebensstil, die uns dazu inspiriert, neue Geschmackserlebnisse zu kreieren, um die kleinen und gro\u00dfen sch\u00f6nen Momente im Leben zu feiern.<\/p>\n\n\n\n<p>Qualit\u00e4t ist unser Schwerpunkt, die Hervorhebung des nat\u00fcrlichen Geschmacks ist unser besonderes Kennzeichen \u2013 und all dies in einer ikonischen Flasche. Viel mehr als ein Getr\u00e4nk: ein Erlebnis, das sich in die Geschmackserinnerung einpr\u00e4gt.&nbsp;<\/p>\n\n\n\n<figure class=\"wp-block-image size-large\"><img loading=\"lazy\" decoding=\"async\" width=\"1280\" height=\"897\" src=\"https:\/\/www.galvanina.com\/de\/wp-content\/uploads\/sites\/3\/2020\/05\/macchinario-limonata-bio-1280x897.jpg\" alt=\"impianto produzione limonata bio\" class=\"wp-image-1753\" srcset=\"https:\/\/www.galvanina.com\/de\/wp-content\/uploads\/sites\/3\/2020\/05\/macchinario-limonata-bio-1280x897.jpg 1280w, https:\/\/www.galvanina.com\/de\/wp-content\/uploads\/sites\/3\/2020\/05\/macchinario-limonata-bio-600x420.jpg 600w, https:\/\/www.galvanina.com\/de\/wp-content\/uploads\/sites\/3\/2020\/05\/macchinario-limonata-bio-768x538.jpg 768w, https:\/\/www.galvanina.com\/de\/wp-content\/uploads\/sites\/3\/2020\/05\/macchinario-limonata-bio-240x168.jpg 240w, https:\/\/www.galvanina.com\/de\/wp-content\/uploads\/sites\/3\/2020\/05\/macchinario-limonata-bio-114x80.jpg 114w, https:\/\/www.galvanina.com\/de\/wp-content\/uploads\/sites\/3\/2020\/05\/macchinario-limonata-bio.jpg 1440w\" sizes=\"auto, (max-width: 1280px) 100vw, 1280px\" \/><\/figure>\n","protected":false},"excerpt":{"rendered":"<p>Am Anfang war das Wasser.&nbsp; Immer noch.&nbsp; Zu Beginn des letzten Jahrhunderts entstand das Unternehmen als handwerklicher Betrieb, in dem Mineralwasser abgef\u00fcllt wurde. Nur wenig sp\u00e4ter schaffte man den Sprung zu einem industriellen Betrieb.&nbsp; Die Firma tr\u00e4gt den Namen der Galvanina \u2013 Quelle, an einem Ort, der bereits den alten R\u00f6mern bekannt war: Colle Paradiso [&hellip;]<\/p>\n","protected":false},"author":23,"featured_media":0,"parent":0,"menu_order":0,"comment_status":"closed","ping_status":"closed","template":"","meta":{"footnotes":""},"class_list":["post-147","page","type-page","status-publish","hentry"],"yoast_head":"<!-- This site is optimized with the Yoast SEO plugin v27.3 - https:\/\/yoast.com\/product\/yoast-seo-wordpress\/ -->\n<title>Wir \u00fcber uns<\/title>\n<meta name=\"description\" content=\"Galvanina hat seinen Namen von der gleichnamigen Wasserquelle in den H\u00fcgeln von Rimini. Hier begann vor einem Jahrhundert die Flaschenabf\u00fcllung.\" \/>\n<meta name=\"robots\" content=\"index, follow, max-snippet:-1, max-image-preview:large, max-video-preview:-1\" \/>\n<link rel=\"canonical\" href=\"https:\/\/www.galvanina.com\/de\/wir-ueber-uns\/\" \/>\n<meta property=\"og:locale\" content=\"de_DE\" \/>\n<meta property=\"og:type\" content=\"article\" \/>\n<meta property=\"og:title\" content=\"Wir \u00fcber uns\" \/>\n<meta property=\"og:description\" content=\"Galvanina hat seinen Namen von der gleichnamigen Wasserquelle in den H\u00fcgeln von Rimini. Hier begann vor einem Jahrhundert die Flaschenabf\u00fcllung.\" \/>\n<meta property=\"og:url\" content=\"https:\/\/www.galvanina.com\/de\/wir-ueber-uns\/\" \/>\n<meta property=\"og:site_name\" content=\"Galvanina\" \/>\n<meta property=\"article:publisher\" content=\"https:\/\/www.facebook.com\/galvanina\/\" \/>\n<meta property=\"article:modified_time\" content=\"2022-03-10T09:56:25+00:00\" \/>\n<meta property=\"og:image\" content=\"https:\/\/www.galvanina.com\/de\/wp-content\/uploads\/sites\/3\/2020\/05\/macchinario-limonata-bio-1280x897.jpg\" \/>\n<meta name=\"twitter:card\" content=\"summary_large_image\" \/>\n<meta name=\"twitter:label1\" content=\"Gesch\u00e4tzte Lesezeit\" \/>\n\t<meta name=\"twitter:data1\" content=\"2\u00a0Minuten\" \/>\n<script type=\"application\/ld+json\" class=\"yoast-schema-graph\">{\"@context\":\"https:\\\/\\\/schema.org\",\"@graph\":[{\"@type\":\"WebPage\",\"@id\":\"https:\\\/\\\/www.galvanina.com\\\/de\\\/wir-ueber-uns\\\/\",\"url\":\"https:\\\/\\\/www.galvanina.com\\\/de\\\/wir-ueber-uns\\\/\",\"name\":\"Wir \u00fcber uns\",\"isPartOf\":{\"@id\":\"https:\\\/\\\/www.galvanina.com\\\/de\\\/#website\"},\"primaryImageOfPage\":{\"@id\":\"https:\\\/\\\/www.galvanina.com\\\/de\\\/wir-ueber-uns\\\/#primaryimage\"},\"image\":{\"@id\":\"https:\\\/\\\/www.galvanina.com\\\/de\\\/wir-ueber-uns\\\/#primaryimage\"},\"thumbnailUrl\":\"https:\\\/\\\/www.galvanina.com\\\/de\\\/wp-content\\\/uploads\\\/sites\\\/3\\\/2020\\\/05\\\/macchinario-limonata-bio-1280x897.jpg\",\"datePublished\":\"2020-05-21T07:11:53+00:00\",\"dateModified\":\"2022-03-10T09:56:25+00:00\",\"description\":\"Galvanina hat seinen Namen von der gleichnamigen Wasserquelle in den H\u00fcgeln von Rimini. Hier begann vor einem Jahrhundert die Flaschenabf\u00fcllung.\",\"breadcrumb\":{\"@id\":\"https:\\\/\\\/www.galvanina.com\\\/de\\\/wir-ueber-uns\\\/#breadcrumb\"},\"inLanguage\":\"de\",\"potentialAction\":[{\"@type\":\"ReadAction\",\"target\":[\"https:\\\/\\\/www.galvanina.com\\\/de\\\/wir-ueber-uns\\\/\"]}]},{\"@type\":\"ImageObject\",\"inLanguage\":\"de\",\"@id\":\"https:\\\/\\\/www.galvanina.com\\\/de\\\/wir-ueber-uns\\\/#primaryimage\",\"url\":\"https:\\\/\\\/www.galvanina.com\\\/de\\\/wp-content\\\/uploads\\\/sites\\\/3\\\/2020\\\/05\\\/macchinario-limonata-bio.jpg\",\"contentUrl\":\"https:\\\/\\\/www.galvanina.com\\\/de\\\/wp-content\\\/uploads\\\/sites\\\/3\\\/2020\\\/05\\\/macchinario-limonata-bio.jpg\",\"width\":1440,\"height\":1009,\"caption\":\"impianto produzione limonata bio\"},{\"@type\":\"BreadcrumbList\",\"@id\":\"https:\\\/\\\/www.galvanina.com\\\/de\\\/wir-ueber-uns\\\/#breadcrumb\",\"itemListElement\":[{\"@type\":\"ListItem\",\"position\":1,\"name\":\"Home\",\"item\":\"https:\\\/\\\/www.galvanina.com\\\/de\\\/\"},{\"@type\":\"ListItem\",\"position\":2,\"name\":\"Wir \u00fcber uns\"}]},{\"@type\":\"WebSite\",\"@id\":\"https:\\\/\\\/www.galvanina.com\\\/de\\\/#website\",\"url\":\"https:\\\/\\\/www.galvanina.com\\\/de\\\/\",\"name\":\"Galvanina\",\"description\":\"\",\"publisher\":{\"@id\":\"https:\\\/\\\/www.galvanina.com\\\/de\\\/#organization\"},\"potentialAction\":[{\"@type\":\"SearchAction\",\"target\":{\"@type\":\"EntryPoint\",\"urlTemplate\":\"https:\\\/\\\/www.galvanina.com\\\/de\\\/?s={search_term_string}\"},\"query-input\":{\"@type\":\"PropertyValueSpecification\",\"valueRequired\":true,\"valueName\":\"search_term_string\"}}],\"inLanguage\":\"de\"},{\"@type\":\"Organization\",\"@id\":\"https:\\\/\\\/www.galvanina.com\\\/de\\\/#organization\",\"name\":\"La Galvanina S.p.A.\",\"url\":\"https:\\\/\\\/www.galvanina.com\\\/de\\\/\",\"logo\":{\"@type\":\"ImageObject\",\"inLanguage\":\"de\",\"@id\":\"https:\\\/\\\/www.galvanina.com\\\/de\\\/#\\\/schema\\\/logo\\\/image\\\/\",\"url\":\"https:\\\/\\\/www.galvanina.com\\\/de\\\/wp-content\\\/uploads\\\/sites\\\/3\\\/2020\\\/06\\\/logo-galvanina.png\",\"contentUrl\":\"https:\\\/\\\/www.galvanina.com\\\/de\\\/wp-content\\\/uploads\\\/sites\\\/3\\\/2020\\\/06\\\/logo-galvanina.png\",\"width\":768,\"height\":768,\"caption\":\"La Galvanina S.p.A.\"},\"image\":{\"@id\":\"https:\\\/\\\/www.galvanina.com\\\/de\\\/#\\\/schema\\\/logo\\\/image\\\/\"},\"sameAs\":[\"https:\\\/\\\/www.facebook.com\\\/galvanina\\\/\",\"https:\\\/\\\/www.instagram.com\\\/lagalvanina\\\/\",\"https:\\\/\\\/www.linkedin.com\\\/company\\\/galvanina\\\/\"]}]}<\/script>\n<!-- \/ Yoast SEO plugin. -->","yoast_head_json":{"title":"Wir \u00fcber uns","description":"Galvanina hat seinen Namen von der gleichnamigen Wasserquelle in den H\u00fcgeln von Rimini. Hier begann vor einem Jahrhundert die Flaschenabf\u00fcllung.","robots":{"index":"index","follow":"follow","max-snippet":"max-snippet:-1","max-image-preview":"max-image-preview:large","max-video-preview":"max-video-preview:-1"},"canonical":"https:\/\/www.galvanina.com\/de\/wir-ueber-uns\/","og_locale":"de_DE","og_type":"article","og_title":"Wir \u00fcber uns","og_description":"Galvanina hat seinen Namen von der gleichnamigen Wasserquelle in den H\u00fcgeln von Rimini. Hier begann vor einem Jahrhundert die Flaschenabf\u00fcllung.","og_url":"https:\/\/www.galvanina.com\/de\/wir-ueber-uns\/","og_site_name":"Galvanina","article_publisher":"https:\/\/www.facebook.com\/galvanina\/","article_modified_time":"2022-03-10T09:56:25+00:00","og_image":[{"url":"https:\/\/www.galvanina.com\/de\/wp-content\/uploads\/sites\/3\/2020\/05\/macchinario-limonata-bio-1280x897.jpg","type":"","width":"","height":""}],"twitter_card":"summary_large_image","twitter_misc":{"Gesch\u00e4tzte Lesezeit":"2\u00a0Minuten"},"schema":{"@context":"https:\/\/schema.org","@graph":[{"@type":"WebPage","@id":"https:\/\/www.galvanina.com\/de\/wir-ueber-uns\/","url":"https:\/\/www.galvanina.com\/de\/wir-ueber-uns\/","name":"Wir \u00fcber uns","isPartOf":{"@id":"https:\/\/www.galvanina.com\/de\/#website"},"primaryImageOfPage":{"@id":"https:\/\/www.galvanina.com\/de\/wir-ueber-uns\/#primaryimage"},"image":{"@id":"https:\/\/www.galvanina.com\/de\/wir-ueber-uns\/#primaryimage"},"thumbnailUrl":"https:\/\/www.galvanina.com\/de\/wp-content\/uploads\/sites\/3\/2020\/05\/macchinario-limonata-bio-1280x897.jpg","datePublished":"2020-05-21T07:11:53+00:00","dateModified":"2022-03-10T09:56:25+00:00","description":"Galvanina hat seinen Namen von der gleichnamigen Wasserquelle in den H\u00fcgeln von Rimini. Hier begann vor einem Jahrhundert die Flaschenabf\u00fcllung.","breadcrumb":{"@id":"https:\/\/www.galvanina.com\/de\/wir-ueber-uns\/#breadcrumb"},"inLanguage":"de","potentialAction":[{"@type":"ReadAction","target":["https:\/\/www.galvanina.com\/de\/wir-ueber-uns\/"]}]},{"@type":"ImageObject","inLanguage":"de","@id":"https:\/\/www.galvanina.com\/de\/wir-ueber-uns\/#primaryimage","url":"https:\/\/www.galvanina.com\/de\/wp-content\/uploads\/sites\/3\/2020\/05\/macchinario-limonata-bio.jpg","contentUrl":"https:\/\/www.galvanina.com\/de\/wp-content\/uploads\/sites\/3\/2020\/05\/macchinario-limonata-bio.jpg","width":1440,"height":1009,"caption":"impianto produzione limonata bio"},{"@type":"BreadcrumbList","@id":"https:\/\/www.galvanina.com\/de\/wir-ueber-uns\/#breadcrumb","itemListElement":[{"@type":"ListItem","position":1,"name":"Home","item":"https:\/\/www.galvanina.com\/de\/"},{"@type":"ListItem","position":2,"name":"Wir \u00fcber uns"}]},{"@type":"WebSite","@id":"https:\/\/www.galvanina.com\/de\/#website","url":"https:\/\/www.galvanina.com\/de\/","name":"Galvanina","description":"","publisher":{"@id":"https:\/\/www.galvanina.com\/de\/#organization"},"potentialAction":[{"@type":"SearchAction","target":{"@type":"EntryPoint","urlTemplate":"https:\/\/www.galvanina.com\/de\/?s={search_term_string}"},"query-input":{"@type":"PropertyValueSpecification","valueRequired":true,"valueName":"search_term_string"}}],"inLanguage":"de"},{"@type":"Organization","@id":"https:\/\/www.galvanina.com\/de\/#organization","name":"La Galvanina S.p.A.","url":"https:\/\/www.galvanina.com\/de\/","logo":{"@type":"ImageObject","inLanguage":"de","@id":"https:\/\/www.galvanina.com\/de\/#\/schema\/logo\/image\/","url":"https:\/\/www.galvanina.com\/de\/wp-content\/uploads\/sites\/3\/2020\/06\/logo-galvanina.png","contentUrl":"https:\/\/www.galvanina.com\/de\/wp-content\/uploads\/sites\/3\/2020\/06\/logo-galvanina.png","width":768,"height":768,"caption":"La Galvanina S.p.A."},"image":{"@id":"https:\/\/www.galvanina.com\/de\/#\/schema\/logo\/image\/"},"sameAs":["https:\/\/www.facebook.com\/galvanina\/","https:\/\/www.instagram.com\/lagalvanina\/","https:\/\/www.linkedin.com\/company\/galvanina\/"]}]}},"_links":{"self":[{"href":"https:\/\/www.galvanina.com\/de\/wp-json\/wp\/v2\/pages\/147","targetHints":{"allow":["GET"]}}],"collection":[{"href":"https:\/\/www.galvanina.com\/de\/wp-json\/wp\/v2\/pages"}],"about":[{"href":"https:\/\/www.galvanina.com\/de\/wp-json\/wp\/v2\/types\/page"}],"author":[{"embeddable":true,"href":"https:\/\/www.galvanina.com\/de\/wp-json\/wp\/v2\/users\/23"}],"replies":[{"embeddable":true,"href":"https:\/\/www.galvanina.com\/de\/wp-json\/wp\/v2\/comments?post=147"}],"version-history":[{"count":7,"href":"https:\/\/www.galvanina.com\/de\/wp-json\/wp\/v2\/pages\/147\/revisions"}],"predecessor-version":[{"id":5007,"href":"https:\/\/www.galvanina.com\/de\/wp-json\/wp\/v2\/pages\/147\/revisions\/5007"}],"wp:attachment":[{"href":"https:\/\/www.galvanina.com\/de\/wp-json\/wp\/v2\/media?parent=147"}],"curies":[{"name":"wp","href":"https:\/\/api.w.org\/{rel}","templated":true}]}}